{"id":8563,"date":"2024-11-14T16:33:59","date_gmt":"2024-11-14T15:33:59","guid":{"rendered":"https:\/\/www.educa.itakaescolapios.org\/?page_id=8563"},"modified":"2025-12-10T12:07:17","modified_gmt":"2025-12-10T11:07:17","slug":"haz-un-donativo","status":"publish","type":"page","link":"https:\/\/www.educa.itakaescolapios.org\/ca\/campanas\/2024-2025-abriendo-caminos\/haz-un-donativo","title":{"rendered":"Fes una donaci\u00f3"},"content":{"rendered":"<p><\/p>\n<p lang=\"en-US\" style=\"text-align: left;\" align=\"CENTER\"><span style=\"font-family: arial, helvetica, sans-serif;\">Fes una donaci\u00f3 a la Fundaci\u00f3 Itaka-Escolapios i participa al proc\u00e9s de transformaci\u00f3 social que es desenvolupa a trav\u00e9s de l\u2019educaci\u00f3.<\/span><\/p>\n<p lang=\"en-US\" style=\"text-align: left;\" align=\"CENTER\"><span style=\"font-family: arial, helvetica, sans-serif;\">Pots\u00a0<strong>fer una contribuci\u00f3 amb la teua targeta de cr\u00e8dit<\/strong>\u00a0<strong><a title=\"tpv\" href=\"https:\/\/pasarela.itakaescolapios.org\/p\/donativo\/\">ac\u00ed<\/a><\/strong><\/span><\/p>\n<p lang=\"en-US\" style=\"text-align: left;\" align=\"CENTER\"><span style=\"font-family: arial, helvetica, sans-serif;\"><a href=\"https:\/\/www.itakaescolapios.org\/ca\/tpv\/\"><img decoding=\"async\" loading=\"lazy\" class=\"size-thumbnail wp-image-5759 aligncenter\" title=\"imagesCA3TNB3X\" src=\"https:\/\/www.itakaescolapios.org\/wp-content\/uploads\/2012\/06\/imagesCA3TNB3X-90x90.jpg\" alt=\"\" width=\"90\" height=\"90\" \/><\/a><\/span><\/p>\n<p lang=\"en-US\" style=\"text-align: left;\" align=\"CENTER\"><span style=\"font-family: arial, helvetica, sans-serif;\">O pots fer la teua aportaci\u00f3 en qualsevol dels seg\u00fcents comptes:<\/span><\/p>\n<ul style=\"text-align: left;\">\n<li>\n<ul>\n<li><span style=\"font-family: arial, helvetica, sans-serif;\"><strong>Fiare Banca \u00c9tica<\/strong><\/span>\n<ul>\n<li><span style=\"font-family: arial, helvetica, sans-serif;\">Cuenta-IBAN: ES39 1550 0001 2500 0459 4222<\/span><\/li>\n<li><span style=\"font-family: arial, helvetica, sans-serif;\">SWIFT\/BIC: ETICES21XXX<\/span><\/li>\n<\/ul>\n<\/li>\n<\/ul>\n<ul>\n<li><span style=\"font-family: arial, helvetica, sans-serif;\"><strong>Bankinter<\/strong><\/span>\n<ul>\n<li><span style=\"font-family: arial, helvetica, sans-serif;\">Cuenta- IBAN: ES22 0128 0362 59 0100008641<\/span><\/li>\n<li><span style=\"font-family: arial, helvetica, sans-serif;\">SWIFT\/BIC: BKBKESMMXXX<\/span><\/li>\n<\/ul>\n<\/li>\n<li><span style=\"font-family: arial, helvetica, sans-serif;\"><strong>Caixabank<\/strong><\/span>\n<ul>\n<li><span style=\"font-family: arial, helvetica, sans-serif;\">Cuenta- IBAN: ES69 2100 0732 24 0201043335<\/span><\/li>\n<li><span style=\"font-family: arial, helvetica, sans-serif;\">SWIFT\/BIC: CAIXESBBXXX<\/span><\/li>\n<\/ul>\n<\/li>\n<\/ul>\n<\/li>\n<\/ul>\n<p lang=\"en-US\" style=\"text-align: left;\" align=\"JUSTIFY\"><span style=\"font-family: arial, helvetica, sans-serif;\">Per fer donatius, per trasfer\u00e8ncia, des de fora d\u2019Espanya o en uns altres pa\u00efsos pots fer-nos una consulta en\u00a0<a href=\"mailto:colabora@itakaescolapios.org\">colabora@itakaescolapios.org<\/a><\/span><\/p>\n<hr \/>\n<p style=\"text-align: left;\"><span style=\"font-family: arial, helvetica, sans-serif;\"><em>La Fundaci\u00f3n Itaka-Escolapios se encuentra incluida entre las entidades reguladas en los reg\u00edmenes fiscales de las diferentes haciendas del Estado espa\u00f1ol.\u00a0<\/em><\/span><\/p>\n<p style=\"text-align: left;\"><span style=\"font-family: arial, helvetica, sans-serif;\">Para m\u00e1s informaci\u00f3n en funci\u00f3n de la hacienda en la que realices tu declaraci\u00f3n de la renta pincha en los enlaces siguientes:<\/span><\/p>\n<ul>\n<li style=\"text-align: left;\"><span style=\"font-family: arial, helvetica, sans-serif;\"><em><a href=\"https:\/\/www.itakaescolapios.org\/regimen-fiscal-agencia-tributaria\/\" target=\"_blank\" rel=\"noopener noreferrer\"><strong>AGENCIA TRIBUTARIA<\/strong><\/a>: Art\u00edculo 16 de la Ley 49\/2002, de 23 de diciembre, de r\u00e9gimen fiscal de las entidades<\/em>\u00a0<em>sin fines lucrativos y de los incentivos fiscales al mecenazgo.<\/em><\/span><\/li>\n<li style=\"text-align: left;\"><span style=\"font-family: arial, helvetica, sans-serif;\"><em><a href=\"https:\/\/www.itakaescolapios.org\/regimen-fiscal-hacienda-de-araba\/\" target=\"_blank\" rel=\"noopener noreferrer\"><strong>HACIENDA DE ARABA<\/strong><\/a>:\u00a0<\/em><em>Art\u00edculo 4 de la Norma Foral 16\/2004, de 12 de julio, de R\u00e9gimen Fiscal de las<\/em>\u00a0<em>Entidades sin fines lucrativos y de los Incentivos Fiscales al Mecenazgo del Territorio<\/em>\u00a0<em>Hist\u00f3rico de Araba<\/em><\/span><\/li>\n<li style=\"text-align: left;\"><span style=\"font-family: arial, helvetica, sans-serif;\"><em><a href=\"https:\/\/www.itakaescolapios.org\/regimen-fiscal-hacienda-de-bizkaia\/\" target=\"_blank\" rel=\"noopener noreferrer\"><strong>HACIENDA DE BIZKAIA<\/strong><\/a>: Art\u00edculo 4 de la Norma Foral 4\/2019, de 20 de marzo, de R\u00e9gimen Fiscal de las<\/em>\u00a0<em>Entidades sin fines lucrativos y de los Incentivos Fiscales al Mecenazgo del Territorio<\/em>\u00a0<em>Hist\u00f3rico de Bizkaia.<\/em><\/span><\/li>\n<li style=\"text-align: left;\"><span style=\"font-family: arial, helvetica, sans-serif;\"><em><a href=\"https:\/\/www.itakaescolapios.org\/regimen-fiscal-hacienda-de-gipuzkoa\/\" target=\"_blank\" rel=\"noopener noreferrer\"><strong>HACIENDA DE GIPUZKOA<\/strong><\/a>: Art\u00edculo 4 de la Norma Foral 3\/2004, de 7 de abril, de r\u00e9gimen fiscal de las entidades<\/em>\u00a0<em>sin fines lucrativos y de los incentivos fiscales al mecenazgo del Territorio Hist\u00f3rico<\/em>\u00a0<em>de Gipuzkoa.<\/em><\/span><\/li>\n<li style=\"text-align: left;\"><span style=\"font-family: arial, helvetica, sans-serif;\"><em><a href=\"https:\/\/www.itakaescolapios.org\/regimen-fiscal-de-la-hacienda-navarra\/\" target=\"_blank\" rel=\"noopener noreferrer\"><strong>HACIENDA DE NAVARRA<\/strong><\/a>: Disposici\u00f3n Adicional D\u00e9cima de la Ley Foral 10\/1996, de 2 de julio, reguladora del r\u00e9gimen tributario de las fundaciones y de las actividades de patrocinio de Navarra.<\/em><\/span><\/li>\n<\/ul>\n<p><\/p>","protected":false},"excerpt":{"rendered":"<p>Fes una donaci\u00f3 a la Fundaci\u00f3 Itaka-Escolapios i participa al proc\u00e9s de transformaci\u00f3 social que es desenvolupa a trav\u00e9s de l\u2019educaci\u00f3. Pots\u00a0fer una contribuci\u00f3 amb la [&hellip;]<\/p>\n","protected":false},"author":7,"featured_media":0,"parent":8543,"menu_order":7,"comment_status":"closed","ping_status":"closed","template":"","meta":[],"acf":[],"_links":{"self":[{"href":"https:\/\/www.educa.itakaescolapios.org\/ca\/wp-json\/wp\/v2\/pages\/8563"}],"collection":[{"href":"https:\/\/www.educa.itakaescolapios.org\/ca\/wp-json\/wp\/v2\/pages"}],"about":[{"href":"https:\/\/www.educa.itakaescolapios.org\/ca\/wp-json\/wp\/v2\/types\/page"}],"author":[{"embeddable":true,"href":"https:\/\/www.educa.itakaescolapios.org\/ca\/wp-json\/wp\/v2\/users\/7"}],"replies":[{"embeddable":true,"href":"https:\/\/www.educa.itakaescolapios.org\/ca\/wp-json\/wp\/v2\/comments?post=8563"}],"version-history":[{"count":7,"href":"https:\/\/www.educa.itakaescolapios.org\/ca\/wp-json\/wp\/v2\/pages\/8563\/revisions"}],"predecessor-version":[{"id":9015,"href":"https:\/\/www.educa.itakaescolapios.org\/ca\/wp-json\/wp\/v2\/pages\/8563\/revisions\/9015"}],"up":[{"embeddable":true,"href":"https:\/\/www.educa.itakaescolapios.org\/ca\/wp-json\/wp\/v2\/pages\/8543"}],"wp:attachment":[{"href":"https:\/\/www.educa.itakaescolapios.org\/ca\/wp-json\/wp\/v2\/media?parent=8563"}],"curies":[{"name":"wp","href":"https:\/\/api.w.org\/{rel}","templated":true}]}}