{"id":8726,"date":"2024-12-30T12:24:10","date_gmt":"2024-12-30T11:24:10","guid":{"rendered":"https:\/\/www.educa.itakaescolapios.org\/?page_id=8726"},"modified":"2025-03-06T14:45:45","modified_gmt":"2025-03-06T13:45:45","slug":"actividades-paz-2025","status":"publish","type":"page","link":"https:\/\/www.educa.itakaescolapios.org\/ca\/semanas-de-la-paz\/2025-caminando-por-la-paz\/actividades-paz-2025","title":{"rendered":"Actividades PAZ 2025"},"content":{"rendered":"<p class=\"qtranxs-available-languages-message qtranxs-available-languages-message-ca\">Ho sentim, aquesta entrada es troba disponible \u00fanicament en <a href=\"https:\/\/www.educa.itakaescolapios.org\/es\/wp-json\/wp\/v2\/pages\/8726\" class=\"qtranxs-available-language-link qtranxs-available-language-link-es\" title=\"Espa\u00f1ol\">Espanyol Europeu<\/a> i <a href=\"https:\/\/www.educa.itakaescolapios.org\/eu\/wp-json\/wp\/v2\/pages\/8726\" class=\"qtranxs-available-language-link qtranxs-available-language-link-eu\" title=\"Euskera\">Basc<\/a>.<\/p><p>&nbsp;<\/p>\n<p>En cada centro o presencia escolapia, podemos inspirar a las nuevas generaciones a andar en esperanza y construir un mundo m\u00e1s justo y pac\u00edfico. Tenemos muchas actividades compartidas en este repositorio de recursos educativos, para este a\u00f1o hemos rescatado algunas.<\/p>\n<p>Caminemos juntas este camino. La Campa\u00f1a de la Paz puede ser el inicio de un viaje que transforme vidas. \u00a1En marcha!<\/p>\n<p>Aqu\u00ed ten\u00e9is una <strong>propuesta de actividades<\/strong>\u00a0para el trabajo en la escuela.<\/p>\n<p>AMBIENTACI\u00d3N<\/p>\n<ul>\n<li style=\"list-style-type: none;\">\n<ul>\n<li><a href=\"https:\/\/www.educa.itakaescolapios.org\/wp-content\/uploads\/2024\/12\/LOGO-paz-2425.png\" target=\"_blank\" rel=\"noopener\"><span style=\"text-decoration: underline;\"><strong>Logotipo.<\/strong><\/span><\/a><\/li>\n<li><a href=\"https:\/\/www.educa.itakaescolapios.org\/wp-content\/uploads\/2024\/12\/BANNER-EDUCA-paz-2425-e1735558067722.jpg\" target=\"_blank\" rel=\"noopener\"><span style=\"text-decoration: underline;\"><strong>Banner.<\/strong><\/span><\/a><\/li>\n<li><a href=\"https:\/\/www.educa.itakaescolapios.org\/wp-content\/uploads\/2024\/12\/CARTEL-paz-2425-IMPR.pdf\" target=\"_blank\" rel=\"noopener\"><strong><span style=\"text-decoration: underline;\">Cartel.<\/span><\/strong><\/a><\/li>\n<\/ul>\n<p><img decoding=\"async\" loading=\"lazy\" class=\"alignright\" src=\"https:\/\/www.educa.itakaescolapios.org\/wp-content\/uploads\/2024\/12\/LOGO-paz-2425.png\" alt=\"\" width=\"425\" height=\"175\" \/><br \/>\nACTIVIDADES<\/p>\n<ul>\n<li style=\"list-style-type: none;\">\n<ul>\n<li><a href=\"https:\/\/www.educa.itakaescolapios.org\/paz\/campana-paz-2013-vendas-protectoras\" target=\"_blank\" rel=\"noopener\"><strong><span style=\"text-decoration: underline;\">Vendas protectoras (3 a 5 a\u00f1os).<\/span><\/strong><\/a><\/li>\n<li><a href=\"https:\/\/www.educa.itakaescolapios.org\/paz\/campana-paz-2013-opto-tipos\" target=\"_blank\" rel=\"noopener\"><span style=\"text-decoration: underline;\"><strong>Opto tipos (6 a 8 a\u00f1os).<\/strong><\/span><\/a><\/li>\n<li><a href=\"https:\/\/www.educa.itakaescolapios.org\/paz\/campana-paz-2013-la-aspirina-florentina\" target=\"_blank\" rel=\"noopener\"><strong><span style=\"text-decoration: underline;\">La aspirina florentina (8 a 10 a\u00f1os).<\/span><\/strong><\/a><\/li>\n<li><a href=\"https:\/\/www.educa.itakaescolapios.org\/paz\/semana-paz-2016-2017-cambiar-las-cosas-con-palabras?searchterm=cambiar%2A%20las%2A%20cosa%2A\" target=\"_blank\" rel=\"noopener\"><strong><span style=\"text-decoration: underline;\">Cambiar las cosas con palabras<\/span><\/strong><strong><span style=\"text-decoration: underline;\"> (10 a 12 a\u00f1os).<\/span><\/strong><\/a><\/li>\n<li><a href=\"https:\/\/www.educa.itakaescolapios.org\/paz\/campana-paz-2013-el-termometro-de-la-paz?preview=true\" target=\"_blank\" rel=\"noopener\"><strong><span style=\"text-decoration: underline;\">El term\u00f3metro de la paz (12-14 a\u00f1os).<\/span><\/strong><\/a><\/li>\n<li><a href=\"https:\/\/www.educa.itakaescolapios.org\/paz\/semana-paz-2016-2017-el-cafe-pendiente?preview=true\" target=\"_blank\" rel=\"noopener\"><strong><span style=\"text-decoration: underline;\">Un caf\u00e9 pendiente (14 a 16 a\u00f1os).<\/span><\/strong><\/a><\/li>\n<li><a href=\"https:\/\/www.educa.itakaescolapios.org\/paz\/cuentalo-y-hazlo-realidad\" target=\"_blank\" rel=\"noopener\"><strong><span style=\"text-decoration: underline;\">Cu\u00e9ntalo&#8230; y hazlo realidad (16 a 18 a\u00f1os).<\/span><\/strong><\/a>\n<ul>\n<li style=\"list-style-type: none;\">\n<ul>\n<li><a href=\"https:\/\/www.educa.itakaescolapios.org\/paz\/hoy-y-siempre-caminamos-por-la-paz\" target=\"_blank\" rel=\"noopener\"><strong><span style=\"text-decoration: underline;\">ACTO CENTRAL PAZ 2024.<\/span><\/strong><\/a><\/li>\n<\/ul>\n<\/li>\n<\/ul>\n<\/li>\n<\/ul>\n<\/li>\n<\/ul>\n<\/li>\n<\/ul>\n<p><\/p>","protected":false},"excerpt":{"rendered":"<p>Ho sentim, aquesta entrada es troba disponible \u00fanicament en Espanyol Europeu i Basc.&nbsp; En cada centro o presencia escolapia, podemos inspirar a las nuevas generaciones a [&hellip;]<\/p>\n","protected":false},"author":9,"featured_media":0,"parent":8732,"menu_order":0,"comment_status":"closed","ping_status":"closed","template":"","meta":[],"acf":[],"_links":{"self":[{"href":"https:\/\/www.educa.itakaescolapios.org\/ca\/wp-json\/wp\/v2\/pages\/8726"}],"collection":[{"href":"https:\/\/www.educa.itakaescolapios.org\/ca\/wp-json\/wp\/v2\/pages"}],"about":[{"href":"https:\/\/www.educa.itakaescolapios.org\/ca\/wp-json\/wp\/v2\/types\/page"}],"author":[{"embeddable":true,"href":"https:\/\/www.educa.itakaescolapios.org\/ca\/wp-json\/wp\/v2\/users\/9"}],"replies":[{"embeddable":true,"href":"https:\/\/www.educa.itakaescolapios.org\/ca\/wp-json\/wp\/v2\/comments?post=8726"}],"version-history":[{"count":23,"href":"https:\/\/www.educa.itakaescolapios.org\/ca\/wp-json\/wp\/v2\/pages\/8726\/revisions"}],"predecessor-version":[{"id":8906,"href":"https:\/\/www.educa.itakaescolapios.org\/ca\/wp-json\/wp\/v2\/pages\/8726\/revisions\/8906"}],"up":[{"embeddable":true,"href":"https:\/\/www.educa.itakaescolapios.org\/ca\/wp-json\/wp\/v2\/pages\/8732"}],"wp:attachment":[{"href":"https:\/\/www.educa.itakaescolapios.org\/ca\/wp-json\/wp\/v2\/media?parent=8726"}],"curies":[{"name":"wp","href":"https:\/\/api.w.org\/{rel}","templated":true}]}}