{"id":8732,"date":"2024-12-30T12:23:23","date_gmt":"2024-12-30T11:23:23","guid":{"rendered":"https:\/\/www.educa.itakaescolapios.org\/?page_id=8732"},"modified":"2025-02-24T16:53:35","modified_gmt":"2025-02-24T15:53:35","slug":"2025-caminando-por-la-paz","status":"publish","type":"page","link":"https:\/\/www.educa.itakaescolapios.org\/ca\/semanas-de-la-paz\/2025-caminando-por-la-paz","title":{"rendered":"2025 &#8211; Caminando por la Paz."},"content":{"rendered":"<p class=\"qtranxs-available-languages-message qtranxs-available-languages-message-ca\">Ho sentim, aquesta entrada es troba disponible \u00fanicament en <a href=\"https:\/\/www.educa.itakaescolapios.org\/es\/wp-json\/wp\/v2\/pages\/8732\" class=\"qtranxs-available-language-link qtranxs-available-language-link-es\" title=\"Espa\u00f1ol\">Espanyol Europeu<\/a>.<\/p><p>&nbsp;<\/p>\n<p style=\"font-weight: 400; text-align: justify;\">El 30 de enero de cada a\u00f1o, en muchas de nuestras escuelas celebramos el D\u00eda Escolar de la No Violencia y la Paz, una ocasi\u00f3n especial para reflexionar, inspirar y actuar. Este a\u00f1o, nos unimos a este trabajo con el lema &#8220;Caminando por la paz&#8221;, que quiere ser una invitaci\u00f3n a recorrer juntos un camino que fomente la esperanza, el entendimiento y el respeto.<\/p>\n<p style=\"font-weight: 400; text-align: justify;\">En un mundo donde a menudo predominan las divisiones, es clave la tarea educativa por y para la transformaci\u00f3n social. Como agentes educadores, somos gu\u00edas que muestran a los m\u00e1s j\u00f3venes que la paz no es solo un ideal, sino un compromiso que se construye con peque\u00f1os pasos cada d\u00eda. Al igual que los peregrinos en busca de esperanza, cada paso que damos hacia el di\u00e1logo, la empat\u00eda y la colaboraci\u00f3n cuenta.<\/p>\n<p style=\"font-weight: 400; text-align: justify;\">Est\u00e1is invitados a fomentar con entusiasmo actividades que promuevan el valor de la no violencia en nuestras comunidades educativas y en el mundo. Con propuestas manipulativas, reflexiones grupales o caminatas simb\u00f3licas, proponemos actividades que fortalezcan la convivencia y la justicia, pues cada acci\u00f3n es una semilla de cambio.<\/p>\n<p style=\"font-weight: 400; text-align: justify;\">Convirtamos nuestras aulas en espacios donde los valores de paz y esperanza florezcan, recordando que cada ense\u00f1anza deja una huella profunda en el coraz\u00f3n de quienes guiamos. Un\u00e1monos <span style=\"text-decoration: underline;\"><strong><a href=\"https:\/\/www.educa.itakaescolapios.org\/semanas-de-la-paz\/2025-caminando-por-la-paz\/actividades-paz-2025\" target=\"_blank\" rel=\"noopener\">CAMINANDO POR LA PAZ<\/a><\/strong><\/span>.<\/p>\n<p>&nbsp;<\/p>\n<p><img decoding=\"async\" loading=\"lazy\" class=\"aligncenter\" src=\"https:\/\/www.educa.itakaescolapios.org\/wp-content\/uploads\/2024\/12\/SLIDER-WEB-paz-2425-scaled.jpg\" alt=\"\" width=\"900\" height=\"300\" \/><\/p>\n<p>&nbsp;<\/p>\n<p>&nbsp;<\/p>","protected":false},"excerpt":{"rendered":"<p>Ho sentim, aquesta entrada es troba disponible \u00fanicament en Espanyol Europeu.&nbsp; El 30 de enero de cada a\u00f1o, en muchas de nuestras escuelas celebramos el D\u00eda [&hellip;]<\/p>\n","protected":false},"author":9,"featured_media":8736,"parent":713,"menu_order":0,"comment_status":"closed","ping_status":"closed","template":"","meta":[],"acf":[],"_links":{"self":[{"href":"https:\/\/www.educa.itakaescolapios.org\/ca\/wp-json\/wp\/v2\/pages\/8732"}],"collection":[{"href":"https:\/\/www.educa.itakaescolapios.org\/ca\/wp-json\/wp\/v2\/pages"}],"about":[{"href":"https:\/\/www.educa.itakaescolapios.org\/ca\/wp-json\/wp\/v2\/types\/page"}],"author":[{"embeddable":true,"href":"https:\/\/www.educa.itakaescolapios.org\/ca\/wp-json\/wp\/v2\/users\/9"}],"replies":[{"embeddable":true,"href":"https:\/\/www.educa.itakaescolapios.org\/ca\/wp-json\/wp\/v2\/comments?post=8732"}],"version-history":[{"count":6,"href":"https:\/\/www.educa.itakaescolapios.org\/ca\/wp-json\/wp\/v2\/pages\/8732\/revisions"}],"predecessor-version":[{"id":8883,"href":"https:\/\/www.educa.itakaescolapios.org\/ca\/wp-json\/wp\/v2\/pages\/8732\/revisions\/8883"}],"up":[{"embeddable":true,"href":"https:\/\/www.educa.itakaescolapios.org\/ca\/wp-json\/wp\/v2\/pages\/713"}],"wp:featuredmedia":[{"embeddable":true,"href":"https:\/\/www.educa.itakaescolapios.org\/ca\/wp-json\/wp\/v2\/media\/8736"}],"wp:attachment":[{"href":"https:\/\/www.educa.itakaescolapios.org\/ca\/wp-json\/wp\/v2\/media?parent=8732"}],"curies":[{"name":"wp","href":"https:\/\/api.w.org\/{rel}","templated":true}]}}