{"id":9047,"date":"2025-11-04T12:52:27","date_gmt":"2025-11-04T11:52:27","guid":{"rendered":"https:\/\/www.educa.itakaescolapios.org\/?page_id=9047"},"modified":"2026-02-18T18:45:59","modified_gmt":"2026-02-18T17:45:59","slug":"2025-2026-25-anos-extendiendo-raices","status":"publish","type":"page","link":"https:\/\/www.educa.itakaescolapios.org\/ca\/campanas\/2025-2026-25-anos-extendiendo-raices","title":{"rendered":"2025-2026. 25 a\u00f1os extendiendo ra\u00edces."},"content":{"rendered":"<p class=\"qtranxs-available-languages-message qtranxs-available-languages-message-ca\">Ho sentim, aquesta entrada es troba disponible \u00fanicament en <a href=\"https:\/\/www.educa.itakaescolapios.org\/es\/wp-json\/wp\/v2\/pages\/9047\" class=\"qtranxs-available-language-link qtranxs-available-language-link-es\" title=\"Espa\u00f1ol\">Espanyol Europeu<\/a>, <a href=\"https:\/\/www.educa.itakaescolapios.org\/en\/wp-json\/wp\/v2\/pages\/9047\" class=\"qtranxs-available-language-link qtranxs-available-language-link-en\" title=\"English\">Angl\u00e8s Americ\u00e0<\/a>, <a href=\"https:\/\/www.educa.itakaescolapios.org\/eu\/wp-json\/wp\/v2\/pages\/9047\" class=\"qtranxs-available-language-link qtranxs-available-language-link-eu\" title=\"Euskera\">Basc<\/a> i <a href=\"https:\/\/www.educa.itakaescolapios.org\/pt\/wp-json\/wp\/v2\/pages\/9047\" class=\"qtranxs-available-language-link qtranxs-available-language-link-pt\" title=\"Portugu\u00eas\">Portugu\u00e8s De Portugal<\/a>.<\/p><p>En marzo de 2026 cumplimos 25 a\u00f1os.<\/p>\n<p>25 a\u00f1os de camino conjunto entre Orden y Fraternidades.<\/p>\n<p>25 a\u00f1os acompa\u00f1ando multitud de acciones y obras escolapias con un claro esp\u00edritu de solidaridad internacional y misi\u00f3n compartida entre religiosos y laicos.<\/p>\n<p>Hoy ya somos una gran familia con presencia en 22 pa\u00edses de \u00c1frica, Am\u00e9rica, Asia y Europa; m\u00e1s de 60 sedes y cerca de 400 proyectos, y lo m\u00e1s valioso: las personas. M\u00e1s de 3.000 personas voluntarias y profesionales que atienden a 40.000 participantes.<\/p>\n<p>Han sido 25 a\u00f1os de buenas y malas noticias, de alegr\u00edas y penas, de inicios y tambi\u00e9n cierres de obras o proyectos, de muchas y muchas campa\u00f1as, de historias, nombres, rostros, lugares, etc.<\/p>\n<p>25 a\u00f1os de avance y crecimiento. Siempre con una mirada comprometida con la educaci\u00f3n como herramienta para transformar de la sociedad al estilo de Calasanz, en quien nos enraizamos.<\/p>\n<p>Este a\u00f1o, especialmente, miramos atr\u00e1s con gratitud y adelante con esperanza.<\/p>\n<p>Con el lema <strong>25 A\u00d1OS EXTENDIENDO RA\u00cdCES<\/strong> queremos celebrar todo el camino recorrido, y tambi\u00e9n animarte a seguir participando en Itaka Escolapios. En esta campa\u00f1a, y en toda la tarea que llevamos adelante (con tu voluntariado, tu apoyo econ\u00f3mico, tu oraci\u00f3n, etc.). Pues Calasanz sigue gui\u00e1ndonos en la b\u00fasqueda de ese bonito mundo que Dios quiere para sus hijas e hijos amados.<\/p>\n<p>Tenemos en nuestras manos una gran herramienta para crear comunidad e impulsar la misi\u00f3n escolapia, y t\u00fa puedes ayudar a construir un mundo m\u00e1s justo y humano, que logre una nueva sociedad transformada gracias a la educaci\u00f3n.<\/p>\n<p>Porque este camino no ha hecho m\u00e1s que empezar.<\/p>\n<p>\u00a1En marcha!<\/p>\n<p><img decoding=\"async\" loading=\"lazy\" class=\"alignleft wp-image-9063 size-large\" src=\"https:\/\/www.educa.itakaescolapios.org\/wp-content\/uploads\/2025\/12\/CARTEL-CAMPANA-2526-_ESP-1-731x1024.jpg\" alt=\"\" width=\"731\" height=\"1024\" srcset=\"https:\/\/www.educa.itakaescolapios.org\/wp-content\/uploads\/2025\/12\/CARTEL-CAMPANA-2526-_ESP-1-731x1024.jpg 731w, https:\/\/www.educa.itakaescolapios.org\/wp-content\/uploads\/2025\/12\/CARTEL-CAMPANA-2526-_ESP-1-214x300.jpg 214w, https:\/\/www.educa.itakaescolapios.org\/wp-content\/uploads\/2025\/12\/CARTEL-CAMPANA-2526-_ESP-1-768x1075.jpg 768w, https:\/\/www.educa.itakaescolapios.org\/wp-content\/uploads\/2025\/12\/CARTEL-CAMPANA-2526-_ESP-1-1097x1536.jpg 1097w, https:\/\/www.educa.itakaescolapios.org\/wp-content\/uploads\/2025\/12\/CARTEL-CAMPANA-2526-_ESP-1-scaled.jpg 1829w\" sizes=\"(max-width: 731px) 100vw, 731px\" \/><\/p>","protected":false},"excerpt":{"rendered":"<p>Ho sentim, aquesta entrada es troba disponible \u00fanicament en Espanyol Europeu, Angl\u00e8s Americ\u00e0, Basc i Portugu\u00e8s De Portugal.En marzo de 2026 cumplimos 25 a\u00f1os. 25 a\u00f1os [&hellip;]<\/p>\n","protected":false},"author":9,"featured_media":9063,"parent":70,"menu_order":0,"comment_status":"closed","ping_status":"closed","template":"","meta":[],"acf":[],"_links":{"self":[{"href":"https:\/\/www.educa.itakaescolapios.org\/ca\/wp-json\/wp\/v2\/pages\/9047"}],"collection":[{"href":"https:\/\/www.educa.itakaescolapios.org\/ca\/wp-json\/wp\/v2\/pages"}],"about":[{"href":"https:\/\/www.educa.itakaescolapios.org\/ca\/wp-json\/wp\/v2\/types\/page"}],"author":[{"embeddable":true,"href":"https:\/\/www.educa.itakaescolapios.org\/ca\/wp-json\/wp\/v2\/users\/9"}],"replies":[{"embeddable":true,"href":"https:\/\/www.educa.itakaescolapios.org\/ca\/wp-json\/wp\/v2\/comments?post=9047"}],"version-history":[{"count":8,"href":"https:\/\/www.educa.itakaescolapios.org\/ca\/wp-json\/wp\/v2\/pages\/9047\/revisions"}],"predecessor-version":[{"id":9480,"href":"https:\/\/www.educa.itakaescolapios.org\/ca\/wp-json\/wp\/v2\/pages\/9047\/revisions\/9480"}],"up":[{"embeddable":true,"href":"https:\/\/www.educa.itakaescolapios.org\/ca\/wp-json\/wp\/v2\/pages\/70"}],"wp:featuredmedia":[{"embeddable":true,"href":"https:\/\/www.educa.itakaescolapios.org\/ca\/wp-json\/wp\/v2\/media\/9063"}],"wp:attachment":[{"href":"https:\/\/www.educa.itakaescolapios.org\/ca\/wp-json\/wp\/v2\/media?parent=9047"}],"curies":[{"name":"wp","href":"https:\/\/api.w.org\/{rel}","templated":true}]}}