{"id":9066,"date":"2025-12-05T10:22:47","date_gmt":"2025-12-05T09:22:47","guid":{"rendered":"https:\/\/www.educa.itakaescolapios.org\/?page_id=9066"},"modified":"2026-02-18T18:50:18","modified_gmt":"2026-02-18T17:50:18","slug":"destino-solidario","status":"publish","type":"page","link":"https:\/\/www.educa.itakaescolapios.org\/ca\/campanas\/2025-2026-25-anos-extendiendo-raices\/destino-solidario","title":{"rendered":"Destino solidario"},"content":{"rendered":"<p class=\"qtranxs-available-languages-message qtranxs-available-languages-message-ca\">Ho sentim, aquesta entrada es troba disponible \u00fanicament en <a href=\"https:\/\/www.educa.itakaescolapios.org\/es\/wp-json\/wp\/v2\/pages\/9066\" class=\"qtranxs-available-language-link qtranxs-available-language-link-es\" title=\"Espa\u00f1ol\">Espanyol Europeu<\/a>, <a href=\"https:\/\/www.educa.itakaescolapios.org\/en\/wp-json\/wp\/v2\/pages\/9066\" class=\"qtranxs-available-language-link qtranxs-available-language-link-en\" title=\"English\">Angl\u00e8s Americ\u00e0<\/a>, <a href=\"https:\/\/www.educa.itakaescolapios.org\/eu\/wp-json\/wp\/v2\/pages\/9066\" class=\"qtranxs-available-language-link qtranxs-available-language-link-eu\" title=\"Euskera\">Basc<\/a> i <a href=\"https:\/\/www.educa.itakaescolapios.org\/pt\/wp-json\/wp\/v2\/pages\/9066\" class=\"qtranxs-available-language-link qtranxs-available-language-link-pt\" title=\"Portugu\u00eas\">Portugu\u00e8s De Portugal<\/a>.<\/p><p><strong><img decoding=\"async\" loading=\"lazy\" class=\" wp-image-9174 alignleft\" src=\"https:\/\/www.educa.itakaescolapios.org\/wp-content\/uploads\/2025\/12\/calasanz-riendo-219x300.png\" alt=\"\" width=\"266\" height=\"364\" srcset=\"https:\/\/www.educa.itakaescolapios.org\/wp-content\/uploads\/2025\/12\/calasanz-riendo-219x300.png 219w, https:\/\/www.educa.itakaescolapios.org\/wp-content\/uploads\/2025\/12\/calasanz-riendo-747x1024.png 747w, https:\/\/www.educa.itakaescolapios.org\/wp-content\/uploads\/2025\/12\/calasanz-riendo-768x1052.png 768w, https:\/\/www.educa.itakaescolapios.org\/wp-content\/uploads\/2025\/12\/calasanz-riendo-250x343.png 250w, https:\/\/www.educa.itakaescolapios.org\/wp-content\/uploads\/2025\/12\/calasanz-riendo.png 864w\" sizes=\"(max-width: 266px) 100vw, 266px\" \/>\u201c25 A\u00d1OS EXTENDIENDO RA\u00cdCES\u201d<\/strong><br \/>\nDesde el inicio de la red Itaka-Escolapios, hemos trabajado para apoyar la misi\u00f3n escolapia en diferentes partes del mundo. En la campa\u00f1a &#8220;25 a\u00f1os extendiendo ra\u00edces&#8221; de este curso 2025-2026, los donativos recaudados permitir\u00e1n mantener y ampliar el alcance de proyectos educativos y sociales en diversos pa\u00edses, brindando una oportunidad para transformar la vida de muchas personas.<\/p>\n<p class=\"my-2 [&amp;+p]:mt-4 [&amp;_strong:has(+br)]:inline-block [&amp;_strong:has(+br)]:pb-2\">Los fondos recaudados contribuir\u00e1n a los proyectos que sostenemos en los pa\u00edses de la red donde las Escuelas P\u00edas siguen forjando senderos de esperanza a trav\u00e9s de la educaci\u00f3n formal y no formal. Con tu ayuda, seguiremos ofreciendo educaci\u00f3n de calidad, atenci\u00f3n socioeducativa, comedores escolares, programas de desarrollo sostenible, y apoyo a los colectivos m\u00e1s vulnerables, ya sean ni\u00f1os, ni\u00f1as, j\u00f3venes, ancianos&#8230;<\/p>\n<p class=\"my-2 [&amp;+p]:mt-4 [&amp;_strong:has(+br)]:inline-block [&amp;_strong:has(+br)]:pb-2\">Con tu colaboraci\u00f3n, estamos contribuyendo a crear un futuro mejor, m\u00e1s justo y solidario. &#8220;25 a\u00f1os extendiendo ra\u00edces&#8221; nos invita a caminar juntos hacia un mundo en el que la educaci\u00f3n sea la clave para el cambio y la justicia social.<\/p>\n<p>\u00a1GRACIAS!<\/p>\n<p>&nbsp;<\/p>","protected":false},"excerpt":{"rendered":"<p>Ho sentim, aquesta entrada es troba disponible \u00fanicament en Espanyol Europeu, Angl\u00e8s Americ\u00e0, Basc i Portugu\u00e8s De Portugal.\u201c25 A\u00d1OS EXTENDIENDO RA\u00cdCES\u201d Desde el inicio de la [&hellip;]<\/p>\n","protected":false},"author":11,"featured_media":0,"parent":9047,"menu_order":1,"comment_status":"closed","ping_status":"closed","template":"","meta":[],"acf":[],"_links":{"self":[{"href":"https:\/\/www.educa.itakaescolapios.org\/ca\/wp-json\/wp\/v2\/pages\/9066"}],"collection":[{"href":"https:\/\/www.educa.itakaescolapios.org\/ca\/wp-json\/wp\/v2\/pages"}],"about":[{"href":"https:\/\/www.educa.itakaescolapios.org\/ca\/wp-json\/wp\/v2\/types\/page"}],"author":[{"embeddable":true,"href":"https:\/\/www.educa.itakaescolapios.org\/ca\/wp-json\/wp\/v2\/users\/11"}],"replies":[{"embeddable":true,"href":"https:\/\/www.educa.itakaescolapios.org\/ca\/wp-json\/wp\/v2\/comments?post=9066"}],"version-history":[{"count":10,"href":"https:\/\/www.educa.itakaescolapios.org\/ca\/wp-json\/wp\/v2\/pages\/9066\/revisions"}],"predecessor-version":[{"id":9481,"href":"https:\/\/www.educa.itakaescolapios.org\/ca\/wp-json\/wp\/v2\/pages\/9066\/revisions\/9481"}],"up":[{"embeddable":true,"href":"https:\/\/www.educa.itakaescolapios.org\/ca\/wp-json\/wp\/v2\/pages\/9047"}],"wp:attachment":[{"href":"https:\/\/www.educa.itakaescolapios.org\/ca\/wp-json\/wp\/v2\/media?parent=9066"}],"curies":[{"name":"wp","href":"https:\/\/api.w.org\/{rel}","templated":true}]}}