{"id":9075,"date":"2025-12-05T10:30:20","date_gmt":"2025-12-05T09:30:20","guid":{"rendered":"https:\/\/www.educa.itakaescolapios.org\/?page_id=9075"},"modified":"2026-02-18T18:58:28","modified_gmt":"2026-02-18T17:58:28","slug":"recordando-abriendo-caminos","status":"publish","type":"page","link":"https:\/\/www.educa.itakaescolapios.org\/ca\/campanas\/2025-2026-25-anos-extendiendo-raices\/recordando-abriendo-caminos","title":{"rendered":"Recordando &#8220;Abriendo caminos&#8221;"},"content":{"rendered":"<p class=\"qtranxs-available-languages-message qtranxs-available-languages-message-ca\">Ho sentim, aquesta entrada es troba disponible \u00fanicament en <a href=\"https:\/\/www.educa.itakaescolapios.org\/es\/wp-json\/wp\/v2\/pages\/9075\" class=\"qtranxs-available-language-link qtranxs-available-language-link-es\" title=\"Espa\u00f1ol\">Espanyol Europeu<\/a>, <a href=\"https:\/\/www.educa.itakaescolapios.org\/en\/wp-json\/wp\/v2\/pages\/9075\" class=\"qtranxs-available-language-link qtranxs-available-language-link-en\" title=\"English\">Angl\u00e8s Americ\u00e0<\/a>, <a href=\"https:\/\/www.educa.itakaescolapios.org\/eu\/wp-json\/wp\/v2\/pages\/9075\" class=\"qtranxs-available-language-link qtranxs-available-language-link-eu\" title=\"Euskera\">Basc<\/a> i <a href=\"https:\/\/www.educa.itakaescolapios.org\/pt\/wp-json\/wp\/v2\/pages\/9075\" class=\"qtranxs-available-language-link qtranxs-available-language-link-pt\" title=\"Portugu\u00eas\">Portugu\u00e8s De Portugal<\/a>.<\/p><p>\u00a1GRACIAS!<\/p>\n<p class=\"my-2 [&amp;+p]:mt-4 [&amp;_strong:has(+br)]:inline-block [&amp;_strong:has(+br)]:pb-2\">Hace alrededor de un a\u00f1o pon\u00edamos en marcha un nuevo camino con el lema de la campa\u00f1a 2024-2025, \u201cAbriendo Caminos\u201d, una propuesta con la que invitamos a toda la familia escolapia a implicarse de verdad en la transformaci\u00f3n social desde la educaci\u00f3n y la justicia. Desde Itaka-Escolapios se han dado pasos muy importantes gracias al trabajo y la entrega de miles de personas que, en distintos lugares del mundo, construyen cada d\u00eda una realidad m\u00e1s humana para todos.\u200b<\/p>\n<p class=\"my-2 [&amp;+p]:mt-4 [&amp;_strong:has(+br)]:inline-block [&amp;_strong:has(+br)]:pb-2\">Con ilusi\u00f3n y mucha solidaridad, la tarea compartida ha llegado a m\u00e1s de 16 pa\u00edses donde hay presencia escolapia, como Bolivia, Camer\u00fan, Cuba, Espa\u00f1a, Mozambique o Venezuela, entre otros. Ni\u00f1os y ni\u00f1as, adolescentes, j\u00f3venes, familias, educadores y voluntariado han tomado parte en proyectos de aprendizaje, solidaridad y justicia social, logrando transformar sus entornos cercanos y acerc\u00e1ndolos un poco m\u00e1s al mundo que so\u00f1amos.\u200b<\/p>\n<p class=\"my-2 [&amp;+p]:mt-4 [&amp;_strong:has(+br)]:inline-block [&amp;_strong:has(+br)]:pb-2\">Gracias al compromiso de tantas personas, ha sido posible sostener y reforzar proyectos escolapios que apuestan por una educaci\u00f3n de calidad, el desarrollo sostenible y el acompa\u00f1amiento de quienes m\u00e1s lo necesitan. Se ha avanzado juntos en la defensa de los derechos de la infancia, en el cuidado del planeta y en la construcci\u00f3n de una sociedad m\u00e1s fraterna y justa.\u200b<\/p>\n<p class=\"my-2 [&amp;+p]:mt-4 [&amp;_strong:has(+br)]:inline-block [&amp;_strong:has(+br)]:pb-2\">Desde Itaka-Escolapios, va un agradecimiento enorme por haber formado parte de este proceso, por aportar tu tiempo y tus capacidades, por abrir caminos de esperanza y por seguir creyendo que la educaci\u00f3n y la solidaridad son clave para cambiar el mundo. Gracias por cada detalle, cada aportaci\u00f3n econ\u00f3mica y cada actividad que ha permitido continuar la misi\u00f3n compartida.\u200b<\/p>\n<p class=\"my-2 [&amp;+p]:mt-4 [&amp;_strong:has(+br)]:inline-block [&amp;_strong:has(+br)]:pb-2\">Como cada a\u00f1o, se presentan los resultados de la campa\u00f1a 2024-2025, una ocasi\u00f3n para reconocer todo lo logrado y el impacto generado entre tantas personas y comunidades. Y desde ah\u00ed, con la mirada puesta en la nueva campa\u00f1a 2025-2026 \u201c25 a\u00f1os extendiendo ra\u00edces\u201d, seguimos cuidando y fortaleciendo esas ra\u00edces que nos sostienen.<\/p>\n<p><img decoding=\"async\" loading=\"lazy\" class=\"alignnone wp-image-9069\" src=\"https:\/\/www.educa.itakaescolapios.org\/wp-content\/uploads\/2025\/12\/CARTEL-GRACIAS-2025-ESP-300x213.jpg\" alt=\"\" width=\"781\" height=\"555\" srcset=\"https:\/\/www.educa.itakaescolapios.org\/wp-content\/uploads\/2025\/12\/CARTEL-GRACIAS-2025-ESP-300x213.jpg 300w, https:\/\/www.educa.itakaescolapios.org\/wp-content\/uploads\/2025\/12\/CARTEL-GRACIAS-2025-ESP-1024x727.jpg 1024w, https:\/\/www.educa.itakaescolapios.org\/wp-content\/uploads\/2025\/12\/CARTEL-GRACIAS-2025-ESP-768x545.jpg 768w, https:\/\/www.educa.itakaescolapios.org\/wp-content\/uploads\/2025\/12\/CARTEL-GRACIAS-2025-ESP-1536x1091.jpg 1536w, https:\/\/www.educa.itakaescolapios.org\/wp-content\/uploads\/2025\/12\/CARTEL-GRACIAS-2025-ESP-2048x1454.jpg 2048w, https:\/\/www.educa.itakaescolapios.org\/wp-content\/uploads\/2025\/12\/CARTEL-GRACIAS-2025-ESP-250x178.jpg 250w\" sizes=\"(max-width: 781px) 100vw, 781px\" \/><\/p>\n<p>&nbsp;<\/p>","protected":false},"excerpt":{"rendered":"<p>Ho sentim, aquesta entrada es troba disponible \u00fanicament en Espanyol Europeu, Angl\u00e8s Americ\u00e0, Basc i Portugu\u00e8s De Portugal.\u00a1GRACIAS! Hace alrededor de un a\u00f1o pon\u00edamos en marcha [&hellip;]<\/p>\n","protected":false},"author":11,"featured_media":0,"parent":9047,"menu_order":1,"comment_status":"closed","ping_status":"closed","template":"","meta":[],"acf":[],"_links":{"self":[{"href":"https:\/\/www.educa.itakaescolapios.org\/ca\/wp-json\/wp\/v2\/pages\/9075"}],"collection":[{"href":"https:\/\/www.educa.itakaescolapios.org\/ca\/wp-json\/wp\/v2\/pages"}],"about":[{"href":"https:\/\/www.educa.itakaescolapios.org\/ca\/wp-json\/wp\/v2\/types\/page"}],"author":[{"embeddable":true,"href":"https:\/\/www.educa.itakaescolapios.org\/ca\/wp-json\/wp\/v2\/users\/11"}],"replies":[{"embeddable":true,"href":"https:\/\/www.educa.itakaescolapios.org\/ca\/wp-json\/wp\/v2\/comments?post=9075"}],"version-history":[{"count":4,"href":"https:\/\/www.educa.itakaescolapios.org\/ca\/wp-json\/wp\/v2\/pages\/9075\/revisions"}],"predecessor-version":[{"id":9488,"href":"https:\/\/www.educa.itakaescolapios.org\/ca\/wp-json\/wp\/v2\/pages\/9075\/revisions\/9488"}],"up":[{"embeddable":true,"href":"https:\/\/www.educa.itakaescolapios.org\/ca\/wp-json\/wp\/v2\/pages\/9047"}],"wp:attachment":[{"href":"https:\/\/www.educa.itakaescolapios.org\/ca\/wp-json\/wp\/v2\/media?parent=9075"}],"curies":[{"name":"wp","href":"https:\/\/api.w.org\/{rel}","templated":true}]}}