{"id":9083,"date":"2025-12-05T11:15:59","date_gmt":"2025-12-05T10:15:59","guid":{"rendered":"https:\/\/www.educa.itakaescolapios.org\/?page_id=9083"},"modified":"2025-12-10T12:08:23","modified_gmt":"2025-12-10T11:08:23","slug":"evaluacion","status":"publish","type":"page","link":"https:\/\/www.educa.itakaescolapios.org\/ca\/campanas\/2025-2026-25-anos-extendiendo-raices\/evaluacion","title":{"rendered":"Evaluaci\u00f3n"},"content":{"rendered":"<p class=\"qtranxs-available-languages-message qtranxs-available-languages-message-ca\">Ho sentim, aquesta entrada es troba disponible \u00fanicament en <a href=\"https:\/\/www.educa.itakaescolapios.org\/es\/wp-json\/wp\/v2\/pages\/9083\" class=\"qtranxs-available-language-link qtranxs-available-language-link-es\" title=\"Espa\u00f1ol\">Espanyol Europeu<\/a> i <a href=\"https:\/\/www.educa.itakaescolapios.org\/eu\/wp-json\/wp\/v2\/pages\/9083\" class=\"qtranxs-available-language-link qtranxs-available-language-link-eu\" title=\"Euskera\">Basc<\/a>.<\/p><p>Queremos conocer c\u00f3mo se ha desarrollado la campa\u00f1a de solidaridad en tu centro. Saber qu\u00e9 misiones y actividades has realizado y c\u00f3mo han funcionado nos ayudar\u00e1 a impulsar mejores campa\u00f1as en el futuro.<\/p>\n<p>Para hacerlo disponemos de un cuestionario on line. Se debe rellenar un formulario por cada centro participante.<\/p>\n<p>Contacta con\u00a0<a href=\"mailto:educa@itakaescolapios.org\" target=\"_blank\" rel=\"noopener noreferrer\">educa@itakaescolapios.org<\/a>\u00a0\u00a0y te facilitaremos el enlace para responder.<\/p>","protected":false},"excerpt":{"rendered":"<p>Ho sentim, aquesta entrada es troba disponible \u00fanicament en Espanyol Europeu i Basc.Queremos conocer c\u00f3mo se ha desarrollado la campa\u00f1a de solidaridad en tu centro. Saber [&hellip;]<\/p>\n","protected":false},"author":11,"featured_media":0,"parent":9047,"menu_order":6,"comment_status":"closed","ping_status":"closed","template":"","meta":[],"acf":[],"_links":{"self":[{"href":"https:\/\/www.educa.itakaescolapios.org\/ca\/wp-json\/wp\/v2\/pages\/9083"}],"collection":[{"href":"https:\/\/www.educa.itakaescolapios.org\/ca\/wp-json\/wp\/v2\/pages"}],"about":[{"href":"https:\/\/www.educa.itakaescolapios.org\/ca\/wp-json\/wp\/v2\/types\/page"}],"author":[{"embeddable":true,"href":"https:\/\/www.educa.itakaescolapios.org\/ca\/wp-json\/wp\/v2\/users\/11"}],"replies":[{"embeddable":true,"href":"https:\/\/www.educa.itakaescolapios.org\/ca\/wp-json\/wp\/v2\/comments?post=9083"}],"version-history":[{"count":2,"href":"https:\/\/www.educa.itakaescolapios.org\/ca\/wp-json\/wp\/v2\/pages\/9083\/revisions"}],"predecessor-version":[{"id":9232,"href":"https:\/\/www.educa.itakaescolapios.org\/ca\/wp-json\/wp\/v2\/pages\/9083\/revisions\/9232"}],"up":[{"embeddable":true,"href":"https:\/\/www.educa.itakaescolapios.org\/ca\/wp-json\/wp\/v2\/pages\/9047"}],"wp:attachment":[{"href":"https:\/\/www.educa.itakaescolapios.org\/ca\/wp-json\/wp\/v2\/media?parent=9083"}],"curies":[{"name":"wp","href":"https:\/\/api.w.org\/{rel}","templated":true}]}}