{"id":9085,"date":"2025-12-05T11:18:30","date_gmt":"2025-12-05T10:18:30","guid":{"rendered":"https:\/\/www.educa.itakaescolapios.org\/?page_id=9085"},"modified":"2025-12-10T12:05:03","modified_gmt":"2025-12-10T11:05:03","slug":"haz-un-donativo","status":"publish","type":"page","link":"https:\/\/www.educa.itakaescolapios.org\/ca\/campanas\/2025-2026-25-anos-extendiendo-raices\/haz-un-donativo","title":{"rendered":"Haz un donativo"},"content":{"rendered":"<p class=\"qtranxs-available-languages-message qtranxs-available-languages-message-ca\">Ho sentim, aquesta entrada es troba disponible \u00fanicament en <a href=\"https:\/\/www.educa.itakaescolapios.org\/es\/wp-json\/wp\/v2\/pages\/9085\" class=\"qtranxs-available-language-link qtranxs-available-language-link-es\" title=\"Espa\u00f1ol\">Espanyol Europeu<\/a> i <a href=\"https:\/\/www.educa.itakaescolapios.org\/eu\/wp-json\/wp\/v2\/pages\/9085\" class=\"qtranxs-available-language-link qtranxs-available-language-link-eu\" title=\"Euskera\">Basc<\/a>.<\/p><p><\/p>\n<p lang=\"en-US\" align=\"CENTER\"><span style=\"font-family: arial, helvetica, sans-serif;\">Haz una donaci\u00f3n a la Fundaci\u00f3n Itaka-Escolapios y participa en el proceso de transformaci\u00f3n social que desarrolla a trav\u00e9s de la educaci\u00f3n.<\/span><\/p>\n<p><span style=\"font-family: arial, helvetica, sans-serif;\"><strong>Contacta con tu sede Itaka-Escolapios, colegio o parroquia escolapia para conocer cu\u00e1l es el mejor modo para realizar tus donaciones.<\/strong><\/span><\/p>\n<p lang=\"en-US\" align=\"CENTER\"><span style=\"font-family: arial, helvetica, sans-serif;\">Te ofrecemos varias posibilidades, elige aquella que te sea m\u00e1s c\u00f3moda.<\/span><\/p>\n<p><span style=\"font-family: arial, helvetica, sans-serif;\">Puedes hacer una<strong>\u00a0contribuci\u00f3n con tu tarjeta de cr\u00e9dito<\/strong>\u00a0<strong><a title=\"tpv\" href=\"https:\/\/pasarela.itakaescolapios.org\/p\/donativo\/\" target=\"_blank\" rel=\"noopener noreferrer\">aqu\u00ed<\/a><a href=\"https:\/\/pasarela.itakaescolapios.org\/p\/donativo\/\" target=\"_blank\" rel=\"noopener noreferrer\"><img decoding=\"async\" loading=\"lazy\" class=\"alignleft wp-image-5759\" title=\"imagesCA3TNB3X\" src=\"https:\/\/www.itakaescolapios.org\/wp-content\/uploads\/2012\/06\/imagesCA3TNB3X-90x90.jpg\" alt=\"\" width=\"90\" height=\"90\" \/><\/a><\/strong><\/span><\/p>\n<p>&nbsp;<\/p>\n<p>&nbsp;<\/p>\n<p><span style=\"font-family: arial, helvetica, sans-serif;\">Haznos un donativo por medio de\u00a0<strong>BIZUM\u00a0<a href=\"https:\/\/pasarela.itakaescolapios.org\/p\/donativo\/\" target=\"_blank\" rel=\"noopener noreferrer\">aqu\u00ed<\/a><a href=\"https:\/\/pasarela.itakaescolapios.org\/p\/donativo\/\" target=\"_blank\" rel=\"noopener noreferrer\"><img decoding=\"async\" loading=\"lazy\" class=\"alignleft wp-image-30177\" src=\"https:\/\/www.itakaescolapios.org\/wp-content\/uploads\/2020\/03\/bizum-300x200.jpg\" alt=\"\" width=\"132\" height=\"88\" \/><\/a><\/strong><\/span><\/p>\n<p lang=\"en-US\" align=\"CENTER\"><span style=\"font-family: arial, helvetica, sans-serif;\">Puedes hacernos una\u00a0<strong>transferencia<\/strong>\u00a0con tu aportaci\u00f3n en cualquiera de las siguientes cuentas:<\/span><\/p>\n<p lang=\"en-US\" align=\"CENTER\"><span style=\"font-family: arial, helvetica, sans-serif;\">En Espa\u00f1a:<\/span><\/p>\n<table border=\"1\">\n<tbody>\n<tr>\n<td><span style=\"font-family: arial, helvetica, sans-serif;\"><strong>ENTIDAD<\/strong><\/span><\/td>\n<td><span style=\"font-family: arial, helvetica, sans-serif;\"><strong>CUENTA-IBAN<\/strong><\/span><\/td>\n<td><span style=\"font-family: arial, helvetica, sans-serif;\"><strong>SWIFT-BIC<\/strong><\/span><\/td>\n<\/tr>\n<tr>\n<td><span style=\"font-family: arial, helvetica, sans-serif;\"><strong>Fiare Banca \u00c9tica<\/strong><\/span><\/td>\n<td><span style=\"font-family: arial, helvetica, sans-serif;\">ES39 1550 0001 2500 04594222<\/span><\/td>\n<td><span style=\"font-family: arial, helvetica, sans-serif;\">ETICES21XXX<\/span><\/td>\n<\/tr>\n<tr>\n<td><span style=\"font-family: arial, helvetica, sans-serif;\"><strong>Caixabank<\/strong><\/span><\/td>\n<td><span style=\"font-family: arial, helvetica, sans-serif;\">ES69 2100 0732 24 0201043335<\/span><\/td>\n<td><span style=\"font-family: arial, helvetica, sans-serif;\">ETICES21XXX<\/span><\/td>\n<\/tr>\n<tr>\n<td><span style=\"font-family: arial, helvetica, sans-serif;\"><strong>Bankinter<\/strong><\/span><\/td>\n<td><span style=\"font-family: arial, helvetica, sans-serif;\">ES22 0128 0362 59 0100008641<\/span><\/td>\n<td><span style=\"font-family: arial, helvetica, sans-serif;\">BKBKESMMXXX<\/span><\/td>\n<\/tr>\n<\/tbody>\n<\/table>\n<p>&nbsp;<\/p>\n<hr \/>\n<p><span style=\"font-family: arial, helvetica, sans-serif;\">Si tienes alguna duda o quieres\u00a0<strong>acogerte a los beneficios fiscales<\/strong>\u00a0aplicables a tu donativo escribe un correo electr\u00f3nico a\u00a0<a href=\"mailto:colabora@itakaescolapios.org\">colabora@itakaescolapios.org<\/a><\/span><\/p>\n<p><span style=\"font-family: arial, helvetica, sans-serif;\"><em>La Fundaci\u00f3n Itaka-Escolapios se encuentra incluida entre las entidades reguladas en los reg\u00edmenes fiscales de las diferentes haciendas del Estado espa\u00f1ol.\u00a0<\/em><\/span><\/p>\n<p><span style=\"font-family: arial, helvetica, sans-serif;\">Para m\u00e1s informaci\u00f3n en funci\u00f3n de la hacienda en la que realices tu declaraci\u00f3n de la renta pincha en los enlaces siguientes:<\/span><\/p>\n<ul>\n<li><span style=\"font-family: arial, helvetica, sans-serif;\"><em><a href=\"https:\/\/www.itakaescolapios.org\/regimen-fiscal-agencia-tributaria\/\" target=\"_blank\" rel=\"noopener noreferrer\"><strong>AGENCIA TRIBUTARIA<\/strong><\/a>: Art\u00edculo 16 de la Ley 49\/2002, de 23 de diciembre, de r\u00e9gimen fiscal de las entidades<\/em>\u00a0<em>sin fines lucrativos y de los incentivos fiscales al mecenazgo.<\/em><\/span><\/li>\n<li><span style=\"font-family: arial, helvetica, sans-serif;\"><em><a href=\"https:\/\/www.itakaescolapios.org\/regimen-fiscal-hacienda-de-araba\/\" target=\"_blank\" rel=\"noopener noreferrer\"><strong>HACIENDA DE ARABA<\/strong><\/a>:\u00a0<\/em><em>Art\u00edculo 4 de la Norma Foral 16\/2004, de 12 de julio, de R\u00e9gimen Fiscal de las<\/em>\u00a0<em>Entidades sin fines lucrativos y de los Incentivos Fiscales al Mecenazgo del Territorio<\/em>\u00a0<em>Hist\u00f3rico de Araba<\/em><\/span><\/li>\n<li><span style=\"font-family: arial, helvetica, sans-serif;\"><em><a href=\"https:\/\/www.itakaescolapios.org\/regimen-fiscal-hacienda-de-bizkaia\/\" target=\"_blank\" rel=\"noopener noreferrer\"><strong>HACIENDA DE BIZKAIA<\/strong><\/a>: Art\u00edculo 4 de la Norma Foral 4\/2019, de 20 de marzo, de R\u00e9gimen Fiscal de las<\/em>\u00a0<em>Entidades sin fines lucrativos y de los Incentivos Fiscales al Mecenazgo del Territorio<\/em>\u00a0<em>Hist\u00f3rico de Bizkaia.<\/em><\/span><\/li>\n<li><span style=\"font-family: arial, helvetica, sans-serif;\"><em><a href=\"https:\/\/www.itakaescolapios.org\/regimen-fiscal-hacienda-de-gipuzkoa\/\" target=\"_blank\" rel=\"noopener noreferrer\"><strong>HACIENDA DE GIPUZKOA<\/strong><\/a>: Art\u00edculo 4 de la Norma Foral 3\/2004, de 7 de abril, de r\u00e9gimen fiscal de las entidades<\/em>\u00a0<em>sin fines lucrativos y de los incentivos fiscales al mecenazgo del Territorio Hist\u00f3rico<\/em>\u00a0<em>de Gipuzkoa.<\/em><\/span><\/li>\n<li><span style=\"font-family: arial, helvetica, sans-serif;\"><em><a href=\"https:\/\/www.itakaescolapios.org\/regimen-fiscal-de-la-hacienda-navarra\/\" target=\"_blank\" rel=\"noopener noreferrer\"><strong>HACIENDA DE NAVARRA<\/strong><\/a>: Disposici\u00f3n Adicional D\u00e9cima de la Ley Foral 10\/1996, de 2 de julio, reguladora del r\u00e9gimen tributario de las fundaciones y de las actividades de patrocinio de Navarra.<\/em><\/span><\/li>\n<\/ul>\n<p><\/p>","protected":false},"excerpt":{"rendered":"<p>Ho sentim, aquesta entrada es troba disponible \u00fanicament en Espanyol Europeu i Basc. Haz una donaci\u00f3n a la Fundaci\u00f3n Itaka-Escolapios y participa en el proceso de [&hellip;]<\/p>\n","protected":false},"author":11,"featured_media":0,"parent":9047,"menu_order":7,"comment_status":"closed","ping_status":"closed","template":"","meta":[],"acf":[],"_links":{"self":[{"href":"https:\/\/www.educa.itakaescolapios.org\/ca\/wp-json\/wp\/v2\/pages\/9085"}],"collection":[{"href":"https:\/\/www.educa.itakaescolapios.org\/ca\/wp-json\/wp\/v2\/pages"}],"about":[{"href":"https:\/\/www.educa.itakaescolapios.org\/ca\/wp-json\/wp\/v2\/types\/page"}],"author":[{"embeddable":true,"href":"https:\/\/www.educa.itakaescolapios.org\/ca\/wp-json\/wp\/v2\/users\/11"}],"replies":[{"embeddable":true,"href":"https:\/\/www.educa.itakaescolapios.org\/ca\/wp-json\/wp\/v2\/comments?post=9085"}],"version-history":[{"count":4,"href":"https:\/\/www.educa.itakaescolapios.org\/ca\/wp-json\/wp\/v2\/pages\/9085\/revisions"}],"predecessor-version":[{"id":9230,"href":"https:\/\/www.educa.itakaescolapios.org\/ca\/wp-json\/wp\/v2\/pages\/9085\/revisions\/9230"}],"up":[{"embeddable":true,"href":"https:\/\/www.educa.itakaescolapios.org\/ca\/wp-json\/wp\/v2\/pages\/9047"}],"wp:attachment":[{"href":"https:\/\/www.educa.itakaescolapios.org\/ca\/wp-json\/wp\/v2\/media?parent=9085"}],"curies":[{"name":"wp","href":"https:\/\/api.w.org\/{rel}","templated":true}]}}