{"id":9088,"date":"2025-12-05T12:08:43","date_gmt":"2025-12-05T11:08:43","guid":{"rendered":"https:\/\/www.educa.itakaescolapios.org\/?page_id=9088"},"modified":"2026-02-18T19:21:31","modified_gmt":"2026-02-18T18:21:31","slug":"actividades-carteleria-y-ambientacion","status":"publish","type":"page","link":"https:\/\/www.educa.itakaescolapios.org\/ca\/campanas\/2025-2026-25-anos-extendiendo-raices\/actividades-carteleria-y-ambientacion","title":{"rendered":"Actividades, carteler\u00eda y ambientaci\u00f3n"},"content":{"rendered":"<p class=\"qtranxs-available-languages-message qtranxs-available-languages-message-ca\">Ho sentim, aquesta entrada es troba disponible \u00fanicament en <a href=\"https:\/\/www.educa.itakaescolapios.org\/es\/wp-json\/wp\/v2\/pages\/9088\" class=\"qtranxs-available-language-link qtranxs-available-language-link-es\" title=\"Espa\u00f1ol\">Espanyol Europeu<\/a>, <a href=\"https:\/\/www.educa.itakaescolapios.org\/en\/wp-json\/wp\/v2\/pages\/9088\" class=\"qtranxs-available-language-link qtranxs-available-language-link-en\" title=\"English\">Angl\u00e8s Americ\u00e0<\/a>, <a href=\"https:\/\/www.educa.itakaescolapios.org\/eu\/wp-json\/wp\/v2\/pages\/9088\" class=\"qtranxs-available-language-link qtranxs-available-language-link-eu\" title=\"Euskera\">Basc<\/a> i <a href=\"https:\/\/www.educa.itakaescolapios.org\/pt\/wp-json\/wp\/v2\/pages\/9088\" class=\"qtranxs-available-language-link qtranxs-available-language-link-pt\" title=\"Portugu\u00eas\">Portugu\u00e8s De Portugal<\/a>.<\/p><p><img decoding=\"async\" loading=\"lazy\" class=\"size-medium wp-image-9167 alignleft\" src=\"https:\/\/www.educa.itakaescolapios.org\/wp-content\/uploads\/2025\/12\/Sukal-jugando-217x300.png\" alt=\"\" width=\"217\" height=\"300\" srcset=\"https:\/\/www.educa.itakaescolapios.org\/wp-content\/uploads\/2025\/12\/Sukal-jugando-217x300.png 217w, https:\/\/www.educa.itakaescolapios.org\/wp-content\/uploads\/2025\/12\/Sukal-jugando-741x1024.png 741w, https:\/\/www.educa.itakaescolapios.org\/wp-content\/uploads\/2025\/12\/Sukal-jugando-768x1061.png 768w, https:\/\/www.educa.itakaescolapios.org\/wp-content\/uploads\/2025\/12\/Sukal-jugando-1112x1536.png 1112w, https:\/\/www.educa.itakaescolapios.org\/wp-content\/uploads\/2025\/12\/Sukal-jugando-1482x2048.png 1482w, https:\/\/www.educa.itakaescolapios.org\/wp-content\/uploads\/2025\/12\/Sukal-jugando-250x345.png 250w, https:\/\/www.educa.itakaescolapios.org\/wp-content\/uploads\/2025\/12\/Sukal-jugando.png 1760w\" sizes=\"(max-width: 217px) 100vw, 217px\" \/><\/p>\n<p>Tanto si tienes ya experiencia como si est\u00e1s empezando, debemos recordar que la clave del \u00e9xito es el cari\u00f1o, ilusi\u00f3n y entrega en la preparaci\u00f3n de la Campa\u00f1a de Solidaridad. Para ello <strong>es importante que conozcas todos los recursos que os ofrecemos,\u00a0<\/strong>por eso a continuaci\u00f3n encontrar\u00e1s un listado completo de todos ellos.<\/p>\n<p><a href=\"https:\/\/www.educa.itakaescolapios.org\/wp-content\/uploads\/2025\/12\/Fichas-proyectos-2526.pdf\" target=\"_blank\" rel=\"noopener\">Fichas proyectos 2025-26<\/a><\/p>\n<p><a href=\"https:\/\/www.educa.itakaescolapios.org\/wp-content\/uploads\/2025\/12\/Oraciones-25-26.pdf\" target=\"_blank\" rel=\"noopener\">Oraciones 25-26<\/a><\/p>\n<p><a href=\"https:\/\/www.educa.itakaescolapios.org\/campanas\/2025-2026-25-anos-extendiendo-raices\/actividades-carteleria-y-ambientacion\/propuestas-aprendizaje-servicio-para-el-aula\">Proyectos de ApS para el aula y adultos<\/a><\/p>\n<p><a href=\"https:\/\/www.educa.itakaescolapios.org\/campanas\/2025-2026-25-anos-extendiendo-raices\/actividades-carteleria-y-ambientacion\/propuesta-de-actividades-para-movimiento-calasanz\">Propuestas para trabajar en Movimiento Calasanz<\/a><\/p>","protected":false},"excerpt":{"rendered":"<p>Ho sentim, aquesta entrada es troba disponible \u00fanicament en Espanyol Europeu, Angl\u00e8s Americ\u00e0, Basc i Portugu\u00e8s De Portugal. Tanto si tienes ya experiencia como si est\u00e1s [&hellip;]<\/p>\n","protected":false},"author":11,"featured_media":0,"parent":9047,"menu_order":4,"comment_status":"closed","ping_status":"closed","template":"","meta":[],"acf":[],"_links":{"self":[{"href":"https:\/\/www.educa.itakaescolapios.org\/ca\/wp-json\/wp\/v2\/pages\/9088"}],"collection":[{"href":"https:\/\/www.educa.itakaescolapios.org\/ca\/wp-json\/wp\/v2\/pages"}],"about":[{"href":"https:\/\/www.educa.itakaescolapios.org\/ca\/wp-json\/wp\/v2\/types\/page"}],"author":[{"embeddable":true,"href":"https:\/\/www.educa.itakaescolapios.org\/ca\/wp-json\/wp\/v2\/users\/11"}],"replies":[{"embeddable":true,"href":"https:\/\/www.educa.itakaescolapios.org\/ca\/wp-json\/wp\/v2\/comments?post=9088"}],"version-history":[{"count":29,"href":"https:\/\/www.educa.itakaescolapios.org\/ca\/wp-json\/wp\/v2\/pages\/9088\/revisions"}],"predecessor-version":[{"id":9493,"href":"https:\/\/www.educa.itakaescolapios.org\/ca\/wp-json\/wp\/v2\/pages\/9088\/revisions\/9493"}],"up":[{"embeddable":true,"href":"https:\/\/www.educa.itakaescolapios.org\/ca\/wp-json\/wp\/v2\/pages\/9047"}],"wp:attachment":[{"href":"https:\/\/www.educa.itakaescolapios.org\/ca\/wp-json\/wp\/v2\/media?parent=9088"}],"curies":[{"name":"wp","href":"https:\/\/api.w.org\/{rel}","templated":true}]}}