{"id":9127,"date":"2025-12-05T13:54:19","date_gmt":"2025-12-05T12:54:19","guid":{"rendered":"https:\/\/www.educa.itakaescolapios.org\/?page_id=9127"},"modified":"2026-02-19T14:28:32","modified_gmt":"2026-02-19T13:28:32","slug":"propuesta-de-actividades-para-movimiento-calasanz","status":"publish","type":"page","link":"https:\/\/www.educa.itakaescolapios.org\/ca\/campanas\/2025-2026-25-anos-extendiendo-raices\/actividades-carteleria-y-ambientacion\/propuesta-de-actividades-para-movimiento-calasanz","title":{"rendered":"Propuesta de actividades para Movimiento Calasanz"},"content":{"rendered":"<p class=\"qtranxs-available-languages-message qtranxs-available-languages-message-ca\">Ho sentim, aquesta entrada es troba disponible \u00fanicament en <a href=\"https:\/\/www.educa.itakaescolapios.org\/es\/wp-json\/wp\/v2\/pages\/9127\" class=\"qtranxs-available-language-link qtranxs-available-language-link-es\" title=\"Espa\u00f1ol\">Espanyol Europeu<\/a>, <a href=\"https:\/\/www.educa.itakaescolapios.org\/en\/wp-json\/wp\/v2\/pages\/9127\" class=\"qtranxs-available-language-link qtranxs-available-language-link-en\" title=\"English\">Angl\u00e8s Americ\u00e0<\/a>, <a href=\"https:\/\/www.educa.itakaescolapios.org\/eu\/wp-json\/wp\/v2\/pages\/9127\" class=\"qtranxs-available-language-link qtranxs-available-language-link-eu\" title=\"Euskera\">Basc<\/a> i <a href=\"https:\/\/www.educa.itakaescolapios.org\/pt\/wp-json\/wp\/v2\/pages\/9127\" class=\"qtranxs-available-language-link qtranxs-available-language-link-pt\" title=\"Portugu\u00eas\">Portugu\u00e8s De Portugal<\/a>.<\/p><p><\/p>\n<p data-pm-slice=\"1 1 []\"><img decoding=\"async\" loading=\"lazy\" class=\" wp-image-9156 alignleft\" src=\"https:\/\/www.educa.itakaescolapios.org\/wp-content\/uploads\/2025\/12\/Jiwa-campamentos-219x300.png\" alt=\"\" width=\"337\" height=\"462\" srcset=\"https:\/\/www.educa.itakaescolapios.org\/wp-content\/uploads\/2025\/12\/Jiwa-campamentos-219x300.png 219w, https:\/\/www.educa.itakaescolapios.org\/wp-content\/uploads\/2025\/12\/Jiwa-campamentos-747x1024.png 747w, https:\/\/www.educa.itakaescolapios.org\/wp-content\/uploads\/2025\/12\/Jiwa-campamentos-768x1052.png 768w, https:\/\/www.educa.itakaescolapios.org\/wp-content\/uploads\/2025\/12\/Jiwa-campamentos-250x343.png 250w, https:\/\/www.educa.itakaescolapios.org\/wp-content\/uploads\/2025\/12\/Jiwa-campamentos.png 864w\" sizes=\"(max-width: 337px) 100vw, 337px\" \/>En el <strong>Movimiento Calasanz<\/strong>, celebramos el 25 aniversario de Itaka-Escolapios yendo a lo profundo. Bajo el lema pastoral <strong>&#8220;T\u00fa ra\u00edz&#8221;<\/strong>, queremos que ni\u00f1os, ni\u00f1as, j\u00f3venes y adultos descubran que nuestra acci\u00f3n transformadora nace de un lugar sagrado: el seguimiento de Jes\u00fas al estilo de Calasanz.<\/p>\n<p>Hemos preparado un itinerario de din\u00e1micas vivenciales para cada etapa. No son solo actividades; son experiencias para conectar con nuestra historia, sentirnos parte de una red global y renovar nuestro compromiso de servicio.<\/p>\n<p>\u00a1Busca tu grupo, descarga el material y prep\u00e1rate para extender tus ra\u00edces!<\/p>\n<h3>DE 3 A 5 A\u00d1OS <span style=\"color: #99cc00;\"><a style=\"color: #99cc00;\" href=\"https:\/\/www.educa.itakaescolapios.org\/wp-content\/uploads\/2025\/12\/M.Cal_.09.04.-Actividad-3-a-5-anos.-Tu-raiz-es-Jesus.pdf\" target=\"_blank\" rel=\"noopener\">M.Cal. Actividad 3 a 5 a\u00f1os.<\/a><\/span><\/h3>\n<p><strong>ACTIVIDAD: &#8220;Tu Ra\u00edz es Jes\u00fas: El \u00c1rbol de la Amistad&#8221;<\/strong> Para los m\u00e1s peque\u00f1os, la fe se vive desde el cari\u00f1o. Con la din\u00e1mica del &#8220;\u00c1rbol de la Amistad&#8221;, descubriremos que Jes\u00fas es la ra\u00edz fuerte que nos sostiene y nos da energ\u00eda. Los ni\u00f1os y ni\u00f1as llenar\u00e1n las ramas con corazones que representan sus &#8220;frutos&#8221;: los gestos de ayuda y amor que comparten con sus amigos.<\/p>\n<ul>\n<li><strong>Clave pastoral:<\/strong> Jes\u00fas como fuente de amor y servicio.<\/li>\n<\/ul>\n<h3>DE 6 A 8 A\u00d1OS <span style=\"color: #99cc00;\"><a style=\"color: #99cc00;\" href=\"https:\/\/www.educa.itakaescolapios.org\/wp-content\/uploads\/2025\/12\/M.Cal_.10.04.-Actividad-6-a-8-anos.-El-mapa-de-la-mision.pdf\" target=\"_blank\" rel=\"noopener\">M.Cal. Actividad 6 a 8 a\u00f1os.<\/a><\/span><\/h3>\n<p><strong>ACTIVIDAD: &#8220;El mapa de la misi\u00f3n&#8221;<\/strong> \u00a1Nos vamos de viaje! Con un mapamundi gigante, los ni\u00f1os se convertir\u00e1n en exploradores para localizar los <strong>Hogares Escolapios<\/strong> en el mundo. A trav\u00e9s de la din\u00e1mica de &#8220;La Huella&#8221;, comprender\u00e1n que sus peque\u00f1as acciones locales dejan una marca positiva que conecta con otros ni\u00f1os y ni\u00f1as en lugares lejanos.<\/p>\n<ul>\n<li><strong>Clave pastoral:<\/strong> Universalidad de la misi\u00f3n y sentido de pertenencia.<\/li>\n<\/ul>\n<h3>DE 8 A 10 A\u00d1OS <span style=\"color: #99cc00;\"><a style=\"color: #99cc00;\" href=\"https:\/\/www.educa.itakaescolapios.org\/wp-content\/uploads\/2025\/12\/M.Cal_.11.04.-Actividad-8-a-10-anos.-La-brujula-de-Calasanz.pdf\" target=\"_blank\" rel=\"noopener\">M.Cal. Actividad 8 a 10 a\u00f1os.<\/a><\/span><\/h3>\n<p><strong>ACTIVIDAD: &#8220;La Br\u00fajula de Calasanz&#8221;<\/strong> La misi\u00f3n es una gran aventura. Mediante un emocionante juego de rastreo, seguiremos las pistas que nos dej\u00f3 Calasanz. Los participantes descubrir\u00e1n que nuestra &#8220;br\u00fajula&#8221; siempre apunta hacia dos lugares: el punto de partida (Jes\u00fas) y el destino (las personas que nos necesitan), recorriendo simb\u00f3licamente nuestros 25 a\u00f1os de historia.<\/p>\n<ul>\n<li><strong>Clave pastoral:<\/strong> El seguimiento de Jes\u00fas como camino de servicio.<\/li>\n<\/ul>\n<h3>DE 10 A 12 A\u00d1OS <span style=\"color: #99cc00;\"><a style=\"color: #99cc00;\" href=\"https:\/\/www.educa.itakaescolapios.org\/wp-content\/uploads\/2025\/12\/M.Cal_.12.04.-Actividad-de-10-a-12-anos.-Tejiendo-la-red-Itaka-Escolapios.pdf\" target=\"_blank\" rel=\"noopener\">M.Cal. Actividad de 10 a 12 a\u00f1os.<\/a><\/span><\/h3>\n<p><strong>ACTIVIDAD: &#8220;Tejiendo la red Itaka-Escolapios&#8221;<\/strong> \u00bfQu\u00e9 nos mantiene unidos? En esta din\u00e1mica visual, utilizaremos hilos de colores para conectar nuestros valores (Piedad y Letras) con los proyectos reales de la Fundaci\u00f3n. Entre todos, tejeremos una red f\u00edsica en el aula que nos ense\u00f1ar\u00e1 que, cuando unimos nuestros talentos y colaboramos, somos capaces de sostener los sue\u00f1os de mucha gente.<\/p>\n<ul>\n<li><strong>Clave pastoral:<\/strong> Misi\u00f3n compartida y trabajo en red.<\/li>\n<\/ul>\n<h3>DE 12 A 15 A\u00d1OS <span style=\"color: #99cc00;\"><a style=\"color: #99cc00;\" href=\"https:\/\/www.educa.itakaescolapios.org\/wp-content\/uploads\/2025\/12\/M.Cal_.13.04.-Actividad-12-a-15-anos-El-Sismografo.pdf\" target=\"_blank\" rel=\"noopener\">M.Cal. Actividad 12 a 15 a\u00f1os.<\/a><\/span><\/h3>\n<p><strong>ACTIVIDAD: &#8220;El sism\u00f3grafo social&#8221;<\/strong> Vivimos en un mundo que tiembla por las injusticias. Usando la met\u00e1fora de un sism\u00f3grafo, los adolescentes aprender\u00e1n a detectar los &#8220;terremotos&#8221; sociales (pobreza, desigualdad) y a no quedarse indiferentes. Descubrir\u00e1n c\u00f3mo sus valores escolapios les dan la estabilidad necesaria para reaccionar y dar una respuesta solidaria y transformadora.<\/p>\n<ul>\n<li><strong>Clave pastoral:<\/strong> Conciencia cr\u00edtica y respuesta \u00e9tica desde la fe.<\/li>\n<\/ul>\n<h3>DE 15 A 18 A\u00d1OS <span style=\"color: #99cc00;\"><a style=\"color: #99cc00;\" href=\"https:\/\/www.educa.itakaescolapios.org\/wp-content\/uploads\/2025\/12\/M.Cal_.14.04.-Actividad-de-15-a-18-anos.pdf\" target=\"_blank\" rel=\"noopener\">M.Cal. Actividad de 15 a 18 a\u00f1os<\/a><\/span><\/h3>\n<p><strong>ACTIVIDAD: &#8220;El Arquitecto de la vocaci\u00f3n&#8221;<\/strong> Es momento de mirar al futuro. A trav\u00e9s de la din\u00e1mica del espejo y un an\u00e1lisis personal (FODA), invitamos a los j\u00f3venes a preguntarse: &#8220;\u00bfQui\u00e9n quiero ser?&#8221;. Presentamos a Itaka-Escolapios no solo como una ONG, sino como una <strong>opci\u00f3n de vida y vocaci\u00f3n<\/strong>. Una oportunidad para construir un proyecto vital con ra\u00edces profundas y sentido.<\/p>\n<ul>\n<li><strong>Clave pastoral:<\/strong> Discernimiento vocacional y proyecto de vida.<\/li>\n<\/ul>\n<h3>ADULTOS (FRATERNIDADES Y EQUIPOS)<\/h3>\n<p><strong>DIN\u00c1MICAS: &#8220;La Br\u00fajula Carism\u00e1tica&#8221; y &#8220;Del Yo al Nosotros&#8221;<\/strong> El 25 aniversario nos interpela a madurar nuestro compromiso. Ofrecemos dos din\u00e1micas de profundidad:<\/p>\n<ol>\n<li><strong>La Br\u00fajula Carism\u00e1tica:<\/strong> Un taller para recalibrar nuestros proyectos, asegurando que siempre integren equilibradamente la &#8220;Piedad&#8221; (amor\/servicio) y las &#8220;Letras&#8221; (profesionalidad\/formaci\u00f3n). <span style=\"color: #99cc00;\"><a style=\"color: #99cc00;\" href=\"https:\/\/www.educa.itakaescolapios.org\/wp-content\/uploads\/2025\/12\/M.Cal_.15.01.-Adultos.-La-brujula-carismatica.pdf\" target=\"_blank\" rel=\"noopener\">M.Cal. Adultos. La bru\u0301jula carisma\u0301tica<\/a><\/span><\/li>\n<li><strong>Del Yo al Nosotros:<\/strong> Un ejercicio de discernimiento para identificar nuestra &#8220;zona de confort&#8221; y dar un paso valiente hacia un compromiso m\u00e1s comunitario y sostenible. <span style=\"color: #99cc00;\"><a style=\"color: #99cc00;\" href=\"https:\/\/www.educa.itakaescolapios.org\/wp-content\/uploads\/2025\/12\/M.Cal_.15.02.-Adultos-Del-yo-al-nosotros.pdf\" target=\"_blank\" rel=\"noopener\">M.Cal. Adultos Del yo al nosotros<\/a><\/span><\/li>\n<\/ol>\n<ul>\n<li><strong>Clave pastoral:<\/strong> Identidad carism\u00e1tica y madurez en el servicio.<\/li>\n<\/ul>\n<p><strong>DESCARGA AQU\u00cd LOS MATERIALES PASTORALES COMPLETOS<\/strong><\/p>\n<p><span style=\"color: #99cc00;\"><a style=\"color: #99cc00;\" href=\"https:\/\/www.educa.itakaescolapios.org\/wp-content\/uploads\/2025\/12\/M.Cal_.09.04.-Actividad-3-a-5-anos.-Tu-raiz-es-Jesus.pdf\" target=\"_blank\" rel=\"noopener\">M.Cal. Actividad 3 a 5 a\u00f1os.<\/a><\/span><\/p>\n<p><span style=\"color: #99cc00;\"><a style=\"color: #99cc00;\" href=\"https:\/\/www.educa.itakaescolapios.org\/wp-content\/uploads\/2025\/12\/M.Cal_.10.04.-Actividad-6-a-8-anos.-El-mapa-de-la-mision.pdf\" target=\"_blank\" rel=\"noopener\">M.Cal. Actividad 6 a 8 a\u00f1os.<\/a><\/span><\/p>\n<p><span style=\"color: #99cc00;\"><a style=\"color: #99cc00;\" href=\"https:\/\/www.educa.itakaescolapios.org\/wp-content\/uploads\/2025\/12\/M.Cal_.11.04.-Actividad-8-a-10-anos.-La-brujula-de-Calasanz.pdf\" target=\"_blank\" rel=\"noopener\">M.Cal. Actividad 8 a 10 a\u00f1os.<\/a><\/span><\/p>\n<p><span style=\"color: #99cc00;\"><a style=\"color: #99cc00;\" href=\"https:\/\/www.educa.itakaescolapios.org\/wp-content\/uploads\/2025\/12\/M.Cal_.12.04.-Actividad-de-10-a-12-anos.-Tejiendo-la-red-Itaka-Escolapios.pdf\" target=\"_blank\" rel=\"noopener\">M.Cal. Actividad de 10 a 12 a\u00f1os.<\/a><\/span><\/p>\n<p><span style=\"color: #99cc00;\"><a style=\"color: #99cc00;\" href=\"https:\/\/www.educa.itakaescolapios.org\/wp-content\/uploads\/2025\/12\/M.Cal_.13.04.-Actividad-12-a-15-anos-El-Sismografo.pdf\" target=\"_blank\" rel=\"noopener\">M.Cal. Actividad 12 a 15 a\u00f1os.<\/a><\/span><\/p>\n<p><span style=\"color: #99cc00;\"><a style=\"color: #99cc00;\" href=\"https:\/\/www.educa.itakaescolapios.org\/wp-content\/uploads\/2025\/12\/M.Cal_.14.04.-Actividad-de-15-a-18-anos.pdf\" target=\"_blank\" rel=\"noopener\">M.Cal. Actividad de 15 a 18 a\u00f1os<\/a><\/span><\/p>\n<p><span style=\"color: #99cc00;\"><a style=\"color: #99cc00;\" href=\"https:\/\/www.educa.itakaescolapios.org\/wp-content\/uploads\/2025\/12\/M.Cal_.15.01.-Adultos.-La-brujula-carismatica.pdf\" target=\"_blank\" rel=\"noopener\">M.Cal. Adultos. La bru\u0301jula carisma\u0301tica<\/a><\/span><\/p>\n<p><span style=\"color: #99cc00;\"><a style=\"color: #99cc00;\" href=\"https:\/\/www.educa.itakaescolapios.org\/wp-content\/uploads\/2025\/12\/M.Cal_.15.02.-Adultos-Del-yo-al-nosotros.pdf\" target=\"_blank\" rel=\"noopener\">M.Cal. Adultos Del yo al nosotros<\/a><\/span><\/p>","protected":false},"excerpt":{"rendered":"<p>Ho sentim, aquesta entrada es troba disponible \u00fanicament en Espanyol Europeu, Angl\u00e8s Americ\u00e0, Basc i Portugu\u00e8s De Portugal. En el Movimiento Calasanz, celebramos el 25 aniversario [&hellip;]<\/p>\n","protected":false},"author":11,"featured_media":0,"parent":9088,"menu_order":2,"comment_status":"closed","ping_status":"closed","template":"","meta":[],"acf":[],"_links":{"self":[{"href":"https:\/\/www.educa.itakaescolapios.org\/ca\/wp-json\/wp\/v2\/pages\/9127"}],"collection":[{"href":"https:\/\/www.educa.itakaescolapios.org\/ca\/wp-json\/wp\/v2\/pages"}],"about":[{"href":"https:\/\/www.educa.itakaescolapios.org\/ca\/wp-json\/wp\/v2\/types\/page"}],"author":[{"embeddable":true,"href":"https:\/\/www.educa.itakaescolapios.org\/ca\/wp-json\/wp\/v2\/users\/11"}],"replies":[{"embeddable":true,"href":"https:\/\/www.educa.itakaescolapios.org\/ca\/wp-json\/wp\/v2\/comments?post=9127"}],"version-history":[{"count":28,"href":"https:\/\/www.educa.itakaescolapios.org\/ca\/wp-json\/wp\/v2\/pages\/9127\/revisions"}],"predecessor-version":[{"id":9502,"href":"https:\/\/www.educa.itakaescolapios.org\/ca\/wp-json\/wp\/v2\/pages\/9127\/revisions\/9502"}],"up":[{"embeddable":true,"href":"https:\/\/www.educa.itakaescolapios.org\/ca\/wp-json\/wp\/v2\/pages\/9088"}],"wp:attachment":[{"href":"https:\/\/www.educa.itakaescolapios.org\/ca\/wp-json\/wp\/v2\/media?parent=9127"}],"curies":[{"name":"wp","href":"https:\/\/api.w.org\/{rel}","templated":true}]}}