{"id":9134,"date":"2025-12-05T14:07:26","date_gmt":"2025-12-05T13:07:26","guid":{"rendered":"https:\/\/www.educa.itakaescolapios.org\/?page_id=9134"},"modified":"2026-02-18T19:23:04","modified_gmt":"2026-02-18T18:23:04","slug":"carteleria","status":"publish","type":"page","link":"https:\/\/www.educa.itakaescolapios.org\/ca\/campanas\/2025-2026-25-anos-extendiendo-raices\/actividades-carteleria-y-ambientacion\/carteleria","title":{"rendered":"Oraciones"},"content":{"rendered":"<p class=\"qtranxs-available-languages-message qtranxs-available-languages-message-ca\">Ho sentim, aquesta entrada es troba disponible \u00fanicament en <a href=\"https:\/\/www.educa.itakaescolapios.org\/es\/wp-json\/wp\/v2\/pages\/9134\" class=\"qtranxs-available-language-link qtranxs-available-language-link-es\" title=\"Espa\u00f1ol\">Espanyol Europeu<\/a>, <a href=\"https:\/\/www.educa.itakaescolapios.org\/en\/wp-json\/wp\/v2\/pages\/9134\" class=\"qtranxs-available-language-link qtranxs-available-language-link-en\" title=\"English\">Angl\u00e8s Americ\u00e0<\/a>, <a href=\"https:\/\/www.educa.itakaescolapios.org\/eu\/wp-json\/wp\/v2\/pages\/9134\" class=\"qtranxs-available-language-link qtranxs-available-language-link-eu\" title=\"Euskera\">Basc<\/a> i <a href=\"https:\/\/www.educa.itakaescolapios.org\/pt\/wp-json\/wp\/v2\/pages\/9134\" class=\"qtranxs-available-language-link qtranxs-available-language-link-pt\" title=\"Portugu\u00eas\">Portugu\u00e8s De Portugal<\/a>.<\/p><p>Te dejamos alguna propuesta de oraciones para diferentes edades para que puedas emplearlas con tu alumnado o grupo.<\/p>\n<p><a style=\"color: #99cc00;\" href=\"https:\/\/www.educa.itakaescolapios.org\/wp-content\/uploads\/2025\/12\/Oraciones-25-26.pdf\">Oraciones 25-26<\/a><\/p>\n<p><img decoding=\"async\" loading=\"lazy\" class=\"aligncenter wp-image-9173\" src=\"https:\/\/www.educa.itakaescolapios.org\/wp-content\/uploads\/2025\/12\/Calasanz-rezando-219x300.png\" alt=\"\" width=\"385\" height=\"527\" srcset=\"https:\/\/www.educa.itakaescolapios.org\/wp-content\/uploads\/2025\/12\/Calasanz-rezando-219x300.png 219w, https:\/\/www.educa.itakaescolapios.org\/wp-content\/uploads\/2025\/12\/Calasanz-rezando-747x1024.png 747w, https:\/\/www.educa.itakaescolapios.org\/wp-content\/uploads\/2025\/12\/Calasanz-rezando-768x1052.png 768w, https:\/\/www.educa.itakaescolapios.org\/wp-content\/uploads\/2025\/12\/Calasanz-rezando-250x343.png 250w, https:\/\/www.educa.itakaescolapios.org\/wp-content\/uploads\/2025\/12\/Calasanz-rezando.png 864w\" sizes=\"(max-width: 385px) 100vw, 385px\" \/><\/p>","protected":false},"excerpt":{"rendered":"<p>Ho sentim, aquesta entrada es troba disponible \u00fanicament en Espanyol Europeu, Angl\u00e8s Americ\u00e0, Basc i Portugu\u00e8s De Portugal.Te dejamos alguna propuesta de oraciones para diferentes edades [&hellip;]<\/p>\n","protected":false},"author":11,"featured_media":0,"parent":9088,"menu_order":5,"comment_status":"closed","ping_status":"closed","template":"","meta":[],"acf":[],"_links":{"self":[{"href":"https:\/\/www.educa.itakaescolapios.org\/ca\/wp-json\/wp\/v2\/pages\/9134"}],"collection":[{"href":"https:\/\/www.educa.itakaescolapios.org\/ca\/wp-json\/wp\/v2\/pages"}],"about":[{"href":"https:\/\/www.educa.itakaescolapios.org\/ca\/wp-json\/wp\/v2\/types\/page"}],"author":[{"embeddable":true,"href":"https:\/\/www.educa.itakaescolapios.org\/ca\/wp-json\/wp\/v2\/users\/11"}],"replies":[{"embeddable":true,"href":"https:\/\/www.educa.itakaescolapios.org\/ca\/wp-json\/wp\/v2\/comments?post=9134"}],"version-history":[{"count":11,"href":"https:\/\/www.educa.itakaescolapios.org\/ca\/wp-json\/wp\/v2\/pages\/9134\/revisions"}],"predecessor-version":[{"id":9495,"href":"https:\/\/www.educa.itakaescolapios.org\/ca\/wp-json\/wp\/v2\/pages\/9134\/revisions\/9495"}],"up":[{"embeddable":true,"href":"https:\/\/www.educa.itakaescolapios.org\/ca\/wp-json\/wp\/v2\/pages\/9088"}],"wp:attachment":[{"href":"https:\/\/www.educa.itakaescolapios.org\/ca\/wp-json\/wp\/v2\/media?parent=9134"}],"curies":[{"name":"wp","href":"https:\/\/api.w.org\/{rel}","templated":true}]}}