{"id":1517,"date":"2018-12-12T11:30:12","date_gmt":"2018-12-12T10:30:12","guid":{"rendered":"http:\/\/www.educa.itakaescolapios.org\/?page_id=1517"},"modified":"2018-12-12T15:55:11","modified_gmt":"2018-12-12T14:55:11","slug":"la-paz-os-dejo-mi-paz-os-doy","status":"publish","type":"page","link":"https:\/\/www.educa.itakaescolapios.org\/en\/semanas-de-la-paz\/2012-2013-semana-de-la-paz\/la-paz-os-dejo-mi-paz-os-doy","title":{"rendered":"\u201cLA PAZ OS DEJO MI PAZ OS DOY\u201d"},"content":{"rendered":"<p class=\"qtranxs-available-languages-message qtranxs-available-languages-message-en\">Sorry, this entry is only available in <a href=\"https:\/\/www.educa.itakaescolapios.org\/es\/wp-json\/wp\/v2\/pages\/1517\" class=\"qtranxs-available-language-link qtranxs-available-language-link-es\" title=\"Espa\u00f1ol\">European Spanish<\/a> and <a href=\"https:\/\/www.educa.itakaescolapios.org\/eu\/wp-json\/wp\/v2\/pages\/1517\" class=\"qtranxs-available-language-link qtranxs-available-language-link-eu\" title=\"Euskera\">Basque<\/a>.<\/p><p><\/p>\n<p><img decoding=\"async\" loading=\"lazy\" class=\"size-medium wp-image-1518 aligncenter\" src=\"http:\/\/www.educa.itakaescolapios.org\/wp-content\/uploads\/2018\/12\/fano-300x178-300x178.jpg\" alt=\"\" width=\"300\" height=\"178\" srcset=\"https:\/\/www.educa.itakaescolapios.org\/wp-content\/uploads\/2018\/12\/fano-300x178.jpg 300w, https:\/\/www.educa.itakaescolapios.org\/wp-content\/uploads\/2018\/12\/fano-300x178-250x148.jpg 250w\" sizes=\"(max-width: 300px) 100vw, 300px\" \/><\/p>\n<p>Nuestro concepto de paz e inspiraci\u00f3n para trabajar por ella surge de la experiencia de fe en el Dios de Jes\u00fas de Nazaret. El Evangelio desde su inicio a fin proclama transversalmente la apuesta por la Paz y la Justicia, apuesta por la construcci\u00f3n de un mundo \u201ccomo Dios manda\u201d.<\/p>\n<p>El evangelio comienza con el mensaje de la Navidad <a href=\"http:\/\/www.bibliacatolica.com.br\/03\/49\/2.php\">\u201cGloria a Dios en el cielo y Paz a los hombres que tanto ama el Se\u00f1or\u201d Lc 2, 14<\/a>.<\/p>\n<p>Contin\u00faa mostr\u00e1ndonos c\u00f3mo construir una Paz basada en la no-violencia, perd\u00f3n, reconciliaci\u00f3n o la justicia entre otros valores.<\/p>\n<p>Nos ofrece un modo de vida basado en las Bienaventuranzas <a href=\"http:\/\/www.bibliacatolica.com.br\/03\/47\/5.php\">\u201cBienaventurados los que trabajan por la paz, porque ellos ser\u00e1n llamados hijos de Dios\u201d Mt 5,9<\/a>.<\/p>\n<p>Nos di\u00f3 un mandamiento <a href=\"http:\/\/www.bibliacatolica.com.br\/03\/50\/13.php\">\u201cAmaos los unos a los otros\u201d Jn 13, 34.<\/a><\/p>\n<p>Y conntin\u00faa con nosotros y nosotras deseando que<a href=\"http:\/\/www.bibliacatolica.com.br\/03\/49\/24.php\"> \u201cLa Paz est\u00e9 con vosotros\u201d Lc 24, 36<\/a>.<\/p>\n<p>Os invitamos a entrar en cada una de las citas y a que reflexiones y or\u00e9is entorno a la paz con esos pasajes de los Evangelios.<\/p>\n<p><\/p>","protected":false},"excerpt":{"rendered":"<p>Sorry, this entry is only available in European Spanish and Basque. Nuestro concepto de paz e inspiraci\u00f3n para trabajar por ella surge de la experiencia de [&hellip;]<\/p>\n","protected":false},"author":1,"featured_media":0,"parent":715,"menu_order":0,"comment_status":"closed","ping_status":"closed","template":"","meta":[],"acf":[],"_links":{"self":[{"href":"https:\/\/www.educa.itakaescolapios.org\/en\/wp-json\/wp\/v2\/pages\/1517"}],"collection":[{"href":"https:\/\/www.educa.itakaescolapios.org\/en\/wp-json\/wp\/v2\/pages"}],"about":[{"href":"https:\/\/www.educa.itakaescolapios.org\/en\/wp-json\/wp\/v2\/types\/page"}],"author":[{"embeddable":true,"href":"https:\/\/www.educa.itakaescolapios.org\/en\/wp-json\/wp\/v2\/users\/1"}],"replies":[{"embeddable":true,"href":"https:\/\/www.educa.itakaescolapios.org\/en\/wp-json\/wp\/v2\/comments?post=1517"}],"version-history":[{"count":2,"href":"https:\/\/www.educa.itakaescolapios.org\/en\/wp-json\/wp\/v2\/pages\/1517\/revisions"}],"predecessor-version":[{"id":1520,"href":"https:\/\/www.educa.itakaescolapios.org\/en\/wp-json\/wp\/v2\/pages\/1517\/revisions\/1520"}],"up":[{"embeddable":true,"href":"https:\/\/www.educa.itakaescolapios.org\/en\/wp-json\/wp\/v2\/pages\/715"}],"wp:attachment":[{"href":"https:\/\/www.educa.itakaescolapios.org\/en\/wp-json\/wp\/v2\/media?parent=1517"}],"curies":[{"name":"wp","href":"https:\/\/api.w.org\/{rel}","templated":true}]}}