{"id":1600,"date":"2018-12-13T10:17:07","date_gmt":"2018-12-13T09:17:07","guid":{"rendered":"http:\/\/www.educa.itakaescolapios.org\/?page_id=1600"},"modified":"2018-12-13T10:17:44","modified_gmt":"2018-12-13T09:17:44","slug":"acto-central-de-la-semana-de-la-paz","status":"publish","type":"page","link":"https:\/\/www.educa.itakaescolapios.org\/en\/semanas-de-la-paz\/2014-2015-semana-de-la-paz\/acto-central-de-la-semana-de-la-paz","title":{"rendered":"ACTO CENTRAL DE LA SEMANA DE LA PAZ"},"content":{"rendered":"<p class=\"qtranxs-available-languages-message qtranxs-available-languages-message-en\">Sorry, this entry is only available in <a href=\"https:\/\/www.educa.itakaescolapios.org\/es\/wp-json\/wp\/v2\/pages\/1600\" class=\"qtranxs-available-language-link qtranxs-available-language-link-es\" title=\"Espa\u00f1ol\">European Spanish<\/a>.<\/p><p><\/p>\n<p><img decoding=\"async\" loading=\"lazy\" class=\"alignright size-medium wp-image-1601\" src=\"http:\/\/www.educa.itakaescolapios.org\/wp-content\/uploads\/2018\/12\/15-ACTO-CENTRAL-211x300.jpg\" alt=\"\" width=\"211\" height=\"300\" srcset=\"https:\/\/www.educa.itakaescolapios.org\/wp-content\/uploads\/2018\/12\/15-ACTO-CENTRAL-211x300.jpg 211w, https:\/\/www.educa.itakaescolapios.org\/wp-content\/uploads\/2018\/12\/15-ACTO-CENTRAL-768x1090.jpg 768w, https:\/\/www.educa.itakaescolapios.org\/wp-content\/uploads\/2018\/12\/15-ACTO-CENTRAL-722x1024.jpg 722w, https:\/\/www.educa.itakaescolapios.org\/wp-content\/uploads\/2018\/12\/15-ACTO-CENTRAL-250x355.jpg 250w, https:\/\/www.educa.itakaescolapios.org\/wp-content\/uploads\/2018\/12\/15-ACTO-CENTRAL.jpg 1748w\" sizes=\"(max-width: 211px) 100vw, 211px\" \/>Son muchos los centros educativos en los que se encuentra instaurado un acto central con el objetivo de conmemortar el d\u00eda escolar de la Noviolencia y la Paz.<\/p>\n<p>Apuntamos a continuaci\u00f3n una actividad central, para aquellos centros educativos que bien no realizan ninguna actividad o que quieran incorporar una nueva.\u00a0Se propone dedicar menos de una hora, ya sea por la tarde o al final de la ma\u00f1ana, para que todo el colegio se pueda unir en la movilizaci\u00f3n por la paz. El acto puede ser muy sencillo, posible esquema:<\/p>\n<p>\u2022 Reunirse todos los alumnos en el patio del colegio.<\/p>\n<p>\u2022 Presentaci\u00f3n de la jornada por parte del director\/a.<\/p>\n<p>\u2022 Lectura de un manifiesto por la Paz (algo sencillo elaborado por los alumnos\/as o por los docentes): Se puede utilizar el manifiesto que anexamos, pero quiz\u00e1 sea algo denso si participan del acto los ni\u00f1os peque\u00f1os. Cada curso puede escribir una frase, un slogan, que resuma lo que han trabajado en el aula, para ser le\u00eddas en este momento (de peque\u00f1os a mayores o a la inversa).<\/p>\n<p>\u2022 En un gigante mapa-mundi (la silueta de los continentes puede ser inventada (una paloma, una cruz, una cara de ni\u00f1o\u2026), ya que se trata de Perdamaian, el mundo de Paz) se van colocando los nombres de cada uno de los pa\u00edses, con una peque\u00f1a explicaci\u00f3n (por parte de los alumnos o del profesor si los ni\u00f1os son peque\u00f1os) de lo que cada uno de ellos representa.<\/p>\n<p>\u2022\u00a0 Se puede finalizar el acto con otro gesto en el que los alumnos se coloquen en el patio formando la imagen de un ojo, y al grito de \u201cVen y veras\u2026 un mundo de paz\u201d hacer una suelta de globos o palomas, levantar las manos al cielo o hacer alg\u00fan otro gesto que puede ser captado con una c\u00e1mara desde cierta altura.<\/p>\n<p>Con este gesto se pretende que todos los ni\u00f1os y ni\u00f1as comprueben que con el esfuerzo de todos, un poquito cada uno, podemos conseguir grandes cosas. Enlazando este gesto con la principal idea de la campa\u00f1a, la sencilla implicaci\u00f3n de todos puede provocar grandes cambios en aquellas situaciones que lo necesiten.<\/p>\n<p><\/p>","protected":false},"excerpt":{"rendered":"<p>Sorry, this entry is only available in European Spanish. Son muchos los centros educativos en los que se encuentra instaurado un acto central con el objetivo [&hellip;]<\/p>\n","protected":false},"author":1,"featured_media":0,"parent":727,"menu_order":0,"comment_status":"closed","ping_status":"closed","template":"","meta":[],"acf":[],"_links":{"self":[{"href":"https:\/\/www.educa.itakaescolapios.org\/en\/wp-json\/wp\/v2\/pages\/1600"}],"collection":[{"href":"https:\/\/www.educa.itakaescolapios.org\/en\/wp-json\/wp\/v2\/pages"}],"about":[{"href":"https:\/\/www.educa.itakaescolapios.org\/en\/wp-json\/wp\/v2\/types\/page"}],"author":[{"embeddable":true,"href":"https:\/\/www.educa.itakaescolapios.org\/en\/wp-json\/wp\/v2\/users\/1"}],"replies":[{"embeddable":true,"href":"https:\/\/www.educa.itakaescolapios.org\/en\/wp-json\/wp\/v2\/comments?post=1600"}],"version-history":[{"count":2,"href":"https:\/\/www.educa.itakaescolapios.org\/en\/wp-json\/wp\/v2\/pages\/1600\/revisions"}],"predecessor-version":[{"id":1603,"href":"https:\/\/www.educa.itakaescolapios.org\/en\/wp-json\/wp\/v2\/pages\/1600\/revisions\/1603"}],"up":[{"embeddable":true,"href":"https:\/\/www.educa.itakaescolapios.org\/en\/wp-json\/wp\/v2\/pages\/727"}],"wp:attachment":[{"href":"https:\/\/www.educa.itakaescolapios.org\/en\/wp-json\/wp\/v2\/media?parent=1600"}],"curies":[{"name":"wp","href":"https:\/\/api.w.org\/{rel}","templated":true}]}}