{"id":1672,"date":"2018-12-13T11:51:03","date_gmt":"2018-12-13T10:51:03","guid":{"rendered":"http:\/\/www.educa.itakaescolapios.org\/?page_id=1672"},"modified":"2018-12-13T11:51:03","modified_gmt":"2018-12-13T10:51:03","slug":"acto-central","status":"publish","type":"page","link":"https:\/\/www.educa.itakaescolapios.org\/en\/semanas-de-la-paz\/2016-2017-semana-de-la-paz\/acto-central","title":{"rendered":"ACTO CENTRAL"},"content":{"rendered":"<p class=\"qtranxs-available-languages-message qtranxs-available-languages-message-en\">Sorry, this entry is only available in <a href=\"https:\/\/www.educa.itakaescolapios.org\/es\/wp-json\/wp\/v2\/pages\/1672\" class=\"qtranxs-available-language-link qtranxs-available-language-link-es\" title=\"Espa\u00f1ol\">European Spanish<\/a>.<\/p><p><\/p>\n<p><img decoding=\"async\" loading=\"lazy\" class=\"alignright size-medium wp-image-1673\" src=\"http:\/\/www.educa.itakaescolapios.org\/wp-content\/uploads\/2018\/12\/PAZ-300x300.jpg\" alt=\"\" width=\"300\" height=\"300\" srcset=\"https:\/\/www.educa.itakaescolapios.org\/wp-content\/uploads\/2018\/12\/PAZ-300x300.jpg 300w, https:\/\/www.educa.itakaescolapios.org\/wp-content\/uploads\/2018\/12\/PAZ-150x150.jpg 150w, https:\/\/www.educa.itakaescolapios.org\/wp-content\/uploads\/2018\/12\/PAZ-768x765.jpg 768w, https:\/\/www.educa.itakaescolapios.org\/wp-content\/uploads\/2018\/12\/PAZ-1024x1020.jpg 1024w, https:\/\/www.educa.itakaescolapios.org\/wp-content\/uploads\/2018\/12\/PAZ-250x249.jpg 250w, https:\/\/www.educa.itakaescolapios.org\/wp-content\/uploads\/2018\/12\/PAZ.jpg 1297w\" sizes=\"(max-width: 300px) 100vw, 300px\" \/><\/p>\n<p>Son muchos los centros educativos en los que se encuentra instaurado un acto central con el objetivo de conmemortar el d\u00eda escolar de la Noviolencia y la Paz. Cada vez son m\u00e1s numerosas las globadas, o las concentraciones en zonas cercanas a nuestros colegios con el objetivo de que toda la ciudadan\u00eda pueda unirse a nuestra rehibindicaci\u00f3n.<\/p>\n<p>Apuntamos a continuaci\u00f3n una actividad central, para aquellos centros educativos que bien no realizan ninguna actividad o que quieran incorporar una nueva.<\/p>\n<p>\u00a0Se propone dedicar una hora aproximadamente, ya sea por la tarde o al final de la ma\u00f1ana, para que todo el colegio se pueda unir en la movilizaci\u00f3n por la paz. En el patio se cuelga un gran mural en el que est\u00e1 escrita la frase \u201cYou may say I\u2019m a dreamer, but I\u2019m not the only one\u201d de la canci\u00f3n Imagine de John Lennon (que previamente pueden haber trabajado en las clases). En el mural, la primera frase \u201cYou may say I\u2019m a dreamer\u2026\u201d estar\u00e1 escrita arriba, a la izquierda, y la segunda parte, \u201c\u2026but I\u2019m not the only one\u201d, abajo, a la derecha del mural.<\/p>\n<p>En el acto, un representante de cada clase\/curso pegar\u00e1 en la parte intermedia lo que han trabajado en sus clases sobre gestos de paz que ya existen en el mundo y su propio gesto (palomas, poes\u00eda, cuentos, informaci\u00f3n sobre los proyectos\u2026). Tambi\u00e9n se pueden fotos, frases, explicar ideales, las historias de personas que lucharon por la paz como Gandhi, Nelson Mandela, Martin Luther King, Rosa Parks, Teresa de Calcuta\u2026 De manera que entre todo el colegio se complete el gran mural con gestos de paz. Tambi\u00e9n incluimos una oraci\u00f3n ecum\u00e9nica por la Paz, con un texto del Evangelio y un fragmento de una carta de San Jos\u00e9 de Calasanz, que puede hacerse en el mismo acto, as\u00ed como una serie de oraciones para rezar por las ma\u00f1anas durante la Semana de la Paz.<\/p>\n<p>El acto puede ser muy sencillo, este es un posible esquema:<\/p>\n<p>\u00bb\u00bbReunirse todos los alumnos en el patio del colegio.<br \/>\n\u00bb\u00bbPresentaci\u00f3n de la jornada por parte del Director\/a.<br \/>\n\u00bb\u00bbLectura de un manifiesto por la Paz (algo sencillo elaborado por los alumnos\/as o por los docentes).<br \/>\n\u00bb\u00bbCada clase\/curso sale a colgar el trabajo realizado a trav\u00e9s de las actividades propuestas en clase.<br \/>\n\u00bb\u00bbPara finalizar el acto, se puede rezar la Oraci\u00f3n ecum\u00e9nica por la Paz todos juntos y realizar el gesto de la suelta de palomas, globos o cualquier otro pensado para el acto.<\/p>\n<p><\/p>","protected":false},"excerpt":{"rendered":"<p>Sorry, this entry is only available in European Spanish. Son muchos los centros educativos en los que se encuentra instaurado un acto central con el objetivo [&hellip;]<\/p>\n","protected":false},"author":1,"featured_media":0,"parent":733,"menu_order":0,"comment_status":"closed","ping_status":"closed","template":"","meta":[],"acf":[],"_links":{"self":[{"href":"https:\/\/www.educa.itakaescolapios.org\/en\/wp-json\/wp\/v2\/pages\/1672"}],"collection":[{"href":"https:\/\/www.educa.itakaescolapios.org\/en\/wp-json\/wp\/v2\/pages"}],"about":[{"href":"https:\/\/www.educa.itakaescolapios.org\/en\/wp-json\/wp\/v2\/types\/page"}],"author":[{"embeddable":true,"href":"https:\/\/www.educa.itakaescolapios.org\/en\/wp-json\/wp\/v2\/users\/1"}],"replies":[{"embeddable":true,"href":"https:\/\/www.educa.itakaescolapios.org\/en\/wp-json\/wp\/v2\/comments?post=1672"}],"version-history":[{"count":1,"href":"https:\/\/www.educa.itakaescolapios.org\/en\/wp-json\/wp\/v2\/pages\/1672\/revisions"}],"predecessor-version":[{"id":1674,"href":"https:\/\/www.educa.itakaescolapios.org\/en\/wp-json\/wp\/v2\/pages\/1672\/revisions\/1674"}],"up":[{"embeddable":true,"href":"https:\/\/www.educa.itakaescolapios.org\/en\/wp-json\/wp\/v2\/pages\/733"}],"wp:attachment":[{"href":"https:\/\/www.educa.itakaescolapios.org\/en\/wp-json\/wp\/v2\/media?parent=1672"}],"curies":[{"name":"wp","href":"https:\/\/api.w.org\/{rel}","templated":true}]}}