{"id":1835,"date":"2019-05-11T09:22:11","date_gmt":"2019-05-11T07:22:11","guid":{"rendered":"https:\/\/www.educa.itakaescolapios.org\/?page_id=1835"},"modified":"2020-11-05T12:55:19","modified_gmt":"2020-11-05T11:55:19","slug":"orando-con-calasanz","status":"publish","type":"page","link":"https:\/\/www.educa.itakaescolapios.org\/en\/orando-con-calasanz","title":{"rendered":"WE PRAY WITH CALASANZ"},"content":{"rendered":"<p><a href=\"https:\/\/www.educa.itakaescolapios.org\/wp-content\/uploads\/2019\/05\/calasanz-149x300-149x300.png\"><img decoding=\"async\" loading=\"lazy\" class=\"alignleft size-medium wp-image-1837\" src=\"https:\/\/www.educa.itakaescolapios.org\/wp-content\/uploads\/2019\/05\/calasanz-149x300-149x300.png\" alt=\"\" width=\"149\" height=\"300\" \/><\/a><\/p>\n<p>Calasanz leads the expedition with one single commitment, to spread \u201cmercy and words\u201d to every corner of the planet. He arrived in the Democratic Republic of the Congo with the goal of claiming for everyone the universal right to education.<\/p>\n<p>We are invited to pray for the Congo when we start our activity at school every morning. The proposal is to alternate between five prayers throughout the duration of the campaign, ending the prayer with the Lord\u2019s prayer or \u201cAve Maria\u201d in the language of any of the countries where the solidarity campaign takes place.<\/p>\n<p><strong><span style=\"color: #808000;\"><a href=\"http:\/\/www.itakaescolapios.org\/wp-content\/uploads\/2018\/10\/PADRE-NUESTRO2.pdf\" target=\"_blank\" rel=\"noopener noreferrer\"><span style=\"color: #808000;\">PADRE NUESTRO &#8211; NOTRE P\u00c8RE &#8211; OUR FATHER &#8211; PAI NOSSO &#8211; TAT\u00c1 WA BIS\u00d3 &#8211; GURE AITA<\/span><\/a><\/span><\/strong><\/p>\n<p><a href=\"http:\/\/www.itakaescolapios.org\/wp-content\/uploads\/2018\/10\/AVE-MARIA.pdf\" target=\"_blank\" rel=\"noopener noreferrer\"><strong><span style=\"color: #808000;\">AVE MAR\u00cdA &#8211; JE VOUS SALUE, MARIE &#8211; HAIL MARY &#8211; AV\u00c9 MARIA &#8211; LOSAKO MARIA &#8211; AGUR MARI<\/span><span style=\"color: #808000;\">A<\/span><\/strong><\/a><\/p>\n<table width=\"476\" border=\"0\" cellspacing=\"0\" cellpadding=\"0\">\n<tbody>\n<tr>\n<td style=\"text-align: center;\" width=\"80\" height=\"88\"><strong>ORAMOS CON CALASANZ<\/strong><\/td>\n<td style=\"text-align: center;\" width=\"94\"><strong>WE PRAY WITH CALASANZ<\/strong><\/td>\n<td style=\"text-align: center;\" width=\"80\"><strong>NOUS PRIONS AVEC CALASANZ<\/strong><\/td>\n<td style=\"text-align: center;\" width=\"111\"><strong>ORAMOS COM CALASANZ<\/strong><\/td>\n<td style=\"text-align: center;\" width=\"111\"><strong>CALASANZEKIN OTOITZ EGITEN DUGU<\/strong><\/td>\n<\/tr>\n<tr>\n<td width=\"80\" height=\"22\"><strong><span style=\"color: #993300;\"><a href=\"http:\/\/www.itakaescolapios.org\/wp-content\/uploads\/2018\/10\/ORACION-c1819-lunes.pdf\" target=\"_blank\" rel=\"noopener noreferrer\"><span style=\"color: #993300;\">LUNES<\/span><\/a><\/span><\/strong><\/td>\n<td width=\"94\"><strong><span style=\"color: #000080;\"><a href=\"http:\/\/www.itakaescolapios.org\/wp-content\/uploads\/2018\/11\/PRAY-MONDAY-c1819.pdf\" target=\"_blank\" rel=\"noopener noreferrer\"><span style=\"color: #000080;\">MONDAY<\/span><\/a><\/span><\/strong><\/td>\n<td width=\"80\"><strong><span style=\"color: #008000;\"><a href=\"http:\/\/www.itakaescolapios.org\/wp-content\/uploads\/2018\/11\/PRIERE-LUNDI.pdf\" target=\"_blank\" rel=\"noopener noreferrer\"><span style=\"color: #008000;\">LUNDI<\/span><\/a><\/span><\/strong><\/td>\n<td width=\"111\"><strong><span style=\"color: #ff6600;\"><a href=\"http:\/\/www.itakaescolapios.org\/wp-content\/uploads\/2018\/11\/ORACAO-SEGUNDAF.pdf\" target=\"_blank\" rel=\"noopener noreferrer\"><span style=\"color: #ff6600;\">SEGUNDA-FEIRA<\/span><\/a><\/span><\/strong><\/td>\n<td width=\"111\"><strong><span style=\"color: #99cc00;\"><a href=\"http:\/\/www.itakaescolapios.org\/wp-content\/uploads\/2018\/10\/ORACION-c1819-Astelehena.pdf\"><span style=\"color: #99cc00;\">ASTELEHENA<\/span><\/a><\/span><\/strong><\/td>\n<\/tr>\n<tr>\n<td width=\"80\" height=\"22\"><strong><span style=\"color: #993300;\"><a href=\"http:\/\/www.itakaescolapios.org\/wp-content\/uploads\/2018\/10\/ORACION-c1819-martes.pdf\" target=\"_blank\" rel=\"noopener noreferrer\"><span style=\"color: #993300;\">MARTES<\/span><\/a><\/span><\/strong><\/td>\n<td width=\"94\"><strong><span style=\"color: #000080;\"><a href=\"http:\/\/www.itakaescolapios.org\/wp-content\/uploads\/2018\/11\/PRAY-TUESDAY-c1819.pdf\" target=\"_blank\" rel=\"noopener noreferrer\"><span style=\"color: #000080;\">TUESDAY<\/span><\/a><\/span><\/strong><\/td>\n<td width=\"80\"><strong><span style=\"color: #008000;\"><a href=\"http:\/\/www.itakaescolapios.org\/wp-content\/uploads\/2018\/11\/PRIERE-MARTI.pdf\" target=\"_blank\" rel=\"noopener noreferrer\"><span style=\"color: #008000;\">MARTI<\/span><\/a><\/span><\/strong><\/td>\n<td width=\"111\"><strong><span style=\"color: #ff6600;\"><a href=\"http:\/\/www.itakaescolapios.org\/wp-content\/uploads\/2018\/11\/ORACAO-TERCAF.pdf\" target=\"_blank\" rel=\"noopener noreferrer\"><span style=\"color: #ff6600;\">TER\u00e7A-FEIRA<\/span><\/a><\/span><\/strong><\/td>\n<td width=\"111\"><strong><span style=\"color: #99cc00;\"><a href=\"http:\/\/www.itakaescolapios.org\/wp-content\/uploads\/2018\/10\/ORACION-c1819-Asteartea.pdf\"><span style=\"color: #99cc00;\">ASTEARTEA<\/span><\/a><\/span><\/strong><\/td>\n<\/tr>\n<tr>\n<td width=\"80\" height=\"22\"><span style=\"color: #993300;\"><strong><a href=\"http:\/\/www.itakaescolapios.org\/wp-content\/uploads\/2018\/10\/ORACION-c1819-miercoles.pdf\" target=\"_blank\" rel=\"noopener noreferrer\"><span style=\"color: #993300;\">MI\u00c9RCOLES<\/span><\/a><\/strong><\/span><\/td>\n<td width=\"94\"><span style=\"color: #000080;\"><strong><a href=\"http:\/\/www.itakaescolapios.org\/wp-content\/uploads\/2018\/11\/PRAY-WEDNESDAY-c1819.pdf\" target=\"_blank\" rel=\"noopener noreferrer\"><span style=\"color: #000080;\">WEDNESDAY<\/span><\/a><\/strong><\/span><\/td>\n<td width=\"80\"><strong><span style=\"color: #008000;\"><a href=\"http:\/\/www.itakaescolapios.org\/wp-content\/uploads\/2018\/11\/PRIERE-MERCREDI.pdf\" target=\"_blank\" rel=\"noopener noreferrer\"><span style=\"color: #008000;\">MERCREDI<\/span><\/a><\/span><\/strong><\/td>\n<td width=\"111\"><strong><span style=\"color: #ff6600;\"><a href=\"http:\/\/www.itakaescolapios.org\/wp-content\/uploads\/2018\/11\/ORACAO-QUARTAF.pdf\" target=\"_blank\" rel=\"noopener noreferrer\"><span style=\"color: #ff6600;\">QUARTA-FEIRA<\/span><\/a><\/span><\/strong><\/td>\n<td width=\"111\"><strong><span style=\"color: #99cc00;\"><a href=\"http:\/\/www.itakaescolapios.org\/wp-content\/uploads\/2018\/10\/ORACION-c1819-Asteazkena.pdf\"><span style=\"color: #99cc00;\">ASTEAZKENA<\/span><\/a><\/span><\/strong><\/td>\n<\/tr>\n<tr>\n<td width=\"80\" height=\"22\"><strong><span style=\"color: #993300;\"><a href=\"http:\/\/www.itakaescolapios.org\/wp-content\/uploads\/2018\/10\/ORACION-c1819-jueves.pdf\" target=\"_blank\" rel=\"noopener noreferrer\"><span style=\"color: #993300;\">JUEVES<\/span><\/a><\/span><\/strong><\/td>\n<td width=\"94\"><strong><span style=\"color: #000080;\"><a href=\"http:\/\/www.itakaescolapios.org\/wp-content\/uploads\/2018\/11\/PRAY-THURSDAY-c1819.pdf\" target=\"_blank\" rel=\"noopener noreferrer\"><span style=\"color: #000080;\">THURSDAY<\/span><\/a><\/span><\/strong><\/td>\n<td width=\"80\"><strong><span style=\"color: #008000;\"><a href=\"http:\/\/www.itakaescolapios.org\/wp-content\/uploads\/2018\/11\/PRIERE-JEUDI.pdf\" target=\"_blank\" rel=\"noopener noreferrer\"><span style=\"color: #008000;\"> JEUDI<\/span><\/a><\/span><\/strong><\/td>\n<td width=\"111\"><strong><a href=\"http:\/\/www.itakaescolapios.org\/wp-content\/uploads\/2018\/11\/ORACAO-QUINTAF.pdf\"><span style=\"color: #ff6600;\">QUINTA-FEIRA<\/span> <\/a><\/strong><\/td>\n<td width=\"111\"><strong><span style=\"color: #99cc00;\"><a href=\"http:\/\/www.itakaescolapios.org\/wp-content\/uploads\/2018\/10\/ORACION-c1819-Osteguna.pdf\"><span style=\"color: #99cc00;\">OSTEGUNA<\/span><\/a><\/span><\/strong><\/td>\n<\/tr>\n<tr>\n<td width=\"80\" height=\"22\"><strong><span style=\"color: #993300;\"><a href=\"http:\/\/www.itakaescolapios.org\/wp-content\/uploads\/2018\/10\/ORACION-c1819-viernes.pdf\" target=\"_blank\" rel=\"noopener noreferrer\"><span style=\"color: #993300;\">VIERNES<\/span><\/a><\/span><\/strong><\/td>\n<td width=\"94\"><strong><span style=\"color: #000080;\"><a href=\"http:\/\/www.itakaescolapios.org\/wp-content\/uploads\/2018\/11\/PRAY-FRIDAY-c1819.pdf\" target=\"_blank\" rel=\"noopener noreferrer\"><span style=\"color: #000080;\">FRIDAY<\/span><\/a><\/span><\/strong><\/td>\n<td width=\"80\"><strong><span style=\"color: #008000;\"><a href=\"http:\/\/www.itakaescolapios.org\/wp-content\/uploads\/2018\/11\/PRIERE-VENDREDI.pdf\" target=\"_blank\" rel=\"noopener noreferrer\"><span style=\"color: #008000;\">VENDREDI<\/span><\/a><\/span><\/strong><\/td>\n<td width=\"111\"><strong><a href=\"http:\/\/www.itakaescolapios.org\/wp-content\/uploads\/2018\/11\/ORACAO-SEXTAF.pdf\" target=\"_blank\" rel=\"noopener noreferrer\"><span style=\"color: #ff6600;\">SEXTA-FEIRA<\/span> <\/a><\/strong><\/td>\n<td width=\"111\"><strong><span style=\"color: #99cc00;\"><a href=\"http:\/\/www.itakaescolapios.org\/wp-content\/uploads\/2018\/10\/ORACION-c1819-Ostirala.pdf\"><span style=\"color: #99cc00;\">OSTIRALA<\/span><\/a><\/span><\/strong><\/td>\n<\/tr>\n<\/tbody>\n<\/table>\n<p><\/p>","protected":false},"excerpt":{"rendered":"<p>Calasanz leads the expedition with one single commitment, to spread \u201cmercy and words\u201d to every corner of the planet. He arrived in the Democratic Republic of [&hellip;]<\/p>\n","protected":false},"author":1,"featured_media":0,"parent":0,"menu_order":15,"comment_status":"closed","ping_status":"closed","template":"","meta":[],"acf":[],"_links":{"self":[{"href":"https:\/\/www.educa.itakaescolapios.org\/en\/wp-json\/wp\/v2\/pages\/1835"}],"collection":[{"href":"https:\/\/www.educa.itakaescolapios.org\/en\/wp-json\/wp\/v2\/pages"}],"about":[{"href":"https:\/\/www.educa.itakaescolapios.org\/en\/wp-json\/wp\/v2\/types\/page"}],"author":[{"embeddable":true,"href":"https:\/\/www.educa.itakaescolapios.org\/en\/wp-json\/wp\/v2\/users\/1"}],"replies":[{"embeddable":true,"href":"https:\/\/www.educa.itakaescolapios.org\/en\/wp-json\/wp\/v2\/comments?post=1835"}],"version-history":[{"count":20,"href":"https:\/\/www.educa.itakaescolapios.org\/en\/wp-json\/wp\/v2\/pages\/1835\/revisions"}],"predecessor-version":[{"id":1883,"href":"https:\/\/www.educa.itakaescolapios.org\/en\/wp-json\/wp\/v2\/pages\/1835\/revisions\/1883"}],"wp:attachment":[{"href":"https:\/\/www.educa.itakaescolapios.org\/en\/wp-json\/wp\/v2\/media?parent=1835"}],"curies":[{"name":"wp","href":"https:\/\/api.w.org\/{rel}","templated":true}]}}