{"id":2085,"date":"2019-05-12T09:49:19","date_gmt":"2019-05-12T07:49:19","guid":{"rendered":"https:\/\/www.educa.itakaescolapios.org\/?page_id=2085"},"modified":"2019-05-12T09:49:19","modified_gmt":"2019-05-12T07:49:19","slug":"campana-la-paz-esta-en-tus-manos","status":"publish","type":"page","link":"https:\/\/www.educa.itakaescolapios.org\/en\/semanas-de-la-paz\/2018-2019-la-paz-esta-en-tus-manos\/campana-la-paz-esta-en-tus-manos","title":{"rendered":"CAMPA\u00d1A \u201cLA PAZ EST\u00c1 EN TUS MANOS\u201d"},"content":{"rendered":"<p class=\"qtranxs-available-languages-message qtranxs-available-languages-message-en\">Sorry, this entry is only available in <a href=\"https:\/\/www.educa.itakaescolapios.org\/es\/wp-json\/wp\/v2\/pages\/2085\" class=\"qtranxs-available-language-link qtranxs-available-language-link-es\" title=\"Espa\u00f1ol\">European Spanish<\/a>.<\/p><p><img decoding=\"async\" loading=\"lazy\" src=\"https:\/\/www.educa.itakaescolapios.org\/wp-content\/uploads\/2019\/05\/La-paz-est\u00e1-en-tus-manos-300x225.jpg\" alt=\"\" width=\"300\" height=\"225\" class=\"alignleft size-medium wp-image-2086\" srcset=\"https:\/\/www.educa.itakaescolapios.org\/wp-content\/uploads\/2019\/05\/La-paz-est\u00e1-en-tus-manos-300x225.jpg 300w, https:\/\/www.educa.itakaescolapios.org\/wp-content\/uploads\/2019\/05\/La-paz-est\u00e1-en-tus-manos-768x576.jpg 768w, https:\/\/www.educa.itakaescolapios.org\/wp-content\/uploads\/2019\/05\/La-paz-est\u00e1-en-tus-manos.jpg 1024w, https:\/\/www.educa.itakaescolapios.org\/wp-content\/uploads\/2019\/05\/La-paz-est\u00e1-en-tus-manos-250x188.jpg 250w\" sizes=\"(max-width: 300px) 100vw, 300px\" \/><\/p>\n<p>Desde Itaka- Escolapios proponemos una campa\u00f1a para celebrar el D\u00eda Escolar de la Noviolencia y la Paz, este a\u00f1o centr\u00e1ndonos en el valor de la coeducaci\u00f3n y en la riqueza de las sociedades y pueblos que sufren mayor opresi\u00f3n por la violencia, rescatando su historia y su cultura, especialmente el valor de la m\u00fasica para la superaci\u00f3n de las adversidades y el trabajo fundamental y constante de las mujeres en las comunidades.<\/p>\n<p><strong>M\u00daSICA Y NOVIOLENCIA<\/strong><\/p>\n<p>La m\u00fasica se configura tambi\u00e9n como un instrumento de acci\u00f3n noviolenta. Noviolencia es un intento de traducci\u00f3n del t\u00e9rmino gandhiano \u2018ahimsa\u2019 que rechaza la violencia y la pasividad y pone el \u00e9nfasis en la acci\u00f3n transformadora decidida, pero desde el respeto a todas las personas. La m\u00fasica puede ser un instrumento poderoso por promover acciones noviolentas a favor de la paz y del cambio de situaciones injustas y de sufrimiento.<br \/>\nEl objetivo principal de esta campa\u00f1a es acercar al alumnado, comunidad educativa y familias a experiencias reales de personas que a trav\u00e9s de su trabajo no violento o de la m\u00fasica han conseguida transformar situaciones injustas y obrado grandes cambios sociales desde este paradigma.<\/p>\n<p>Este a\u00f1o nuestra expedici\u00f3n viajar\u00e1 rumbo al Congo, y queremos aprovechar la campa\u00f1a de la paz para presentaros a Elikia y a Esengo, que nos acompa\u00f1ar\u00e1n durante el curso, poniendo de relieve el trabajo de las mujeres en contextos de violencia y la importancia de generar espacios de cuidados y buen trato en nuestros centros educativos desde una mirada coeducativa.<\/p>\n<p>Para el trabajo con los alumnos y alumnas, ofrecemos una serie de din\u00e1micas y propuestas educativas, para la sensibilizaci\u00f3n en el aula, desde 1\u00ba de Infantil hasta 2\u00ba de Bachiller, centradas en diferentes experiencias y realidades.<\/p>\n<p>Os animamos especialmente a presentar los personajes que ver\u00e1n en la campa\u00f1a solidaria a fin de que sea un hilo conductor a lo largo del curso.<\/p>\n<p>Como otros a\u00f1os os proponemos un acto central en el que contemos lo que hemos trabajado y nos encontremos toda la comunidad educativa y alumnado para construir y pedir un mundo de paz y acogida.<\/p>","protected":false},"excerpt":{"rendered":"<p>Sorry, this entry is only available in European Spanish. Desde Itaka- Escolapios proponemos una campa\u00f1a para celebrar el D\u00eda Escolar de la Noviolencia y la Paz, [&hellip;]<\/p>\n","protected":false},"author":1,"featured_media":0,"parent":2075,"menu_order":0,"comment_status":"closed","ping_status":"closed","template":"","meta":[],"acf":[],"_links":{"self":[{"href":"https:\/\/www.educa.itakaescolapios.org\/en\/wp-json\/wp\/v2\/pages\/2085"}],"collection":[{"href":"https:\/\/www.educa.itakaescolapios.org\/en\/wp-json\/wp\/v2\/pages"}],"about":[{"href":"https:\/\/www.educa.itakaescolapios.org\/en\/wp-json\/wp\/v2\/types\/page"}],"author":[{"embeddable":true,"href":"https:\/\/www.educa.itakaescolapios.org\/en\/wp-json\/wp\/v2\/users\/1"}],"replies":[{"embeddable":true,"href":"https:\/\/www.educa.itakaescolapios.org\/en\/wp-json\/wp\/v2\/comments?post=2085"}],"version-history":[{"count":1,"href":"https:\/\/www.educa.itakaescolapios.org\/en\/wp-json\/wp\/v2\/pages\/2085\/revisions"}],"predecessor-version":[{"id":2087,"href":"https:\/\/www.educa.itakaescolapios.org\/en\/wp-json\/wp\/v2\/pages\/2085\/revisions\/2087"}],"up":[{"embeddable":true,"href":"https:\/\/www.educa.itakaescolapios.org\/en\/wp-json\/wp\/v2\/pages\/2075"}],"wp:attachment":[{"href":"https:\/\/www.educa.itakaescolapios.org\/en\/wp-json\/wp\/v2\/media?parent=2085"}],"curies":[{"name":"wp","href":"https:\/\/api.w.org\/{rel}","templated":true}]}}