{"id":2088,"date":"2019-05-12T09:52:24","date_gmt":"2019-05-12T07:52:24","guid":{"rendered":"https:\/\/www.educa.itakaescolapios.org\/?page_id=2088"},"modified":"2020-07-02T22:05:19","modified_gmt":"2020-07-02T20:05:19","slug":"oramos-por-la-paz","status":"publish","type":"page","link":"https:\/\/www.educa.itakaescolapios.org\/en\/semanas-de-la-paz\/2018-2019-la-paz-esta-en-tus-manos\/oramos-por-la-paz","title":{"rendered":"ORAMOS POR LA PAZ"},"content":{"rendered":"<p class=\"qtranxs-available-languages-message qtranxs-available-languages-message-en\">Sorry, this entry is only available in <a href=\"https:\/\/www.educa.itakaescolapios.org\/es\/wp-json\/wp\/v2\/pages\/2088\" class=\"qtranxs-available-language-link qtranxs-available-language-link-es\" title=\"Espa\u00f1ol\">European Spanish<\/a>.<\/p><p><img decoding=\"async\" loading=\"lazy\" src=\"https:\/\/www.educa.itakaescolapios.org\/wp-content\/uploads\/2019\/05\/Oraci\u00f3n-212x300.png\" alt=\"\" width=\"212\" height=\"300\" class=\"alignleft size-medium wp-image-2089\" srcset=\"https:\/\/www.educa.itakaescolapios.org\/wp-content\/uploads\/2019\/05\/Oraci\u00f3n-212x300.png 212w, https:\/\/www.educa.itakaescolapios.org\/wp-content\/uploads\/2019\/05\/Oraci\u00f3n-250x353.png 250w, https:\/\/www.educa.itakaescolapios.org\/wp-content\/uploads\/2019\/05\/Oraci\u00f3n.png 522w\" sizes=\"(max-width: 212px) 100vw, 212px\" \/><\/p>\n<p>Os proponemos destinar un momento del d\u00eda a orar por la paz en el mundo. <\/p>\n<p>Os facilitamos para ello un matierial que puedes descarg\u00e1rte a continuaci\u00f3n:\n<\/p>\n<p><\/p>\n<ul>\n<li><a href=\"https:\/\/www.educa.itakaescolapios.org\/wp-content\/uploads\/2019\/05\/ORACIONES-PAZ-PEQUES.pdf\">Para los m\u00e1s peque\u00f1os y peque\u00f1as<\/a><\/li>\n<li><a href=\"https:\/\/www.educa.itakaescolapios.org\/wp-content\/uploads\/2019\/05\/oraciones-paz-mayores.pdf\">Para los y las m\u00e1s mayores<\/a><\/li>\n<\/ul>\n<p><\/p>","protected":false},"excerpt":{"rendered":"<p>Sorry, this entry is only available in European Spanish. Os proponemos destinar un momento del d\u00eda a orar por la paz en el mundo. Os facilitamos [&hellip;]<\/p>\n","protected":false},"author":1,"featured_media":0,"parent":2075,"menu_order":4,"comment_status":"closed","ping_status":"closed","template":"","meta":[],"acf":[],"_links":{"self":[{"href":"https:\/\/www.educa.itakaescolapios.org\/en\/wp-json\/wp\/v2\/pages\/2088"}],"collection":[{"href":"https:\/\/www.educa.itakaescolapios.org\/en\/wp-json\/wp\/v2\/pages"}],"about":[{"href":"https:\/\/www.educa.itakaescolapios.org\/en\/wp-json\/wp\/v2\/types\/page"}],"author":[{"embeddable":true,"href":"https:\/\/www.educa.itakaescolapios.org\/en\/wp-json\/wp\/v2\/users\/1"}],"replies":[{"embeddable":true,"href":"https:\/\/www.educa.itakaescolapios.org\/en\/wp-json\/wp\/v2\/comments?post=2088"}],"version-history":[{"count":4,"href":"https:\/\/www.educa.itakaescolapios.org\/en\/wp-json\/wp\/v2\/pages\/2088\/revisions"}],"predecessor-version":[{"id":2095,"href":"https:\/\/www.educa.itakaescolapios.org\/en\/wp-json\/wp\/v2\/pages\/2088\/revisions\/2095"}],"up":[{"embeddable":true,"href":"https:\/\/www.educa.itakaescolapios.org\/en\/wp-json\/wp\/v2\/pages\/2075"}],"wp:attachment":[{"href":"https:\/\/www.educa.itakaescolapios.org\/en\/wp-json\/wp\/v2\/media?parent=2088"}],"curies":[{"name":"wp","href":"https:\/\/api.w.org\/{rel}","templated":true}]}}