{"id":2342,"date":"2020-07-02T21:32:42","date_gmt":"2020-07-02T19:32:42","guid":{"rendered":"https:\/\/www.educa.itakaescolapios.org\/?page_id=2342"},"modified":"2020-07-02T22:11:35","modified_gmt":"2020-07-02T20:11:35","slug":"la-noviolencia-y-el-dia-escolar-de-la-paz","status":"publish","type":"page","link":"https:\/\/www.educa.itakaescolapios.org\/en\/semanas-de-la-paz\/2019-2020-viviendo-la-paz\/la-noviolencia-y-el-dia-escolar-de-la-paz","title":{"rendered":"LA NOVIOLENCIA Y EL D\u00cdA ESCOLAR DE LA PAZ"},"content":{"rendered":"<p class=\"qtranxs-available-languages-message qtranxs-available-languages-message-en\">Sorry, this entry is only available in <a href=\"https:\/\/www.educa.itakaescolapios.org\/es\/wp-json\/wp\/v2\/pages\/2342\" class=\"qtranxs-available-language-link qtranxs-available-language-link-es\" title=\"Espa\u00f1ol\">European Spanish<\/a>.<\/p><p><img decoding=\"async\" loading=\"lazy\" class=\"alignleft size-medium wp-image-2343\" src=\"https:\/\/www.educa.itakaescolapios.org\/wp-content\/uploads\/2020\/07\/gandhi-226x300.png\" alt=\"\" width=\"226\" height=\"300\" srcset=\"https:\/\/www.educa.itakaescolapios.org\/wp-content\/uploads\/2020\/07\/gandhi-226x300.png 226w, https:\/\/www.educa.itakaescolapios.org\/wp-content\/uploads\/2020\/07\/gandhi-250x332.png 250w, https:\/\/www.educa.itakaescolapios.org\/wp-content\/uploads\/2020\/07\/gandhi.png 422w\" sizes=\"(max-width: 226px) 100vw, 226px\" \/>El D\u00eda Escolar de la Noviolencia y la Paz, se celebra el 30 de enero de cada a\u00f1o conmemorando la muerte del l\u00edder nacional y espiritual de la India, el Mahatma Gandhi, el 30 de Enero de 1948. Natural de la India, Gandhi dedic\u00f3 gran parte de su vida a la lucha a favor de los derechos de las personas y los pueblos, siempre a trav\u00e9s de acciones pac\u00edficas, basadas en la no violencia.<\/p>\n<p>En 1948 Gandhi mor\u00eda asesinado, v\u00edctima del enfrentamiento entre musulmanes e hind\u00faes que viv\u00eda su pa\u00eds. Su figura, seguida por millones de personas, ha continuado creciendo hasta llegar hasta nuestros d\u00edas como el m\u00e1ximo exponente del pacifismo mundial. Desde 1964, gracias al inspector de ense\u00f1anza andaluz Lorenzo<br \/>\nVidal, se celebra en Espa\u00f1a el D\u00eda Escolar de la No Violencia y la Paz (DENIP, reconocido por la Unesco en 1993).<\/p>\n<p>Se trata de una jornada educativa, en la que se recuerda la necesidad de la educaci\u00f3n para la tolerancia, la solidaridad, el respeto a los Derechos Humanos, la no violencia y la paz. El lema de este d\u00eda es: \u2018amor universal, no-violencia y paz. El amor universal es mejor que el ego\u00edsmo, la no- violencia es mejor que la violencia y la paz es mejor que la guerra.<\/p>","protected":false},"excerpt":{"rendered":"<p>Sorry, this entry is only available in European Spanish.El D\u00eda Escolar de la Noviolencia y la Paz, se celebra el 30 de enero de cada a\u00f1o [&hellip;]<\/p>\n","protected":false},"author":1,"featured_media":0,"parent":2339,"menu_order":0,"comment_status":"closed","ping_status":"closed","template":"","meta":[],"acf":[],"_links":{"self":[{"href":"https:\/\/www.educa.itakaescolapios.org\/en\/wp-json\/wp\/v2\/pages\/2342"}],"collection":[{"href":"https:\/\/www.educa.itakaescolapios.org\/en\/wp-json\/wp\/v2\/pages"}],"about":[{"href":"https:\/\/www.educa.itakaescolapios.org\/en\/wp-json\/wp\/v2\/types\/page"}],"author":[{"embeddable":true,"href":"https:\/\/www.educa.itakaescolapios.org\/en\/wp-json\/wp\/v2\/users\/1"}],"replies":[{"embeddable":true,"href":"https:\/\/www.educa.itakaescolapios.org\/en\/wp-json\/wp\/v2\/comments?post=2342"}],"version-history":[{"count":1,"href":"https:\/\/www.educa.itakaescolapios.org\/en\/wp-json\/wp\/v2\/pages\/2342\/revisions"}],"predecessor-version":[{"id":2344,"href":"https:\/\/www.educa.itakaescolapios.org\/en\/wp-json\/wp\/v2\/pages\/2342\/revisions\/2344"}],"up":[{"embeddable":true,"href":"https:\/\/www.educa.itakaescolapios.org\/en\/wp-json\/wp\/v2\/pages\/2339"}],"wp:attachment":[{"href":"https:\/\/www.educa.itakaescolapios.org\/en\/wp-json\/wp\/v2\/media?parent=2342"}],"curies":[{"name":"wp","href":"https:\/\/api.w.org\/{rel}","templated":true}]}}