{"id":2448,"date":"2020-07-04T14:45:04","date_gmt":"2020-07-04T12:45:04","guid":{"rendered":"https:\/\/www.educa.itakaescolapios.org\/?page_id=2448"},"modified":"2020-11-05T12:55:19","modified_gmt":"2020-11-05T11:55:19","slug":"compartiendo-mucha-vida","status":"publish","type":"page","link":"https:\/\/www.educa.itakaescolapios.org\/en\/compartiendo-mucha-vida","title":{"rendered":"COMPARTIENDO MUCHA VIDA"},"content":{"rendered":"<p class=\"qtranxs-available-languages-message qtranxs-available-languages-message-en\">Sorry, this entry is only available in <a href=\"https:\/\/www.educa.itakaescolapios.org\/es\/wp-json\/wp\/v2\/pages\/2448\" class=\"qtranxs-available-language-link qtranxs-available-language-link-es\" title=\"Espa\u00f1ol\">European Spanish<\/a> and <a href=\"https:\/\/www.educa.itakaescolapios.org\/pt\/wp-json\/wp\/v2\/pages\/2448\" class=\"qtranxs-available-language-link qtranxs-available-language-link-pt\" title=\"Portugu\u00eas\">European Portuguese<\/a>.<\/p><p><img decoding=\"async\" loading=\"lazy\" class=\"alignleft size-medium wp-image-2449\" src=\"https:\/\/www.educa.itakaescolapios.org\/wp-content\/uploads\/2020\/07\/BLA_color-731x1024-1-214x300.jpg\" alt=\"\" width=\"214\" height=\"300\" srcset=\"https:\/\/www.educa.itakaescolapios.org\/wp-content\/uploads\/2020\/07\/BLA_color-731x1024-1-214x300.jpg 214w, https:\/\/www.educa.itakaescolapios.org\/wp-content\/uploads\/2020\/07\/BLA_color-731x1024-1-250x350.jpg 250w, https:\/\/www.educa.itakaescolapios.org\/wp-content\/uploads\/2020\/07\/BLA_color-731x1024-1.jpg 731w\" sizes=\"(max-width: 214px) 100vw, 214px\" \/><\/p>\n<p>Bla, nuestra joven centroamericana, nos presenta una actividad basada en las redes sociales que pretende conectar por medio de estas, y de dos hashtags, a ni\u00f1os, ni\u00f1as y j\u00f3venes de todas las presencias escolapias que participan en la campa\u00f1a.<\/p>\n<p>Los m\u00e1s peque\u00f1os y peque\u00f1as trabajar\u00e1n en el aula la realidad de los centros culturales de Itaka-Escolapios en Am\u00e9rica Latina y compartir\u00e1n sus trabajos en las redes sociales con el hashtag #CompartiendoMuchaVida.<\/p>\n<p>Con los y las m\u00e1s j\u00f3venes, aquellos que tienen edad para tener sus propias cuentas en las redes sociales, ponemos en marcha un concurso con el objetivo de poner en valor a la juventud que trabaja por el cambio social desde Itaka-Escolapios. Utilizaremos la red social que nos ofrece Instagram y el hashtag #JuventudItakaEscolapios<\/p>\n<p>Descarga la <strong><a href=\"https:\/\/www.educa.itakaescolapios.org\/wp-content\/uploads\/2020\/07\/juventud-itaka-escolapios-1.pdf\" target=\"_blank\" rel=\"noopener noreferrer\">FICHA DE ACTIVIDAD <\/a><\/strong><a href=\"https:\/\/www.educa.itakaescolapios.org\/wp-content\/uploads\/2020\/07\/juventud-itaka-escolapios-1.pdf\">en la que encontrar\u00e1s tambi\u00e9n las <\/a><strong><a href=\"https:\/\/www.educa.itakaescolapios.org\/wp-content\/uploads\/2020\/07\/juventud-itaka-escolapios-1.pdf\">BASES\u00a0<\/a><\/strong>\u00a0del concurso.<\/p>","protected":false},"excerpt":{"rendered":"<p>Sorry, this entry is only available in European Spanish and European Portuguese. Bla, nuestra joven centroamericana, nos presenta una actividad basada en las redes sociales que [&hellip;]<\/p>\n","protected":false},"author":1,"featured_media":0,"parent":0,"menu_order":6,"comment_status":"closed","ping_status":"closed","template":"","meta":[],"acf":[],"_links":{"self":[{"href":"https:\/\/www.educa.itakaescolapios.org\/en\/wp-json\/wp\/v2\/pages\/2448"}],"collection":[{"href":"https:\/\/www.educa.itakaescolapios.org\/en\/wp-json\/wp\/v2\/pages"}],"about":[{"href":"https:\/\/www.educa.itakaescolapios.org\/en\/wp-json\/wp\/v2\/types\/page"}],"author":[{"embeddable":true,"href":"https:\/\/www.educa.itakaescolapios.org\/en\/wp-json\/wp\/v2\/users\/1"}],"replies":[{"embeddable":true,"href":"https:\/\/www.educa.itakaescolapios.org\/en\/wp-json\/wp\/v2\/comments?post=2448"}],"version-history":[{"count":2,"href":"https:\/\/www.educa.itakaescolapios.org\/en\/wp-json\/wp\/v2\/pages\/2448\/revisions"}],"predecessor-version":[{"id":2453,"href":"https:\/\/www.educa.itakaescolapios.org\/en\/wp-json\/wp\/v2\/pages\/2448\/revisions\/2453"}],"wp:attachment":[{"href":"https:\/\/www.educa.itakaescolapios.org\/en\/wp-json\/wp\/v2\/media?parent=2448"}],"curies":[{"name":"wp","href":"https:\/\/api.w.org\/{rel}","templated":true}]}}