{"id":2469,"date":"2020-07-04T14:56:16","date_gmt":"2020-07-04T12:56:16","guid":{"rendered":"https:\/\/www.educa.itakaescolapios.org\/?page_id=2469"},"modified":"2020-11-05T12:55:19","modified_gmt":"2020-11-05T11:55:19","slug":"photocall-2","status":"publish","type":"page","link":"https:\/\/www.educa.itakaescolapios.org\/en\/photocall-2","title":{"rendered":"PHOTOCALL"},"content":{"rendered":"<p class=\"qtranxs-available-languages-message qtranxs-available-languages-message-en\">Sorry, this entry is only available in <a href=\"https:\/\/www.educa.itakaescolapios.org\/es\/wp-json\/wp\/v2\/pages\/2469\" class=\"qtranxs-available-language-link qtranxs-available-language-link-es\" title=\"Espa\u00f1ol\">European Spanish<\/a> and <a href=\"https:\/\/www.educa.itakaescolapios.org\/pt\/wp-json\/wp\/v2\/pages\/2469\" class=\"qtranxs-available-language-link qtranxs-available-language-link-pt\" title=\"Portugu\u00eas\">European Portuguese<\/a>.<\/p><p><img decoding=\"async\" loading=\"lazy\" class=\"alignleft size-full wp-image-2470\" src=\"https:\/\/www.educa.itakaescolapios.org\/wp-content\/uploads\/2020\/07\/JIWA_color-214x300-1.jpg\" alt=\"\" width=\"214\" height=\"300\" \/>JIWA la responsable de mantener a punto el globo de la expedici\u00f3n, nos propone construir con una plantilla un <em>photocall <\/em>con el que adornar nuestro centro educativo y en el que poder sacarnos fotos de grupo.<\/p>\n<p>Se trata de un <em>photocall\u00a0<\/em>incompleto puesto que han perdido el globo y necesita de la ayuda de todos nosotros y nosotras para poder alzar el vuelo y trasladarse por todos los pa\u00edses. En la ficha de actividad encontrar\u00e1s la manera de ayudar a la Expedici\u00f3n Itaka-Escolapios.<\/p>\n<p><strong><a href=\"https:\/\/www.educa.itakaescolapios.org\/wp-content\/uploads\/2020\/07\/Ficha-photocall-1.pdf\" target=\"_blank\" rel=\"noopener noreferrer\">FICHA <em>PHOTOCALL<\/em><\/a><\/strong><\/p>\n<p>Descarga: <a href=\"https:\/\/www.educa.itakaescolapios.org\/wp-content\/uploads\/2020\/07\/Photocall.pdf\" target=\"_blank\" rel=\"noopener noreferrer\">PHOTOCALL<\/a><\/p>\n<p>Descarga:<\/p>\n<p><a href=\"https:\/\/www.educa.itakaescolapios.org\/wp-content\/uploads\/2020\/07\/Globo-A5-105x148-mm-41x58-pulg.pdf\" target=\"_blank\" rel=\"noopener noreferrer\">GLOBO A5 148 x 210 mm\u00a0 5,8 x 8,3 pulgadas<\/a><\/p>\n<p><a href=\"https:\/\/www.educa.itakaescolapios.org\/wp-content\/uploads\/2020\/07\/globo-montaje-personajes-infantil.pdf\" target=\"_blank\" rel=\"noopener noreferrer\">GLOBO con personajes INFANTIL<\/a><\/p>","protected":false},"excerpt":{"rendered":"<p>Sorry, this entry is only available in European Spanish and European Portuguese.JIWA la responsable de mantener a punto el globo de la expedici\u00f3n, nos propone construir [&hellip;]<\/p>\n","protected":false},"author":1,"featured_media":0,"parent":0,"menu_order":18,"comment_status":"closed","ping_status":"closed","template":"","meta":[],"acf":[],"_links":{"self":[{"href":"https:\/\/www.educa.itakaescolapios.org\/en\/wp-json\/wp\/v2\/pages\/2469"}],"collection":[{"href":"https:\/\/www.educa.itakaescolapios.org\/en\/wp-json\/wp\/v2\/pages"}],"about":[{"href":"https:\/\/www.educa.itakaescolapios.org\/en\/wp-json\/wp\/v2\/types\/page"}],"author":[{"embeddable":true,"href":"https:\/\/www.educa.itakaescolapios.org\/en\/wp-json\/wp\/v2\/users\/1"}],"replies":[{"embeddable":true,"href":"https:\/\/www.educa.itakaescolapios.org\/en\/wp-json\/wp\/v2\/comments?post=2469"}],"version-history":[{"count":4,"href":"https:\/\/www.educa.itakaescolapios.org\/en\/wp-json\/wp\/v2\/pages\/2469\/revisions"}],"predecessor-version":[{"id":2480,"href":"https:\/\/www.educa.itakaescolapios.org\/en\/wp-json\/wp\/v2\/pages\/2469\/revisions\/2480"}],"wp:attachment":[{"href":"https:\/\/www.educa.itakaescolapios.org\/en\/wp-json\/wp\/v2\/media?parent=2469"}],"curies":[{"name":"wp","href":"https:\/\/api.w.org\/{rel}","templated":true}]}}