{"id":280,"date":"2018-04-04T10:47:14","date_gmt":"2018-04-04T08:47:14","guid":{"rendered":"http:\/\/www.educa.itakaescolapios.org\/?page_id=280"},"modified":"2023-05-05T13:07:08","modified_gmt":"2023-05-05T11:07:08","slug":"otros-recursos","status":"publish","type":"page","link":"https:\/\/www.educa.itakaescolapios.org\/en\/campanas\/2013-2014-estamos-por-ti-educamos-contigo\/otros-recursos","title":{"rendered":"OTROS RECURSOS"},"content":{"rendered":"<p class=\"qtranxs-available-languages-message qtranxs-available-languages-message-en\">Sorry, this entry is only available in <a href=\"https:\/\/www.educa.itakaescolapios.org\/es\/wp-json\/wp\/v2\/pages\/280\" class=\"qtranxs-available-language-link qtranxs-available-language-link-es\" title=\"Espa\u00f1ol\">European Spanish<\/a>.<\/p><p>https:\/\/youtu.be\/sVSllNbgq_Y<\/p>\n<p>&nbsp;<\/p>\n<p>En esta secci\u00f3n puedes descargarte otros recursos que pueden ayudarte a presentar la campa\u00f1a y a dinamizarla en tu centro educativo, grupo de tiempo libre, parroquia, &#8230;<\/p>\n<p>&#8211; <a href=\"http:\/\/www.educa.itakaescolapios.org\/cooperacion-norte-sur\/ambientacion-presentacion\/\" target=\"_blank\" rel=\"noopener\">Actividad de ambientaci\u00f3n previa <\/a>al inicio de la campa\u00f1a de solidaridad<\/p>\n<p>&#8211; <a href=\"https:\/\/mega.co.nz\/#!18pjRbzY!NZbay0G1IDcP4ZpY5fwN-mE1rXlQlkt-XkI0nYJpFN8\" target=\"_blank\" rel=\"noopener\">Presentaci\u00f3n en powerpoint general<\/a><\/p>\n<p>&#8211; <a href=\"https:\/\/mega.co.nz\/#!wgpgCKxB!ZUo9NDBUZmlMfMUkOuw872a1IjoEGBaafnA5Kg13ORA\" target=\"_blank\" rel=\"noopener\">Presentaci\u00f3n en powerpoint local (MODIFICABLE)<\/a><\/p>\n<p>&#8211; <a href=\"http:\/\/www.itakaescolapios.org\/wp-content\/uploads\/2013\/12\/TUTORIAL.pdf\" target=\"_blank\" rel=\"noopener\">Tutorial para la modificaci\u00f3n del powerpoint presentaci\u00f3n de la campa\u00f1a de solidaridad<\/a><\/p>\n<p>&#8211; <a href=\"https:\/\/mega.co.nz\/#!wxZxjYrQ!RGACeiSVu6FXTJ_sODAPqmocTKVqaQJKQew6XTCxSbc\" target=\"_blank\" rel=\"noopener\">Cartel donaci\u00f3n de moviles (MODIFICABLE)<\/a> , enlace para descarga de la <a href=\"http:\/\/ufonts.com\/download\/12-avenir-45-book-03173\/189883.html\" target=\"_blank\" rel=\"noopener\">tipograf\u00eda utilizada en el carte (12AVENIR45BOOK)<\/a><\/p>\n<p>&#8211; <a href=\"https:\/\/mega.co.nz\/#!xkgQXJzR!L5S75HH-yjROmVV5zIor_kCPGc0fwjGBArFkopTbAS8\" target=\"_blank\" rel=\"noopener\">Comunicaci\u00f3n para las familias que presenta la campa\u00f1a (MODIFICABLE)<\/a><\/p>\n<p>&#8211; Existen <a href=\"http:\/\/www.itakaescolapios.org\/wp-content\/uploads\/2013\/12\/Plotters-Superheroes.pdf\" target=\"_blank\" rel=\"noopener\">cinco reproducciones de los superh\u00e9roes<\/a>, de aproxim\u00e1damente 150 x 90 cm, para los colegios que lo soliciten. Para confirmar la disponibilidad mandar correo electr\u00f3nico a Jon Ander Z\u00e1rate (<a href=\"mailto:jonanderzarate@escolapiosemaus.org\" target=\"_blank\" rel=\"noopener\">jonanderzarate@escolapiosemaus.org<\/a>)<\/p>","protected":false},"excerpt":{"rendered":"<p>Sorry, this entry is only available in European Spanish.https:\/\/youtu.be\/sVSllNbgq_Y &nbsp; En esta secci\u00f3n puedes descargarte otros recursos que pueden ayudarte a presentar la campa\u00f1a y a [&hellip;]<\/p>\n","protected":false},"author":1,"featured_media":0,"parent":232,"menu_order":8,"comment_status":"closed","ping_status":"closed","template":"","meta":[],"acf":[],"_links":{"self":[{"href":"https:\/\/www.educa.itakaescolapios.org\/en\/wp-json\/wp\/v2\/pages\/280"}],"collection":[{"href":"https:\/\/www.educa.itakaescolapios.org\/en\/wp-json\/wp\/v2\/pages"}],"about":[{"href":"https:\/\/www.educa.itakaescolapios.org\/en\/wp-json\/wp\/v2\/types\/page"}],"author":[{"embeddable":true,"href":"https:\/\/www.educa.itakaescolapios.org\/en\/wp-json\/wp\/v2\/users\/1"}],"replies":[{"embeddable":true,"href":"https:\/\/www.educa.itakaescolapios.org\/en\/wp-json\/wp\/v2\/comments?post=280"}],"version-history":[{"count":3,"href":"https:\/\/www.educa.itakaescolapios.org\/en\/wp-json\/wp\/v2\/pages\/280\/revisions"}],"predecessor-version":[{"id":7599,"href":"https:\/\/www.educa.itakaescolapios.org\/en\/wp-json\/wp\/v2\/pages\/280\/revisions\/7599"}],"up":[{"embeddable":true,"href":"https:\/\/www.educa.itakaescolapios.org\/en\/wp-json\/wp\/v2\/pages\/232"}],"wp:attachment":[{"href":"https:\/\/www.educa.itakaescolapios.org\/en\/wp-json\/wp\/v2\/media?parent=280"}],"curies":[{"name":"wp","href":"https:\/\/api.w.org\/{rel}","templated":true}]}}