{"id":310,"date":"2018-04-04T10:59:36","date_gmt":"2018-04-04T08:59:36","guid":{"rendered":"http:\/\/www.educa.itakaescolapios.org\/?page_id=310"},"modified":"2018-04-04T10:59:36","modified_gmt":"2018-04-04T08:59:36","slug":"actividades-centrales-de-la-campana-para-todas-las-edades","status":"publish","type":"page","link":"https:\/\/www.educa.itakaescolapios.org\/en\/campanas\/2015-2016-al-encuentro-con-atambua\/actividades-centrales-de-la-campana-para-todas-las-edades","title":{"rendered":"ACTIVIDADES CENTRALES DE LA CAMPA\u00d1A, PARA TODAS LAS EDADES"},"content":{"rendered":"<p class=\"qtranxs-available-languages-message qtranxs-available-languages-message-en\">Sorry, this entry is only available in <a href=\"https:\/\/www.educa.itakaescolapios.org\/es\/wp-json\/wp\/v2\/pages\/310\" class=\"qtranxs-available-language-link qtranxs-available-language-link-es\" title=\"Espa\u00f1ol\">European Spanish<\/a>.<\/p><p><a href=\"http:\/\/www.itakaescolapios.org\/wp-content\/uploads\/2015\/11\/Inggris-klas-94.jpg\"><img decoding=\"async\" loading=\"lazy\" class=\"alignleft  wp-image-13654\" alt=\"Inggris klas (94)\" src=\"http:\/\/www.itakaescolapios.org\/wp-content\/uploads\/2015\/11\/Inggris-klas-94-1024x768.jpg\" width=\"502\" height=\"377\" \/><\/a><\/p>\n<p>La Tripulaci\u00f3n Itaka-Escolapios nos ha preparado seis actividades centrales que tienen como objetivo presentar la realidad de Indonesia y Atamb\u00faa, lugar en el est\u00e1n presentes los escolapios desde hace dos a\u00f1os.<\/p>\n<p>1. <a href=\"http:\/\/www.itakaescolapios.org\/el-barco-de-la-tripulacion-itaka-escolapios\/\" target=\"_blank\">EL BARCO DE LA TRIPULACI\u00d3N ITAKA-ESCOLAPIOS<\/a><\/p>\n<p>2. <a href=\"http:\/\/www.itakaescolapios.org\/juego-de-pistas\/\" target=\"_blank\">JUEGO DE PISTAS<\/a><\/p>\n<p>3. <a href=\"http:\/\/www.itakaescolapios.org\/el-gran-mural-del-asrama\/\" target=\"_blank\">EL GRAN MURAL DEL ASRAMA<\/a><\/p>\n<p>4. <a href=\"http:\/\/www.itakaescolapios.org\/telegrama-tweet\/\" target=\"_blank\">TELEGRAMA &#8211; TWEET<\/a><\/p>\n<p>5. <a href=\"http:\/\/www.itakaescolapios.org\/certamen-de-baile-tebe\/\" target=\"_blank\">CERTAMEN DE BAILE TEBE<\/a><\/p>\n<p>6. <a href=\"http:\/\/www.itakaescolapios.org\/unidos-con-atambua\/\" target=\"_blank\">UNIDOS CON ATAMBUA<\/a><\/p>","protected":false},"excerpt":{"rendered":"<p>Sorry, this entry is only available in European Spanish. La Tripulaci\u00f3n Itaka-Escolapios nos ha preparado seis actividades centrales que tienen como objetivo presentar la realidad de [&hellip;]<\/p>\n","protected":false},"author":1,"featured_media":0,"parent":236,"menu_order":5,"comment_status":"closed","ping_status":"closed","template":"","meta":[],"acf":[],"_links":{"self":[{"href":"https:\/\/www.educa.itakaescolapios.org\/en\/wp-json\/wp\/v2\/pages\/310"}],"collection":[{"href":"https:\/\/www.educa.itakaescolapios.org\/en\/wp-json\/wp\/v2\/pages"}],"about":[{"href":"https:\/\/www.educa.itakaescolapios.org\/en\/wp-json\/wp\/v2\/types\/page"}],"author":[{"embeddable":true,"href":"https:\/\/www.educa.itakaescolapios.org\/en\/wp-json\/wp\/v2\/users\/1"}],"replies":[{"embeddable":true,"href":"https:\/\/www.educa.itakaescolapios.org\/en\/wp-json\/wp\/v2\/comments?post=310"}],"version-history":[{"count":1,"href":"https:\/\/www.educa.itakaescolapios.org\/en\/wp-json\/wp\/v2\/pages\/310\/revisions"}],"predecessor-version":[{"id":311,"href":"https:\/\/www.educa.itakaescolapios.org\/en\/wp-json\/wp\/v2\/pages\/310\/revisions\/311"}],"up":[{"embeddable":true,"href":"https:\/\/www.educa.itakaescolapios.org\/en\/wp-json\/wp\/v2\/pages\/236"}],"wp:attachment":[{"href":"https:\/\/www.educa.itakaescolapios.org\/en\/wp-json\/wp\/v2\/media?parent=310"}],"curies":[{"name":"wp","href":"https:\/\/api.w.org\/{rel}","templated":true}]}}