{"id":314,"date":"2018-04-04T11:00:35","date_gmt":"2018-04-04T09:00:35","guid":{"rendered":"http:\/\/www.educa.itakaescolapios.org\/?page_id=314"},"modified":"2018-04-04T11:00:35","modified_gmt":"2018-04-04T09:00:35","slug":"dossier-de-actividades-para-el-aula","status":"publish","type":"page","link":"https:\/\/www.educa.itakaescolapios.org\/en\/campanas\/2015-2016-al-encuentro-con-atambua\/dossier-de-actividades-para-el-aula","title":{"rendered":"DOSSIER DE ACTIVIDADES PARA EL AULA"},"content":{"rendered":"<p class=\"qtranxs-available-languages-message qtranxs-available-languages-message-en\">Sorry, this entry is only available in <a href=\"https:\/\/www.educa.itakaescolapios.org\/es\/wp-json\/wp\/v2\/pages\/314\" class=\"qtranxs-available-language-link qtranxs-available-language-link-es\" title=\"Espa\u00f1ol\">European Spanish<\/a>.<\/p><p><\/p>\n<p style=\"text-align: justify;\"><a href=\"http:\/\/www.itakaescolapios.org\/wp-content\/uploads\/2015\/11\/Fotolia_11521676_Subscription_Monthly_XL.jpg\"><img decoding=\"async\" loading=\"lazy\" class=\" wp-image-13684 alignleft\" style=\"width: 298px; height: 137px;\" alt=\"Colored pencils\" src=\"http:\/\/www.itakaescolapios.org\/wp-content\/uploads\/2015\/11\/Fotolia_11521676_Subscription_Monthly_XL.jpg\" width=\"328\" height=\"133\" \/><\/a>A continuaci\u00f3n presentamos una serie de actividades orientativas para trabajar en las aulas (tambi\u00e9n pueden ser trasladadas al \u00e1mbito extraescolar), la importancia de la educaci\u00f3n como elemento de cambio personal y de transformaci\u00f3n social.<\/p>\n<p style=\"text-align: justify;\">Hemos intentado hacer una selecci\u00f3n atractiva que complemente a las seis actividades centrales de la campa\u00f1a: \u201cEl barco de la tripulaci\u00f3n Itaka-Escolapios\u201d, \u201cJuego de pistas\u201d, \u201cEl gran mural del Asrama\u201d, \u201cTelegrama-tweet\u201d, \u201cCertamen de baile Tebe\u201d y \u201cUnidos con Atamb\u00faa\u201d. Adem\u00e1s podr\u00e9is encontrar todas las actividades de la Campa\u00f1a de Solidaridad en el portal EDUCA de nuestra p\u00e1gina web.<\/p>\n<table width=\"527\" border=\"0\" cellspacing=\"0\" cellpadding=\"0\">\n<colgroup>\n<col width=\"53\" \/>\n<col span=\"4\" width=\"58\" \/>\n<col width=\"391\" \/>\n<col width=\"481\" \/> <\/colgroup>\n<tbody>\n<tr>\n<td style=\"text-align: center;\" colspan=\"5\" width=\"285\" height=\"23\"><strong>Curso\/edad<\/strong><\/td>\n<td style=\"text-align: center;\" rowspan=\"2\" width=\"391\"><strong>Actividad<\/strong><\/td>\n<td style=\"text-align: center;\" rowspan=\"2\" width=\"481\"><strong>Objetivo<\/strong><\/td>\n<\/tr>\n<tr>\n<td style=\"text-align: center;\" width=\"53\" height=\"25\"><strong>ES<\/strong><\/td>\n<td width=\"58\"><strong>CAM<\/strong><\/td>\n<td width=\"58\"><strong>GUI<\/strong><\/td>\n<td style=\"text-align: center;\" width=\"58\"><strong>GAB<\/strong><\/td>\n<td style=\"text-align: center;\" width=\"58\"><strong>BOL<\/strong><\/td>\n<\/tr>\n<tr>\n<td style=\"text-align: center;\" width=\"53\" height=\"41\">1\u00ba INFAN<\/td>\n<td style=\"text-align: center;\" colspan=\"3\" width=\"174\">1\u00ba MATER<\/td>\n<td width=\"58\"><\/td>\n<td style=\"text-align: center;\" rowspan=\"2\" width=\"391\"><strong><span style=\"color: #808000;\"><a href=\"http:\/\/www.educa.itakaescolapios.org\/cooperacion-norte-sur\/campana-2015-16-memory\/?searchterm=CAMPA%C3%91A*%202015-16*\"><span style=\"color: #808000;\">MEMORY<\/span><\/a><\/span><\/strong><\/td>\n<td rowspan=\"2\" width=\"481\">En esta actividad se pretende dar a conocer a cada uno de los tripulantes que van en nuestro barco y, al mismo tiempo, que conozcan un poco de la realidad de Indonesia.<\/td>\n<\/tr>\n<tr>\n<td style=\"text-align: center;\" colspan=\"5\" width=\"285\" height=\"41\">3 &#8211; 4 a\u00f1os<\/td>\n<\/tr>\n<tr>\n<td style=\"text-align: center;\" width=\"53\" height=\"41\">2\u00ba INFAN<\/td>\n<td style=\"text-align: center;\" colspan=\"3\" width=\"174\">2\u00ba MATER<\/td>\n<td width=\"58\">1\u00ba EI<\/td>\n<td style=\"text-align: center;\" rowspan=\"2\" width=\"391\"><strong><span style=\"color: #808000;\"><a href=\"http:\/\/www.educa.itakaescolapios.org\/cooperacion-norte-sur\/campana-2015-16-complementos\/?searchterm=CAMPA%C3%91A*%202015-16*\"><span style=\"color: #808000;\">COMPLEMENTOS<\/span><\/a><\/span><\/strong><\/td>\n<td rowspan=\"2\" width=\"481\">En esta actividad se pretende dar a conocer a cada uno de los tripulantes que van en nuestro barco y, al mismo tiempo, que conozcan un poco de la realidad de Indonesia.<\/td>\n<\/tr>\n<tr>\n<td style=\"text-align: center;\" colspan=\"5\" width=\"285\" height=\"41\">4 &#8211; 5 a\u00f1os<\/td>\n<\/tr>\n<tr>\n<td style=\"text-align: center;\" width=\"53\" height=\"41\">3\u00ba INFAN<\/td>\n<td style=\"text-align: center;\" colspan=\"3\" width=\"174\">3\u00ba MATER<\/td>\n<td style=\"text-align: center;\" width=\"58\">2\u00ba EI<\/td>\n<td style=\"text-align: center;\" rowspan=\"2\" width=\"391\"><span style=\"color: #808000;\"><strong><a href=\"http:\/\/www.educa.itakaescolapios.org\/cooperacion-norte-sur\/campana-2015-16-tripulacion\/?searchterm=CAMPA%C3%91A*%202015-16*\"><span style=\"color: #808000;\">TRIPULACI\u00d3N<\/span><\/a><\/strong><\/span><\/td>\n<td rowspan=\"2\" width=\"481\">En esta actividad se pretende dar a conocer a cada uno de los tripulantes que van en nuestro barco y, al mismo tiempo, que conozcan un poco de la realidad de Indonesia.<\/td>\n<\/tr>\n<tr>\n<td style=\"text-align: center;\" colspan=\"5\" width=\"285\" height=\"41\">5 &#8211; 6 a\u00f1os<\/td>\n<\/tr>\n<tr>\n<td style=\"text-align: center;\" colspan=\"5\" width=\"285\" height=\"41\">1\u00ba PRIM<\/td>\n<td style=\"text-align: center;\" rowspan=\"2\" width=\"391\"><span style=\"color: #808000;\"><strong><a href=\"http:\/\/www.educa.itakaescolapios.org\/cooperacion-norte-sur\/campana-2015-16-juegos-y-danzas\/?searchterm=CAMPA%C3%91A*%202015-16*\"><span style=\"color: #808000;\">JUEGOS Y DANZAS<\/span><\/a><\/strong><\/span><\/td>\n<td rowspan=\"2\" width=\"481\">En esta sesi\u00f3n conoceremos m\u00e1s sobre la realidad social que estamos trabajando a trav\u00e9s de un juego y una danza t\u00edpica de Indonesia. Aprenderemos con ello que existen diferencias y similitudes con nuestra vida. Algunas \u201cjustas\u201d (como pueden ser las culturales), pero tambi\u00e9n \u201cinjustas\u201d (como pueden ser las econ\u00f3micas).<\/td>\n<\/tr>\n<tr>\n<td style=\"text-align: center;\" colspan=\"5\" width=\"285\" height=\"50\">6 -7 a\u00f1os<\/td>\n<\/tr>\n<tr>\n<td style=\"text-align: center;\" colspan=\"5\" width=\"285\" height=\"41\">2\u00ba PRIM<\/td>\n<td style=\"text-align: center;\" rowspan=\"2\" width=\"391\"><span style=\"color: #808000;\"><strong><a href=\"http:\/\/www.educa.itakaescolapios.org\/cooperacion-norte-sur\/campana-2015-16-bfcomo-te-sientes\/?searchterm=CAMPA%C3%91A*%202015-16*\"><span style=\"color: #808000;\">Y T\u00da, \u00bfC\u00d3MO TE SIENTES?<\/span><\/a><\/strong><\/span><\/td>\n<td rowspan=\"2\" width=\"481\">Actividad que promueve el conocimiento de los compa\u00f1eros de clase, la empat\u00eda y c\u00f3mo deber\u00eda ser nuestra relaci\u00f3n con los amigos\/compa\u00f1eros<\/td>\n<\/tr>\n<tr>\n<td style=\"text-align: center;\" colspan=\"5\" width=\"285\" height=\"41\">7 &#8211; 8 a\u00f1os<\/td>\n<\/tr>\n<tr>\n<td style=\"text-align: center;\" colspan=\"5\" width=\"285\" height=\"41\">3\u00ba PRIM<\/td>\n<td style=\"text-align: center;\" rowspan=\"2\" width=\"391\"><strong><span style=\"color: #808000;\"><a href=\"http:\/\/www.educa.itakaescolapios.org\/cooperacion-norte-sur\/campana-2015-16-sal-para-los-amigos-y-amigas\/?searchterm=CAMPA%C3%91A*%202015-16*\"><span style=\"color: #808000;\">SAL PARA LOS AMIGOS Y AMIGAS<\/span><\/a><\/span><\/strong><\/td>\n<td rowspan=\"2\" width=\"481\">Actividad en la que se trabaja el autoconocimiento y, en especial las propias cualidades que podemos poner al servicio a los dem\u00e1s<\/td>\n<\/tr>\n<tr>\n<td style=\"text-align: center;\" colspan=\"5\" width=\"285\" height=\"41\">8 &#8211; 9 a\u00f1os<\/td>\n<\/tr>\n<tr>\n<td style=\"text-align: center;\" colspan=\"5\" width=\"285\" height=\"41\">4\u00ba PRIM<\/td>\n<td style=\"text-align: center;\" rowspan=\"2\" width=\"391\"><span style=\"color: #808000;\"><strong><a href=\"http:\/\/www.educa.itakaescolapios.org\/cooperacion-norte-sur\/campana-2015-16-descifra-indonesia\/?searchterm=CAMPA%C3%91A*%202015-16*\"><span style=\"color: #808000;\">DESCIFRA INDONESIA<\/span><\/a><\/strong><\/span><\/td>\n<td rowspan=\"2\" width=\"481\">En esta actividad, trabajaremos la campa\u00f1a a trav\u00e9s de uno de los personajes, BLA, que sabe muchos idiomas<\/td>\n<\/tr>\n<tr>\n<td style=\"text-align: center;\" colspan=\"5\" width=\"285\" height=\"41\">9-10 a\u00f1os<\/td>\n<\/tr>\n<tr>\n<td style=\"text-align: center;\" colspan=\"5\" width=\"285\" height=\"41\">5\u00ba PRIM<\/td>\n<td style=\"text-align: center;\" rowspan=\"2\" width=\"391\"><strong><span style=\"color: #808000;\"><a href=\"http:\/\/www.educa.itakaescolapios.org\/cooperacion-norte-sur\/campana-2015-16-top-chep-sukal\/?searchterm=CAMPA%C3%91A*%202015-16*\"><span style=\"color: #808000;\">TOP CHEF CON SUKAL<\/span><\/a><\/span><\/strong><\/td>\n<td rowspan=\"2\" width=\"481\">Actividad para conocer la gastronom\u00eda de Indonesia, en la que se trabaja las dotes culinarias de los alumnos con ayuda de sus familias.<\/td>\n<\/tr>\n<tr>\n<td style=\"text-align: center;\" colspan=\"5\" width=\"285\" height=\"41\">10-11 a\u00f1os<\/td>\n<\/tr>\n<tr>\n<td style=\"text-align: center;\" colspan=\"5\" width=\"285\" height=\"41\">6\u00ba PRIM<\/td>\n<td style=\"text-align: center;\" rowspan=\"2\" width=\"391\"><strong><span style=\"color: #808000;\"><a href=\"http:\/\/www.educa.itakaescolapios.org\/cooperacion-norte-sur\/campana-2015-16-construimos-juntos\/?searchterm=CAMPA%C3%91A*%202015-16*\"><span style=\"color: #808000;\">CONSTRU\u00cdMOS JUNTOS<\/span><\/a><\/span><\/strong><\/td>\n<td rowspan=\"2\" width=\"481\">En esta actividad queremos que los ni\u00f1os y ni\u00f1as se sientan parte del proyecto y ayuden a construir el Asrama (internado) de Atamb\u00faa entre todos.<\/td>\n<\/tr>\n<tr>\n<td style=\"text-align: center;\" colspan=\"5\" width=\"285\" height=\"41\">11-12 a\u00f1os<\/td>\n<\/tr>\n<tr>\n<td style=\"text-align: center;\" width=\"53\" height=\"41\">1\u00ba ESO<\/td>\n<td style=\"text-align: center;\" colspan=\"4\" width=\"232\">1\u00ba SECUN<\/td>\n<td style=\"text-align: center;\" rowspan=\"2\" width=\"391\"><strong><span style=\"color: #808000;\"><a href=\"http:\/\/www.educa.itakaescolapios.org\/cooperacion-norte-sur\/campana-2015-16-camino-a-la-escuela\/?searchterm=CAMPA%C3%91A*%202015-16*\"><span style=\"color: #808000;\">CAMINO A LA ESCUELA<\/span><\/a><\/span><\/strong><\/td>\n<td rowspan=\"2\" width=\"481\">Con esta actividad pretendemos que los alumnos se den cuenta de la importancia de la educaci\u00f3n y las dificultades que tienen algunos ni\u00f1os y j\u00f3venes para llegar a las escuelas y, en concreto, en Indonesia; de ah\u00ed la importancia de construir un internado como el que est\u00e1n haciendo los escolapios en Atamb\u00faa<\/td>\n<\/tr>\n<tr>\n<td style=\"text-align: center;\" colspan=\"5\" width=\"285\" height=\"52\">12-13 a\u00f1os<\/td>\n<\/tr>\n<tr>\n<td style=\"text-align: center;\" width=\"53\" height=\"41\">2\u00ba ESO<\/td>\n<td style=\"text-align: center;\" colspan=\"4\" width=\"232\">2\u00ba SECUN<\/td>\n<td style=\"text-align: center;\" rowspan=\"2\" width=\"391\"><span style=\"color: #808000;\"><strong><a href=\"http:\/\/www.educa.itakaescolapios.org\/cooperacion-norte-sur\/campana-2015-16-atambua-go\/?searchterm=CAMPA%C3%91A*%202015-16*\"><span style=\"color: #808000;\">ATAMB\u00daA &amp; GO<\/span><\/a><\/strong><\/span><\/td>\n<td rowspan=\"2\" width=\"481\">Actividad para conocer el proyecto escolapio de Indonesia mediante un juego en el que intervienen los grumetes de la tripulaci\u00f3n Itaka- Escolapios<\/td>\n<\/tr>\n<tr>\n<td style=\"text-align: center;\" colspan=\"5\" width=\"285\" height=\"41\">13-14 a\u00f1os<\/td>\n<\/tr>\n<tr>\n<td style=\"text-align: center;\" width=\"53\" height=\"41\">3\u00ba ESO<\/td>\n<td style=\"text-align: center;\" colspan=\"4\" width=\"232\">3\u00ba SECUN<\/td>\n<td style=\"text-align: center;\" rowspan=\"2\" width=\"391\"><strong><span style=\"color: #808000;\"><a href=\"http:\/\/www.educa.itakaescolapios.org\/cooperacion-norte-sur\/campana-2015-16-muestra-tu-campana\/?searchterm=CAMPA%C3%91A*%202015-16*\"><span style=\"color: #808000;\">MUESTRA TU CAMPA\u00d1A<\/span><\/a><\/span><\/strong><\/td>\n<td rowspan=\"2\" width=\"481\">Actividad en la que los alumnos participan de la tarea de sensibilizar al resto del colegio, mediante la realizaci\u00f3n de v\u00eddeos sobre las actividades que se est\u00e1n haciendo en campa\u00f1a.<\/td>\n<\/tr>\n<tr>\n<td style=\"text-align: center;\" colspan=\"5\" width=\"285\" height=\"41\">14-15 a\u00f1os<\/td>\n<\/tr>\n<tr>\n<td style=\"text-align: center;\" width=\"53\" height=\"41\">4\u00ba ESO<\/td>\n<td style=\"text-align: center;\" colspan=\"4\" width=\"232\">4\u00ba SECUN<\/td>\n<td rowspan=\"2\" width=\"391\"><strong><span style=\"color: #808000;\"><a href=\"http:\/\/www.educa.itakaescolapios.org\/cooperacion-norte-sur\/campana-2015-16-salimos-al-encuentro\/?searchterm=CAMPA%C3%91A*%202015-16*\"><span style=\"color: #808000;\">SALIMOS AL ENCUENTRO<\/span><\/a><\/span><\/strong><\/td>\n<td rowspan=\"2\" width=\"481\">Actividad que anima a los alumnos a reflexionar sobre la campa\u00f1a y c\u00f3mo pueden ellos colaborar, porque cualquier acci\u00f3n que hagan es en beneficio del proyecto escolapio en Atamb\u00faa.<\/td>\n<\/tr>\n<tr>\n<td style=\"text-align: center;\" colspan=\"5\" width=\"285\" height=\"41\">15-16 a\u00f1os<\/td>\n<\/tr>\n<tr>\n<td style=\"text-align: center;\" colspan=\"3\" width=\"169\" height=\"41\">1\u00ba BACH<\/td>\n<td colspan=\"2\" width=\"116\">5\u00ba SECUN<\/td>\n<td style=\"text-align: center;\" rowspan=\"2\" width=\"391\"><strong><span style=\"color: #808000;\"><a href=\"http:\/\/www.educa.itakaescolapios.org\/cooperacion-norte-sur\/campana-2015-16-jiwa-pasion-por-construir\/?searchterm=CAMPA%C3%91A*%202015-16*\"><span style=\"color: #808000;\">JIWA, PASI\u00d3N POR CONSTRUIR<\/span><\/a><\/span><\/strong><\/td>\n<td rowspan=\"2\" width=\"481\">Actividad que promueve la creatividad y la educaci\u00f3n como herramientas para contribuir a un mundo mejor, poner nuestras habilidades al servicio de los dem\u00e1s.<\/td>\n<\/tr>\n<tr>\n<td style=\"text-align: center;\" colspan=\"5\" width=\"285\" height=\"41\">16-17 a\u00f1os<\/td>\n<\/tr>\n<tr>\n<td style=\"text-align: center;\" colspan=\"3\" width=\"169\" height=\"41\">2\u00ba BACH<\/td>\n<td style=\"text-align: center;\" colspan=\"2\" width=\"116\">6\u00ba SECUN<\/td>\n<td style=\"text-align: center;\" rowspan=\"2\" width=\"391\"><strong><span style=\"color: #808000;\"><a href=\"http:\/\/www.educa.itakaescolapios.org\/cooperacion-norte-sur\/campana-2015-16-el-mapamundi-de-peters\/?searchterm=CAMPA%C3%91A*%202015-16*\"><span style=\"color: #808000;\">EL MAPAMUNDI DE PETERS<\/span><\/a><\/span><\/strong><\/td>\n<td rowspan=\"2\" width=\"481\">Actividad para reflexionar sobre el \u00cdndice de Desarrollo Humano (IDH) de los pa\u00edses.<\/td>\n<\/tr>\n<tr>\n<td style=\"text-align: center;\" colspan=\"5\" width=\"285\" height=\"41\">17-18 a\u00f1os<\/td>\n<\/tr>\n<\/tbody>\n<\/table>\n<p style=\"text-align: justify;\">\n<p><\/p>","protected":false},"excerpt":{"rendered":"<p>Sorry, this entry is only available in European Spanish. A continuaci\u00f3n presentamos una serie de actividades orientativas para trabajar en las aulas (tambi\u00e9n pueden ser trasladadas [&hellip;]<\/p>\n","protected":false},"author":1,"featured_media":0,"parent":236,"menu_order":6,"comment_status":"closed","ping_status":"closed","template":"","meta":[],"acf":[],"_links":{"self":[{"href":"https:\/\/www.educa.itakaescolapios.org\/en\/wp-json\/wp\/v2\/pages\/314"}],"collection":[{"href":"https:\/\/www.educa.itakaescolapios.org\/en\/wp-json\/wp\/v2\/pages"}],"about":[{"href":"https:\/\/www.educa.itakaescolapios.org\/en\/wp-json\/wp\/v2\/types\/page"}],"author":[{"embeddable":true,"href":"https:\/\/www.educa.itakaescolapios.org\/en\/wp-json\/wp\/v2\/users\/1"}],"replies":[{"embeddable":true,"href":"https:\/\/www.educa.itakaescolapios.org\/en\/wp-json\/wp\/v2\/comments?post=314"}],"version-history":[{"count":1,"href":"https:\/\/www.educa.itakaescolapios.org\/en\/wp-json\/wp\/v2\/pages\/314\/revisions"}],"predecessor-version":[{"id":315,"href":"https:\/\/www.educa.itakaescolapios.org\/en\/wp-json\/wp\/v2\/pages\/314\/revisions\/315"}],"up":[{"embeddable":true,"href":"https:\/\/www.educa.itakaescolapios.org\/en\/wp-json\/wp\/v2\/pages\/236"}],"wp:attachment":[{"href":"https:\/\/www.educa.itakaescolapios.org\/en\/wp-json\/wp\/v2\/media?parent=314"}],"curies":[{"name":"wp","href":"https:\/\/api.w.org\/{rel}","templated":true}]}}