{"id":5902,"date":"2021-12-29T12:08:10","date_gmt":"2021-12-29T11:08:10","guid":{"rendered":"https:\/\/www.educa.itakaescolapios.org\/?page_id=5902"},"modified":"2022-01-27T16:08:00","modified_gmt":"2022-01-27T15:08:00","slug":"2021-2022-tu-eres-el-cambio","status":"publish","type":"page","link":"https:\/\/www.educa.itakaescolapios.org\/en\/semanas-de-la-paz\/2021-2022-tu-eres-el-cambio","title":{"rendered":"2021-2022 T\u00fa eres el cambio"},"content":{"rendered":"<p class=\"qtranxs-available-languages-message qtranxs-available-languages-message-en\">Sorry, this entry is only available in <a href=\"https:\/\/www.educa.itakaescolapios.org\/es\/wp-json\/wp\/v2\/pages\/5902\" class=\"qtranxs-available-language-link qtranxs-available-language-link-es\" title=\"Espa\u00f1ol\">European Spanish<\/a>, <a href=\"https:\/\/www.educa.itakaescolapios.org\/eu\/wp-json\/wp\/v2\/pages\/5902\" class=\"qtranxs-available-language-link qtranxs-available-language-link-eu\" title=\"Euskera\">Basque<\/a>, <a href=\"https:\/\/www.educa.itakaescolapios.org\/fr\/wp-json\/wp\/v2\/pages\/5902\" class=\"qtranxs-available-language-link qtranxs-available-language-link-fr\" title=\"Fran\u00e7ais\">French<\/a> and <a href=\"https:\/\/www.educa.itakaescolapios.org\/pt\/wp-json\/wp\/v2\/pages\/5902\" class=\"qtranxs-available-language-link qtranxs-available-language-link-pt\" title=\"Portugu\u00eas\">European Portuguese<\/a>.<\/p><p><\/p>\n<p style=\"text-align: justify;\"><em><strong>\u201cEn definitiva \u00bfD\u00f3nde empiezan los derechos humanos universales? Pues en peque\u00f1os lugares, cerca de nosotros; en lugares tan pr\u00f3ximos y peque\u00f1os que no aparecen en los mapas. Esos son los lugares en los que cada hombre, mujer y ni\u00f1o busca ser igual ante la ley, en las oportunidades, en la dignidad sin discriminaci\u00f3n. Si esos derechos no significan nada en esos lugares tampoco significan nada en ninguna otra parte. Sin una acci\u00f3n decidida de los ciudadanos para defender esos derechos a su alrededor, no se har\u00e1n progresos en el resto del mundo\u201d<\/strong><\/em><\/p>\n<p><span style=\"font-size: 14px;\"><em>Eleanor Roosvelt.- \u201cEn nuestras manos\u201d.\u00a0Discurso pronunciado en 1958,\u00a0<\/em><em>con ocasi\u00f3n del X aniversario de la Declaraci\u00f3n Universal de DDHH<\/em><\/span><\/p>\n<p>&nbsp;<\/p>\n<p><img decoding=\"async\" loading=\"lazy\" class=\"alignleft\" src=\"https:\/\/www.educa.itakaescolapios.org\/wp-content\/uploads\/2021\/12\/CARTEL-PAZ-2022-scaled.jpg\" alt=\"\" width=\"45%\" height=\"45%\" \/>Tenemos claro que la defensa del cumplimiento de los derechos humanos para todos los pueblos nos incumbe a todas y todos y, por eso, es tan necesario trabajar en educaci\u00f3n (tanto formal como no formal) planteamientos de compromiso y participaci\u00f3n en la sociedad para abordar los diferentes problemas sociales.<\/p>\n<p>La formaci\u00f3n sobre los derechos humanos, la paz y la no violencia, supone una oportunidad m\u00e1s para contribuir a que los centros y proyectos educativos se conviertan en instrumentos de paz y entendimiento entre personas de distinta formaci\u00f3n, raza, cultura y religi\u00f3n. Los escolapios educamos para la vida y buscamos el desarrollo de las capacidades y competencias necesarias para una participaci\u00f3n social activa de las ni\u00f1as, ni\u00f1os y j\u00f3venes con los que trabajamos.<\/p>\n<p>Por todo ello, os invitamos a todos los educadores y educadoras a contribuir, a trav\u00e9s de la educaci\u00f3n, a seguir aportando en la construcci\u00f3n de un mundo mejor, un mundo m\u00e1s justo y m\u00e1s humano que permita que todos los individuos, de diferentes lugares del mundo, tengan la misma oportunidad de desarrollar plenamente sus facultades en el seno de una sociedad democr\u00e1tica, libre, justa, responsable, y en paz.<\/p>\n<p>Y tambi\u00e9n a seguir trabajando la propuesta de educaci\u00f3n para la transformaci\u00f3n social que realizamos desde Itaka-Escolapios a trav\u00e9s de la\u00a0<a href=\"https:\/\/www.educa.itakaescolapios.org\/semanas-de-la-paz\/2021-2022-tu-eres-el-cambio\/mision-paz-y-derechos-humanos\" target=\"_blank\" rel=\"noopener noreferrer\"><strong>MISI\u00d3N POR LA PAZ y LOS DERECHOS HUMANOS.\u00a0<\/strong><\/a><\/p>\n<p><img decoding=\"async\" loading=\"lazy\" class=\"alignright\" src=\"https:\/\/www.educa.itakaescolapios.org\/wp-content\/uploads\/2020\/11\/mano-click-verde.png\" alt=\"\" width=\"5%\" height=\"5%\" \/><\/p>\n<p>&nbsp;<\/p>\n<p>&nbsp;<\/p>","protected":false},"excerpt":{"rendered":"<p>Sorry, this entry is only available in European Spanish, Basque, French and European Portuguese. \u201cEn definitiva \u00bfD\u00f3nde empiezan los derechos humanos universales? Pues en peque\u00f1os lugares, [&hellip;]<\/p>\n","protected":false},"author":5,"featured_media":5977,"parent":713,"menu_order":0,"comment_status":"closed","ping_status":"closed","template":"","meta":[],"acf":[],"_links":{"self":[{"href":"https:\/\/www.educa.itakaescolapios.org\/en\/wp-json\/wp\/v2\/pages\/5902"}],"collection":[{"href":"https:\/\/www.educa.itakaescolapios.org\/en\/wp-json\/wp\/v2\/pages"}],"about":[{"href":"https:\/\/www.educa.itakaescolapios.org\/en\/wp-json\/wp\/v2\/types\/page"}],"author":[{"embeddable":true,"href":"https:\/\/www.educa.itakaescolapios.org\/en\/wp-json\/wp\/v2\/users\/5"}],"replies":[{"embeddable":true,"href":"https:\/\/www.educa.itakaescolapios.org\/en\/wp-json\/wp\/v2\/comments?post=5902"}],"version-history":[{"count":38,"href":"https:\/\/www.educa.itakaescolapios.org\/en\/wp-json\/wp\/v2\/pages\/5902\/revisions"}],"predecessor-version":[{"id":6187,"href":"https:\/\/www.educa.itakaescolapios.org\/en\/wp-json\/wp\/v2\/pages\/5902\/revisions\/6187"}],"up":[{"embeddable":true,"href":"https:\/\/www.educa.itakaescolapios.org\/en\/wp-json\/wp\/v2\/pages\/713"}],"wp:featuredmedia":[{"embeddable":true,"href":"https:\/\/www.educa.itakaescolapios.org\/en\/wp-json\/wp\/v2\/media\/5977"}],"wp:attachment":[{"href":"https:\/\/www.educa.itakaescolapios.org\/en\/wp-json\/wp\/v2\/media?parent=5902"}],"curies":[{"name":"wp","href":"https:\/\/api.w.org\/{rel}","templated":true}]}}