{"id":6010,"date":"2021-12-31T09:27:19","date_gmt":"2021-12-31T08:27:19","guid":{"rendered":"https:\/\/www.educa.itakaescolapios.org\/?page_id=6010"},"modified":"2022-01-31T13:25:33","modified_gmt":"2022-01-31T12:25:33","slug":"actividades-para-adultos","status":"publish","type":"page","link":"https:\/\/www.educa.itakaescolapios.org\/en\/semanas-de-la-paz\/2021-2022-tu-eres-el-cambio\/actividades-para-adultos","title":{"rendered":"Actividades para personas adultas"},"content":{"rendered":"<p class=\"qtranxs-available-languages-message qtranxs-available-languages-message-en\">Sorry, this entry is only available in <a href=\"https:\/\/www.educa.itakaescolapios.org\/es\/wp-json\/wp\/v2\/pages\/6010\" class=\"qtranxs-available-language-link qtranxs-available-language-link-es\" title=\"Espa\u00f1ol\">European Spanish<\/a>, <a href=\"https:\/\/www.educa.itakaescolapios.org\/eu\/wp-json\/wp\/v2\/pages\/6010\" class=\"qtranxs-available-language-link qtranxs-available-language-link-eu\" title=\"Euskera\">Basque<\/a>, <a href=\"https:\/\/www.educa.itakaescolapios.org\/fr\/wp-json\/wp\/v2\/pages\/6010\" class=\"qtranxs-available-language-link qtranxs-available-language-link-fr\" title=\"Fran\u00e7ais\">French<\/a> and <a href=\"https:\/\/www.educa.itakaescolapios.org\/pt\/wp-json\/wp\/v2\/pages\/6010\" class=\"qtranxs-available-language-link qtranxs-available-language-link-pt\" title=\"Portugu\u00eas\">European Portuguese<\/a>.<\/p><p><img decoding=\"async\" loading=\"lazy\" class=\"alignleft\" src=\"https:\/\/www.educa.itakaescolapios.org\/wp-content\/uploads\/2021\/12\/Bla-te-invita.png\" alt=\"\" width=\"471\" height=\"456\" \/><\/p>\n<p>&nbsp;<\/p>\n<p>&nbsp;<\/p>\n<p style=\"text-align: center;\"><strong>PROPUESTA DE ACTIVIDADES<\/strong><\/p>\n<p>&nbsp;<\/p>\n<p style=\"text-align: center;\"><span style=\"font-size: 14px;\">Tambi\u00e9n para las personas m\u00e1s mayores que form\u00e1is parte de la Fraternidad o de Equipos de Misi\u00f3n Compartida, o simplemente, quer\u00e9is trabajar desde las Escuelas P\u00edas por un mundo y una cultura de paz hemos preparado estos materiales.<\/span><\/p>\n<p style=\"text-align: center;\"><span style=\"font-size: 14px;\">Esperemos os ayuden a la reflexi\u00f3n, la oraci\u00f3n y la acci\u00f3n por la paz y los derechos humanos.<\/span><\/p>\n<p>&nbsp;<\/p>\n<p style=\"text-align: center;\"><span style=\"font-size: 14px;\"><a href=\"https:\/\/www.educa.itakaescolapios.org\/derecho-a-la-educacion\/fraternidad-mision-paz-y-ddhh\" target=\"_blank\" rel=\"noopener noreferrer\">Ficha para la Fraternidad<\/a><\/span><\/p>\n<p style=\"text-align: center;\"><a href=\"https:\/\/www.educa.itakaescolapios.org\/derecho-a-la-educacion\/mision-compartida-campana-paz-y-ddhh\" target=\"_blank\" rel=\"noopener noreferrer\"><span style=\"font-size: 14px;\">Ficha para los Equipos de Misi\u00f3n Compartida<\/span><\/a><\/p>\n<p><\/p>","protected":false},"excerpt":{"rendered":"<p>Sorry, this entry is only available in European Spanish, Basque, French and European Portuguese. &nbsp; &nbsp; PROPUESTA DE ACTIVIDADES &nbsp; Tambi\u00e9n para las personas m\u00e1s mayores [&hellip;]<\/p>\n","protected":false},"author":5,"featured_media":0,"parent":5902,"menu_order":0,"comment_status":"closed","ping_status":"closed","template":"","meta":[],"acf":[],"_links":{"self":[{"href":"https:\/\/www.educa.itakaescolapios.org\/en\/wp-json\/wp\/v2\/pages\/6010"}],"collection":[{"href":"https:\/\/www.educa.itakaescolapios.org\/en\/wp-json\/wp\/v2\/pages"}],"about":[{"href":"https:\/\/www.educa.itakaescolapios.org\/en\/wp-json\/wp\/v2\/types\/page"}],"author":[{"embeddable":true,"href":"https:\/\/www.educa.itakaescolapios.org\/en\/wp-json\/wp\/v2\/users\/5"}],"replies":[{"embeddable":true,"href":"https:\/\/www.educa.itakaescolapios.org\/en\/wp-json\/wp\/v2\/comments?post=6010"}],"version-history":[{"count":12,"href":"https:\/\/www.educa.itakaescolapios.org\/en\/wp-json\/wp\/v2\/pages\/6010\/revisions"}],"predecessor-version":[{"id":6206,"href":"https:\/\/www.educa.itakaescolapios.org\/en\/wp-json\/wp\/v2\/pages\/6010\/revisions\/6206"}],"up":[{"embeddable":true,"href":"https:\/\/www.educa.itakaescolapios.org\/en\/wp-json\/wp\/v2\/pages\/5902"}],"wp:attachment":[{"href":"https:\/\/www.educa.itakaescolapios.org\/en\/wp-json\/wp\/v2\/media?parent=6010"}],"curies":[{"name":"wp","href":"https:\/\/api.w.org\/{rel}","templated":true}]}}