{"id":68,"date":"2017-04-28T12:13:41","date_gmt":"2017-04-28T10:13:41","guid":{"rendered":"http:\/\/www.educa.itakaescolapios.org\/?page_id=68"},"modified":"2020-11-05T12:55:19","modified_gmt":"2020-11-05T11:55:19","slug":"recursos","status":"publish","type":"page","link":"https:\/\/www.educa.itakaescolapios.org\/en\/recursos","title":{"rendered":"Educational Resources"},"content":{"rendered":"<p class=\"qtranxs-available-languages-message qtranxs-available-languages-message-en\">Sorry, this entry is only available in <a href=\"https:\/\/www.educa.itakaescolapios.org\/es\/wp-json\/wp\/v2\/pages\/68\" class=\"qtranxs-available-language-link qtranxs-available-language-link-es\" title=\"Espa\u00f1ol\">European Spanish<\/a>.<\/p><p>Esta es la descripci\u00f3n larga del buscador de recursos pedag\u00f3gicos. Se modifica editando la PAGINA llamada &#8220;campa\u00f1as&#8221;.\u00a0 Despu\u00e9s de la descripci\u00f3n, aparecer\u00e1 el listado de los recursos ( o un buscador ) que ser\u00e1n los POST de cualquier tipo; libro, audio, app, url, etc&#8230; exceptuando los tipos &#8220;campa\u00f1a&#8221; etc&#8230;<\/p>","protected":false},"excerpt":{"rendered":"<p>Sorry, this entry is only available in European Spanish.Esta es la descripci\u00f3n larga del buscador de recursos pedag\u00f3gicos. Se modifica editando la PAGINA llamada &#8220;campa\u00f1as&#8221;.\u00a0 Despu\u00e9s [&hellip;]<\/p>\n","protected":false},"author":1,"featured_media":0,"parent":0,"menu_order":20,"comment_status":"closed","ping_status":"closed","template":"","meta":[],"acf":[],"_links":{"self":[{"href":"https:\/\/www.educa.itakaescolapios.org\/en\/wp-json\/wp\/v2\/pages\/68"}],"collection":[{"href":"https:\/\/www.educa.itakaescolapios.org\/en\/wp-json\/wp\/v2\/pages"}],"about":[{"href":"https:\/\/www.educa.itakaescolapios.org\/en\/wp-json\/wp\/v2\/types\/page"}],"author":[{"embeddable":true,"href":"https:\/\/www.educa.itakaescolapios.org\/en\/wp-json\/wp\/v2\/users\/1"}],"replies":[{"embeddable":true,"href":"https:\/\/www.educa.itakaescolapios.org\/en\/wp-json\/wp\/v2\/comments?post=68"}],"version-history":[{"count":8,"href":"https:\/\/www.educa.itakaescolapios.org\/en\/wp-json\/wp\/v2\/pages\/68\/revisions"}],"predecessor-version":[{"id":2244,"href":"https:\/\/www.educa.itakaescolapios.org\/en\/wp-json\/wp\/v2\/pages\/68\/revisions\/2244"}],"wp:attachment":[{"href":"https:\/\/www.educa.itakaescolapios.org\/en\/wp-json\/wp\/v2\/media?parent=68"}],"curies":[{"name":"wp","href":"https:\/\/api.w.org\/{rel}","templated":true}]}}