{"id":733,"date":"2018-05-24T17:03:26","date_gmt":"2018-05-24T15:03:26","guid":{"rendered":"http:\/\/www.educa.itakaescolapios.org\/?page_id=733"},"modified":"2020-11-05T13:28:58","modified_gmt":"2020-11-05T12:28:58","slug":"2016-2017-semana-de-la-paz","status":"publish","type":"page","link":"https:\/\/www.educa.itakaescolapios.org\/en\/semanas-de-la-paz\/2016-2017-semana-de-la-paz","title":{"rendered":"2016-2017 Expedici\u00f3n Kamda: buscando la Paz"},"content":{"rendered":"<p class=\"qtranxs-available-languages-message qtranxs-available-languages-message-en\">Sorry, this entry is only available in <a href=\"https:\/\/www.educa.itakaescolapios.org\/es\/wp-json\/wp\/v2\/pages\/733\" class=\"qtranxs-available-language-link qtranxs-available-language-link-es\" title=\"Espa\u00f1ol\">European Spanish<\/a>.<\/p><p><a href=\"http:\/\/www.itakaescolapios.org\/wp-content\/uploads\/2017\/01\/Portada-campa\u00f1a-semana-paz-2016-2017.jpg\"><img decoding=\"async\" loading=\"lazy\" class=\"alignleft wp-image-17877\" src=\"http:\/\/www.itakaescolapios.org\/wp-content\/uploads\/2017\/01\/Portada-campa\u00f1a-semana-paz-2016-2017.jpg\" alt=\"Portada campa\u00f1a semana paz 2016-2017\" width=\"250\" height=\"354\" \/><\/a><\/p>\n<p style=\"text-align: justify;\"><span style=\"color: #000000;\">La defensa del cumplimiento de los derechos humanos para todos los pueblos nos incumbe a todas y todos. En este sentido la sociedad civil se ha de concienciar cada vez m\u00e1s de la gran responsabilidad que tiene en la construcci\u00f3n de un mundo m\u00e1s justo. Es necesario buscar f\u00f3rmulas para trabajar una EDUCACI\u00d3N EN VALORES que, progresivamente y desde la infancia, lleve a planteamientos de compromiso y participaci\u00f3n de la sociedad civil en los problemas sociales que nos rodean e incumben a todos. En este contexto, la escuela se ha convertido en un lugar privilegiado donde poder desarrollar este tipo de actividades, debido a su enorme potencial transformador sobre la persona. La formaci\u00f3n para la paz, la cooperaci\u00f3n y la solidaridad entre los pueblos es, una de las principales finalidades que se plantea este sistema educativo, y por eso se trabaja de modo transversal. Sin embargo, el trabajar continuamente desde las transversales estos conceptos no impide que sintamos la necesidad de que existan fechas concretas, que nos recuerden que todav\u00eda hay situaciones sociales complejas.<\/span><\/p>\n<p><\/p>","protected":false},"excerpt":{"rendered":"<p>Sorry, this entry is only available in European Spanish. La defensa del cumplimiento de los derechos humanos para todos los pueblos nos incumbe a todas y [&hellip;]<\/p>\n","protected":false},"author":1,"featured_media":2388,"parent":713,"menu_order":95,"comment_status":"closed","ping_status":"closed","template":"","meta":[],"acf":[],"_links":{"self":[{"href":"https:\/\/www.educa.itakaescolapios.org\/en\/wp-json\/wp\/v2\/pages\/733"}],"collection":[{"href":"https:\/\/www.educa.itakaescolapios.org\/en\/wp-json\/wp\/v2\/pages"}],"about":[{"href":"https:\/\/www.educa.itakaescolapios.org\/en\/wp-json\/wp\/v2\/types\/page"}],"author":[{"embeddable":true,"href":"https:\/\/www.educa.itakaescolapios.org\/en\/wp-json\/wp\/v2\/users\/1"}],"replies":[{"embeddable":true,"href":"https:\/\/www.educa.itakaescolapios.org\/en\/wp-json\/wp\/v2\/comments?post=733"}],"version-history":[{"count":3,"href":"https:\/\/www.educa.itakaescolapios.org\/en\/wp-json\/wp\/v2\/pages\/733\/revisions"}],"predecessor-version":[{"id":2389,"href":"https:\/\/www.educa.itakaescolapios.org\/en\/wp-json\/wp\/v2\/pages\/733\/revisions\/2389"}],"up":[{"embeddable":true,"href":"https:\/\/www.educa.itakaescolapios.org\/en\/wp-json\/wp\/v2\/pages\/713"}],"wp:featuredmedia":[{"embeddable":true,"href":"https:\/\/www.educa.itakaescolapios.org\/en\/wp-json\/wp\/v2\/media\/2388"}],"wp:attachment":[{"href":"https:\/\/www.educa.itakaescolapios.org\/en\/wp-json\/wp\/v2\/media?parent=733"}],"curies":[{"name":"wp","href":"https:\/\/api.w.org\/{rel}","templated":true}]}}