{"id":7709,"date":"2023-11-13T17:38:34","date_gmt":"2023-11-13T16:38:34","guid":{"rendered":"https:\/\/www.educa.itakaescolapios.org\/?page_id=7709"},"modified":"2024-02-14T11:09:29","modified_gmt":"2024-02-14T10:09:29","slug":"actividades-para-la-transformacion-social","status":"publish","type":"page","link":"https:\/\/www.educa.itakaescolapios.org\/en\/campanas\/2023-2024-en-algun-lugar-del-mundo\/carteleria-y-ambientacion-en-algun-lugar-del-mundo\/actividades-para-la-transformacion-social","title":{"rendered":"Awareness raising activities"},"content":{"rendered":"<p><\/p>\n<p style=\"text-align: justify;\"><span style=\"font-family: arial, helvetica, sans-serif;\">As every year, you can find activities to work in the classroom, or for the groups of the Calasanz Movement, prayers, and also activities to work with groups and communities of adults.<\/span><\/p>\n<p style=\"text-align: justify;\"><span style=\"font-family: arial, helvetica, sans-serif;\">From here you can access according to missions and ages: \u00a0<\/span><\/p>\n<p>&nbsp;<\/p>\n<p><span style=\"text-decoration: underline; font-size: 20px;\"><strong><span style=\"font-family: arial, helvetica, sans-serif;\">De 3 a 7 a\u00f1os. Sensibilizaci\u00f3n y Comunicaci\u00f3n.\u00a0<\/span><\/strong><\/span><\/p>\n<ol>\n<li><a href=\"https:\/\/www.educa.itakaescolapios.org\/interculturalidad\/a-traves-del-juego\" target=\"_blank\" rel=\"noopener\"><span style=\"font-size: 14px; font-family: arial, helvetica, sans-serif;\">Actividad Movimiento Calasanz. A trav\u00e9s del juego.<\/span><\/a><\/li>\n<li><a href=\"https:\/\/www.educa.itakaescolapios.org\/enfoque-local-global\/la-solidaridad-es-una-parte-de-mi-lugar\" target=\"_blank\" rel=\"noopener\"><span style=\"font-size: 14px; font-family: arial, helvetica, sans-serif;\">Actividad Movimiento Calasanz. La solidaridad es una parte de mi lugar.<\/span><\/a><\/li>\n<li><span style=\"font-family: arial, helvetica, sans-serif; font-size: 14px;\">Prayer<\/span><\/li>\n<li><a href=\"https:\/\/www.educa.itakaescolapios.org\/experiencia\/equipo-de-comunicacion-infantil-itaka-escolapios-3-5-anos\" target=\"_blank\" rel=\"noopener\"><span style=\"font-size: 14px; font-family: arial, helvetica, sans-serif;\">Proyecto de Aprendizaje-Servicio (3-5 a\u00f1os)<\/span><\/a><\/li>\n<li><a href=\"https:\/\/www.educa.itakaescolapios.org\/experiencia\/equipo-de-comunicacion-infantil-itaka-escolapios\" target=\"_blank\" rel=\"noopener\"><span style=\"font-size: 14px; font-family: arial, helvetica, sans-serif;\">Proyecto de Aprendizaje-Servicio (6-7a\u00f1os)<\/span><\/a><\/li>\n<\/ol>\n<p>&nbsp;<\/p>\n<p><span style=\"text-decoration: underline; font-size: 20px;\"><strong><span style=\"font-family: arial, helvetica, sans-serif;\">De 8 a 10 a\u00f1os. Derechos de la Infancia.\u00a0<\/span><\/strong><\/span><\/p>\n<ol>\n<li><a href=\"https:\/\/www.educa.itakaescolapios.org\/derecho-a-la-educacion\/tus-derechos-mis-derechos\" target=\"_blank\" rel=\"noopener\"><span style=\"font-size: 14px; font-family: arial, helvetica, sans-serif;\">Actividad Movimiento Calasanz. Tus derechos, mis derechos.<\/span><\/a><\/li>\n<li><span style=\"font-family: arial, helvetica, sans-serif; font-size: 14px;\">Prayer.<\/span><\/li>\n<li><a href=\"https:\/\/www.educa.itakaescolapios.org\/experiencia\/nuestro-lugar-por-derecho\" target=\"_blank\" rel=\"noopener\"><span style=\"font-size: 14px; font-family: arial, helvetica, sans-serif;\">Proyecto de Aprendizaje-Servicio (8-10 a\u00f1os)<\/span><\/a><\/li>\n<\/ol>\n<p>&nbsp;<\/p>\n<p><span style=\"font-family: arial, helvetica, sans-serif; font-size: 20px;\"><strong><u><img decoding=\"async\" loading=\"lazy\" class=\"alignright\" src=\"https:\/\/www.educa.itakaescolapios.org\/wp-content\/uploads\/2020\/11\/mano-click-verde-en-el-medio-scaled.jpg\" alt=\"\" width=\"20%\" height=\"20%\" \/><\/u><\/strong><\/span><\/p>\n<p><span style=\"text-decoration: underline; font-size: 20px;\"><strong><span style=\"font-family: arial, helvetica, sans-serif;\">De 10 a 12 a\u00f1os. Desperdicio alimentario.\u00a0<\/span><\/strong><\/span><\/p>\n<ol>\n<li><a href=\"https:\/\/www.educa.itakaescolapios.org\/derecho-a-la-educacion\/experimento-comparte\" target=\"_blank\" rel=\"noopener\"><span style=\"font-size: 14px; font-family: arial, helvetica, sans-serif;\">Actividad Movimiento Calasanz. Experimento comparte.<\/span><\/a><\/li>\n<li><a href=\"https:\/\/www.educa.itakaescolapios.org\/sostenibilidad\/los-alimentos\" target=\"_blank\" rel=\"noopener\"><span style=\"font-family: arial, helvetica, sans-serif; font-size: 14px;\">Actividad Movimiento Calasanz. Los alimentos.<\/span><\/a><\/li>\n<li><span style=\"font-family: arial, helvetica, sans-serif; font-size: 14px;\">Prayer.<\/span><\/li>\n<li><a href=\"https:\/\/www.educa.itakaescolapios.org\/experiencia\/colaborando-con-sukal-ante-el-desperdicio-alimentario\" target=\"_blank\" rel=\"noopener\"><span style=\"font-size: 14px; font-family: arial, helvetica, sans-serif;\">Proyecto de Aprendizaje-Servicio (10-12 a\u00f1os)<\/span><\/a><\/li>\n<\/ol>\n<p>&nbsp;<\/p>\n<p><span style=\"text-decoration: underline; font-size: 20px;\"><strong><span style=\"font-family: arial, helvetica, sans-serif;\">De 12 a 15 a\u00f1os. Medio ambiente.\u00a0<\/span><\/strong><\/span><\/p>\n<ol>\n<li><a href=\"https:\/\/www.educa.itakaescolapios.org\/enfoque-local-global\/mi-lugar-la-creacion-de-dios\" target=\"_blank\" rel=\"noopener\"><span style=\"font-size: 14px; font-family: arial, helvetica, sans-serif;\">Actividad Movimiento Calasanz. Mi lugar, la creaci\u00f3n de Dios.<\/span><\/a><\/li>\n<li><span style=\"font-family: arial, helvetica, sans-serif; font-size: 14px;\">Prayer<\/span><span style=\"font-family: arial, helvetica, sans-serif; font-size: 14px;\">.<\/span><\/li>\n<li><a href=\"https:\/\/www.educa.itakaescolapios.org\/experiencia\/parques-sostenibles\" target=\"_blank\" rel=\"noopener\"><span style=\"font-size: 14px; font-family: arial, helvetica, sans-serif;\">Proyecto de Aprendizaje-Servicio (12-15 a\u00f1os).<\/span><\/a><\/li>\n<\/ol>\n<p>&nbsp;<\/p>\n<p><span style=\"text-decoration: underline; font-size: 20px;\"><strong><span style=\"font-family: arial, helvetica, sans-serif;\">De 15 a 18 a\u00f1os. Transformaci\u00f3n Social.\u00a0<\/span><\/strong><\/span><\/p>\n<ol>\n<li><span style=\"font-size: 14px; font-family: arial, helvetica, sans-serif;\"><a href=\"https:\/\/www.educa.itakaescolapios.org\/enfoque-local-global\/seamos-colibris\" target=\"_blank\" rel=\"noopener\">Actividad Movimiento Calasanz. Seamos colibr\u00eds<\/a>.\u00a0<\/span><\/li>\n<li><span style=\"font-family: arial, helvetica, sans-serif; font-size: 14px;\">Prayer.<\/span><\/li>\n<li><a href=\"https:\/\/www.educa.itakaescolapios.org\/experiencia\/acercate-a-la-realidad\" target=\"_blank\" rel=\"noopener\"><span style=\"font-size: 14px; font-family: arial, helvetica, sans-serif;\">Proyecto de Aprendizaje-Servicio (15-18 a\u00f1os)<\/span><\/a><\/li>\n<\/ol>\n<p>&nbsp;<\/p>\n<p><strong><span style=\"font-family: arial, helvetica, sans-serif;\"><span style=\"font-size: 20px;\"><u>Para trabajar con personas adultas\u00a0<\/u><\/span><\/span><\/strong><\/p>\n<ol>\n<li><span style=\"font-size: 14px; font-family: arial, helvetica, sans-serif;\"><a href=\"https:\/\/www.educa.itakaescolapios.org\/derecho-a-la-educacion\/latiendo-con-cocapata\" target=\"_blank\" rel=\"noopener\">Sensibilizaci\u00f3n y Comunicaci\u00f3n<\/a>.<\/span><\/li>\n<li><a href=\"https:\/\/www.educa.itakaescolapios.org\/derecho-a-la-educacion\/cuidando-sus-pequenos-pasos\" target=\"_blank\" rel=\"noopener\"><span style=\"font-size: 14px; font-family: arial, helvetica, sans-serif;\">Derechos de la Infancia.<\/span><\/a><\/li>\n<li><span style=\"font-size: 14px; font-family: arial, helvetica, sans-serif;\"><a href=\"https:\/\/www.educa.itakaescolapios.org\/sostenibilidad\/reciclando-vida\" target=\"_blank\" rel=\"noopener\">Desperdicio alimentario<\/a>.<\/span><\/li>\n<li><span style=\"font-family: arial, helvetica, sans-serif; font-size: 14px;\"><a href=\"https:\/\/www.educa.itakaescolapios.org\/sostenibilidad\/chipahua\" target=\"_blank\" rel=\"noopener\">Medio ambiente<\/a>.<\/span><\/li>\n<li><a href=\"https:\/\/www.educa.itakaescolapios.org\/derecho-a-la-educacion\/cambio-y-transformacion\" target=\"_blank\" rel=\"noopener\"><span style=\"font-size: 14px; font-family: arial, helvetica, sans-serif;\">Transformaci\u00f3n Social.<\/span><\/a><\/li>\n<li><span style=\"font-family: arial, helvetica, sans-serif; font-size: 14px;\">Prayer.<\/span><\/li>\n<\/ol>\n<p>&nbsp;<\/p>\n<p><strong><span style=\"font-family: arial, helvetica, sans-serif;\"><span style=\"font-size: 20px;\"><u><a href=\"https:\/\/www.educa.itakaescolapios.org\/campanas\/2023-2024-en-algun-lugar-del-mundo\/carteleria-y-ambientacion-en-algun-lugar-del-mundo\" target=\"_blank\" rel=\"noopener\">Posters and atmosphere.<\/a>\u00a0<\/u><\/span><\/span><\/strong><\/p>\n<p>&nbsp;<\/p>\n<ul>\n<li style=\"list-style-type: none;\"><\/li>\n<\/ul>\n<p><span style=\"font-family: arial, helvetica, sans-serif;\"><img decoding=\"async\" loading=\"lazy\" class=\"aligncenter\" src=\"https:\/\/www.educa.itakaescolapios.org\/wp-content\/uploads\/2023\/11\/BANNERS-CI-2324-ING-ALARGADO-scaled.jpg\" alt=\"\" width=\"100%\" height=\"100%\" \/><\/span><\/p>","protected":false},"excerpt":{"rendered":"<p>As every year, you can find activities to work in the classroom, or for the groups of the Calasanz Movement, prayers, and also activities to work [&hellip;]<\/p>\n","protected":false},"author":9,"featured_media":0,"parent":7705,"menu_order":0,"comment_status":"closed","ping_status":"closed","template":"","meta":[],"acf":[],"_links":{"self":[{"href":"https:\/\/www.educa.itakaescolapios.org\/en\/wp-json\/wp\/v2\/pages\/7709"}],"collection":[{"href":"https:\/\/www.educa.itakaescolapios.org\/en\/wp-json\/wp\/v2\/pages"}],"about":[{"href":"https:\/\/www.educa.itakaescolapios.org\/en\/wp-json\/wp\/v2\/types\/page"}],"author":[{"embeddable":true,"href":"https:\/\/www.educa.itakaescolapios.org\/en\/wp-json\/wp\/v2\/users\/9"}],"replies":[{"embeddable":true,"href":"https:\/\/www.educa.itakaescolapios.org\/en\/wp-json\/wp\/v2\/comments?post=7709"}],"version-history":[{"count":50,"href":"https:\/\/www.educa.itakaescolapios.org\/en\/wp-json\/wp\/v2\/pages\/7709\/revisions"}],"predecessor-version":[{"id":8409,"href":"https:\/\/www.educa.itakaescolapios.org\/en\/wp-json\/wp\/v2\/pages\/7709\/revisions\/8409"}],"up":[{"embeddable":true,"href":"https:\/\/www.educa.itakaescolapios.org\/en\/wp-json\/wp\/v2\/pages\/7705"}],"wp:attachment":[{"href":"https:\/\/www.educa.itakaescolapios.org\/en\/wp-json\/wp\/v2\/media?parent=7709"}],"curies":[{"name":"wp","href":"https:\/\/api.w.org\/{rel}","templated":true}]}}