{"id":1521,"date":"2018-12-12T15:57:09","date_gmt":"2018-12-12T14:57:09","guid":{"rendered":"http:\/\/www.educa.itakaescolapios.org\/?page_id=1521"},"modified":"2018-12-12T15:57:09","modified_gmt":"2018-12-12T14:57:09","slug":"itaka-escolapios-y-la-educacion-para-la-paz","status":"publish","type":"page","link":"https:\/\/www.educa.itakaescolapios.org\/eu\/semanas-de-la-paz\/2012-2013-semana-de-la-paz\/itaka-escolapios-y-la-educacion-para-la-paz","title":{"rendered":"ITAKA-ESCOLAPIOS Y LA EDUCACI\u00d3N PARA LA PAZ"},"content":{"rendered":"<p class=\"qtranxs-available-languages-message qtranxs-available-languages-message-eu\">Sentitzen dugu, baina sarrera hau <a href=\"https:\/\/www.educa.itakaescolapios.org\/es\/wp-json\/wp\/v2\/pages\/1521\" class=\"qtranxs-available-language-link qtranxs-available-language-link-es\" title=\"Espa\u00f1ol\">Espainiera (Europa)<\/a>-z bakarrik dago.<\/p><p><\/p>\n<p><img decoding=\"async\" loading=\"lazy\" class=\"alignleft size-medium wp-image-1522\" src=\"http:\/\/www.educa.itakaescolapios.org\/wp-content\/uploads\/2018\/12\/paloma-con-paz1-300x300.jpg\" alt=\"\" width=\"300\" height=\"300\" srcset=\"https:\/\/www.educa.itakaescolapios.org\/wp-content\/uploads\/2018\/12\/paloma-con-paz1-300x300.jpg 300w, https:\/\/www.educa.itakaescolapios.org\/wp-content\/uploads\/2018\/12\/paloma-con-paz1-150x150.jpg 150w, https:\/\/www.educa.itakaescolapios.org\/wp-content\/uploads\/2018\/12\/paloma-con-paz1-250x250.jpg 250w, https:\/\/www.educa.itakaescolapios.org\/wp-content\/uploads\/2018\/12\/paloma-con-paz1.jpg 346w\" sizes=\"(max-width: 300px) 100vw, 300px\" \/>En torno al \u00a030 de enero,\u00a0se celebra en numerosos centros educativos el aniversario de la muerte de Gandhi y d\u00eda Escolar de la No Violencia y la Paz. La formaci\u00f3n para la paz, la cooperaci\u00f3n y la solidaridad entre los pueblos es, una de las principales finalidades que se plantea en nuestro sistema educativo, y por eso se trabaja de modo transversal desde la implantaci\u00f3n de la LOGSE. Sin embargo, el trabajar continuamente desde las transversales estos conceptos (la paz, concretamente, dentro de Educaci\u00f3n Moral, Educaci\u00f3n para la Convivencia y la Paz) no impide que sintamos la necesidad de que existan fechas concretas, que nos recuerden que todav\u00eda hay situaciones sociales complejas. Esta celebraci\u00f3n es, por tanto, una oportunidad m\u00e1s de contribuir a que los centros escolares se conviertan en instrumentos de paz y entendimiento entre personas de distinta formaci\u00f3n, raza, cultura y religi\u00f3n. No hemos de olvidar que la escuela es un reflejo de una sociedad con la que comparte defectos, pero en ella tambi\u00e9n se educa para la vida y se busca desarrollar en los alumnos las capacidades y competencias necesarias para una participaci\u00f3n social activa. Por todo ello, hemos de contribuir, a trav\u00e9s de la educaci\u00f3n, a la concienciaci\u00f3n de todos en la construcci\u00f3n de un mundo mejor, un mundo m\u00e1s justo y m\u00e1s humano que permita que todos los individuos tengan la misma oportunidad de desarrollar plenamente sus facultades en el seno de una sociedad democr\u00e1tica, libre, justa, responsable y en paz.<\/p>\n<p>A partir del planteamiento del proyecto, desde Itaka Escolapios se ha dise\u00f1ado una Campa\u00f1a, que puede abarcar toda una semana, para celebrar el D\u00eda Escolar de la No-violencia y la Paz.\u00a0 El principal objetivo es concienciar al alumnado, profesorado y familias que, a partir de peque\u00f1os gestos positivos, pueden cambiar las cosas y construir as\u00ed entre todos, una cultura y realidad de paz. Creemos en la frase de Eduardo Galeano: \u201cMucha gente peque\u00f1a, en lugares peque\u00f1os, haciendo peque\u00f1as cosas, puede cambiar el mundo\u201d, y sobre todo, queremos que los ni\u00f1os y las ni\u00f1as de nuestros pueblos y ciudades crean en ello y crezcan con la confianza de que su implicaci\u00f3n y activismo social son importantes, efectivos y necesarios.<\/p>\n<p>Este a\u00f1o queremos aportar un\u00a0<a href=\"http:\/\/www.itakaescolapios.org\/semana-de-la-paz\/dossier-de-actividades\/\" target=\"_blank\" rel=\"noopener\">BOTIQU\u00cdN CON HERRAMIENTAS<\/a>\u00a0que nos permita construir JUNTOS un mundo m\u00e1s justo y en paz.<\/p>\n<p>Si quer\u00e9is conocer algunas de las actividades que se desarrollan en nuestras sedes pod\u00e9is hacerlo pinchando en los siguientes links:<\/p>\n<ul>\n<li><a href=\"http:\/\/www.itakaescolapios.org\/que-hacemos\/sensibilizacion\/paz\/semana-de-la-paz-bilbao\/\">Bilbao<\/a><\/li>\n<li><a href=\"http:\/\/www.itakaescolapios.org\/que-hacemos\/sensibilizacion\/paz\/semana-de-la-paz-cordoba\/\">C\u00f3rdoba<\/a><\/li>\n<li><a href=\"http:\/\/www.itakaescolapios.org\/que-hacemos\/sensibilizacion\/paz\/semana-de-la-paz-granada\/\">Granada<\/a><\/li>\n<li><a href=\"http:\/\/www.itakaescolapios.org\/que-hacemos\/sensibilizacion\/paz\/semana-de-la-paz-tafalla\/\">Tafalla<\/a><\/li>\n<li><a href=\"http:\/\/www.itakaescolapios.org\/que-hacemos\/sensibilizacion\/paz\/semana-de-la-paz-tolosa\/\">Tolosa<\/a><\/li>\n<\/ul>\n<p><\/p>","protected":false},"excerpt":{"rendered":"<p>Sentitzen dugu, baina sarrera hau Espainiera (Europa)-z bakarrik dago. En torno al \u00a030 de enero,\u00a0se celebra en numerosos centros educativos el aniversario de la muerte de [&hellip;]<\/p>\n","protected":false},"author":1,"featured_media":0,"parent":715,"menu_order":0,"comment_status":"closed","ping_status":"closed","template":"","meta":[],"acf":[],"_links":{"self":[{"href":"https:\/\/www.educa.itakaescolapios.org\/eu\/wp-json\/wp\/v2\/pages\/1521"}],"collection":[{"href":"https:\/\/www.educa.itakaescolapios.org\/eu\/wp-json\/wp\/v2\/pages"}],"about":[{"href":"https:\/\/www.educa.itakaescolapios.org\/eu\/wp-json\/wp\/v2\/types\/page"}],"author":[{"embeddable":true,"href":"https:\/\/www.educa.itakaescolapios.org\/eu\/wp-json\/wp\/v2\/users\/1"}],"replies":[{"embeddable":true,"href":"https:\/\/www.educa.itakaescolapios.org\/eu\/wp-json\/wp\/v2\/comments?post=1521"}],"version-history":[{"count":1,"href":"https:\/\/www.educa.itakaescolapios.org\/eu\/wp-json\/wp\/v2\/pages\/1521\/revisions"}],"predecessor-version":[{"id":1523,"href":"https:\/\/www.educa.itakaescolapios.org\/eu\/wp-json\/wp\/v2\/pages\/1521\/revisions\/1523"}],"up":[{"embeddable":true,"href":"https:\/\/www.educa.itakaescolapios.org\/eu\/wp-json\/wp\/v2\/pages\/715"}],"wp:attachment":[{"href":"https:\/\/www.educa.itakaescolapios.org\/eu\/wp-json\/wp\/v2\/media?parent=1521"}],"curies":[{"name":"wp","href":"https:\/\/api.w.org\/{rel}","templated":true}]}}