{"id":2324,"date":"2020-07-02T21:19:24","date_gmt":"2020-07-02T19:19:24","guid":{"rendered":"https:\/\/www.educa.itakaescolapios.org\/?page_id=2324"},"modified":"2020-07-02T21:20:08","modified_gmt":"2020-07-02T19:20:08","slug":"actividades-para-los-y-las-mas-pequenas","status":"publish","type":"page","link":"https:\/\/www.educa.itakaescolapios.org\/eu\/campanas\/2019-2020-compartiendo-mucha-vida\/actividades-para-los-y-las-mas-pequenas","title":{"rendered":"ACTIVIDADES PARA LOS Y LAS M\u00c1S PEQUE\u00d1AS"},"content":{"rendered":"<p class=\"qtranxs-available-languages-message qtranxs-available-languages-message-eu\">Sentitzen dugu, baina sarrera hau <a href=\"https:\/\/www.educa.itakaescolapios.org\/es\/wp-json\/wp\/v2\/pages\/2324\" class=\"qtranxs-available-language-link qtranxs-available-language-link-es\" title=\"Espa\u00f1ol\">Espainiera (Europa)<\/a>-z bakarrik dago.<\/p><p><img decoding=\"async\" loading=\"lazy\" class=\"alignleft size-medium wp-image-2325\" src=\"https:\/\/www.educa.itakaescolapios.org\/wp-content\/uploads\/2020\/07\/ELIKIA-ESENGO_color-214x300.jpg\" alt=\"\" width=\"214\" height=\"300\" srcset=\"https:\/\/www.educa.itakaescolapios.org\/wp-content\/uploads\/2020\/07\/ELIKIA-ESENGO_color-214x300.jpg 214w, https:\/\/www.educa.itakaescolapios.org\/wp-content\/uploads\/2020\/07\/ELIKIA-ESENGO_color-731x1024.jpg 731w, https:\/\/www.educa.itakaescolapios.org\/wp-content\/uploads\/2020\/07\/ELIKIA-ESENGO_color-768x1075.jpg 768w, https:\/\/www.educa.itakaescolapios.org\/wp-content\/uploads\/2020\/07\/ELIKIA-ESENGO_color-1097x1536.jpg 1097w, https:\/\/www.educa.itakaescolapios.org\/wp-content\/uploads\/2020\/07\/ELIKIA-ESENGO_color-1463x2048.jpg 1463w, https:\/\/www.educa.itakaescolapios.org\/wp-content\/uploads\/2020\/07\/ELIKIA-ESENGO_color-250x350.jpg 250w, https:\/\/www.educa.itakaescolapios.org\/wp-content\/uploads\/2020\/07\/ELIKIA-ESENGO_color-scaled.jpg 1829w\" sizes=\"(max-width: 214px) 100vw, 214px\" \/><\/p>\n<p>&nbsp;<\/p>\n<p>&nbsp;<\/p>\n<p>&nbsp;<\/p>\n<p>Esengo nos hace una propuesta de actividades para los y las m\u00e1s peque\u00f1as, aquellas que inician su andadura en nuestros centros educativos. Ni\u00f1os y ni\u00f1as de las etapas de infantil, kinder, maternal \u2026<\/p>\n<p>En primer lugar encontrar\u00e1s los videos informativos de cada uno de los proyectos y tras ellos una tabla con las actividades propuestas para los y las m\u00e1s peque\u00f1as.<\/p>\n<p>&nbsp;<\/p>\n<p>&nbsp;<\/p>\n<p>&nbsp;<\/p>\n<p>&nbsp;<\/p>\n<p>&nbsp;<\/p>\n<p>&nbsp;<\/p>\n<p>CAMPECHE\u00a0 \u00a0 \u00a0 \u00a0 \u00a0 \u00a0 \u00a0 \u00a0 \u00a0 \u00a0 \u00a0 \u00a0 \u00a0 \u00a0 \u00a0 \u00a0 \u00a0 \u00a0 \u00a0 \u00a0 \u00a0 \u00a0 \u00a0 \u00a0 \u00a0 \u00a0 \u00a0 \u00a0 COCHABAMBA<\/p>\n<p><iframe loading=\"lazy\" src=\"https:\/\/www.youtube.com\/embed\/tYkYhMdRhRs\" width=\"252\" height=\"142\" frameborder=\"0\" allowfullscreen=\"allowfullscreen\" data-mce-fragment=\"1\"><\/iframe> <iframe loading=\"lazy\" src=\"https:\/\/www.youtube.com\/embed\/psXdkV4qwN4\" width=\"252\" height=\"142\" frameborder=\"0\" allowfullscreen=\"allowfullscreen\" data-mce-fragment=\"1\"><\/iframe><\/p>\n<p>LA PUYA\u00a0 \u00a0 \u00a0 \u00a0 \u00a0 \u00a0 \u00a0 \u00a0 \u00a0 \u00a0 \u00a0 \u00a0 \u00a0 \u00a0 \u00a0 \u00a0 \u00a0 \u00a0 \u00a0 \u00a0 \u00a0 \u00a0 \u00a0 \u00a0 \u00a0 \u00a0 \u00a0 \u00a0 \u00a0 \u00a0 \u00a0ARACAJU<br \/>\n<iframe loading=\"lazy\" src=\"https:\/\/www.youtube.com\/embed\/yNt3oCwhZCg\" width=\"252\" height=\"142\" frameborder=\"0\" allowfullscreen=\"allowfullscreen\" data-mce-fragment=\"1\"><\/iframe> <iframe loading=\"lazy\" src=\"https:\/\/www.youtube.com\/embed\/nz-5_DMhtT4\" width=\"252\" height=\"142\" frameborder=\"0\" allowfullscreen=\"allowfullscreen\" data-mce-fragment=\"1\"><\/iframe><\/p>\n<p>BARQUISIMETO<br \/>\n<iframe loading=\"lazy\" src=\"https:\/\/www.youtube.com\/embed\/dQ2jChgLUBA\" width=\"252\" height=\"142\" frameborder=\"0\" allowfullscreen=\"allowfullscreen\" data-mce-fragment=\"1\"><\/iframe><\/p>\n<table width=\"522\">\n<tbody>\n<tr>\n<td width=\"80\">Edad<\/td>\n<td width=\"114\">FICHA ACTIVIDAD<\/td>\n<td colspan=\"7\" width=\"248\">ANEXOS<\/td>\n<td width=\"80\"><\/td>\n<\/tr>\n<tr>\n<td width=\"80\">3 \u2013 4 a\u00f1os<\/td>\n<td width=\"114\"><strong><a href=\"https:\/\/www.itakaescolapios.org\/wp-content\/uploads\/2019\/11\/MEMORY.pdf\" target=\"_blank\" rel=\"noopener noreferrer\">MEMORY<\/a><\/strong><\/td>\n<td width=\"28\"><a href=\"https:\/\/www.itakaescolapios.org\/wp-content\/uploads\/2019\/11\/ANEXO-0_MEMORY.pdf\" target=\"_blank\" rel=\"noopener noreferrer\">0<\/a><\/td>\n<td width=\"28\"><a href=\"https:\/\/www.itakaescolapios.org\/wp-content\/uploads\/2019\/11\/ANEXO-1_MEMORY_Elykia-Esengo-y-Jiwa.pdf\" target=\"_blank\" rel=\"noopener noreferrer\">1<\/a><\/td>\n<td width=\"28\"><a href=\"https:\/\/www.itakaescolapios.org\/wp-content\/uploads\/2019\/11\/ANEXO-2_MEMORY_Quisap-y-Marine.pdf\" target=\"_blank\" rel=\"noopener noreferrer\">2<\/a><\/td>\n<td width=\"28\"><a href=\"https:\/\/www.itakaescolapios.org\/wp-content\/uploads\/2019\/11\/ANEXO-3_MEMORY_Bla.pdf\" target=\"_blank\" rel=\"noopener noreferrer\">3<\/a><\/td>\n<td width=\"28\"><a href=\"https:\/\/www.itakaescolapios.org\/wp-content\/uploads\/2019\/11\/ANEXO-4_MEMORY_Sukal.pdf\" target=\"_blank\" rel=\"noopener noreferrer\">4<\/a><\/td>\n<td width=\"28\"><a href=\"https:\/\/www.itakaescolapios.org\/wp-content\/uploads\/2019\/11\/ANEXO-5_MEMORY_Actividad-final.pdf\" target=\"_blank\" rel=\"noopener noreferrer\">5<\/a><\/td>\n<td width=\"80\"><a href=\"https:\/\/www.itakaescolapios.org\/wp-content\/uploads\/2019\/11\/ANEXO_-Juego-Memory.pdf\">Juego<\/a><\/td>\n<td width=\"80\"><a href=\"https:\/\/www.itakaescolapios.org\/wp-content\/uploads\/2019\/11\/ANEXO_Diploma.pdf\" target=\"_blank\" rel=\"noopener noreferrer\">Diploma<\/a><\/td>\n<\/tr>\n<tr>\n<td width=\"80\">4 \u2013 5 a\u00f1os<\/td>\n<td width=\"114\"><strong><a href=\"https:\/\/www.itakaescolapios.org\/wp-content\/uploads\/2019\/11\/COMPLEMENTOS.pdf\" target=\"_blank\" rel=\"noopener noreferrer\">COMPLEMENTOS<\/a><\/strong><\/td>\n<td width=\"28\"><\/td>\n<td width=\"28\"><a href=\"https:\/\/www.itakaescolapios.org\/wp-content\/uploads\/2019\/11\/ANEXO-1_COMPLEMENTOS_Elykia-Esengo-y-Jiwa.pdf\">1<\/a><\/td>\n<td width=\"28\"><a href=\"https:\/\/www.itakaescolapios.org\/wp-content\/uploads\/2019\/11\/ANEXO-2_COMPLEMENTOS_Quisap-y-Marine.pdf\">2<\/a><\/td>\n<td width=\"28\"><a href=\"https:\/\/www.itakaescolapios.org\/wp-content\/uploads\/2019\/11\/ANEXO-3_COMPLEMENTOS_Bla.pdf\" target=\"_blank\" rel=\"noopener noreferrer\">3<\/a><\/td>\n<td width=\"28\"><a href=\"https:\/\/www.itakaescolapios.org\/wp-content\/uploads\/2019\/11\/ANEXO-4_COMPLEMENTOS_Sukal.pdf\" target=\"_blank\" rel=\"noopener noreferrer\">4<\/a><\/td>\n<td width=\"28\"><a href=\"https:\/\/www.itakaescolapios.org\/wp-content\/uploads\/2019\/11\/ANEXO-5_COMPLEMENTOS_Actividad-final.pdf\" target=\"_blank\" rel=\"noopener noreferrer\">5<\/a><\/td>\n<td width=\"80\"><a href=\"https:\/\/www.itakaescolapios.org\/wp-content\/uploads\/2019\/11\/ANEXO-CIRCULAR-FAMILIAS-bueno.pdf\" target=\"_blank\" rel=\"noopener noreferrer\">Circular<\/a><\/td>\n<td width=\"80\"><a href=\"https:\/\/www.itakaescolapios.org\/wp-content\/uploads\/2019\/11\/ANEXO_Diploma.pdf\" target=\"_blank\" rel=\"noopener noreferrer\">Diploma<\/a><\/td>\n<\/tr>\n<tr>\n<td width=\"80\">5 \u2013 6 a\u00f1os<\/td>\n<td width=\"114\"><strong><a href=\"https:\/\/www.itakaescolapios.org\/wp-content\/uploads\/2019\/11\/EXPEDICI\u00d3N.pdf\" target=\"_blank\" rel=\"noopener noreferrer\">EXPEDICI\u00d3N<\/a><\/strong><\/td>\n<td width=\"28\"><\/td>\n<td width=\"28\"><a href=\"https:\/\/www.itakaescolapios.org\/wp-content\/uploads\/2019\/11\/ANEXO-1_EXPEDICI\u00d3N_Elykia-Esengo-y-Jiwa.pdf\" target=\"_blank\" rel=\"noopener noreferrer\">1<\/a><\/td>\n<td width=\"28\"><a href=\"https:\/\/www.itakaescolapios.org\/wp-content\/uploads\/2019\/11\/ANEXO-2_EXPEDICI\u00d3N_Quisap-y-Marine.pdf\" target=\"_blank\" rel=\"noopener noreferrer\">2<\/a><\/td>\n<td width=\"28\"><a href=\"https:\/\/www.itakaescolapios.org\/wp-content\/uploads\/2019\/11\/ANEXO-3_EXPEDICI\u00d3N_Bla.pdf\" target=\"_blank\" rel=\"noopener noreferrer\">3<\/a><\/td>\n<td width=\"28\"><a href=\"https:\/\/www.itakaescolapios.org\/wp-content\/uploads\/2019\/11\/ANEXO-4_EXPEDICI\u00d3N_Sukal.pdf\" target=\"_blank\" rel=\"noopener noreferrer\">4<\/a><\/td>\n<td width=\"28\"><a href=\"https:\/\/www.itakaescolapios.org\/wp-content\/uploads\/2019\/11\/ANEXO-5_EXPEDICI\u00d3N_Actividad-final.pdf\">5<\/a><\/td>\n<td width=\"80\"><a href=\"https:\/\/www.itakaescolapios.org\/wp-content\/uploads\/2019\/11\/ANEXO_-figuras.pdf\" target=\"_blank\" rel=\"noopener noreferrer\">Figuras<\/a><\/td>\n<td width=\"80\"><a href=\"https:\/\/www.itakaescolapios.org\/wp-content\/uploads\/2019\/11\/ANEXO_Diploma.pdf\" target=\"_blank\" rel=\"noopener noreferrer\">Diploma<\/a><\/td>\n<\/tr>\n<\/tbody>\n<\/table>\n<p><\/p>","protected":false},"excerpt":{"rendered":"<p>Sentitzen dugu, baina sarrera hau Espainiera (Europa)-z bakarrik dago. &nbsp; &nbsp; &nbsp; Esengo nos hace una propuesta de actividades para los y las m\u00e1s peque\u00f1as, aquellas [&hellip;]<\/p>\n","protected":false},"author":1,"featured_media":0,"parent":2273,"menu_order":0,"comment_status":"closed","ping_status":"closed","template":"","meta":[],"acf":[],"_links":{"self":[{"href":"https:\/\/www.educa.itakaescolapios.org\/eu\/wp-json\/wp\/v2\/pages\/2324"}],"collection":[{"href":"https:\/\/www.educa.itakaescolapios.org\/eu\/wp-json\/wp\/v2\/pages"}],"about":[{"href":"https:\/\/www.educa.itakaescolapios.org\/eu\/wp-json\/wp\/v2\/types\/page"}],"author":[{"embeddable":true,"href":"https:\/\/www.educa.itakaescolapios.org\/eu\/wp-json\/wp\/v2\/users\/1"}],"replies":[{"embeddable":true,"href":"https:\/\/www.educa.itakaescolapios.org\/eu\/wp-json\/wp\/v2\/comments?post=2324"}],"version-history":[{"count":3,"href":"https:\/\/www.educa.itakaescolapios.org\/eu\/wp-json\/wp\/v2\/pages\/2324\/revisions"}],"predecessor-version":[{"id":2328,"href":"https:\/\/www.educa.itakaescolapios.org\/eu\/wp-json\/wp\/v2\/pages\/2324\/revisions\/2328"}],"up":[{"embeddable":true,"href":"https:\/\/www.educa.itakaescolapios.org\/eu\/wp-json\/wp\/v2\/pages\/2273"}],"wp:attachment":[{"href":"https:\/\/www.educa.itakaescolapios.org\/eu\/wp-json\/wp\/v2\/media?parent=2324"}],"curies":[{"name":"wp","href":"https:\/\/api.w.org\/{rel}","templated":true}]}}