{"id":2402,"date":"2020-07-04T14:06:39","date_gmt":"2020-07-04T12:06:39","guid":{"rendered":"https:\/\/www.educa.itakaescolapios.org\/?page_id=2402"},"modified":"2020-11-05T12:55:19","modified_gmt":"2020-11-05T11:55:19","slug":"oramos-con-calasanz","status":"publish","type":"page","link":"https:\/\/www.educa.itakaescolapios.org\/eu\/oramos-con-calasanz","title":{"rendered":"ORAMOS CON CALASANZ"},"content":{"rendered":"<p class=\"qtranxs-available-languages-message qtranxs-available-languages-message-eu\">Sentitzen dugu, baina sarrera hau <a href=\"https:\/\/www.educa.itakaescolapios.org\/es\/wp-json\/wp\/v2\/pages\/2402\" class=\"qtranxs-available-language-link qtranxs-available-language-link-es\" title=\"Espa\u00f1ol\">Espainiera (Europa)<\/a>-z, <a href=\"https:\/\/www.educa.itakaescolapios.org\/en\/wp-json\/wp\/v2\/pages\/2402\" class=\"qtranxs-available-language-link qtranxs-available-language-link-en\" title=\"English\">Ingelesa (Aeb)<\/a>-z, <a href=\"https:\/\/www.educa.itakaescolapios.org\/fr\/wp-json\/wp\/v2\/pages\/2402\" class=\"qtranxs-available-language-link qtranxs-available-language-link-fr\" title=\"Fran\u00e7ais\">Frantsesa<\/a>-z eta <a href=\"https:\/\/www.educa.itakaescolapios.org\/pt\/wp-json\/wp\/v2\/pages\/2402\" class=\"qtranxs-available-language-link qtranxs-available-language-link-pt\" title=\"Portugu\u00eas\">Portugesa (Europa)<\/a>-z bakarrik dago.<\/p><p><img decoding=\"async\" loading=\"lazy\" class=\"alignleft size-full wp-image-2403\" src=\"https:\/\/www.educa.itakaescolapios.org\/wp-content\/uploads\/2020\/07\/CALASANZ_color-214x300-1.jpg\" alt=\"\" width=\"214\" height=\"300\" \/><\/p>\n<p>&nbsp;<\/p>\n<p>Calasanz encabeza la expedici\u00f3n con un s\u00f3lo empe\u00f1o, llenar de \u201cPiedad y Letras\u201d todos los rincones del planeta. Llega a Am\u00e9rica con el objetivo de impulsar el derecho universal a la educaci\u00f3n y poner en valor el papel de los y las j\u00f3venes que participan en los Centros Calasanz de Aracaju (Brasil), Campeche (M\u00e9xico), Cochabamba (Bolivia), Barquisimeto (Venezuela) y la Puya (Rep\u00fablica Dominicana).<\/p>\n<p>Nos invita a rezar todas las ma\u00f1anas al iniciar nuestra actividad en nuestros centros, para ello nos propone cinco oraciones que podremos ir alternado a lo largo de los d\u00edas que dura la campa\u00f1a, terminando la oraci\u00f3n con un Padre Nuestro y\/o un Ave Mar\u00eda en alguna de las lenguas de los pa\u00edses en los que se celebra la campa\u00f1a de solidaridad.<\/p>\n<p>&nbsp;<\/p>\n<p>&nbsp;<\/p>\n<p>&nbsp;<\/p>\n<p>&nbsp;<\/p>\n<p><strong><a href=\"https:\/\/www.educa.itakaescolapios.org\/wp-content\/uploads\/2020\/07\/PADRE-NUESTRO.pdf\" target=\"_blank\" rel=\"noopener noreferrer\">PADRE NUESTRO \u2013 NOTRE P\u00c8RE \u2013 OUR FATHER \u2013 PAI NOSSO<\/a><\/strong><\/p>\n<p><strong><a href=\"https:\/\/www.educa.itakaescolapios.org\/wp-content\/uploads\/2020\/07\/AVE-MARIA.pdf\" target=\"_blank\" rel=\"noopener noreferrer\">AVE MAR\u00cdA \u2013 JE VOUS SALUE, MARIE \u2013 HAIL MARY \u2013 AV\u00c9 MARIA<\/a><br \/>\n<\/strong><\/p>\n<table width=\"452\">\n<tbody>\n<tr>\n<td width=\"113\"><a href=\"https:\/\/www.educa.itakaescolapios.org\/wp-content\/uploads\/2020\/07\/oramos-con-venezuela.pdf\" target=\"_blank\" rel=\"noopener noreferrer\"><strong>ORAMOS CON Y POR VENEZUELA<\/strong><\/a><\/td>\n<\/tr>\n<tr>\n<td width=\"113\"><a href=\"https:\/\/www.educa.itakaescolapios.org\/wp-content\/uploads\/2020\/07\/oramos-con-republica-dominicana.pdf\" target=\"_blank\" rel=\"noopener noreferrer\"><strong>ORAMOS CON Y POR R. DOMINICANA<\/strong><\/a><\/td>\n<\/tr>\n<tr>\n<td width=\"113\"><strong><a href=\"https:\/\/www.educa.itakaescolapios.org\/wp-content\/uploads\/2020\/07\/oramos-con-mexico-1.pdf\" target=\"_blank\" rel=\"noopener noreferrer\">ORAMOS CON Y POR M\u00c9XICO<\/a><\/strong><\/td>\n<\/tr>\n<tr>\n<td width=\"113\"><a href=\"https:\/\/www.educa.itakaescolapios.org\/wp-content\/uploads\/2020\/07\/oramos-con-bolivia.pdf\" target=\"_blank\" rel=\"noopener noreferrer\"><strong>ORAMOS CON Y POR BOLIVIA<\/strong><\/a><\/td>\n<\/tr>\n<tr>\n<td width=\"113\"><a href=\"https:\/\/www.educa.itakaescolapios.org\/wp-content\/uploads\/2020\/07\/oramos-con-brasil.pdf\" target=\"_blank\" rel=\"noopener noreferrer\"><strong>ORAMOS CON Y POR BRASIL<\/strong><\/a><\/td>\n<\/tr>\n<\/tbody>\n<\/table>\n<p><\/p>","protected":false},"excerpt":{"rendered":"<p>Sentitzen dugu, baina sarrera hau Espainiera (Europa)-z, Ingelesa (Aeb)-z, Frantsesa-z eta Portugesa (Europa)-z bakarrik dago. &nbsp; Calasanz encabeza la expedici\u00f3n con un s\u00f3lo empe\u00f1o, llenar de [&hellip;]<\/p>\n","protected":false},"author":1,"featured_media":0,"parent":0,"menu_order":14,"comment_status":"closed","ping_status":"closed","template":"","meta":[],"acf":[],"_links":{"self":[{"href":"https:\/\/www.educa.itakaescolapios.org\/eu\/wp-json\/wp\/v2\/pages\/2402"}],"collection":[{"href":"https:\/\/www.educa.itakaescolapios.org\/eu\/wp-json\/wp\/v2\/pages"}],"about":[{"href":"https:\/\/www.educa.itakaescolapios.org\/eu\/wp-json\/wp\/v2\/types\/page"}],"author":[{"embeddable":true,"href":"https:\/\/www.educa.itakaescolapios.org\/eu\/wp-json\/wp\/v2\/users\/1"}],"replies":[{"embeddable":true,"href":"https:\/\/www.educa.itakaescolapios.org\/eu\/wp-json\/wp\/v2\/comments?post=2402"}],"version-history":[{"count":6,"href":"https:\/\/www.educa.itakaescolapios.org\/eu\/wp-json\/wp\/v2\/pages\/2402\/revisions"}],"predecessor-version":[{"id":2422,"href":"https:\/\/www.educa.itakaescolapios.org\/eu\/wp-json\/wp\/v2\/pages\/2402\/revisions\/2422"}],"wp:attachment":[{"href":"https:\/\/www.educa.itakaescolapios.org\/eu\/wp-json\/wp\/v2\/media?parent=2402"}],"curies":[{"name":"wp","href":"https:\/\/api.w.org\/{rel}","templated":true}]}}