{"id":2455,"date":"2020-07-04T14:49:05","date_gmt":"2020-07-04T12:49:05","guid":{"rendered":"https:\/\/www.educa.itakaescolapios.org\/?page_id=2455"},"modified":"2020-11-05T12:55:19","modified_gmt":"2020-11-05T11:55:19","slug":"juventud-y-cambio-2","status":"publish","type":"page","link":"https:\/\/www.educa.itakaescolapios.org\/eu\/juventud-y-cambio-2","title":{"rendered":"JUVENTUD Y CAMBIO"},"content":{"rendered":"<p class=\"qtranxs-available-languages-message qtranxs-available-languages-message-eu\">Sentitzen dugu, baina sarrera hau <a href=\"https:\/\/www.educa.itakaescolapios.org\/es\/wp-json\/wp\/v2\/pages\/2455\" class=\"qtranxs-available-language-link qtranxs-available-language-link-es\" title=\"Espa\u00f1ol\">Espainiera (Europa)<\/a>-z bakarrik dago.<\/p><p><img decoding=\"async\" loading=\"lazy\" class=\"alignleft size-full wp-image-2456\" src=\"https:\/\/www.educa.itakaescolapios.org\/wp-content\/uploads\/2020\/07\/ELIKIA-ESENGO_color-214x300-1.jpg\" alt=\"\" width=\"214\" height=\"300\" \/><\/p>\n<p>ELIKIA y ESENGO, defensoras de los derechos humanos, nos presentan una actividad que busca recordar a ni\u00f1os, ni\u00f1as y j\u00f3venes que una de sus capacidades es la de mejorar su entorno m\u00e1s cercano. Que lo que hacen cuenta, que suyo es el futuro, pero tambi\u00e9n el presente.<\/p>\n<p>La Campa\u00f1a de Solidaridad de este curso nos pone en relaci\u00f3n con j\u00f3venes de Am\u00e9rica y sus necesidades. Conoceremos tambi\u00e9n que muchas de esas personas j\u00f3venes colaboran en sus comunidades o en los propios Centros Calasanz apoyando iniciativas que mejoran la vida de la gente. Si queremos un mundo mejor no podemos esperar que los dem\u00e1s lo cambien. Construyamos el mundo que queremos desde nuestro entorno m\u00e1s cercano.<\/p>\n<p>Descarga la ficha de actividad: <strong><a href=\"https:\/\/www.educa.itakaescolapios.org\/wp-content\/uploads\/2020\/07\/juventud-y-cambio.pdf\" target=\"_blank\" rel=\"noopener noreferrer\">JUVENTUD Y CAMBIO<\/a><\/strong><\/p>\n<p>Descarga la plantilla para trabajar la actividad: <a href=\"https:\/\/www.educa.itakaescolapios.org\/wp-content\/uploads\/2020\/07\/Plantilla-JUVENTUD-Y-CAMBIO-Pienso-me-interesa-investigo.pdf\" target=\"_blank\" rel=\"noopener noreferrer\"><strong>PIENSO, ME INTERESA, INVESTIGO<\/strong><\/a><\/p>","protected":false},"excerpt":{"rendered":"<p>Sentitzen dugu, baina sarrera hau Espainiera (Europa)-z bakarrik dago. ELIKIA y ESENGO, defensoras de los derechos humanos, nos presentan una actividad que busca recordar a ni\u00f1os, [&hellip;]<\/p>\n","protected":false},"author":1,"featured_media":0,"parent":0,"menu_order":11,"comment_status":"closed","ping_status":"closed","template":"","meta":[],"acf":[],"_links":{"self":[{"href":"https:\/\/www.educa.itakaescolapios.org\/eu\/wp-json\/wp\/v2\/pages\/2455"}],"collection":[{"href":"https:\/\/www.educa.itakaescolapios.org\/eu\/wp-json\/wp\/v2\/pages"}],"about":[{"href":"https:\/\/www.educa.itakaescolapios.org\/eu\/wp-json\/wp\/v2\/types\/page"}],"author":[{"embeddable":true,"href":"https:\/\/www.educa.itakaescolapios.org\/eu\/wp-json\/wp\/v2\/users\/1"}],"replies":[{"embeddable":true,"href":"https:\/\/www.educa.itakaescolapios.org\/eu\/wp-json\/wp\/v2\/comments?post=2455"}],"version-history":[{"count":1,"href":"https:\/\/www.educa.itakaescolapios.org\/eu\/wp-json\/wp\/v2\/pages\/2455\/revisions"}],"predecessor-version":[{"id":2459,"href":"https:\/\/www.educa.itakaescolapios.org\/eu\/wp-json\/wp\/v2\/pages\/2455\/revisions\/2459"}],"wp:attachment":[{"href":"https:\/\/www.educa.itakaescolapios.org\/eu\/wp-json\/wp\/v2\/media?parent=2455"}],"curies":[{"name":"wp","href":"https:\/\/api.w.org\/{rel}","templated":true}]}}