{"id":2461,"date":"2020-07-04T14:51:33","date_gmt":"2020-07-04T12:51:33","guid":{"rendered":"https:\/\/www.educa.itakaescolapios.org\/?page_id=2461"},"modified":"2020-11-05T12:55:19","modified_gmt":"2020-11-05T11:55:19","slug":"subete-al-globo-2","status":"publish","type":"page","link":"https:\/\/www.educa.itakaescolapios.org\/eu\/subete-al-globo-2","title":{"rendered":"S\u00daBETE AL GLOBO"},"content":{"rendered":"<p class=\"qtranxs-available-languages-message qtranxs-available-languages-message-eu\">Sentitzen dugu, baina sarrera hau <a href=\"https:\/\/www.educa.itakaescolapios.org\/es\/wp-json\/wp\/v2\/pages\/2461\" class=\"qtranxs-available-language-link qtranxs-available-language-link-es\" title=\"Espa\u00f1ol\">Espainiera (Europa)<\/a>-z eta <a href=\"https:\/\/www.educa.itakaescolapios.org\/pt\/wp-json\/wp\/v2\/pages\/2461\" class=\"qtranxs-available-language-link qtranxs-available-language-link-pt\" title=\"Portugu\u00eas\">Portugesa (Europa)<\/a>-z bakarrik dago.<\/p><p><img decoding=\"async\" loading=\"lazy\" class=\"alignleft size-full wp-image-2462\" src=\"https:\/\/www.educa.itakaescolapios.org\/wp-content\/uploads\/2020\/07\/MARINE_color-214x300-1.jpg\" alt=\"\" width=\"214\" height=\"300\" \/><\/p>\n<p>&nbsp;<\/p>\n<p>&nbsp;<\/p>\n<p>Marine nos presenta una actividad que pretende dar a conocer con m\u00e1s detalle los pa\u00edses y proyectos a los que va destinada la campa\u00f1a (M\u00e9xico, Rep\u00fablica Dominicana, Venezuela, Brasil y Bolivia) mediante un juego online en el que ir superando pruebas que le llevar\u00e1 a las distintas informaciones sobre cada pa\u00eds.<\/p>\n<p>Descarga la ficha de actividad: <strong><a href=\"https:\/\/www.educa.itakaescolapios.org\/wp-content\/uploads\/2020\/07\/subete-al-globo.pdf\" target=\"_blank\" rel=\"noopener noreferrer\">S\u00daBETE AL GLOBO<\/a><\/strong><\/p>\n<p>&nbsp;<\/p>\n<p>&nbsp;<\/p>\n<p>&nbsp;<\/p>\n<div style=\"width: 50%;\">\n<div style=\"position: relative; padding-bottom: 56.25%; padding-top: 0; height: 0;\"><iframe loading=\"lazy\" style=\"position: absolute; top: 0; left: 0; width: 100%; height: 100%;\" src=\"https:\/\/view.genial.ly\/5dc18acf31b8f10f724e4fc8\" width=\"1200px\" height=\"675px\" frameborder=\"0\" scrolling=\"yes\" allowfullscreen=\"allowfullscreen\"><\/iframe><\/div>\n<\/div>\n<p><\/p>","protected":false},"excerpt":{"rendered":"<p>Sentitzen dugu, baina sarrera hau Espainiera (Europa)-z eta Portugesa (Europa)-z bakarrik dago. &nbsp; &nbsp; Marine nos presenta una actividad que pretende dar a conocer con m\u00e1s [&hellip;]<\/p>\n","protected":false},"author":1,"featured_media":0,"parent":0,"menu_order":22,"comment_status":"closed","ping_status":"closed","template":"","meta":[],"acf":[],"_links":{"self":[{"href":"https:\/\/www.educa.itakaescolapios.org\/eu\/wp-json\/wp\/v2\/pages\/2461"}],"collection":[{"href":"https:\/\/www.educa.itakaescolapios.org\/eu\/wp-json\/wp\/v2\/pages"}],"about":[{"href":"https:\/\/www.educa.itakaescolapios.org\/eu\/wp-json\/wp\/v2\/types\/page"}],"author":[{"embeddable":true,"href":"https:\/\/www.educa.itakaescolapios.org\/eu\/wp-json\/wp\/v2\/users\/1"}],"replies":[{"embeddable":true,"href":"https:\/\/www.educa.itakaescolapios.org\/eu\/wp-json\/wp\/v2\/comments?post=2461"}],"version-history":[{"count":3,"href":"https:\/\/www.educa.itakaescolapios.org\/eu\/wp-json\/wp\/v2\/pages\/2461\/revisions"}],"predecessor-version":[{"id":2467,"href":"https:\/\/www.educa.itakaescolapios.org\/eu\/wp-json\/wp\/v2\/pages\/2461\/revisions\/2467"}],"wp:attachment":[{"href":"https:\/\/www.educa.itakaescolapios.org\/eu\/wp-json\/wp\/v2\/media?parent=2461"}],"curies":[{"name":"wp","href":"https:\/\/api.w.org\/{rel}","templated":true}]}}