{"id":270,"date":"2018-04-04T10:43:20","date_gmt":"2018-04-04T08:43:20","guid":{"rendered":"http:\/\/www.educa.itakaescolapios.org\/?page_id=270"},"modified":"2018-04-04T10:49:46","modified_gmt":"2018-04-04T08:49:46","slug":"estamos-por-ti","status":"publish","type":"page","link":"https:\/\/www.educa.itakaescolapios.org\/eu\/campanas\/2013-2014-estamos-por-ti-educamos-contigo\/estamos-por-ti","title":{"rendered":"Estamos por ti"},"content":{"rendered":"<p class=\"qtranxs-available-languages-message qtranxs-available-languages-message-eu\">Sentitzen dugu, baina sarrera hau <a href=\"https:\/\/www.educa.itakaescolapios.org\/es\/wp-json\/wp\/v2\/pages\/270\" class=\"qtranxs-available-language-link qtranxs-available-language-link-es\" title=\"Espa\u00f1ol\">Espainiera (Europa)<\/a>-z bakarrik dago.<\/p><p><img decoding=\"async\" loading=\"lazy\" class=\"alignright size-medium wp-image-7639\" alt=\"Estamos por ti\" src=\"http:\/\/www.itakaescolapios.org\/wp-content\/uploads\/2013\/10\/Estamos-por-ti-300x225.gif\" width=\"300\" height=\"225\" \/>Uni\u00e9ndonos al lema pastoral de este curso <i>Estamos por ti,<\/i> que vertebra ya el d\u00eda a d\u00eda de las diversas acciones educativas de las Escuelas P\u00edas de Betania y Ema\u00fas; desde Itaka Escolapios queremos plantear una concreci\u00f3n del mismo que nos ayude a centrar el trabajo sensibilizador de las Campa\u00f1as Solidarias que se realizan en todos los colegios de estas demarcaciones.<\/p>\n<p>Estamos convencidos del poder de la educaci\u00f3n para transformar la sociedad, y por ello trabajamos permanentemente, para ofrecer a miles de ni\u00f1os y j\u00f3venes de comunidades con dif\u00edcil acceso a la educaci\u00f3n, una formaci\u00f3n en la piedad y las letras como hace m\u00e1s de 400 a\u00f1os decidi\u00f3 hacer Calasanz. Pues sabemos que la educaci\u00f3n libera, transforma y fomenta la participaci\u00f3n de todos y todas para construir un mundo m\u00e1s justo y humano.<\/p>\n<p>A trav\u00e9s del lema <b><i>Estamos por ti, educamos contigo,<\/i><\/b> queremos hacer part\u00edcipe a toda la comunidad educativa de cada centro de la labor que llevamos a cabo en alguno de los pa\u00edses donde las Escuelas P\u00edas est\u00e1n presentes; mostrar a los chavales estas realidades educativas en las que trabajamos y, en especial, las personas que all\u00ed desarrollan su misi\u00f3n; y sobre todo animarles a descubrir su don, su <i>\u201cpode<\/i>r\u201d, aquello que han desarrollado y pueden poner al servicio de los dem\u00e1s.<\/p>\n<p>El objetivo principal de la campa\u00f1a, podemos decir que es lograr que todos (familias, docentes, alumnos, educadores, etc.) seamos conscientes de que tenemos mucho que decir y hacer para lograr que muchachos\/as de las diversas realidades donde estamos presentes, puedan acceder a una educaci\u00f3n de calidad que les ayude a promocionar y poder transformar as\u00ed su realidad m\u00e1s cercana.<\/p>\n<p>Para transmitir el mensaje de que todos somos capaces de lograr grandes avances en esta loable tarea, hemos dise\u00f1ado una campa\u00f1a centrada en una pandilla de superh\u00e9roes,<i> los PORTI<\/i>, dotados todos sus miembros de <i>superpoderes<\/i> tan valiosos como la empat\u00eda, la alegr\u00eda, el conocimiento, la piedad, y la denuncia.<\/p>\n<p>Ellos nos guiar\u00e1n a trav\u00e9s de acciones globales y din\u00e1micas para el aula, promocionando la autoestima de nuestros alumnos\/as, para que ellos mismos descubran que tienen un gran poder que pueden poner al servicio de los dem\u00e1s (sus compa\u00f1eros, sus padres, y cualquier otro que pueda necesitarlo). Y por otro lado, nos invitar\u00e1n a conocer las distintas realidades donde Itaka Escolapios est\u00e1 presente, y c\u00f3mo a trav\u00e9s de la educaci\u00f3n (tanto formal como no formal) los ni\u00f1os y j\u00f3venes de Bolivia, Nicaragua, Camer\u00fan, India, etc., pueden tambi\u00e9n descubrir su don, y ponerlo igualmente al servicio de su comunidad.<\/p>\n<p>En esta misma web, podr\u00e9is acceder a las din\u00e1micas educativas que proponemos, adaptadas a cada edad, desde los 2 a\u00f1os hasta los 18. Propuestas que se enriquecer\u00e1n seguro con vuestras ideas y aportaciones propias.<\/p>","protected":false},"excerpt":{"rendered":"<p>Sentitzen dugu, baina sarrera hau Espainiera (Europa)-z bakarrik dago.Uni\u00e9ndonos al lema pastoral de este curso Estamos por ti, que vertebra ya el d\u00eda a d\u00eda de [&hellip;]<\/p>\n","protected":false},"author":1,"featured_media":0,"parent":232,"menu_order":2,"comment_status":"closed","ping_status":"closed","template":"","meta":[],"acf":[],"_links":{"self":[{"href":"https:\/\/www.educa.itakaescolapios.org\/eu\/wp-json\/wp\/v2\/pages\/270"}],"collection":[{"href":"https:\/\/www.educa.itakaescolapios.org\/eu\/wp-json\/wp\/v2\/pages"}],"about":[{"href":"https:\/\/www.educa.itakaescolapios.org\/eu\/wp-json\/wp\/v2\/types\/page"}],"author":[{"embeddable":true,"href":"https:\/\/www.educa.itakaescolapios.org\/eu\/wp-json\/wp\/v2\/users\/1"}],"replies":[{"embeddable":true,"href":"https:\/\/www.educa.itakaescolapios.org\/eu\/wp-json\/wp\/v2\/comments?post=270"}],"version-history":[{"count":1,"href":"https:\/\/www.educa.itakaescolapios.org\/eu\/wp-json\/wp\/v2\/pages\/270\/revisions"}],"predecessor-version":[{"id":271,"href":"https:\/\/www.educa.itakaescolapios.org\/eu\/wp-json\/wp\/v2\/pages\/270\/revisions\/271"}],"up":[{"embeddable":true,"href":"https:\/\/www.educa.itakaescolapios.org\/eu\/wp-json\/wp\/v2\/pages\/232"}],"wp:attachment":[{"href":"https:\/\/www.educa.itakaescolapios.org\/eu\/wp-json\/wp\/v2\/media?parent=270"}],"curies":[{"name":"wp","href":"https:\/\/api.w.org\/{rel}","templated":true}]}}