{"id":731,"date":"2018-05-24T17:02:47","date_gmt":"2018-05-24T15:02:47","guid":{"rendered":"http:\/\/www.educa.itakaescolapios.org\/?page_id=731"},"modified":"2020-11-05T13:28:44","modified_gmt":"2020-11-05T12:28:44","slug":"2015-2016-semana-de-la-paz","status":"publish","type":"page","link":"https:\/\/www.educa.itakaescolapios.org\/eu\/semanas-de-la-paz\/2015-2016-semana-de-la-paz","title":{"rendered":"2015-2016 Al encuentro por la Paz"},"content":{"rendered":"<p class=\"qtranxs-available-languages-message qtranxs-available-languages-message-eu\">Sentitzen dugu, baina sarrera hau <a href=\"https:\/\/www.educa.itakaescolapios.org\/es\/wp-json\/wp\/v2\/pages\/731\" class=\"qtranxs-available-language-link qtranxs-available-language-link-es\" title=\"Espa\u00f1ol\">Espainiera (Europa)<\/a>-z bakarrik dago.<\/p><p><a href=\"http:\/\/www.itakaescolapios.org\/wp-content\/uploads\/2016\/01\/Jes\u00fas-refugiado.png\"><img decoding=\"async\" loading=\"lazy\" class=\"alignleft size-medium wp-image-14369\" src=\"http:\/\/www.itakaescolapios.org\/wp-content\/uploads\/2016\/01\/Jes\u00fas-refugiado-222x300.png\" alt=\"Jes\u00fas refugiado\" width=\"222\" height=\"300\" \/><\/a>Con el mismo lema pastoral que nos acompa\u00f1ar\u00e1 a lo largo de todo este curso 2015-2016 os proponemos las actividades a desarrollar durante la Semana de la Paz en las aulas.<\/p>\n<p>La oferta principal de actividades bajo el t\u00edtulo &#8220;AL ENCUENTRO POR LA PAZ&#8221; nos presenta un viaje de nuestra TRIPULACI\u00d3N DE ITAKA ESCOLAPIOS por Eritrea, Afganist\u00e1n, Nigeria, Beirut, Rep\u00fablica Democr\u00e1tica del Congo y Siria. Calasanz, Look, Marine, Bla, Jiwa y Sukal nos presentar\u00e1n actividades para realizar en el aula con todas las edades.<\/p>\n<p>Adem\u00e1s de las actividades que encontramos en la Revista de Campa\u00f1a podr\u00e1s encontrar un bloque de actividades centradas en la situaci\u00f3n que viven los refugiados en Europa o una actividad centrada en la etapa de infantil.<\/p>\n<p>Esperamos que las actividades sean de tu agrado.<\/p>","protected":false},"excerpt":{"rendered":"<p>Sentitzen dugu, baina sarrera hau Espainiera (Europa)-z bakarrik dago.Con el mismo lema pastoral que nos acompa\u00f1ar\u00e1 a lo largo de todo este curso 2015-2016 os proponemos [&hellip;]<\/p>\n","protected":false},"author":1,"featured_media":2392,"parent":713,"menu_order":96,"comment_status":"closed","ping_status":"closed","template":"","meta":[],"acf":[],"_links":{"self":[{"href":"https:\/\/www.educa.itakaescolapios.org\/eu\/wp-json\/wp\/v2\/pages\/731"}],"collection":[{"href":"https:\/\/www.educa.itakaescolapios.org\/eu\/wp-json\/wp\/v2\/pages"}],"about":[{"href":"https:\/\/www.educa.itakaescolapios.org\/eu\/wp-json\/wp\/v2\/types\/page"}],"author":[{"embeddable":true,"href":"https:\/\/www.educa.itakaescolapios.org\/eu\/wp-json\/wp\/v2\/users\/1"}],"replies":[{"embeddable":true,"href":"https:\/\/www.educa.itakaescolapios.org\/eu\/wp-json\/wp\/v2\/comments?post=731"}],"version-history":[{"count":3,"href":"https:\/\/www.educa.itakaescolapios.org\/eu\/wp-json\/wp\/v2\/pages\/731\/revisions"}],"predecessor-version":[{"id":2393,"href":"https:\/\/www.educa.itakaescolapios.org\/eu\/wp-json\/wp\/v2\/pages\/731\/revisions\/2393"}],"up":[{"embeddable":true,"href":"https:\/\/www.educa.itakaescolapios.org\/eu\/wp-json\/wp\/v2\/pages\/713"}],"wp:featuredmedia":[{"embeddable":true,"href":"https:\/\/www.educa.itakaescolapios.org\/eu\/wp-json\/wp\/v2\/media\/2392"}],"wp:attachment":[{"href":"https:\/\/www.educa.itakaescolapios.org\/eu\/wp-json\/wp\/v2\/media?parent=731"}],"curies":[{"name":"wp","href":"https:\/\/api.w.org\/{rel}","templated":true}]}}