{"id":1420,"date":"2018-11-28T13:11:06","date_gmt":"2018-11-28T12:11:06","guid":{"rendered":"http:\/\/www.educa.itakaescolapios.org\/?page_id=1420"},"modified":"2024-06-19T10:40:50","modified_gmt":"2024-06-19T08:40:50","slug":"centro-educa","status":"publish","type":"page","link":"https:\/\/www.educa.itakaescolapios.org\/fr\/centro-educa","title":{"rendered":"Comment devenir un centre EDUCA"},"content":{"rendered":"<p>Educa est un r\u00e9seau de centres \u00e9ducatifs unis pour la transformation sociale. Ces centres qui veulent devenir des lieux d\u00e9termin\u00e9s \u00e0 construire un monde plus juste et solidaire. Ils veulent le r\u00e9ussir en partageant des ressources p\u00e9dagogiques, des campagnes th\u00e9matiques et des activit\u00e9s d&rsquo;apprentissage et service.<\/p>\n<p>Pour qu&rsquo;un centre \u00e9ducatif fasse partie d&rsquo;Educa, la d\u00e9cision doit \u00eatre partag\u00e9e par l&rsquo;ensemble de la communaut\u00e9 \u00e9ducative et exprim\u00e9e explicitement par les \u00e9quipes de gestion<br \/>\nDans le bulletin d\u2019adh\u00e9sion, vous pouvez en apprendre un peu plus sur ce que signifie rejoindre ce r\u00e9seau. En cas de doute ou besoins d\u2019avoir plus d\u2019information, Contactez-nous: <a href=\"mailto:educa@itakaescolapios.org\">educa@itakaescolapios.org<\/a><\/p>\n<p class=\"western\"><span style=\"font-family: Calibri, serif;\"><span style=\"font-size: medium;\"><br \/>\n<\/span><\/span>T\u00e9l\u00e9chargez le document: <a href=\"https:\/\/www.educa.itakaescolapios.org\/wp-content\/uploads\/2024\/06\/FR_adhesion-et-engagement.pdf\" target=\"_blank\" rel=\"noopener noreferrer\">Adhesion et engagement Educa.itaaescolapios.<\/a> <a href=\"https:\/\/www.educa.itakaescolapios.org\/wp-content\/uploads\/2021\/12\/FR_adh\u00e9sion-et-engagement.pdf\" target=\"_blank\" rel=\"noopener noreferrer\"><img decoding=\"async\" loading=\"lazy\" class=\"size-medium wp-image-2974 alignright\" src=\"https:\/\/www.educa.itakaescolapios.org\/wp-content\/uploads\/2020\/11\/mano-click-verde-por-tres-300x107.jpg\" alt=\"\" width=\"20%\" height=\"20%\" srcset=\"https:\/\/www.educa.itakaescolapios.org\/wp-content\/uploads\/2020\/11\/mano-click-verde-por-tres-300x107.jpg 300w, https:\/\/www.educa.itakaescolapios.org\/wp-content\/uploads\/2020\/11\/mano-click-verde-por-tres-1024x364.jpg 1024w, https:\/\/www.educa.itakaescolapios.org\/wp-content\/uploads\/2020\/11\/mano-click-verde-por-tres-768x273.jpg 768w, https:\/\/www.educa.itakaescolapios.org\/wp-content\/uploads\/2020\/11\/mano-click-verde-por-tres-1536x546.jpg 1536w, https:\/\/www.educa.itakaescolapios.org\/wp-content\/uploads\/2020\/11\/mano-click-verde-por-tres-2048x729.jpg 2048w, https:\/\/www.educa.itakaescolapios.org\/wp-content\/uploads\/2020\/11\/mano-click-verde-por-tres-250x89.jpg 250w\" sizes=\"(max-width: 300px) 100vw, 300px\" \/><\/a><span style=\"font-family: Calibri, serif;\"><span style=\"font-size: medium;\"><br \/>\n<\/span><\/span><\/p>\n<p><\/p>","protected":false},"excerpt":{"rendered":"<p>Educa est un r\u00e9seau de centres \u00e9ducatifs unis pour la transformation sociale. Ces centres qui veulent devenir des lieux d\u00e9termin\u00e9s \u00e0 construire un monde plus juste [&hellip;]<\/p>\n","protected":false},"author":1,"featured_media":0,"parent":0,"menu_order":5,"comment_status":"closed","ping_status":"closed","template":"","meta":[],"acf":[],"_links":{"self":[{"href":"https:\/\/www.educa.itakaescolapios.org\/fr\/wp-json\/wp\/v2\/pages\/1420"}],"collection":[{"href":"https:\/\/www.educa.itakaescolapios.org\/fr\/wp-json\/wp\/v2\/pages"}],"about":[{"href":"https:\/\/www.educa.itakaescolapios.org\/fr\/wp-json\/wp\/v2\/types\/page"}],"author":[{"embeddable":true,"href":"https:\/\/www.educa.itakaescolapios.org\/fr\/wp-json\/wp\/v2\/users\/1"}],"replies":[{"embeddable":true,"href":"https:\/\/www.educa.itakaescolapios.org\/fr\/wp-json\/wp\/v2\/comments?post=1420"}],"version-history":[{"count":88,"href":"https:\/\/www.educa.itakaescolapios.org\/fr\/wp-json\/wp\/v2\/pages\/1420\/revisions"}],"predecessor-version":[{"id":8497,"href":"https:\/\/www.educa.itakaescolapios.org\/fr\/wp-json\/wp\/v2\/pages\/1420\/revisions\/8497"}],"wp:attachment":[{"href":"https:\/\/www.educa.itakaescolapios.org\/fr\/wp-json\/wp\/v2\/media?parent=1420"}],"curies":[{"name":"wp","href":"https:\/\/api.w.org\/{rel}","templated":true}]}}