{"id":1568,"date":"2018-12-13T09:43:53","date_gmt":"2018-12-13T08:43:53","guid":{"rendered":"http:\/\/www.educa.itakaescolapios.org\/?page_id=1568"},"modified":"2018-12-13T09:51:21","modified_gmt":"2018-12-13T08:51:21","slug":"cuentos-juegos-y-otros-recursos","status":"publish","type":"page","link":"https:\/\/www.educa.itakaescolapios.org\/fr\/semanas-de-la-paz\/2013-2014-semana-de-la-paz\/cuentos-juegos-y-otros-recursos","title":{"rendered":"CUENTOS, JUEGOS Y OTROS RECURSOS"},"content":{"rendered":"<p class=\"qtranxs-available-languages-message qtranxs-available-languages-message-fr\">D\u00e9sol\u00e9, cet article est seulement disponible en <a href=\"https:\/\/www.educa.itakaescolapios.org\/es\/wp-json\/wp\/v2\/pages\/1568\" class=\"qtranxs-available-language-link qtranxs-available-language-link-es\" title=\"Espa\u00f1ol\">Espagnol Europ\u00e9en<\/a>.<\/p><p><\/p>\n<p><img decoding=\"async\" loading=\"lazy\" class=\"alignleft size-medium wp-image-1525\" src=\"http:\/\/www.educa.itakaescolapios.org\/wp-content\/uploads\/2018\/12\/Imagen1-209x300.png\" alt=\"\" width=\"209\" height=\"300\" srcset=\"https:\/\/www.educa.itakaescolapios.org\/wp-content\/uploads\/2018\/12\/Imagen1-209x300.png 209w, https:\/\/www.educa.itakaescolapios.org\/wp-content\/uploads\/2018\/12\/Imagen1-250x358.png 250w, https:\/\/www.educa.itakaescolapios.org\/wp-content\/uploads\/2018\/12\/Imagen1.png 501w\" sizes=\"(max-width: 209px) 100vw, 209px\" \/>En este apartado pod\u00e9is descargar publicaciones de Itaka-Escolapios con variados materiales para trabajar el valor de la\u00a0paz en\u00a0las aulas, en familia\u00a0o como actividad extraescolar.<\/p>\n<p><strong>CONTAMOS LA PAZ\u00a0<\/strong><\/p>\n<p>(<a href=\"http:\/\/www.educa.itakaescolapios.org\/wp-content\/uploads\/2018\/12\/CONTAMOS-LA-PAZ.pdf\">Castellano<\/a>) (<a href=\"http:\/\/www.educa.itakaescolapios.org\/wp-content\/uploads\/2018\/12\/cuentos-euskera.pdf\">Euskera<\/a>)<\/p>\n<p><strong>JUEGOS Y ACTIVIDADES<\/strong><\/p>\n<p>(<a href=\"http:\/\/www.educa.itakaescolapios.org\/wp-content\/uploads\/2018\/12\/Juegos-y-dinamicas-de-paz.pdf\">Castellano<\/a>) (<a href=\"http:\/\/www.educa.itakaescolapios.org\/wp-content\/uploads\/2018\/12\/2005-euskera.pdf\">Euskera<\/a>)<\/p>\n<p><strong>PELICULAS, LIBROS y OTROS RECURSOS<\/strong><\/p>\n<p>(<a href=\"http:\/\/www.educa.itakaescolapios.org\/wp-content\/uploads\/2018\/12\/PELICULAS-ACTIVIDADES.pdf\">Castellano<\/a>) (Euskera)<\/p>\n<p><strong>ACTIVIDADES EN FAMILIA<\/strong><\/p>\n<p>(<a href=\"http:\/\/www.educa.itakaescolapios.org\/paz-y-no-violencia\/actividades-en-familia\/\" target=\"_blank\" rel=\"noopener\">Castellano y Euskera<\/a>)<\/p>\n<p><strong>FRASES DE PAZ\u00a0<\/strong>(para ambientar pasillos, reflexionar\u2026)\u00a0<a href=\"http:\/\/www.educa.itakaescolapios.org\/paz-y-no-violencia\/frases-de-paz-1\/\" target=\"_blank\" rel=\"noopener\">(Castellano)<\/a><\/p>\n<p><\/p>","protected":false},"excerpt":{"rendered":"<p>D\u00e9sol\u00e9, cet article est seulement disponible en Espagnol Europ\u00e9en. En este apartado pod\u00e9is descargar publicaciones de Itaka-Escolapios con variados materiales para trabajar el valor de la\u00a0paz [&hellip;]<\/p>\n","protected":false},"author":1,"featured_media":0,"parent":717,"menu_order":0,"comment_status":"closed","ping_status":"closed","template":"","meta":[],"acf":[],"_links":{"self":[{"href":"https:\/\/www.educa.itakaescolapios.org\/fr\/wp-json\/wp\/v2\/pages\/1568"}],"collection":[{"href":"https:\/\/www.educa.itakaescolapios.org\/fr\/wp-json\/wp\/v2\/pages"}],"about":[{"href":"https:\/\/www.educa.itakaescolapios.org\/fr\/wp-json\/wp\/v2\/types\/page"}],"author":[{"embeddable":true,"href":"https:\/\/www.educa.itakaescolapios.org\/fr\/wp-json\/wp\/v2\/users\/1"}],"replies":[{"embeddable":true,"href":"https:\/\/www.educa.itakaescolapios.org\/fr\/wp-json\/wp\/v2\/comments?post=1568"}],"version-history":[{"count":3,"href":"https:\/\/www.educa.itakaescolapios.org\/fr\/wp-json\/wp\/v2\/pages\/1568\/revisions"}],"predecessor-version":[{"id":1576,"href":"https:\/\/www.educa.itakaescolapios.org\/fr\/wp-json\/wp\/v2\/pages\/1568\/revisions\/1576"}],"up":[{"embeddable":true,"href":"https:\/\/www.educa.itakaescolapios.org\/fr\/wp-json\/wp\/v2\/pages\/717"}],"wp:attachment":[{"href":"https:\/\/www.educa.itakaescolapios.org\/fr\/wp-json\/wp\/v2\/media?parent=1568"}],"curies":[{"name":"wp","href":"https:\/\/api.w.org\/{rel}","templated":true}]}}