{"id":1604,"date":"2018-12-13T10:47:01","date_gmt":"2018-12-13T09:47:01","guid":{"rendered":"http:\/\/www.educa.itakaescolapios.org\/?page_id=1604"},"modified":"2018-12-13T10:57:58","modified_gmt":"2018-12-13T09:57:58","slug":"al-encuentro-por-la-paz","status":"publish","type":"page","link":"https:\/\/www.educa.itakaescolapios.org\/fr\/semanas-de-la-paz\/2015-2016-semana-de-la-paz\/al-encuentro-por-la-paz","title":{"rendered":"AL ENCUENTRO POR LA PAZ"},"content":{"rendered":"<p class=\"qtranxs-available-languages-message qtranxs-available-languages-message-fr\">D\u00e9sol\u00e9, cet article est seulement disponible en <a href=\"https:\/\/www.educa.itakaescolapios.org\/es\/wp-json\/wp\/v2\/pages\/1604\" class=\"qtranxs-available-language-link qtranxs-available-language-link-es\" title=\"Espa\u00f1ol\">Espagnol Europ\u00e9en<\/a>.<\/p><p><\/p>\n<p><img decoding=\"async\" loading=\"lazy\" class=\"wp-image-1605 size-full aligncenter\" src=\"http:\/\/www.educa.itakaescolapios.org\/wp-content\/uploads\/2018\/12\/BANNER.jpg\" alt=\"\" width=\"851\" height=\"315\" srcset=\"https:\/\/www.educa.itakaescolapios.org\/wp-content\/uploads\/2018\/12\/BANNER.jpg 851w, https:\/\/www.educa.itakaescolapios.org\/wp-content\/uploads\/2018\/12\/BANNER-300x111.jpg 300w, https:\/\/www.educa.itakaescolapios.org\/wp-content\/uploads\/2018\/12\/BANNER-768x284.jpg 768w, https:\/\/www.educa.itakaescolapios.org\/wp-content\/uploads\/2018\/12\/BANNER-250x93.jpg 250w\" sizes=\"(max-width: 851px) 100vw, 851px\" \/><\/p>\n<p>A continuaci\u00f3n os pod\u00e9is descargar la Revista de Campa\u00f1a en la que encontrar\u00e9is todas las actividades a desarrollar en el aula.<\/p>\n<p><a href=\"http:\/\/www.educa.itakaescolapios.org\/wp-content\/uploads\/2018\/12\/revista-paz-2016-IMPRENTA1.pdf\"><strong>REVISTA CAMPA\u00d1A SEMANA DE LA PAZ<\/strong><\/a><\/p>\n<p>Para poder realizar las actividades os apuntamos a continuaci\u00f3n algunos anexos necesarios:<\/p>\n<p>&#8211; Infantil: <a href=\"http:\/\/www.educa.itakaescolapios.org\/wp-content\/uploads\/2018\/12\/Anexos-Infantil-General.pdf\">Anexos Infantil General<\/a><\/p>\n<p>&#8211; Primaria: <a href=\"http:\/\/www.educa.itakaescolapios.org\/wp-content\/uploads\/2018\/12\/Anexo1-1-2-Prim-Eritrea.pdf\">Anexo1 1\u00ba-2\u00ba<\/a>,\u00a0 <a href=\"http:\/\/www.educa.itakaescolapios.org\/wp-content\/uploads\/2018\/12\/Anexo2-1-2-Prim-carta-eritrea.pdf\">anexo2 1\u00ba-2\u00ba<\/a>, <a href=\"http:\/\/www.educa.itakaescolapios.org\/wp-content\/uploads\/2018\/12\/Anexo1-3-4-Prim-Afganist\u00e1n.pdf\">anexo1 3\u00ba-4\u00ba<\/a>,\u00a0 <a href=\"http:\/\/www.educa.itakaescolapios.org\/wp-content\/uploads\/2018\/12\/ANEXO1-5-6-Primaria-Nigeria.pdf\">anexo 1 5\u00ba-6\u00ba<\/a>, <a href=\"http:\/\/www.educa.itakaescolapios.org\/wp-content\/uploads\/2018\/12\/ANEXO2-5-6-Primaria-Nigeria.pdf\">anexo 2 5\u00ba-6\u00ba<\/a><\/p>\n<p>&#8211; Secundaria: <a href=\"http:\/\/www.educa.itakaescolapios.org\/wp-content\/uploads\/2018\/12\/Anexo-1-2-ESO-L\u00edbano.pdf\">Anexo 1 2\u00ba<\/a>,\u00a0 <a href=\"http:\/\/www.educa.itakaescolapios.org\/wp-content\/uploads\/2018\/12\/Anexo1-3-4ESO-Congo.pdf\">anexo 1 3\u00ba-4\u00ba<\/a><a href=\"http:\/\/www.itakaescolapios.org\/wp-content\/uploads\/2016\/01\/Anexo1-3-4ESO-Congo.pdf\" target=\"_blank\" rel=\"noopener\">,<\/a> \u00a0 <a href=\"http:\/\/www.educa.itakaescolapios.org\/wp-content\/uploads\/2018\/12\/Anexo2-3-4ESO-Congo.pdf\">anexo2 3\u00ba-4\u00ba<\/a><\/p>\n<p>&#8211; Bachillerato: <a href=\"http:\/\/www.educa.itakaescolapios.org\/wp-content\/uploads\/2018\/12\/Anexo1-Bachiller-Siria.pdf\">Anexo1<\/a>, <a href=\"http:\/\/www.educa.itakaescolapios.org\/wp-content\/uploads\/2018\/12\/Anexo2-Bachiller-Siria.pdf\">anexo 2<\/a>, <a href=\"http:\/\/www.educa.itakaescolapios.org\/wp-content\/uploads\/2018\/12\/Anexo3-Bachiller-Siria.pdf\">anexo 3<\/a>.<\/p>\n<p><\/p>","protected":false},"excerpt":{"rendered":"<p>D\u00e9sol\u00e9, cet article est seulement disponible en Espagnol Europ\u00e9en. A continuaci\u00f3n os pod\u00e9is descargar la Revista de Campa\u00f1a en la que encontrar\u00e9is todas las actividades a [&hellip;]<\/p>\n","protected":false},"author":1,"featured_media":0,"parent":731,"menu_order":0,"comment_status":"closed","ping_status":"closed","template":"","meta":[],"acf":[],"_links":{"self":[{"href":"https:\/\/www.educa.itakaescolapios.org\/fr\/wp-json\/wp\/v2\/pages\/1604"}],"collection":[{"href":"https:\/\/www.educa.itakaescolapios.org\/fr\/wp-json\/wp\/v2\/pages"}],"about":[{"href":"https:\/\/www.educa.itakaescolapios.org\/fr\/wp-json\/wp\/v2\/types\/page"}],"author":[{"embeddable":true,"href":"https:\/\/www.educa.itakaescolapios.org\/fr\/wp-json\/wp\/v2\/users\/1"}],"replies":[{"embeddable":true,"href":"https:\/\/www.educa.itakaescolapios.org\/fr\/wp-json\/wp\/v2\/comments?post=1604"}],"version-history":[{"count":4,"href":"https:\/\/www.educa.itakaescolapios.org\/fr\/wp-json\/wp\/v2\/pages\/1604\/revisions"}],"predecessor-version":[{"id":1622,"href":"https:\/\/www.educa.itakaescolapios.org\/fr\/wp-json\/wp\/v2\/pages\/1604\/revisions\/1622"}],"up":[{"embeddable":true,"href":"https:\/\/www.educa.itakaescolapios.org\/fr\/wp-json\/wp\/v2\/pages\/731"}],"wp:attachment":[{"href":"https:\/\/www.educa.itakaescolapios.org\/fr\/wp-json\/wp\/v2\/media?parent=1604"}],"curies":[{"name":"wp","href":"https:\/\/api.w.org\/{rel}","templated":true}]}}