{"id":1634,"date":"2018-12-13T11:13:04","date_gmt":"2018-12-13T10:13:04","guid":{"rendered":"http:\/\/www.educa.itakaescolapios.org\/?page_id=1634"},"modified":"2018-12-13T11:14:01","modified_gmt":"2018-12-13T10:14:01","slug":"oraciones-para-la-semana-de-la-paz","status":"publish","type":"page","link":"https:\/\/www.educa.itakaescolapios.org\/fr\/semanas-de-la-paz\/2015-2016-semana-de-la-paz\/oraciones-para-la-semana-de-la-paz","title":{"rendered":"ORACIONES PARA LA SEMANA DE LA PAZ"},"content":{"rendered":"<p class=\"qtranxs-available-languages-message qtranxs-available-languages-message-fr\">D\u00e9sol\u00e9, cet article est seulement disponible en <a href=\"https:\/\/www.educa.itakaescolapios.org\/es\/wp-json\/wp\/v2\/pages\/1634\" class=\"qtranxs-available-language-link qtranxs-available-language-link-es\" title=\"Espa\u00f1ol\">Espagnol Europ\u00e9en<\/a>.<\/p><p><\/p>\n<p><img decoding=\"async\" loading=\"lazy\" class=\"size-full wp-image-1635 alignleft\" src=\"http:\/\/www.educa.itakaescolapios.org\/wp-content\/uploads\/2018\/12\/velas.png\" alt=\"\" width=\"467\" height=\"191\" srcset=\"https:\/\/www.educa.itakaescolapios.org\/wp-content\/uploads\/2018\/12\/velas.png 467w, https:\/\/www.educa.itakaescolapios.org\/wp-content\/uploads\/2018\/12\/velas-300x123.png 300w, https:\/\/www.educa.itakaescolapios.org\/wp-content\/uploads\/2018\/12\/velas-250x102.png 250w\" sizes=\"(max-width: 467px) 100vw, 467px\" \/><\/p>\n<p>&nbsp;<\/p>\n<p>&nbsp;<\/p>\n<p>&nbsp;<\/p>\n<p>&nbsp;<\/p>\n<p>&nbsp;<\/p>\n<p>&nbsp;<\/p>\n<p>&nbsp;<\/p>\n<p>&nbsp;<\/p>\n<p>Te invitamos a rezar por la paz durante la semana, puedes desc\u00e1rgate una oraci\u00f3n para cada d\u00eda en los siguientes enlaces:<\/p>\n<table style=\"height: 174px;\" border=\"0\" width=\"705\" cellspacing=\"0\" cellpadding=\"0\">\n<colgroup>\n<col width=\"114\" \/>\n<col width=\"113\" \/><\/colgroup>\n<tbody>\n<tr>\n<td width=\"114\" height=\"25\"><strong>CAST \u2013 \u00a0 EUSK<\/strong><\/td>\n<td width=\"113\"><strong>CASTELLANO<\/strong><\/td>\n<\/tr>\n<tr>\n<td height=\"25\"><strong><a href=\"http:\/\/www.educa.itakaescolapios.org\/wp-content\/uploads\/2018\/12\/LUNES-25.pdf\">LUNES<\/a><\/strong><\/td>\n<td><strong>\u00a0<a href=\"http:\/\/www.educa.itakaescolapios.org\/wp-content\/uploads\/2018\/12\/LUNES.pdf\">LUNES<\/a><\/strong><\/td>\n<\/tr>\n<tr>\n<td height=\"25\"><a href=\"http:\/\/www.educa.itakaescolapios.org\/wp-content\/uploads\/2018\/12\/MARTES-26.pdf\"><strong>MARTES<\/strong><\/a><\/td>\n<td><strong>\u00a0<a href=\"http:\/\/www.educa.itakaescolapios.org\/wp-content\/uploads\/2018\/12\/MARTES.pdf\">MARTES<\/a><\/strong><\/td>\n<\/tr>\n<tr>\n<td height=\"25\"><strong><a href=\"http:\/\/www.educa.itakaescolapios.org\/wp-content\/uploads\/2018\/12\/MI\u00c9RCOLES-27.pdf\">MI\u00c9RCOLES<\/a> <\/strong><\/td>\n<td><strong>\u00a0<a href=\"http:\/\/www.educa.itakaescolapios.org\/wp-content\/uploads\/2018\/12\/MIERCOLES.pdf\">MIERCOLES<\/a><\/strong><\/td>\n<\/tr>\n<tr>\n<td height=\"25\"><strong><a href=\"http:\/\/www.educa.itakaescolapios.org\/wp-content\/uploads\/2018\/12\/JUEVES-28.pdf\">JUEVES<\/a><\/strong><\/td>\n<td><strong>\u00a0<a href=\"http:\/\/www.educa.itakaescolapios.org\/wp-content\/uploads\/2018\/12\/JUEVES.pdf\">JUEVES<\/a><\/strong><\/td>\n<\/tr>\n<tr>\n<td height=\"25\"><strong><a href=\"http:\/\/www.educa.itakaescolapios.org\/wp-content\/uploads\/2018\/12\/VIERNES-29.pdf\">VIERNES<\/a><\/strong><\/td>\n<td><strong><a href=\"http:\/\/www.educa.itakaescolapios.org\/wp-content\/uploads\/2018\/12\/VIERNES.pdf\">VIERNES<\/a><\/strong><\/td>\n<\/tr>\n<\/tbody>\n<\/table>\n<p><\/p>","protected":false},"excerpt":{"rendered":"<p>D\u00e9sol\u00e9, cet article est seulement disponible en Espagnol Europ\u00e9en. &nbsp; &nbsp; &nbsp; &nbsp; &nbsp; &nbsp; &nbsp; &nbsp; Te invitamos a rezar por la paz durante la [&hellip;]<\/p>\n","protected":false},"author":1,"featured_media":0,"parent":731,"menu_order":0,"comment_status":"closed","ping_status":"closed","template":"","meta":[],"acf":[],"_links":{"self":[{"href":"https:\/\/www.educa.itakaescolapios.org\/fr\/wp-json\/wp\/v2\/pages\/1634"}],"collection":[{"href":"https:\/\/www.educa.itakaescolapios.org\/fr\/wp-json\/wp\/v2\/pages"}],"about":[{"href":"https:\/\/www.educa.itakaescolapios.org\/fr\/wp-json\/wp\/v2\/types\/page"}],"author":[{"embeddable":true,"href":"https:\/\/www.educa.itakaescolapios.org\/fr\/wp-json\/wp\/v2\/users\/1"}],"replies":[{"embeddable":true,"href":"https:\/\/www.educa.itakaescolapios.org\/fr\/wp-json\/wp\/v2\/comments?post=1634"}],"version-history":[{"count":3,"href":"https:\/\/www.educa.itakaescolapios.org\/fr\/wp-json\/wp\/v2\/pages\/1634\/revisions"}],"predecessor-version":[{"id":1648,"href":"https:\/\/www.educa.itakaescolapios.org\/fr\/wp-json\/wp\/v2\/pages\/1634\/revisions\/1648"}],"up":[{"embeddable":true,"href":"https:\/\/www.educa.itakaescolapios.org\/fr\/wp-json\/wp\/v2\/pages\/731"}],"wp:attachment":[{"href":"https:\/\/www.educa.itakaescolapios.org\/fr\/wp-json\/wp\/v2\/media?parent=1634"}],"curies":[{"name":"wp","href":"https:\/\/api.w.org\/{rel}","templated":true}]}}