{"id":1657,"date":"2018-12-13T11:41:16","date_gmt":"2018-12-13T10:41:16","guid":{"rendered":"http:\/\/www.educa.itakaescolapios.org\/?page_id=1657"},"modified":"2018-12-13T11:42:17","modified_gmt":"2018-12-13T10:42:17","slug":"expedicion-kamda-buscando-la-paz","status":"publish","type":"page","link":"https:\/\/www.educa.itakaescolapios.org\/fr\/semanas-de-la-paz\/2016-2017-semana-de-la-paz\/expedicion-kamda-buscando-la-paz","title":{"rendered":"EXPEDICI\u00d3N KAMDA: BUSCANDO LA PAZ"},"content":{"rendered":"<p class=\"qtranxs-available-languages-message qtranxs-available-languages-message-fr\">D\u00e9sol\u00e9, cet article est seulement disponible en <a href=\"https:\/\/www.educa.itakaescolapios.org\/es\/wp-json\/wp\/v2\/pages\/1657\" class=\"qtranxs-available-language-link qtranxs-available-language-link-es\" title=\"Espa\u00f1ol\">Espagnol Europ\u00e9en<\/a>.<\/p><p><\/p>\n<p><img decoding=\"async\" loading=\"lazy\" class=\"aligncenter wp-image-1658\" src=\"http:\/\/www.educa.itakaescolapios.org\/wp-content\/uploads\/2018\/12\/portada-fb-paz-1024x379.jpg\" alt=\"\" width=\"860\" height=\"318\" srcset=\"https:\/\/www.educa.itakaescolapios.org\/wp-content\/uploads\/2018\/12\/portada-fb-paz-1024x379.jpg 1024w, https:\/\/www.educa.itakaescolapios.org\/wp-content\/uploads\/2018\/12\/portada-fb-paz-300x111.jpg 300w, https:\/\/www.educa.itakaescolapios.org\/wp-content\/uploads\/2018\/12\/portada-fb-paz-768x284.jpg 768w, https:\/\/www.educa.itakaescolapios.org\/wp-content\/uploads\/2018\/12\/portada-fb-paz-250x93.jpg 250w\" sizes=\"(max-width: 860px) 100vw, 860px\" \/><\/p>\n<p>Desde Itaka-Escolapios proponemos una campa\u00f1a para celebrar el D\u00eda Escolar de la No-violencia y la Paz, recordando que los peque\u00f1os gestos que hacemos diariamente contribuyen a crear la paz, la solidaridad y la tolerancia a nuestro alrededor. El objetivo principal de esta campa\u00f1a es concienciar al alumnado, profesorado y familias de que podemos darle la vuelta a la situaci\u00f3n, a partir de peque\u00f1os gestos positivos, construyendo entre todos, una cultura y realidad de paz y acogida.<\/p>\n<p>Creemos en la frase de Eduardo Galeano: \u201cMucha gente peque\u00f1a, en lugares peque\u00f1os, haciendo peque\u00f1as cosas, puede cambiar el mundo\u201d, y sobre todo, queremos que los ni\u00f1os y las ni\u00f1as de nuestra ciudad crean en ello y crezcan con la confianza de que su implicaci\u00f3n y activismo social son importantes y efectivos.<\/p>\n<p>La campa\u00f1a \u201cExpedici\u00f3n Kamda: Buscando la Paz\u201d quiere poner el acento en todas esas peque\u00f1as acciones que ya se realizan y que cambian nuestro entorno m\u00e1s cercano frente a situaciones de injusticia. Con estas acciones tambi\u00e9n se anuncia (y denuncia) que otras realidades son posibles si todos ponemos un poco de nuestra parte.<\/p>\n<p>\u201cHay muchas razones para creer en la capacidad de la humanidad que act\u00faa conjuntamente en solidaridad, en el reconocimiento de la propia interconexi\u00f3n e interdependencia, preocup\u00e1ndose por los miembros m\u00e1s fr\u00e1giles y la protecci\u00f3n del bien com\u00fan. Conscientes de la amenaza de la globalizaci\u00f3n de la indiferencia, no podemos dejar de reconocer que, en el escenario descrito anteriormente, se dan tambi\u00e9n numerosas iniciativas y acciones positivas que testimonian la compasi\u00f3n, la misericordia y la solidaridad de las que el hombre es capaz. Cada uno est\u00e1 llamado a reconocer c\u00f3mo se manifiesta la indiferencia en la propia vida, y a adoptar un compromiso concreto para contribuir a mejorar la realidad donde vive, a partir de la propia familia, de su vecindario o el ambiente de trabajo. Deseo invitar a todos a reconocer este hecho, para vencer la indiferencia y conquistar la paz\u201d. Papa Francisco (XLIX Jornada Mundial de la Paz 2016: Vence la indiferencia y conquista la paz). Para conocer estas acciones, la expedici\u00f3n Itaka-Escolapios, que nos gu\u00eda tambi\u00e9n en la campa\u00f1a de solidaridad que este a\u00f1o se dirige a Kamda (La India), vuelve a salir de viaje y recorre el mundo encontrando muestras de que la paz es posible gracias a la contribuci\u00f3n de cada uno, gracias a gestos que facilitan la uni\u00f3n y acogida de todas las personas sin distinci\u00f3n.<\/p>\n<p>Para el trabajo con los alumnos, ofrecemos una serie de din\u00e1micas y propuestas educativas, para la sensibilizaci\u00f3n en el aula, desde 1\u00ba de Infantil hasta 2\u00ba de Bachiller, en las que se conocen esos gestos de paz que ya existen en el mundo y se les propone realizar una acci\u00f3n ellos mismos relacionada con lo que han aprendido. Como conclusi\u00f3n a la Semana de la Paz tambi\u00e9n proponemos un acto central en el que contemos lo que hemos trabajado, ofrezcamos nuestras manos y acciones para conseguir un mundo de paz y acogida.<\/p>\n<p><\/p>","protected":false},"excerpt":{"rendered":"<p>D\u00e9sol\u00e9, cet article est seulement disponible en Espagnol Europ\u00e9en. Desde Itaka-Escolapios proponemos una campa\u00f1a para celebrar el D\u00eda Escolar de la No-violencia y la Paz, recordando [&hellip;]<\/p>\n","protected":false},"author":1,"featured_media":0,"parent":733,"menu_order":0,"comment_status":"closed","ping_status":"closed","template":"","meta":[],"acf":[],"_links":{"self":[{"href":"https:\/\/www.educa.itakaescolapios.org\/fr\/wp-json\/wp\/v2\/pages\/1657"}],"collection":[{"href":"https:\/\/www.educa.itakaescolapios.org\/fr\/wp-json\/wp\/v2\/pages"}],"about":[{"href":"https:\/\/www.educa.itakaescolapios.org\/fr\/wp-json\/wp\/v2\/types\/page"}],"author":[{"embeddable":true,"href":"https:\/\/www.educa.itakaescolapios.org\/fr\/wp-json\/wp\/v2\/users\/1"}],"replies":[{"embeddable":true,"href":"https:\/\/www.educa.itakaescolapios.org\/fr\/wp-json\/wp\/v2\/comments?post=1657"}],"version-history":[{"count":4,"href":"https:\/\/www.educa.itakaescolapios.org\/fr\/wp-json\/wp\/v2\/pages\/1657\/revisions"}],"predecessor-version":[{"id":1662,"href":"https:\/\/www.educa.itakaescolapios.org\/fr\/wp-json\/wp\/v2\/pages\/1657\/revisions\/1662"}],"up":[{"embeddable":true,"href":"https:\/\/www.educa.itakaescolapios.org\/fr\/wp-json\/wp\/v2\/pages\/733"}],"wp:attachment":[{"href":"https:\/\/www.educa.itakaescolapios.org\/fr\/wp-json\/wp\/v2\/media?parent=1657"}],"curies":[{"name":"wp","href":"https:\/\/api.w.org\/{rel}","templated":true}]}}