{"id":1814,"date":"2019-02-27T16:57:06","date_gmt":"2019-02-27T15:57:06","guid":{"rendered":"http:\/\/www.educa.itakaescolapios.org\/?page_id=1814"},"modified":"2021-06-02T16:26:21","modified_gmt":"2021-06-02T14:26:21","slug":"participa","status":"publish","type":"page","link":"https:\/\/www.educa.itakaescolapios.org\/fr\/participa","title":{"rendered":"Participez"},"content":{"rendered":"<p>Etre membre du projet Educa, vous permet de faire partie d&rsquo;un r\u00e9seau de communaut\u00e9s \u00e9ducatives pour la transformation.<\/p>\n<p>1\u00e8re \u00e9tape : Comment rejoindre le r\u00e9seau Educa<\/p>\n<p style=\"padding-left: 40px;\">1. En acc\u00e9dant \u00e0 l&rsquo;onglet \u00ab\u00a0Comment devenir un centre \u00e9ducatif\u00a0\u00bb de ce site.<br \/>\n2. Remplissez le document \u00ab\u00a0Adhesion et engagement \u00e0 educa.itakaescolapios\u00a0\u00bb et envoyez-le \u00e0 educa@itakaescolapios.org<\/p>\n<p>2\u00e8me \u00e9tape : Comment participer au projet Educa (une fois que vous avez rejoint le projet)<\/p>\n<p style=\"padding-left: 40px;\">1. Progresser dans la transformation sociale : faire progresser votre r\u00e9alit\u00e9 \u00e9ducative dans son implication dans la transformation sociale en accomplissant les \u00e9tapes d\u00e9finies dans le document \u00ab\u00a0Adh\u00e9sion et engagement educ.itakaescolapios\u00a0\u00bb.<br \/>\n2. En t\u00e9l\u00e9chargeant des propositions \u00e9ducatives de transformation sur www.educa.itakaescolapios.org: vous pourrez partager, avec le r\u00e9seau de communaut\u00e9s \u00e9ducatives pour la transformation sociale Educa, les ressources \u00e9ducatives et les exp\u00e9riences de transformation sociale que vous g\u00e9n\u00e9rez.<br \/>\nPour t\u00e9l\u00e9charger une ressource ou une exp\u00e9rience, remplissez le formulaire \u00e0 la fin de ces lignes.<\/p>\n<p>Le r\u00e9seau de communaut\u00e9s \u00e9ducatives pour la transformation sociale educa.itakaescolapios est un r\u00e9seau vivant que nous avons cr\u00e9\u00e9 ensemble.<\/p>\n<p>Nous vous encourageons \u00e0 participer et \u00e0 partager vos propositions \u00e9ducatives transformatrices.<\/p>\n<p>&nbsp;<\/p>\n<p><div class=\"wpcf7 no-js\" id=\"wpcf7-f2509-o4\" lang=\"es-ES\" dir=\"ltr\">\n<div class=\"screen-reader-response\"><p role=\"status\" aria-live=\"polite\" aria-atomic=\"true\"><\/p> <ul><\/ul><\/div>\n<form action=\"\/fr\/wp-json\/wp\/v2\/pages\/1814#wpcf7-f2509-o4\" method=\"post\" class=\"wpcf7-form init\" aria-label=\"Formulario de contacto\" enctype=\"multipart\/form-data\" novalidate=\"novalidate\" data-status=\"init\">\n<div style=\"display: none;\">\n<input type=\"hidden\" name=\"_wpcf7\" value=\"2509\" \/>\n<input type=\"hidden\" name=\"_wpcf7_version\" value=\"5.7.2\" \/>\n<input type=\"hidden\" name=\"_wpcf7_locale\" value=\"es_ES\" \/>\n<input type=\"hidden\" name=\"_wpcf7_unit_tag\" value=\"wpcf7-f2509-o4\" \/>\n<input type=\"hidden\" name=\"_wpcf7_container_post\" value=\"0\" \/>\n<input type=\"hidden\" name=\"_wpcf7_posted_data_hash\" value=\"\" \/>\n<\/div>\n<div id=\"formulario_propuestas\">\n\t<p>Remplissez dans ce formulaire, les espaces qui sont pertinents, en fonction de la proposition que vous souhaitez partager dans le r\u00e9seau Educa., une ressource \u00e9ducative, une exp\u00e9rience transformatrice, un projet d'apprentissage par le service ou autres.\n\t<\/p>\n\t<p><label><strong>Type de proposition:<\/strong><\/label><br \/>\n<span class=\"wpcf7-form-control-wrap\" data-name=\"tipo_recurso\"><span class=\"wpcf7-form-control wpcf7-checkbox wpcf7-validates-as-required wpcf7-exclusive-checkbox\"><span class=\"wpcf7-list-item first\"><input type=\"checkbox\" name=\"tipo_recurso\" value=\"Ressource \u00e9ducative\" tabindex=\"\" \/><span class=\"wpcf7-list-item-label\">Ressource \u00e9ducative<\/span><\/span><span class=\"wpcf7-list-item\"><input type=\"checkbox\" name=\"tipo_recurso\" value=\"Une exp\u00e9rience transformatrice\" tabindex=\"\" \/><span class=\"wpcf7-list-item-label\">Une exp\u00e9rience transformatrice<\/span><\/span><span class=\"wpcf7-list-item\"><input type=\"checkbox\" name=\"tipo_recurso\" value=\"Projet d&#039;apprentissage par le service\" tabindex=\"\" \/><span class=\"wpcf7-list-item-label\">Projet d&#039;apprentissage par le service<\/span><\/span><span class=\"wpcf7-list-item last\"><input type=\"checkbox\" name=\"tipo_recurso\" value=\"Autres\" tabindex=\"\" \/><span class=\"wpcf7-list-item-label\">Autres<\/span><\/span><\/span><\/span>\n\t<\/p>\n\t<p><label><strong>Titre:<\/strong><br \/>\n<span class=\"wpcf7-form-control-wrap\" data-name=\"titulo\"><input size=\"40\" class=\"wpcf7-form-control wpcf7-text wpcf7-validates-as-required form-lg\" aria-required=\"true\" aria-invalid=\"false\" value=\"\" type=\"text\" name=\"titulo\" \/><\/span> <\/label>\n\t<\/p>\n\t<p><label><strong>Objectifs:<\/strong><span class=\"wpcf7-form-control-wrap\" data-name=\"objetivos\"><textarea cols=\"40\" rows=\"10\" class=\"wpcf7-form-control wpcf7-textarea wpcf7-validates-as-required form-lg\" aria-required=\"true\" aria-invalid=\"false\" name=\"objetivos\"><\/textarea><\/span> <\/label>\n\t<\/p>\n\t<p><label><strong>Champ d'application:<\/strong> (tu peux s\u00e9lectionner plusieurs th\u00e8mes) tu peux voir une d\u00e9finition concr\u00e8te des th\u00e8mes<a href=\"https:\/\/www.educa.itakaescolapios.org\/wp-content\/uploads\/2021\/06\/Descripci\u00f3n-de-los-\u00e1mbitos-Fr.pdf\" target=\"blank\"> ici.<br \/>\n<\/a><\/label><br \/>\n<span class=\"wpcf7-form-control-wrap\" data-name=\"ambito\"><span class=\"wpcf7-form-control wpcf7-checkbox wpcf7-validates-as-required\"><span class=\"wpcf7-list-item first\"><span class=\"wpcf7-list-item-label\">Co\u00e9ducation<\/span><input type=\"checkbox\" name=\"ambito[]\" value=\"Co\u00e9ducation\" tabindex=\"\" \/><\/span><span class=\"wpcf7-list-item\"><span class=\"wpcf7-list-item-label\">Paix<\/span><input type=\"checkbox\" name=\"ambito[]\" value=\"Paix\" tabindex=\"\" \/><\/span><span class=\"wpcf7-list-item\"><span class=\"wpcf7-list-item-label\">Durabilit\u00e9<\/span><input type=\"checkbox\" name=\"ambito[]\" value=\"Durabilit\u00e9\" tabindex=\"\" \/><\/span><span class=\"wpcf7-list-item\"><span class=\"wpcf7-list-item-label\">Interculturalit\u00e9<\/span><input type=\"checkbox\" name=\"ambito[]\" value=\"Interculturalit\u00e9\" tabindex=\"\" \/><\/span><span class=\"wpcf7-list-item\"><span class=\"wpcf7-list-item-label\">Approche globale-locale<\/span><input type=\"checkbox\" name=\"ambito[]\" value=\"Approche globale-locale\" tabindex=\"\" \/><\/span><span class=\"wpcf7-list-item\"><span class=\"wpcf7-list-item-label\">Lutte contre l&#039;exclusion<\/span><input type=\"checkbox\" name=\"ambito[]\" value=\"Lutte contre l&#039;exclusion\" tabindex=\"\" \/><\/span><span class=\"wpcf7-list-item last\"><span class=\"wpcf7-list-item-label\">Droit \u00e0 l&#039;\u00e9ducation<\/span><input type=\"checkbox\" name=\"ambito[]\" value=\"Droit \u00e0 l&#039;\u00e9ducation\" tabindex=\"\" \/><\/span><\/span><\/span>\n\t<\/p>\n\t<p><label><strong>L'\u00e2ge des personnes vis\u00e9es:<\/strong> (tu peux s\u00e9lectionner plusieurs \u00e2ges)<\/label><br \/>\n<span class=\"wpcf7-form-control-wrap\" data-name=\"checkbox-edades\"><span class=\"wpcf7-form-control wpcf7-checkbox wpcf7-validates-as-required\"><span class=\"wpcf7-list-item first\"><input type=\"checkbox\" name=\"checkbox-edades[]\" value=\"3-5 ans\" tabindex=\"\" \/><span class=\"wpcf7-list-item-label\">3-5 ans<\/span><\/span><span class=\"wpcf7-list-item\"><input type=\"checkbox\" name=\"checkbox-edades[]\" value=\"6-8 ans\" tabindex=\"\" \/><span class=\"wpcf7-list-item-label\">6-8 ans<\/span><\/span><span class=\"wpcf7-list-item\"><input type=\"checkbox\" name=\"checkbox-edades[]\" value=\"8-10 ans\" tabindex=\"\" \/><span class=\"wpcf7-list-item-label\">8-10 ans<\/span><\/span><span class=\"wpcf7-list-item\"><input type=\"checkbox\" name=\"checkbox-edades[]\" value=\"10-12 ans\" tabindex=\"\" \/><span class=\"wpcf7-list-item-label\">10-12 ans<\/span><\/span><span class=\"wpcf7-list-item\"><input type=\"checkbox\" name=\"checkbox-edades[]\" value=\"12-14 ans\" tabindex=\"\" \/><span class=\"wpcf7-list-item-label\">12-14 ans<\/span><\/span><span class=\"wpcf7-list-item\"><input type=\"checkbox\" name=\"checkbox-edades[]\" value=\"14-16 ans\" tabindex=\"\" \/><span class=\"wpcf7-list-item-label\">14-16 ans<\/span><\/span><span class=\"wpcf7-list-item\"><input type=\"checkbox\" name=\"checkbox-edades[]\" value=\"16-18 ans\" tabindex=\"\" \/><span class=\"wpcf7-list-item-label\">16-18 ans<\/span><\/span><span class=\"wpcf7-list-item last\"><input type=\"checkbox\" name=\"checkbox-edades[]\" value=\"+ 18 ans\" tabindex=\"\" \/><span class=\"wpcf7-list-item-label\">+ 18 ans<\/span><\/span><\/span><\/span>\n\t<\/p>\n\t<p><label><strong>D\u00e9veloppement:<\/strong><span class=\"wpcf7-form-control-wrap\" data-name=\"desarrollo\"><textarea cols=\"40\" rows=\"10\" class=\"wpcf7-form-control wpcf7-textarea form-lg\" aria-invalid=\"false\" name=\"desarrollo\"><\/textarea><\/span><\/label>\n\t<\/p>\n\t<p>- <strong>Pi\u00e8ces jointes:<\/strong>(tu peux joindre documents, images, affiches, etc. Si tu rencontres des difficult\u00e9s pour les joindre, contactes-nous via educa@itakaescolapios.org ou places dans la zone de texte un lien vers l'endroit o\u00f9 tu peux acc\u00e9der \u00e0 la pi\u00e8ce jointe si elle est publique, dropbox, onedrive, mega, youtube, etc.)\n\t<\/p>\n\t<p><span class=\"wpcf7-form-control-wrap\" data-name=\"archivo\"><input size=\"40\" class=\"wpcf7-form-control wpcf7-file\" accept=\".doc,.docx,.jpg,.jpeg,.png,.gif,.txt,.odt,.xls,.xlsx,.bmp,.pptx,.ppt\" aria-invalid=\"false\" type=\"file\" name=\"archivo\" \/><\/span>\n\t<\/p>\n\t<p><span class=\"wpcf7-form-control-wrap\" data-name=\"otro-archivo\"><input size=\"40\" class=\"wpcf7-form-control wpcf7-file\" accept=\".doc,.docx,.jpg,.jpeg,.png,.gif,.txt,.odt,.xls,.xlsx,.bmp,.pptx,.ppt\" aria-invalid=\"false\" type=\"file\" name=\"otro-archivo\" \/><\/span>\n\t<\/p>\n\t<p><span class=\"wpcf7-form-control-wrap\" data-name=\"otro-archivo-mas\"><input size=\"40\" class=\"wpcf7-form-control wpcf7-file\" accept=\".doc,.docx,.jpg,.jpeg,.png,.gif,.txt,.odt,.xls,.xlsx,.bmp,.pptx,.ppt\" aria-invalid=\"false\" type=\"file\" name=\"otro-archivo-mas\" \/><\/span>\n\t<\/p>\n\t<p><span class=\"wpcf7-form-control-wrap\" data-name=\"repositorio\"><input size=\"40\" class=\"wpcf7-form-control wpcf7-text form-lg\" aria-invalid=\"false\" placeholder=\"URL: dropbox, onedrive, mega..\" value=\"\" type=\"text\" name=\"repositorio\" \/><\/span>\n\t<\/p>\n\t<p><label><strong>Contact de r\u00e9f\u00e9rence pour de plus amples informations <\/strong>(\u00e9cole, paroisse, si\u00e8ge, centre social, etc.)<\/label><br \/>\n<span class=\"wpcf7-form-control-wrap\" data-name=\"correo_electronico\"><input size=\"40\" class=\"wpcf7-form-control wpcf7-text wpcf7-validates-as-required form-lg-espacio\" aria-required=\"true\" aria-invalid=\"false\" placeholder=\"Adresse \u00e9lectronique\" value=\"\" type=\"text\" name=\"correo_electronico\" \/><\/span><br \/>\n<span class=\"wpcf7-form-control-wrap\" data-name=\"telefono\"><input size=\"40\" class=\"wpcf7-form-control wpcf7-text wpcf7-validates-as-required form-lg-espacio\" aria-required=\"true\" aria-invalid=\"false\" placeholder=\"T\u00e9l\u00e9phone\" value=\"\" type=\"text\" name=\"telefono\" \/><\/span>\n\t<\/p>\n\t<p><label><strong>Lieu:<\/strong><\/label><br \/>\n<span class=\"wpcf7-form-control-wrap\" data-name=\"nombre_presencia\"><input size=\"40\" class=\"wpcf7-form-control wpcf7-text wpcf7-validates-as-required form-lg-espacio\" aria-required=\"true\" aria-invalid=\"false\" placeholder=\"Nom de la pr\u00e9sence (\u00e9cole, paroisse, centre socioculturel...).\" value=\"\" type=\"text\" name=\"nombre_presencia\" \/><\/span><br \/>\n<span class=\"wpcf7-form-control-wrap\" data-name=\"ciudad_pueblo\"><input size=\"40\" class=\"wpcf7-form-control wpcf7-text wpcf7-validates-as-required form-lg-espacio\" aria-required=\"true\" aria-invalid=\"false\" placeholder=\"Ville\/village\" value=\"\" type=\"text\" name=\"ciudad_pueblo\" \/><\/span><br \/>\n<span class=\"wpcf7-form-control-wrap\" data-name=\"pais\"><input size=\"40\" class=\"wpcf7-form-control wpcf7-text wpcf7-validates-as-required form-lg-espacio\" aria-required=\"true\" aria-invalid=\"false\" placeholder=\"Pays\" value=\"\" type=\"text\" name=\"pais\" \/><\/span><br \/>\n<span class=\"wpcf7-form-control-wrap\" data-name=\"GPS\"><input size=\"40\" class=\"wpcf7-form-control wpcf7-text wpcf7-validates-as-required form-lg-espacio\" aria-required=\"true\" aria-invalid=\"false\" placeholder=\"Coordonn\u00e9es GPS\" value=\"\" type=\"text\" name=\"GPS\" \/><\/span>\n\t<\/p>\n\t<p><input class=\"wpcf7-form-control has-spinner wpcf7-submit\" type=\"submit\" value=\"Envoyer\" \/>\n\t<\/p>\n<\/div><div class=\"wpcf7-response-output\" aria-hidden=\"true\"><\/div><\/form><\/div><\/p>","protected":false},"excerpt":{"rendered":"<p>Etre membre du projet Educa, vous permet de faire partie d&rsquo;un r\u00e9seau de communaut\u00e9s \u00e9ducatives pour la transformation. 1\u00e8re \u00e9tape : Comment rejoindre le r\u00e9seau Educa [&hellip;]<\/p>\n","protected":false},"author":1,"featured_media":0,"parent":0,"menu_order":16,"comment_status":"closed","ping_status":"closed","template":"","meta":[],"acf":[],"_links":{"self":[{"href":"https:\/\/www.educa.itakaescolapios.org\/fr\/wp-json\/wp\/v2\/pages\/1814"}],"collection":[{"href":"https:\/\/www.educa.itakaescolapios.org\/fr\/wp-json\/wp\/v2\/pages"}],"about":[{"href":"https:\/\/www.educa.itakaescolapios.org\/fr\/wp-json\/wp\/v2\/types\/page"}],"author":[{"embeddable":true,"href":"https:\/\/www.educa.itakaescolapios.org\/fr\/wp-json\/wp\/v2\/users\/1"}],"replies":[{"embeddable":true,"href":"https:\/\/www.educa.itakaescolapios.org\/fr\/wp-json\/wp\/v2\/comments?post=1814"}],"version-history":[{"count":13,"href":"https:\/\/www.educa.itakaescolapios.org\/fr\/wp-json\/wp\/v2\/pages\/1814\/revisions"}],"predecessor-version":[{"id":4754,"href":"https:\/\/www.educa.itakaescolapios.org\/fr\/wp-json\/wp\/v2\/pages\/1814\/revisions\/4754"}],"wp:attachment":[{"href":"https:\/\/www.educa.itakaescolapios.org\/fr\/wp-json\/wp\/v2\/media?parent=1814"}],"curies":[{"name":"wp","href":"https:\/\/api.w.org\/{rel}","templated":true}]}}