{"id":1884,"date":"2019-05-11T12:40:49","date_gmt":"2019-05-11T10:40:49","guid":{"rendered":"https:\/\/www.educa.itakaescolapios.org\/?page_id=1884"},"modified":"2020-11-05T12:55:19","modified_gmt":"2020-11-05T11:55:19","slug":"amawole","status":"publish","type":"page","link":"https:\/\/www.educa.itakaescolapios.org\/fr\/amawole","title":{"rendered":"AMAWOL\u00c9"},"content":{"rendered":"<p>https:\/\/youtu.be\/Uw3pprp_btw<\/p>\n<p>La musique est l\u2019un des \u00e9l\u00e9ments centraux de la vie en R\u00e9publique D\u00e9mocratique du Congo. Pendant des d\u00e9cennies, la R\u00e9publique D\u00e9mocratique du Congo a r\u00e9pandu sa musique sur le reste du continent africain, et m\u00eame au-del\u00e0 du continent. Dans les ann\u00e9es 50 et 60, c\u2019\u00e9tait le soukous, et actuellement c&rsquo;est un rythme r\u00e9adapt\u00e9, le ndombolo.<\/p>\n<p>Beaucoup de stars congolaises marquent le rythme \u00e0 niveau international. BLA nous propose par le biais de cette activit\u00e9 de nous convertir en stars de la musique et d&rsquo;internationaliser une chanson typique de la R\u00e9publique D\u00e9mocratique du Congo, AMAWOL\u00c9.<\/p>\n<p>Il s&rsquo;agit d&rsquo;une chanson que les jeunes filles et gar\u00e7ons chantent en classes de primaire, dans leurs groupes de scout ou pendant qu\u2019ils s\u2019entrainent \u00e0 diff\u00e9rents sports.<\/p>\n<p>T\u00e9l\u00e9chargez la FICHE D\u2019ACTIVIT\u00c9: <strong><span style=\"color: #808000;\"><a href=\"http:\/\/www.itakaescolapios.org\/wp-content\/uploads\/2018\/10\/FICHA-AMAWOL\u00c9.pdf\" target=\"_blank\" rel=\"noopener noreferrer\"><span style=\"color: #808000;\">AMAWOL\u00c9<\/span><\/a><\/span><\/strong><\/p>\n<p>Descarga la <strong><span style=\"color: #808000;\"><a href=\"https:\/\/www.educa.itakaescolapios.org\/wp-content\/uploads\/2019\/05\/Amawol\u00e9-letra1.pdf\" target=\"_blank\" rel=\"noopener noreferrer\"><span style=\"color: #808000;\">LETRA<\/span><\/a><\/span><\/strong><\/p>\n<p>T\u00e9l\u00e9charger la <strong><span style=\"color: #808000;\"><a href=\"https:\/\/www.educa.itakaescolapios.org\/wp-content\/uploads\/2019\/05\/Amawole-partitura1.pdf\" target=\"_blank\" rel=\"noopener noreferrer\"><span style=\"color: #808000;\">PAROLE DE LA CHANSON<\/span><\/a><\/span><\/strong><\/p>\n<p>MP3:<\/p>\n<audio class=\"wp-audio-shortcode\" id=\"audio-1884-4\" preload=\"none\" style=\"width: 100%;\" controls=\"controls\"><source type=\"audio\/mpeg\" src=\"https:\/\/www.educa.itakaescolapios.org\/wp-content\/uploads\/2019\/05\/3_Amawole-gui\u0301a-para-grabar-116BPM.mp3?_=4\" \/><a href=\"https:\/\/www.educa.itakaescolapios.org\/wp-content\/uploads\/2019\/05\/3_Amawole-gui\u0301a-para-grabar-116BPM.mp3\">https:\/\/www.educa.itakaescolapios.org\/wp-content\/uploads\/2019\/05\/3_Amawole-gui\u0301a-para-grabar-116BPM.mp3<\/a><\/audio>\n<p><iframe loading=\"lazy\" src=\"https:\/\/www.youtube.com\/embed\/s7c-7240QBA\" height=\"134\" width=\"238\" allowfullscreen=\"\" frameborder=\"0\"><\/iframe> <iframe loading=\"lazy\" src=\"https:\/\/www.youtube.com\/embed\/sByHQp4O2-A\" height=\"134\" width=\"238\" allowfullscreen=\"\" frameborder=\"0\"><\/iframe><\/p>","protected":false},"excerpt":{"rendered":"<p>https:\/\/youtu.be\/Uw3pprp_btw La musique est l\u2019un des \u00e9l\u00e9ments centraux de la vie en R\u00e9publique D\u00e9mocratique du Congo. Pendant des d\u00e9cennies, la R\u00e9publique D\u00e9mocratique du Congo a r\u00e9pandu [&hellip;]<\/p>\n","protected":false},"author":1,"featured_media":0,"parent":0,"menu_order":25,"comment_status":"closed","ping_status":"closed","template":"","meta":[],"acf":[],"_links":{"self":[{"href":"https:\/\/www.educa.itakaescolapios.org\/fr\/wp-json\/wp\/v2\/pages\/1884"}],"collection":[{"href":"https:\/\/www.educa.itakaescolapios.org\/fr\/wp-json\/wp\/v2\/pages"}],"about":[{"href":"https:\/\/www.educa.itakaescolapios.org\/fr\/wp-json\/wp\/v2\/types\/page"}],"author":[{"embeddable":true,"href":"https:\/\/www.educa.itakaescolapios.org\/fr\/wp-json\/wp\/v2\/users\/1"}],"replies":[{"embeddable":true,"href":"https:\/\/www.educa.itakaescolapios.org\/fr\/wp-json\/wp\/v2\/comments?post=1884"}],"version-history":[{"count":3,"href":"https:\/\/www.educa.itakaescolapios.org\/fr\/wp-json\/wp\/v2\/pages\/1884\/revisions"}],"predecessor-version":[{"id":1892,"href":"https:\/\/www.educa.itakaescolapios.org\/fr\/wp-json\/wp\/v2\/pages\/1884\/revisions\/1892"}],"wp:attachment":[{"href":"https:\/\/www.educa.itakaescolapios.org\/fr\/wp-json\/wp\/v2\/media?parent=1884"}],"curies":[{"name":"wp","href":"https:\/\/api.w.org\/{rel}","templated":true}]}}