{"id":1961,"date":"2019-05-11T13:56:47","date_gmt":"2019-05-11T11:56:47","guid":{"rendered":"https:\/\/www.educa.itakaescolapios.org\/?page_id=1961"},"modified":"2019-05-11T13:57:43","modified_gmt":"2019-05-11T11:57:43","slug":"actividad-para-los-y-las-mas-mayores","status":"publish","type":"page","link":"https:\/\/www.educa.itakaescolapios.org\/fr\/campanas\/2018-2019-al-ritmo-de-congo\/actividad-para-los-y-las-mas-mayores","title":{"rendered":"ACTIVIDAD PARA LOS Y LAS M\u00c1S MAYORES"},"content":{"rendered":"<p class=\"qtranxs-available-languages-message qtranxs-available-languages-message-fr\">D\u00e9sol\u00e9, cet article est seulement disponible en <a href=\"https:\/\/www.educa.itakaescolapios.org\/es\/wp-json\/wp\/v2\/pages\/1961\" class=\"qtranxs-available-language-link qtranxs-available-language-link-es\" title=\"Espa\u00f1ol\">Espagnol Europ\u00e9en<\/a>.<\/p><p><a href=\"https:\/\/www.educa.itakaescolapios.org\/wp-content\/uploads\/2019\/05\/TODOS_SIN-FONDO.jpg\"><img decoding=\"async\" loading=\"lazy\" class=\"size-medium wp-image-25067 alignleft\" alt=\"TODOS_SIN FONDO\" src=\"https:\/\/www.educa.itakaescolapios.org\/wp-content\/uploads\/2019\/05\/TODOS_SIN-FONDO-300x199.jpg\" width=\"300\" height=\"199\" \/><\/a>Nuestros expedicionarios nos proponen una actividad para personas adultas con el objeto de que la realidad de la Rep\u00fablica Democr\u00e1tica del Congo y de la Escuela P\u00eda del pa\u00eds llegue a las peronas m\u00e1s mayores de nuestros procesos, fraternidades, parroquias, &#8230;<\/p>\n<p>Descarga la <strong><span style=\"color: #808000;\"><a href=\"https:\/\/www.educa.itakaescolapios.org\/wp-content\/uploads\/2019\/05\/FICHA-tama\u00f1o-DINA3.pdf\"><span style=\"color: #808000;\">FICHA de actividad<\/span><\/a> <\/span><\/strong>(imprimir en tama\u00f1o DINA3)<\/p>\n<p>Descarga la <strong><span style=\"color: #808000;\"><a href=\"https:\/\/www.educa.itakaescolapios.org\/wp-content\/uploads\/2019\/05\/Guia-actividad-personas-adultas.pdf\"><span style=\"color: #808000;\">Guia actividad<\/span><\/a><\/span><\/strong><\/p>","protected":false},"excerpt":{"rendered":"<p>D\u00e9sol\u00e9, cet article est seulement disponible en Espagnol Europ\u00e9en.Nuestros expedicionarios nos proponen una actividad para personas adultas con el objeto de que la realidad de la [&hellip;]<\/p>\n","protected":false},"author":1,"featured_media":0,"parent":1750,"menu_order":0,"comment_status":"closed","ping_status":"closed","template":"","meta":[],"acf":[],"_links":{"self":[{"href":"https:\/\/www.educa.itakaescolapios.org\/fr\/wp-json\/wp\/v2\/pages\/1961"}],"collection":[{"href":"https:\/\/www.educa.itakaescolapios.org\/fr\/wp-json\/wp\/v2\/pages"}],"about":[{"href":"https:\/\/www.educa.itakaescolapios.org\/fr\/wp-json\/wp\/v2\/types\/page"}],"author":[{"embeddable":true,"href":"https:\/\/www.educa.itakaescolapios.org\/fr\/wp-json\/wp\/v2\/users\/1"}],"replies":[{"embeddable":true,"href":"https:\/\/www.educa.itakaescolapios.org\/fr\/wp-json\/wp\/v2\/comments?post=1961"}],"version-history":[{"count":2,"href":"https:\/\/www.educa.itakaescolapios.org\/fr\/wp-json\/wp\/v2\/pages\/1961\/revisions"}],"predecessor-version":[{"id":1967,"href":"https:\/\/www.educa.itakaescolapios.org\/fr\/wp-json\/wp\/v2\/pages\/1961\/revisions\/1967"}],"up":[{"embeddable":true,"href":"https:\/\/www.educa.itakaescolapios.org\/fr\/wp-json\/wp\/v2\/pages\/1750"}],"wp:attachment":[{"href":"https:\/\/www.educa.itakaescolapios.org\/fr\/wp-json\/wp\/v2\/media?parent=1961"}],"curies":[{"name":"wp","href":"https:\/\/api.w.org\/{rel}","templated":true}]}}