{"id":1968,"date":"2019-05-11T17:34:56","date_gmt":"2019-05-11T15:34:56","guid":{"rendered":"https:\/\/www.educa.itakaescolapios.org\/?page_id=1968"},"modified":"2019-05-11T17:53:13","modified_gmt":"2019-05-11T15:53:13","slug":"actividades-para-los-y-las-mas-pequenas","status":"publish","type":"page","link":"https:\/\/www.educa.itakaescolapios.org\/fr\/campanas\/2018-2019-al-ritmo-de-congo\/actividades-para-los-y-las-mas-pequenas","title":{"rendered":"ACTIVIT\u00c9S POUR LES PLUS PETIT(E)S"},"content":{"rendered":"<p><\/p>\n<p><a href=\"https:\/\/www.educa.itakaescolapios.org\/wp-content\/uploads\/2019\/05\/esengo.png\"><img decoding=\"async\" loading=\"lazy\" class=\"alignleft size-medium wp-image-25519\" src=\"https:\/\/www.educa.itakaescolapios.org\/wp-content\/uploads\/2019\/05\/esengo-292x300.png\" alt=\"esengo\" width=\"292\" height=\"300\" \/><\/a> Esengo nous propose des activit\u00e9s pour les plus petits, ceux qui d\u00e9butent leur parcours dans nos coll\u00e8ges. Enfants de maternelle Avec les activit\u00e9s propos\u00e9es, vous pourrez connaitre tous les personnages d&rsquo;Itaka Escolapios et le travail r\u00e9alis\u00e9 par les Escolapios en R\u00e9publique D\u00e9mocratique du Congo. <span style=\"color: #808000;\">Activit\u00e9s en espagnol seulement<\/span><\/p>\n<ul>\n<li>\n<h4><span style=\"color: #cc99ff;\"><strong><a href=\"https:\/\/www.educa.itakaescolapios.org\/wp-content\/uploads\/2019\/05\/Congo-geograf\u00eda.pdf\" target=\"_blank\" rel=\"noopener noreferrer\"><span style=\"color: #cc99ff;\">GEOGRAF\u00cdA Y NATURALEZA<\/span><\/a><\/strong><\/span><\/h4>\n<\/li>\n<li>\n<h4><span style=\"color: #cc99ff;\"><strong><a href=\"https:\/\/www.educa.itakaescolapios.org\/wp-content\/uploads\/2019\/05\/Congo-cultura-y-gastronom\u00eda.pdf\" target=\"_blank\" rel=\"noopener noreferrer\"><span style=\"color: #cc99ff;\">CULTURA Y ALIMENTOS<\/span><\/a><\/strong><\/span><\/h4>\n<\/li>\n<li>\n<h4><span style=\"color: #cc99ff;\"><strong><a href=\"https:\/\/www.educa.itakaescolapios.org\/wp-content\/uploads\/2019\/05\/Congo-Educaci\u00f3n-y-Escolapios.pdf\" target=\"_blank\" rel=\"noopener noreferrer\"><span style=\"color: #cc99ff;\">ESCOLAPIOS<\/span><\/a><\/strong><\/span><\/h4>\n<\/li>\n<\/ul>\n<p>A continuaci\u00f3n puedes descargar las actividades para realizar en tu centro.<\/p>\n<table style=\"width: 663px;\" border=\"0\" width=\"529\" cellspacing=\"0\" cellpadding=\"0\">\n<colgroup>\n<col width=\"80\" \/>\n<col width=\"100\" \/>\n<col span=\"3\" width=\"111\" \/>\n<col width=\"80\" \/> <\/colgroup>\n<tbody>\n<tr>\n<td style=\"width: 79.9px;\" height=\"20\">\u00a0<\/td>\n<td style=\"width: 141.9px;\"><strong><span style=\"color: #333333;\">ACTIVIDAD<\/span><\/strong><\/td>\n<td style=\"width: 312.967px;\" colspan=\"3\"><strong><span style=\"color: #333333;\">ANEXOS<\/span><\/strong><\/td>\n<td style=\"width: 118.233px;\">\u00a0<\/td>\n<\/tr>\n<tr>\n<td style=\"width: 79.9px;\" rowspan=\"2\" height=\"64\"><strong><span style=\"color: #000000;\">1\u00ba INFANTIL<\/span><\/strong><\/td>\n<td style=\"width: 141.9px;\" rowspan=\"2\"><strong><span style=\"color: #333300;\"><a href=\"https:\/\/www.educa.itakaescolapios.org\/wp-content\/uploads\/2019\/05\/1\u00ba-Infantil_MEMORY.pdf\" target=\"_blank\" rel=\"noopener noreferrer\"><span style=\"color: #333300;\">MEMORY<\/span><\/a><\/span><\/strong><\/td>\n<td style=\"width: 141.9px;\"><strong><span style=\"color: #808000;\"><a href=\"https:\/\/www.educa.itakaescolapios.org\/wp-content\/uploads\/2019\/05\/ANEXO-0_MEMORY.pdf\" target=\"_blank\" rel=\"noopener noreferrer\"><span style=\"color: #808000;\">ANEXO 0 MEMORY<\/span><\/a><\/span><\/strong><\/td>\n<td style=\"width: 81.6167px;\"><strong><span style=\"color: #808000;\"><a href=\"https:\/\/www.educa.itakaescolapios.org\/wp-content\/uploads\/2019\/05\/ANEXO_-Juego-Memory.pdf\" target=\"_blank\" rel=\"noopener noreferrer\"><span style=\"color: #808000;\">ANEXO Juego Memory<\/span><\/a><\/span><\/strong><\/td>\n<td style=\"width: 85.45px;\"><strong><span style=\"color: #808000;\"><a href=\"https:\/\/www.educa.itakaescolapios.org\/wp-content\/uploads\/2019\/05\/ANEXO-1_MEMORY_Elykia-Esengo-y-Quisap.pdf\" target=\"_blank\" rel=\"noopener noreferrer\"><span style=\"color: #808000;\">ANEXO 1 Elykia, Esengo y Quisap<\/span><\/a><\/span><\/strong><\/td>\n<td style=\"width: 118.233px;\" rowspan=\"2\"><span style=\"color: #99cc00;\"><strong><a href=\"https:\/\/www.educa.itakaescolapios.org\/wp-content\/uploads\/2019\/05\/DIPLOMA.pdf\" target=\"_blank\" rel=\"noopener noreferrer\"><span style=\"color: #99cc00;\">DIPLOMA<\/span><\/a><\/strong><\/span><\/td>\n<\/tr>\n<tr>\n<td style=\"width: 141.9px;\" height=\"32\"><strong><span style=\"color: #808000;\"><a href=\"https:\/\/www.educa.itakaescolapios.org\/wp-content\/uploads\/2019\/05\/ANEXO-2_MEMORY_Sukal-y-Marine.pdf\" target=\"_blank\" rel=\"noopener noreferrer\"><span style=\"color: #808000;\">ANEXO 2 Sukal y Marine<\/span><\/a><\/span><\/strong><\/td>\n<td style=\"width: 81.6167px;\"><span style=\"color: #808000;\"><strong><a href=\"https:\/\/www.educa.itakaescolapios.org\/wp-content\/uploads\/2019\/05\/ANEXO-3_MEMORY_Bla-y-Jiwa.pdf\" target=\"_blank\" rel=\"noopener noreferrer\"><span style=\"color: #808000;\">ANEXO 3 Bla y Jiwa<\/span><\/a><\/strong><\/span><\/td>\n<td style=\"width: 85.45px;\"><strong><span style=\"color: #808000;\"><a href=\"https:\/\/www.educa.itakaescolapios.org\/wp-content\/uploads\/2019\/05\/ANEXO-4_MEMORY_Actividad-final.pdf\" target=\"_blank\" rel=\"noopener noreferrer\"><span style=\"color: #808000;\">ANEXO 4 Actividad final<\/span><\/a><\/span><\/strong><\/td>\n<\/tr>\n<tr>\n<td style=\"width: 79.9px;\" height=\"11\">\u00a0<\/td>\n<td style=\"width: 141.9px;\">\u00a0<\/td>\n<td style=\"width: 141.9px;\">\u00a0<\/td>\n<td style=\"width: 81.6167px;\">\u00a0<\/td>\n<td style=\"width: 85.45px;\">\u00a0<\/td>\n<td style=\"width: 118.233px;\">\u00a0<\/td>\n<\/tr>\n<tr>\n<td style=\"width: 79.9px;\" rowspan=\"2\" height=\"64\"><strong><span style=\"color: #000000;\">2\u00ba INFANTIL<\/span><\/strong><\/td>\n<td style=\"width: 141.9px;\" rowspan=\"2\"><strong><span style=\"color: #993300;\"><a href=\"https:\/\/www.educa.itakaescolapios.org\/wp-content\/uploads\/2019\/05\/2\u00ba-Infantil_COMPLEMENTOS.pdf\" target=\"_blank\" rel=\"noopener noreferrer\"><span style=\"color: #993300;\">COMPLEMENTOS<\/span><\/a><\/span><\/strong><\/td>\n<td style=\"width: 141.9px;\"><strong><span style=\"color: #ff6600;\"><a href=\"https:\/\/www.educa.itakaescolapios.org\/wp-content\/uploads\/2019\/05\/ANEXO-0_COMPLEMENTOS.pdf\" target=\"_blank\" rel=\"noopener noreferrer\"><span style=\"color: #ff6600;\">ANEXO 0 COMPLEMENTOS<\/span><\/a><\/span><\/strong><\/td>\n<td style=\"width: 81.6167px;\"><strong><span style=\"color: #ff6600;\"><a href=\"https:\/\/www.educa.itakaescolapios.org\/wp-content\/uploads\/2019\/05\/ANEXO-CIRCULAR-FAMILIAS.pdf\" target=\"_blank\" rel=\"noopener noreferrer\"><span style=\"color: #ff6600;\">Circular familias<\/span><\/a><\/span><\/strong><\/td>\n<td style=\"width: 85.45px;\"><strong><span style=\"color: #ff6600;\"><a href=\"https:\/\/www.educa.itakaescolapios.org\/wp-content\/uploads\/2019\/05\/ANEXO-1_COMPLEMENTOS_Elykia-Esengo-y-Quisap.pdf\" target=\"_blank\" rel=\"noopener noreferrer\"><span style=\"color: #ff6600;\">ANEXO 1 Elykia, Esengo y Quisap<\/span><\/a><\/span><\/strong><\/td>\n<td style=\"width: 118.233px;\" rowspan=\"2\"><span style=\"color: #ff9900;\"><strong><a href=\"https:\/\/www.educa.itakaescolapios.org\/wp-content\/uploads\/2019\/05\/DIPLOMA.pdf\" target=\"_blank\" rel=\"noopener noreferrer\"><span style=\"color: #ff9900;\">DIPLOMA<\/span><\/a><\/strong><\/span><\/td>\n<\/tr>\n<tr>\n<td style=\"width: 141.9px;\" height=\"32\"><strong><span style=\"color: #ff6600;\"><a href=\"https:\/\/www.educa.itakaescolapios.org\/wp-content\/uploads\/2019\/05\/ANEXO-2_COMPLEMENTOS_Sukal-y-Marine.pdf\" target=\"_blank\" rel=\"noopener noreferrer\"><span style=\"color: #ff6600;\">ANEXO 2 Sukal y Marine<\/span><\/a><\/span><\/strong><\/td>\n<td style=\"width: 81.6167px;\"><strong><span style=\"color: #ff6600;\"><a href=\"https:\/\/www.educa.itakaescolapios.org\/wp-content\/uploads\/2019\/05\/ANEXO-3_COMPLEMENTOS_Bla-y-Jiwa.pdf\" target=\"_blank\" rel=\"noopener noreferrer\"><span style=\"color: #ff6600;\">ANEXO 3 Bla y Jiwa<\/span><\/a><\/span><\/strong><\/td>\n<td style=\"width: 85.45px;\"><strong><span style=\"color: #ff6600;\"><a href=\"https:\/\/www.educa.itakaescolapios.org\/wp-content\/uploads\/2019\/05\/ANEXO-4_COMPLEMENTOS_Actividad-final.pdf\" target=\"_blank\" rel=\"noopener noreferrer\"><span style=\"color: #ff6600;\">ANEXO 4 Actividad final<\/span><\/a><\/span><\/strong><\/td>\n<\/tr>\n<tr>\n<td style=\"width: 79.9px;\" height=\"11\">\u00a0<\/td>\n<td style=\"width: 141.9px;\">\u00a0<\/td>\n<td style=\"width: 141.9px;\">\u00a0<\/td>\n<td style=\"width: 81.6167px;\">\u00a0<\/td>\n<td style=\"width: 85.45px;\">\u00a0<\/td>\n<td style=\"width: 118.233px;\">\u00a0<\/td>\n<\/tr>\n<tr>\n<td style=\"width: 79.9px;\" rowspan=\"2\" height=\"64\"><span style=\"color: #000000;\"><strong>3\u00ba INFANTIL<\/strong><\/span><\/td>\n<td style=\"width: 141.9px;\" rowspan=\"2\"><strong><span style=\"color: #000080;\"><a href=\"https:\/\/www.educa.itakaescolapios.org\/wp-content\/uploads\/2019\/05\/3\u00ba-Infantil_EXPEDICI\u00d3N.pdf\" target=\"_blank\" rel=\"noopener noreferrer\"><span style=\"color: #000080;\">EXPEDICI\u00d3N<\/span><\/a><\/span><\/strong><\/td>\n<td style=\"width: 141.9px;\"><strong><span style=\"color: #0000ff;\"><a href=\"https:\/\/www.educa.itakaescolapios.org\/wp-content\/uploads\/2019\/05\/ANEXO-0_EXPEDICI\u00d3N.pdf\" target=\"_blank\" rel=\"noopener noreferrer\"><span style=\"color: #0000ff;\">ANEXO 0 EXPEDICI\u00d3N<\/span><\/a><\/span><\/strong><\/td>\n<td style=\"width: 81.6167px;\"><strong><span style=\"color: #0000ff;\"><a href=\"https:\/\/www.educa.itakaescolapios.org\/wp-content\/uploads\/2019\/05\/ANEXO_Figuras-I.pdf\" target=\"_blank\" rel=\"noopener noreferrer\"><span style=\"color: #0000ff;\">ANEXO Figuras<\/span><\/a><\/span><\/strong><\/td>\n<td style=\"width: 85.45px;\"><strong><span style=\"color: #0000ff;\"><a href=\"https:\/\/www.educa.itakaescolapios.org\/wp-content\/uploads\/2019\/05\/ANEXO-1_EXPEDICI\u00d3N_Elykia-Esengo-y-Quisap.pdf\" target=\"_blank\" rel=\"noopener noreferrer\"><span style=\"color: #0000ff;\">ANEXO 1 Elykia, Esengo y Quisap<\/span><\/a><\/span><\/strong><\/td>\n<td style=\"width: 118.233px;\" rowspan=\"2\"><span style=\"color: #3366ff;\"><strong><a href=\"https:\/\/www.educa.itakaescolapios.org\/wp-content\/uploads\/2019\/05\/DIPLOMA.pdf\"><span style=\"color: #3366ff;\">DIPLOMA<\/span><\/a><\/strong><\/span><\/td>\n<\/tr>\n<tr>\n<td style=\"width: 141.9px;\" height=\"32\"><strong><span style=\"color: #0000ff;\"><a href=\"https:\/\/www.educa.itakaescolapios.org\/wp-content\/uploads\/2019\/05\/ANEXO-2_EXPEDICI\u00d3N_Sukal-y-Marine.pdf\" target=\"_blank\" rel=\"noopener noreferrer\"><span style=\"color: #0000ff;\">ANEXO 2 Sukal y Marine<\/span><\/a><\/span><\/strong><\/td>\n<td style=\"width: 81.6167px;\"><strong><span style=\"color: #0000ff;\"><a href=\"https:\/\/www.educa.itakaescolapios.org\/wp-content\/uploads\/2019\/05\/ANEXO-3_EXPEDICI\u00d3N_Bla-y-Jiwa.pdf\" target=\"_blank\" rel=\"noopener noreferrer\"><span style=\"color: #0000ff;\">ANEXO 3 Bla y Jiwa<\/span><\/a><\/span><\/strong><\/td>\n<td style=\"width: 85.45px;\"><span style=\"color: #0000ff;\"><strong><a href=\"https:\/\/www.educa.itakaescolapios.org\/wp-content\/uploads\/2019\/05\/ANEXO-4_EXPEDICI\u00d3N_Actividad-final.pdf\" target=\"_blank\" rel=\"noopener noreferrer\"><span style=\"color: #0000ff;\">ANEXO 4 Actividad final<\/span><\/a><\/strong><\/span><\/td>\n<\/tr>\n<\/tbody>\n<\/table>\n<p><\/p>","protected":false},"excerpt":{"rendered":"<p>Esengo nous propose des activit\u00e9s pour les plus petits, ceux qui d\u00e9butent leur parcours dans nos coll\u00e8ges. Enfants de maternelle Avec les activit\u00e9s propos\u00e9es, vous pourrez [&hellip;]<\/p>\n","protected":false},"author":1,"featured_media":0,"parent":1750,"menu_order":0,"comment_status":"closed","ping_status":"closed","template":"","meta":[],"acf":[],"_links":{"self":[{"href":"https:\/\/www.educa.itakaescolapios.org\/fr\/wp-json\/wp\/v2\/pages\/1968"}],"collection":[{"href":"https:\/\/www.educa.itakaescolapios.org\/fr\/wp-json\/wp\/v2\/pages"}],"about":[{"href":"https:\/\/www.educa.itakaescolapios.org\/fr\/wp-json\/wp\/v2\/types\/page"}],"author":[{"embeddable":true,"href":"https:\/\/www.educa.itakaescolapios.org\/fr\/wp-json\/wp\/v2\/users\/1"}],"replies":[{"embeddable":true,"href":"https:\/\/www.educa.itakaescolapios.org\/fr\/wp-json\/wp\/v2\/comments?post=1968"}],"version-history":[{"count":11,"href":"https:\/\/www.educa.itakaescolapios.org\/fr\/wp-json\/wp\/v2\/pages\/1968\/revisions"}],"predecessor-version":[{"id":2008,"href":"https:\/\/www.educa.itakaescolapios.org\/fr\/wp-json\/wp\/v2\/pages\/1968\/revisions\/2008"}],"up":[{"embeddable":true,"href":"https:\/\/www.educa.itakaescolapios.org\/fr\/wp-json\/wp\/v2\/pages\/1750"}],"wp:attachment":[{"href":"https:\/\/www.educa.itakaescolapios.org\/fr\/wp-json\/wp\/v2\/media?parent=1968"}],"curies":[{"name":"wp","href":"https:\/\/api.w.org\/{rel}","templated":true}]}}