{"id":2075,"date":"2019-05-12T09:43:20","date_gmt":"2019-05-12T07:43:20","guid":{"rendered":"https:\/\/www.educa.itakaescolapios.org\/?page_id=2075"},"modified":"2020-11-05T13:29:25","modified_gmt":"2020-11-05T12:29:25","slug":"2018-2019-la-paz-esta-en-tus-manos","status":"publish","type":"page","link":"https:\/\/www.educa.itakaescolapios.org\/fr\/semanas-de-la-paz\/2018-2019-la-paz-esta-en-tus-manos","title":{"rendered":"2018-2019 LA PAZ EST\u00c1 EN TUS MANOS"},"content":{"rendered":"<p class=\"qtranxs-available-languages-message qtranxs-available-languages-message-fr\">D\u00e9sol\u00e9, cet article est seulement disponible en <a href=\"https:\/\/www.educa.itakaescolapios.org\/es\/wp-json\/wp\/v2\/pages\/2075\" class=\"qtranxs-available-language-link qtranxs-available-language-link-es\" title=\"Espa\u00f1ol\">Espagnol Europ\u00e9en<\/a>.<\/p><p><img decoding=\"async\" loading=\"lazy\" class=\"alignleft size-medium wp-image-2077\" src=\"https:\/\/www.educa.itakaescolapios.org\/wp-content\/uploads\/2019\/05\/En-tus-manos-300x192.jpg\" alt=\"\" width=\"300\" height=\"192\" srcset=\"https:\/\/www.educa.itakaescolapios.org\/wp-content\/uploads\/2019\/05\/En-tus-manos-300x192.jpg 300w, https:\/\/www.educa.itakaescolapios.org\/wp-content\/uploads\/2019\/05\/En-tus-manos-768x491.jpg 768w, https:\/\/www.educa.itakaescolapios.org\/wp-content\/uploads\/2019\/05\/En-tus-manos.jpg 1024w, https:\/\/www.educa.itakaescolapios.org\/wp-content\/uploads\/2019\/05\/En-tus-manos-250x160.jpg 250w\" sizes=\"(max-width: 300px) 100vw, 300px\" \/><br \/>\nLa celebraci\u00f3n del \u201cD\u00eda Escolar de la No Violencia y la Paz\u201d, un tema transversal que se celebra cada a\u00f1o en escuelas e institutos espa\u00f1oles desde 1964, fue reconocida por la ONU en 1993 para conmemorar al gran pacifista Mahatma Gandhi. En este art\u00edculo aportamos una serie de claves que ser\u00e1n de utilidad para preparar la jornada, que este 2018 tiene como fecha el d\u00eda 30 de enero.<\/p>\n<p>En este a\u00f1o, es de gran importancia la educaci\u00f3n para la paz como herramienta para poner en di\u00e1logo y discusi\u00f3n las grandes tormentas que azotan a diferentes sociedades en el mundo, con un alcance cada vez m\u00e1s global: ataques terroristas en Europa, la movilidad de los refugiados y el conflicto en Siria, as\u00ed como la b\u00fasqueda de una \u201cpaz social, estable y duradera\u201d en Colombia. Poco parece haber evolucionado desde que John Lennon en 1971 compuso la ut\u00f3pica canci\u00f3n \u201cImagine\u201d, donde el autor ya imaginaba, valga la redundancia, un mundo donde las sociedades vivieran en paz. Entre acordes, Lennon canta que \u00e9ste mundo es posible, porque \u00e9l no es el \u00fanico so\u00f1ador.<\/p>\n<p>En este sentido la sociedad civil se ha de concienciar cada vez m\u00e1s de la gran responsabilidad que tiene en la construcci\u00f3n de un mundo m\u00e1s justo. Es necesario buscar f\u00f3rmulas para trabajar una EDUCACI\u00d3N EN VALORES que, progresivamente y desde la infancia, lleve a planteamientos de compromiso y participaci\u00f3n de la sociedad civil en los problemas sociales que nos rodean e incumben a todos.<\/p>\n<p>En este contexto, la escuela se ha convertido en un lugar privilegiado donde poder desarrollar esta educaci\u00f3n en valores, debido a su enorme potencial transformador sobre la persona. La instituci\u00f3n escolar ha de ser un \u00e1mbito en el que los alumnos\/as protagonicen un proceso de personalizaci\u00f3n y socializaci\u00f3n, traduciendo estos valores en propuestas educativas desde todas las \u00e1reas curriculares. De esta forma, los educandos reciben una formaci\u00f3n integral de su personalidad, es decir, entera y completa. El centro educativo necesita abrirse a la vida, romper la distancia entre \u00e1reas curriculares y experiencia vital, desarrollar valores \u00e9ticos y sintetizar desarrollo intelectual y afectivo. Se ha de integrar la instrucci\u00f3n de contenidos dentro del proceso educativo.<\/p>\n<p>La educaci\u00f3n en valores forma parte ineludible del pleno desarrollo de la personalidad, objetivo b\u00e1sico de nuestro sistema educativo. Educar supone ejercitar los valores que posibilitan la vida social, el respeto a los derechos y libertades fundamentales y el desarrollo de h\u00e1bitos de convivencia democr\u00e1tica.Esta celebraci\u00f3n es, por tanto, una oportunidad m\u00e1s de contribuir a que los centros escolares se conviertan en instrumentos de paz y entendimiento entre personas de distinta formaci\u00f3n, raza, cultura y religi\u00f3n. Por todo ello, hemos de contribuir, a trav\u00e9s de la educaci\u00f3n, a la concienciaci\u00f3n de todos en la construcci\u00f3n de un mundo mejor, un mundo m\u00e1s justo y m\u00e1s humano que permita que todos los individuos<br \/>\ntengan la misma oportunidad de desarrollar plenamente sus facultades en el seno de una sociedad democr\u00e1tica, libre, justa, responsable y en paz.<\/p>","protected":false},"excerpt":{"rendered":"<p>D\u00e9sol\u00e9, cet article est seulement disponible en Espagnol Europ\u00e9en. La celebraci\u00f3n del \u201cD\u00eda Escolar de la No Violencia y la Paz\u201d, un tema transversal que se [&hellip;]<\/p>\n","protected":false},"author":1,"featured_media":2386,"parent":713,"menu_order":93,"comment_status":"closed","ping_status":"closed","template":"","meta":[],"acf":[],"_links":{"self":[{"href":"https:\/\/www.educa.itakaescolapios.org\/fr\/wp-json\/wp\/v2\/pages\/2075"}],"collection":[{"href":"https:\/\/www.educa.itakaescolapios.org\/fr\/wp-json\/wp\/v2\/pages"}],"about":[{"href":"https:\/\/www.educa.itakaescolapios.org\/fr\/wp-json\/wp\/v2\/types\/page"}],"author":[{"embeddable":true,"href":"https:\/\/www.educa.itakaescolapios.org\/fr\/wp-json\/wp\/v2\/users\/1"}],"replies":[{"embeddable":true,"href":"https:\/\/www.educa.itakaescolapios.org\/fr\/wp-json\/wp\/v2\/comments?post=2075"}],"version-history":[{"count":2,"href":"https:\/\/www.educa.itakaescolapios.org\/fr\/wp-json\/wp\/v2\/pages\/2075\/revisions"}],"predecessor-version":[{"id":2385,"href":"https:\/\/www.educa.itakaescolapios.org\/fr\/wp-json\/wp\/v2\/pages\/2075\/revisions\/2385"}],"up":[{"embeddable":true,"href":"https:\/\/www.educa.itakaescolapios.org\/fr\/wp-json\/wp\/v2\/pages\/713"}],"wp:featuredmedia":[{"embeddable":true,"href":"https:\/\/www.educa.itakaescolapios.org\/fr\/wp-json\/wp\/v2\/media\/2386"}],"wp:attachment":[{"href":"https:\/\/www.educa.itakaescolapios.org\/fr\/wp-json\/wp\/v2\/media?parent=2075"}],"curies":[{"name":"wp","href":"https:\/\/api.w.org\/{rel}","templated":true}]}}