{"id":2108,"date":"2019-05-12T11:17:41","date_gmt":"2019-05-12T09:17:41","guid":{"rendered":"https:\/\/www.educa.itakaescolapios.org\/?page_id=2108"},"modified":"2019-05-12T11:17:41","modified_gmt":"2019-05-12T09:17:41","slug":"acto-central","status":"publish","type":"page","link":"https:\/\/www.educa.itakaescolapios.org\/fr\/semanas-de-la-paz\/2018-2019-la-paz-esta-en-tus-manos\/acto-central","title":{"rendered":"ACTO CENTRAL"},"content":{"rendered":"<p class=\"qtranxs-available-languages-message qtranxs-available-languages-message-fr\">D\u00e9sol\u00e9, cet article est seulement disponible en <a href=\"https:\/\/www.educa.itakaescolapios.org\/es\/wp-json\/wp\/v2\/pages\/2108\" class=\"qtranxs-available-language-link qtranxs-available-language-link-es\" title=\"Espa\u00f1ol\">Espagnol Europ\u00e9en<\/a>.<\/p><p><a href=\"https:\/\/www.educa.itakaescolapios.org\/wp-content\/uploads\/2019\/05\/PAZ.jpg\"><img decoding=\"async\" loading=\"lazy\" class=\"alignright  wp-image-26323\" alt=\"PAZ\" src=\"https:\/\/www.educa.itakaescolapios.org\/wp-content\/uploads\/2019\/05\/PAZ.jpg\" width=\"216\" height=\"185\" \/><\/a>Son muchos los centros educativos en los que se encuentra instaurado un acto central con el objetivo de conmemortar el d\u00eda escolar de la Noviolencia y la Paz. Cada vez son m\u00e1s numerosas las globadas, o las concentraciones en zonas cercanas a nuestros colegios con el objetivo de que toda la ciudadan\u00eda pueda unirse a nuestra rehibindicaci\u00f3n.<\/p>\n<p><span style=\"text-decoration: underline;\">Propuesta de actividad<\/span><\/p>\n<p>La celebraci\u00f3n del D\u00eda Escolar por la No-violencia y la Paz no tiene porqu\u00e9 ser demasiado larga ni densa, sobre todo si durante la semana hemos trabajado en el aula a trav\u00e9s de las sesiones propuestas para cada curso.<\/p>\n<p>Se propone dedicar una hora aproximadamente, ya sea por la tarde o al final de la ma\u00f1ana, para que todo el colegio se pueda unir en la movilizaci\u00f3n por la paz.<\/p>\n<p><strong><span style=\"color: #993300;\"><a href=\"https:\/\/www.educa.itakaescolapios.org\/wp-content\/uploads\/2019\/05\/Acto-central.pdf\"><span style=\"color: #993300;\">Actividad ACTO CENTRAL<\/span><\/a><\/span><\/strong><\/p>","protected":false},"excerpt":{"rendered":"<p>D\u00e9sol\u00e9, cet article est seulement disponible en Espagnol Europ\u00e9en.Son muchos los centros educativos en los que se encuentra instaurado un acto central con el objetivo de [&hellip;]<\/p>\n","protected":false},"author":1,"featured_media":0,"parent":2075,"menu_order":0,"comment_status":"closed","ping_status":"closed","template":"","meta":[],"acf":[],"_links":{"self":[{"href":"https:\/\/www.educa.itakaescolapios.org\/fr\/wp-json\/wp\/v2\/pages\/2108"}],"collection":[{"href":"https:\/\/www.educa.itakaescolapios.org\/fr\/wp-json\/wp\/v2\/pages"}],"about":[{"href":"https:\/\/www.educa.itakaescolapios.org\/fr\/wp-json\/wp\/v2\/types\/page"}],"author":[{"embeddable":true,"href":"https:\/\/www.educa.itakaescolapios.org\/fr\/wp-json\/wp\/v2\/users\/1"}],"replies":[{"embeddable":true,"href":"https:\/\/www.educa.itakaescolapios.org\/fr\/wp-json\/wp\/v2\/comments?post=2108"}],"version-history":[{"count":1,"href":"https:\/\/www.educa.itakaescolapios.org\/fr\/wp-json\/wp\/v2\/pages\/2108\/revisions"}],"predecessor-version":[{"id":2111,"href":"https:\/\/www.educa.itakaescolapios.org\/fr\/wp-json\/wp\/v2\/pages\/2108\/revisions\/2111"}],"up":[{"embeddable":true,"href":"https:\/\/www.educa.itakaescolapios.org\/fr\/wp-json\/wp\/v2\/pages\/2075"}],"wp:attachment":[{"href":"https:\/\/www.educa.itakaescolapios.org\/fr\/wp-json\/wp\/v2\/media?parent=2108"}],"curies":[{"name":"wp","href":"https:\/\/api.w.org\/{rel}","templated":true}]}}