{"id":238,"date":"2016-11-02T17:32:38","date_gmt":"2016-11-02T16:32:38","guid":{"rendered":"http:\/\/www.educa.itakaescolapios.org\/?page_id=238"},"modified":"2023-05-02T09:41:22","modified_gmt":"2023-05-02T07:41:22","slug":"2016-2017-expedicion-kamda-educar-anunciar-transformar","status":"publish","type":"page","link":"https:\/\/www.educa.itakaescolapios.org\/fr\/campanas\/2016-2017-expedicion-kamda-educar-anunciar-transformar","title":{"rendered":"2016-2017 Expedici\u00f3n Kamda: educar, anunciar, transformar"},"content":{"rendered":"<p class=\"qtranxs-available-languages-message qtranxs-available-languages-message-fr\">D\u00e9sol\u00e9, cet article est seulement disponible en <a href=\"https:\/\/www.educa.itakaescolapios.org\/es\/wp-json\/wp\/v2\/pages\/238\" class=\"qtranxs-available-language-link qtranxs-available-language-link-es\" title=\"Espa\u00f1ol\">Espagnol Europ\u00e9en<\/a>.<\/p><p>https:\/\/youtu.be\/JS_QhclRh08<\/p>\n<p>La campa\u00f1a de solidaridad de este curso llega en un momento muy especial para las Escuelas P\u00edas y por tanto tambi\u00e9n para Itaka-Escolapios: celebramos el a\u00f1o jubilar escolapio con el que conmemoramos los 400 a\u00f1os de historia de la congregaci\u00f3n y los 250 de la canonizaci\u00f3n de su fundador Jos\u00e9 de Calasanz. Es un a\u00f1o de celebraci\u00f3n, de contemplar el camino recorrido desde el recuerdo agradecido por tan larga y fruct\u00edfera trayectoria. Y es tambi\u00e9n una ocasi\u00f3n para mirar al frente, hacia el ilusionante futuro que aparece ante las Escuelas P\u00edas y hacia los desaf\u00edos de la misi\u00f3n escolapia en el mundo actual y venidero.<\/p>\n<p>Es por ello que el lema para este a\u00f1o jubilar es una triple llamada a la acci\u00f3n: EDUCAR, ANUNCIAR, TRANSFORMAR. En estos tres verbos se resume la esencia de la misi\u00f3n escolapia, tal y como Calasanz la dibuj\u00f3 hace cuatro siglos y se nos ha ido trasmitiendo hasta hoy. Y siempre poniendo el acento en algo que tambi\u00e9n es muy calasancio y que Itaka-Escolapios intenta llevar a todos sus proyectos: el entrelazar estas tres grandes dimensiones de la misi\u00f3n \u2013la educativa, la evangelizadora y la de transformaci\u00f3n social- y potenciar desde cada una las dem\u00e1s, con una visi\u00f3n integral.<\/p>\n<p>El proyecto al que va dirigida la campa\u00f1a de solidaridad de este curso representa muy bien las claves que acabamos de mencionar. En India, las Escuelas P\u00edas son muy j\u00f3venes (datan de 1994, casi ayer si la comparamos con los cuatro siglos de historia), con mucho futuro, pero a la vez con grandes retos a superar. Y dentro de India, la de Kamda, una peque\u00f1a localidad al Nordeste del pa\u00eds con poblaci\u00f3n <i>adivasi<\/i>, es una presencia especialmente necesitada de apoyo, donde la pobreza y la falta de oportunidades educativas se dejan ver con mayor rotundidad.<\/p>\n<p>Apuntamos a continuaci\u00f3n el contenido que podr\u00e1s encontrar en la web de la campa\u00f1a de solidaridad \u201cEXPEDICI\u00d3N KAMDA: EDUCAR, ANUNCIAR, TRANSFORMAR\u00a0\u00bb<\/p>\n<p><strong><span style=\"color: #808000;\">1. <a href=\"http:\/\/www.itakaescolapios.org\/campanas\/2016-2017-expedicion-kamda-educar-anunciar-transformar\/recordando-la-campana-al-encuentro-con-atambua\/\" target=\"_blank\" rel=\"noopener noreferrer\">Recordando la campa\u00f1a \u00ab\u00a0AL ENCUENTRO CON ATAMBUA\u00a0\u00bb<\/a><\/span><\/strong><\/p>\n<p><strong><span style=\"color: #808000;\">2. <a href=\"http:\/\/www.itakaescolapios.org\/campanas\/2016-2017-expedicion-kamda-educar-anunciar-transformar\/educar-anunciar-transformar\/\" target=\"_blank\" rel=\"noopener noreferrer\">Educar, anunciar, transformar<\/a><\/span><\/strong><\/p>\n<p><strong><span style=\"color: #808000;\">3. <a href=\"http:\/\/www.itakaescolapios.org\/campanas\/2016-2017-expedicion-kamda-educar-anunciar-transformar\/calasanz-ashram-school-escuela-escolapia-apoyada-con-la-campana-de-solidaridad\/\" target=\"_blank\" rel=\"noopener noreferrer\">Calasanz Ashram School. Escuela escolapia apoyada con la campa\u00f1a de solidaridad<\/a><\/span><\/strong><\/p>\n<p><strong><span style=\"color: #808000;\">4. <a href=\"http:\/\/www.itakaescolapios.org\/campanas\/2016-2017-expedicion-kamda-educar-anunciar-transformar\/exploradores-de-itaka-escolapios\/\" target=\"_blank\" rel=\"noopener noreferrer\">Los exploradores de Itaka-Escolapios<\/a><\/span><\/strong><\/p>\n<p><strong><span style=\"color: #808000;\">5. <a href=\"http:\/\/www.itakaescolapios.org\/campanas\/2016-2017-expedicion-kamda-educar-anunciar-transformar\/actividades-centrales-de-la-campana\/\" target=\"_blank\" rel=\"noopener noreferrer\">Actividades centrales de la campa\u00f1a.<\/a><\/span><\/strong><\/p>\n<p><strong><span style=\"color: #808000;\">6. <a href=\"http:\/\/www.itakaescolapios.org\/campanas\/2016-2017-expedicion-kamda-educar-anunciar-transformar\/dossier-de-activiades-para-el-aula\/\" target=\"_blank\" rel=\"noopener noreferrer\">Dossier de actividades para el aula<\/a><\/span><\/strong><\/p>\n<p><strong><span style=\"color: #808000;\">7. <a href=\"http:\/\/www.itakaescolapios.org\/campanas\/2016-2017-expedicion-kamda-educar-anunciar-transformar\/carteleria\/\" target=\"_blank\" rel=\"noopener noreferrer\">Carteler\u00eda<\/a><\/span><\/strong><\/p>\n<p><strong><span style=\"color: #808000;\">8. <a href=\"http:\/\/www.itakaescolapios.org\/campanas\/2016-2017-expedicion-kamda-educar-anunciar-transformar\/otros-recursos\/\" target=\"_blank\" rel=\"noopener noreferrer\">Otros recursos<\/a><\/span><\/strong><\/p>","protected":false},"excerpt":{"rendered":"<p>D\u00e9sol\u00e9, cet article est seulement disponible en Espagnol Europ\u00e9en.https:\/\/youtu.be\/JS_QhclRh08 La campa\u00f1a de solidaridad de este curso llega en un momento muy especial para las Escuelas P\u00edas [&hellip;]<\/p>\n","protected":false},"author":1,"featured_media":1510,"parent":70,"menu_order":95,"comment_status":"closed","ping_status":"closed","template":"","meta":[],"acf":[],"_links":{"self":[{"href":"https:\/\/www.educa.itakaescolapios.org\/fr\/wp-json\/wp\/v2\/pages\/238"}],"collection":[{"href":"https:\/\/www.educa.itakaescolapios.org\/fr\/wp-json\/wp\/v2\/pages"}],"about":[{"href":"https:\/\/www.educa.itakaescolapios.org\/fr\/wp-json\/wp\/v2\/types\/page"}],"author":[{"embeddable":true,"href":"https:\/\/www.educa.itakaescolapios.org\/fr\/wp-json\/wp\/v2\/users\/1"}],"replies":[{"embeddable":true,"href":"https:\/\/www.educa.itakaescolapios.org\/fr\/wp-json\/wp\/v2\/comments?post=238"}],"version-history":[{"count":5,"href":"https:\/\/www.educa.itakaescolapios.org\/fr\/wp-json\/wp\/v2\/pages\/238\/revisions"}],"predecessor-version":[{"id":7592,"href":"https:\/\/www.educa.itakaescolapios.org\/fr\/wp-json\/wp\/v2\/pages\/238\/revisions\/7592"}],"up":[{"embeddable":true,"href":"https:\/\/www.educa.itakaescolapios.org\/fr\/wp-json\/wp\/v2\/pages\/70"}],"wp:featuredmedia":[{"embeddable":true,"href":"https:\/\/www.educa.itakaescolapios.org\/fr\/wp-json\/wp\/v2\/media\/1510"}],"wp:attachment":[{"href":"https:\/\/www.educa.itakaescolapios.org\/fr\/wp-json\/wp\/v2\/media?parent=238"}],"curies":[{"name":"wp","href":"https:\/\/api.w.org\/{rel}","templated":true}]}}