{"id":259,"date":"2018-04-03T13:45:29","date_gmt":"2018-04-03T11:45:29","guid":{"rendered":"http:\/\/www.educa.itakaescolapios.org\/?page_id=259"},"modified":"2018-04-03T13:53:39","modified_gmt":"2018-04-03T11:53:39","slug":"a-que-cole-vas","status":"publish","type":"page","link":"https:\/\/www.educa.itakaescolapios.org\/fr\/campanas\/2012-2013-la-educacion-multiplica-el-futuro\/a-que-cole-vas","title":{"rendered":"\u00bfC\u00f3mo es mi cole?"},"content":{"rendered":"<p class=\"qtranxs-available-languages-message qtranxs-available-languages-message-fr\">D\u00e9sol\u00e9, cet article est seulement disponible en <a href=\"https:\/\/www.educa.itakaescolapios.org\/es\/wp-json\/wp\/v2\/pages\/259\" class=\"qtranxs-available-language-link qtranxs-available-language-link-es\" title=\"Espa\u00f1ol\">Espagnol Europ\u00e9en<\/a>.<\/p><p><\/p>\n<p style=\"text-align: center;\"><a href=\"http:\/\/www.itakaescolapios.org\/campanas\/a-que-cole-vas\/apoyo-a-centros-escolares-escuelas-bamendjou-3-mboum\/\" rel=\"attachment wp-att-4331\"><img decoding=\"async\" loading=\"lazy\" class=\"size-full wp-image-4331\" title=\"Apoyo a Centros Escolares Escuelas Bamendjou 3 Mboum\" src=\"http:\/\/www.itakaescolapios.org\/wp-content\/uploads\/2012\/11\/Apoyo-a-Centros-Escolares-Escuelas-Bamendjou-3-Mboum.jpg\" alt=\"\" width=\"440\" height=\"212\" \/><\/a><\/p>\n<p style=\"text-align: justify;\">Cada ma\u00f1ana en el mundo, m\u00e1s de 125.000 ni\u00f1os y ni\u00f1as se levantan para ir a estudiar a alguna de las casi doscientas escuelas en las que los escolapios contin\u00faan, despu\u00e9s de m\u00e1s de 400 a\u00f1os, la labor que Calasanz inici\u00f3 en el barrio del Trast\u00e9vere en Roma.<\/p>\n<p style=\"text-align: justify;\">En la din\u00e1mica que presentamos a continuaci\u00f3n queremos se\u00f1alar las diferentes realidades de la educaci\u00f3n en los pa\u00edses donde la Fundaci\u00f3n Itaka-Escolapios acompa\u00f1a a los escolapios en su labor educativa.<\/p>\n<p style=\"text-align: justify;\">Puedes descargarte las fichas en el enlace que tienes a continuaci\u00f3n y trabajar en el aula:<\/p>\n<ul>\n<li>La historia personal de los ni\u00f1os y ni\u00f1as entrevistados en cada pa\u00eds<\/li>\n<li>El modelo educativo<\/li>\n<li>Las dificultades que expresan los y las ni\u00f1as o el profesorado.<\/li>\n<li>Las diferencias con los ni\u00f1os y ni\u00f1as de tu colegio.<\/li>\n<\/ul>\n<p>ACTIVIDADES<\/p>\n<table width=\"482\" border=\"1\" cellspacing=\"0\" cellpadding=\"0\" align=\"left\">\n<tbody>\n<tr>\n<td width=\"122\"><strong><a href=\"http:\/\/www.educa.itakaescolapios.org\/cooperacion-norte-sur\/campana-2012-13.-bfcomo-es-mi-cole\/?searchterm=%C2%BFCOMO*%20ES*%20MI*%20COLE?*\">\u00bfC\u00d3MO ES MI COMO ES MI COLE?<\/a><\/strong><\/td>\n<td colspan=\"2\" width=\"187\">\n<p align=\"center\"><strong>Todas las edades y cualquier asignatura<\/strong><\/p>\n<\/td>\n<td width=\"173\"><strong>Fichas complementarias a las actividades.<\/strong><\/td>\n<\/tr>\n<tr>\n<td width=\"122\"><a href=\"http:\/\/www.educa.itakaescolapios.org\/cooperacion-norte-sur\/campana-2012-13.-escuelas-del-mundo\/?searchterm=ESCUELAS*%20DEL*%20MUNDO*\">Escuelas del mundo<\/a><strong><em><\/em><\/strong><\/td>\n<td width=\"89\">\n<p align=\"center\">2 a 5 a\u00f1os<\/p>\n<p align=\"center\">Infantil<\/p>\n<\/td>\n<td width=\"98\">\n<p align=\"center\">Todas<\/p>\n<\/td>\n<td width=\"173\">Mural para trabajar similitudes y diferencias con otros ni\u00f1os y otros colegios.<\/td>\n<\/tr>\n<tr>\n<td width=\"122\"><a href=\"http:\/\/www.educa.itakaescolapios.org\/cooperacion-norte-sur\/campana-2012-13.-el-puzle-de-eugenio\/?searchterm=EL*%20PUZZLE*%20DE*%20EUGENIO*\">El puzle de Eugenio<\/a><strong><em><\/em><\/strong><\/td>\n<td width=\"89\">\n<p align=\"center\">De 6 a 11<\/p>\n<p align=\"center\">Primaria<\/p>\n<\/td>\n<td width=\"98\">\n<p align=\"center\">Varias<\/p>\n<\/td>\n<td width=\"173\">Sencillos puzles con im\u00e1genes para conocer a Eugenio y su realidad escolar<\/td>\n<\/tr>\n<tr>\n<td width=\"122\"><a href=\"http:\/\/www.educa.itakaescolapios.org\/cooperacion-norte-sur\/campana-2012-13.-horarios-diferentes\/?searchterm=HORARIOS*%20DIFERENTES*\">Horarios diferentes<\/a><strong><em><\/em><\/strong><\/td>\n<td width=\"89\">\n<p align=\"center\">De 6 a 11<\/p>\n<p align=\"center\">Primaria (3\u00ba a 6\u00ba )<\/p>\n<\/td>\n<td width=\"98\">\n<p align=\"center\">varias<\/p>\n<\/td>\n<td width=\"173\">Di\u00e1logo para acercarnos a la realidad de ni\u00f1os y ni\u00f1as de otros pa\u00edses.<\/td>\n<\/tr>\n<tr>\n<td width=\"122\"><a href=\"http:\/\/www.educa.itakaescolapios.org\/cooperacion-norte-sur\/campana-2012-13.-todos-juntos-construimos-escuela\/?searchterm=TODOS*%20JUNTOS*%20CONSTRUIMOS*\">Todos juntos, construimos escuela<\/a><strong><em><\/em><\/strong><\/td>\n<td width=\"89\">\n<p align=\"center\">De 6 a 11<\/p>\n<p align=\"center\">Primaria<\/p>\n<p align=\"center\">3\u00ba y 4\u00ba<\/p>\n<\/td>\n<td width=\"98\">\n<p align=\"center\">Pl\u00e1stica, tutor\u00eda, sociales\u2026<\/p>\n<\/td>\n<td width=\"173\">Din\u00e1mica activa para conocer otros colegios escolapios  y \u201cconstruir una escuela com\u00fan\u201d<\/td>\n<\/tr>\n<tr>\n<td width=\"122\"><a href=\"http:\/\/www.educa.itakaescolapios.org\/cooperacion-norte-sur\/campana-2012-13.-educacion-escolapia\/?searchterm=EDUCACION*%20ESCOLAPIA*\">Educaci\u00f3n escolapia<\/a><strong><em><\/em><\/strong><\/td>\n<td width=\"89\">\n<p align=\"center\">De 6 a 11<\/p>\n<p align=\"center\">Primaria<\/p>\n<p align=\"center\">3\u00ba y 4\u00ba<\/p>\n<\/td>\n<td width=\"98\">\n<p align=\"center\">Conocimiento del Medio<\/p>\n<\/td>\n<td width=\"173\">Din\u00e1mica para localizar y conocer en un mapa escuelas y Obras apoyadas  durante la campa\u00f1a.<\/td>\n<\/tr>\n<tr>\n<td width=\"122\"><a href=\"http:\/\/www.educa.itakaescolapios.org\/cooperacion-norte-sur\/campana-2012-13.-diferencias-y-similitudes\/?searchterm=DIFERENCIAS*%20Y*%20SIMILITUDES*\">Diferencias y similitudes.<\/a><\/td>\n<td width=\"89\">\n<p align=\"center\">De 10 a 16<\/p>\n<p align=\"center\">1\u00ba y 2\u00ba de secundaria<\/p>\n<\/td>\n<td width=\"98\">\n<p align=\"center\">varias<\/p>\n<\/td>\n<td width=\"173\">Trabajo para comparar el acceso a educaci\u00f3n y su importancia<\/td>\n<\/tr>\n<tr>\n<td width=\"122\"><a href=\"http:\/\/www.educa.itakaescolapios.org\/cooperacion-norte-sur\/campana-2012-13.-lo-que-mas-me-sorprende\/?searchterm=LO*%20QUE*%20M%C3%81S*%20ME*%20SORPRENDE*\">Lo que m\u00e1s me sorprende.<\/a><\/td>\n<td width=\"89\">\n<p align=\"center\">De 10 a 16<\/p>\n<p align=\"center\">1\u00ba y 2\u00ba de secundaria<\/p>\n<\/td>\n<td width=\"98\">\n<p align=\"center\">varias<\/p>\n<\/td>\n<td width=\"173\">Conocemos otras realidades educativas y compartimos qu\u00e9 es lo que m\u00e1s nos sorprende<\/td>\n<\/tr>\n<tr>\n<td width=\"122\"><a href=\"http:\/\/www.educa.itakaescolapios.org\/cooperacion-norte-sur\/campana-2012-13.-bfavanzamos-hacia-la-educacion-universal-y-de-calidad\/?searchterm=EDUCACI%C3%93N*%20DE*%20CALIDAD*\">\u00bfAvanzamos hacia la educaci\u00f3n universal y de calidad?<\/a><\/td>\n<td width=\"89\">\n<p align=\"center\">De 14 a 18<\/p>\n<p align=\"center\">ESO y Bachillerato.<\/p>\n<\/td>\n<td width=\"98\">\n<p align=\"center\">varias<\/p>\n<\/td>\n<td width=\"173\">Investigamos sobre La situaci\u00f3n del ODM 2 , su progresi\u00f3n y debatimos sobre ello<\/td>\n<\/tr>\n<\/tbody>\n<\/table>\n<p><\/p>","protected":false},"excerpt":{"rendered":"<p>D\u00e9sol\u00e9, cet article est seulement disponible en Espagnol Europ\u00e9en. Cada ma\u00f1ana en el mundo, m\u00e1s de 125.000 ni\u00f1os y ni\u00f1as se levantan para ir a estudiar [&hellip;]<\/p>\n","protected":false},"author":1,"featured_media":0,"parent":230,"menu_order":7,"comment_status":"closed","ping_status":"closed","template":"","meta":[],"acf":[],"_links":{"self":[{"href":"https:\/\/www.educa.itakaescolapios.org\/fr\/wp-json\/wp\/v2\/pages\/259"}],"collection":[{"href":"https:\/\/www.educa.itakaescolapios.org\/fr\/wp-json\/wp\/v2\/pages"}],"about":[{"href":"https:\/\/www.educa.itakaescolapios.org\/fr\/wp-json\/wp\/v2\/types\/page"}],"author":[{"embeddable":true,"href":"https:\/\/www.educa.itakaescolapios.org\/fr\/wp-json\/wp\/v2\/users\/1"}],"replies":[{"embeddable":true,"href":"https:\/\/www.educa.itakaescolapios.org\/fr\/wp-json\/wp\/v2\/comments?post=259"}],"version-history":[{"count":2,"href":"https:\/\/www.educa.itakaescolapios.org\/fr\/wp-json\/wp\/v2\/pages\/259\/revisions"}],"predecessor-version":[{"id":267,"href":"https:\/\/www.educa.itakaescolapios.org\/fr\/wp-json\/wp\/v2\/pages\/259\/revisions\/267"}],"up":[{"embeddable":true,"href":"https:\/\/www.educa.itakaescolapios.org\/fr\/wp-json\/wp\/v2\/pages\/230"}],"wp:attachment":[{"href":"https:\/\/www.educa.itakaescolapios.org\/fr\/wp-json\/wp\/v2\/media?parent=259"}],"curies":[{"name":"wp","href":"https:\/\/api.w.org\/{rel}","templated":true}]}}