{"id":263,"date":"2018-04-03T13:46:42","date_gmt":"2018-04-03T11:46:42","guid":{"rendered":"http:\/\/www.educa.itakaescolapios.org\/?page_id=263"},"modified":"2018-04-03T13:54:15","modified_gmt":"2018-04-03T11:54:15","slug":"carteleria","status":"publish","type":"page","link":"https:\/\/www.educa.itakaescolapios.org\/fr\/campanas\/2012-2013-la-educacion-multiplica-el-futuro\/carteleria","title":{"rendered":"Carteler\u00eda"},"content":{"rendered":"<p class=\"qtranxs-available-languages-message qtranxs-available-languages-message-fr\">D\u00e9sol\u00e9, cet article est seulement disponible en <a href=\"https:\/\/www.educa.itakaescolapios.org\/es\/wp-json\/wp\/v2\/pages\/263\" class=\"qtranxs-available-language-link qtranxs-available-language-link-es\" title=\"Espa\u00f1ol\">Espagnol Europ\u00e9en<\/a>.<\/p><p><\/p>\n<p style=\"text-align: center;\"><a class=\"lightbox\" href=\"http:\/\/www.itakaescolapios.org\/wp-content\/uploads\/2012\/11\/uno.png\"><img decoding=\"async\" loading=\"lazy\" class=\" wp-image-4206\" title=\"uno\" src=\"http:\/\/www.itakaescolapios.org\/wp-content\/uploads\/2012\/11\/uno-90x90.png\" alt=\"\" width=\"90\" height=\"90\" \/><\/a>      <a class=\"lightbox\" href=\"http:\/\/www.itakaescolapios.org\/wp-content\/uploads\/2012\/11\/HEZKUNTZAREN-BIDEZ-BIZITZA-UGARITUZ1.jpg\"><img decoding=\"async\" loading=\"lazy\" class=\"alignnone size-thumbnail wp-image-4180\" title=\"HEZKUNTZAREN BIDEZ BIZITZA UGARITUZ\" src=\"http:\/\/www.itakaescolapios.org\/wp-content\/uploads\/2012\/11\/HEZKUNTZAREN-BIDEZ-BIZITZA-UGARITUZ1-90x90.jpg\" alt=\"\" width=\"90\" height=\"90\" \/><\/a>     <a class=\"lightbox\" href=\"http:\/\/www.itakaescolapios.org\/wp-content\/uploads\/2012\/11\/PODEMOS-SALVAR-VIDAS.jpg\"><img decoding=\"async\" loading=\"lazy\" class=\"alignnone  wp-image-4181\" title=\"PODEMOS SALVAR VIDAS\" src=\"http:\/\/www.itakaescolapios.org\/wp-content\/uploads\/2012\/11\/PODEMOS-SALVAR-VIDAS-90x90.jpg\" alt=\"\" width=\"90\" height=\"90\" \/><\/a>     <a class=\"lightbox\" href=\"http:\/\/www.itakaescolapios.org\/wp-content\/uploads\/2012\/11\/BIZITZAK-ERALDA-DITZAKEGU.jpg\"><img decoding=\"async\" loading=\"lazy\" class=\"alignnone size-thumbnail wp-image-4182\" title=\"BIZITZAK ERALDA DITZAKEGU\" src=\"http:\/\/www.itakaescolapios.org\/wp-content\/uploads\/2012\/11\/BIZITZAK-ERALDA-DITZAKEGU-90x90.jpg\" alt=\"\" width=\"90\" height=\"90\" \/><\/a><\/p>\n<p style=\"text-align: center;\"><a class=\"lightbox\" href=\"http:\/\/www.itakaescolapios.org\/wp-content\/uploads\/2012\/11\/cinco.jpeg\"><img decoding=\"async\" loading=\"lazy\" class=\"alignnone size-thumbnail wp-image-4217\" title=\"cinco\" src=\"http:\/\/www.itakaescolapios.org\/wp-content\/uploads\/2012\/11\/cinco-90x90.jpeg\" alt=\"\" width=\"90\" height=\"90\" \/><\/a>      <a class=\"lightbox\" href=\"http:\/\/www.itakaescolapios.org\/wp-content\/uploads\/2012\/11\/seis.jpeg\"><img decoding=\"async\" loading=\"lazy\" class=\"alignnone size-thumbnail wp-image-4218\" title=\"seis\" src=\"http:\/\/www.itakaescolapios.org\/wp-content\/uploads\/2012\/11\/seis-90x90.jpeg\" alt=\"\" width=\"90\" height=\"90\" \/><\/a>     <a class=\"lightbox\" href=\"http:\/\/www.itakaescolapios.org\/wp-content\/uploads\/2012\/11\/siete.jpeg\"><img decoding=\"async\" loading=\"lazy\" class=\"alignnone size-thumbnail wp-image-4219\" title=\"siete\" src=\"http:\/\/www.itakaescolapios.org\/wp-content\/uploads\/2012\/11\/siete-90x90.jpeg\" alt=\"\" width=\"90\" height=\"90\" \/><\/a>     <a class=\"lightbox\" href=\"http:\/\/www.itakaescolapios.org\/wp-content\/uploads\/2012\/11\/ocho.jpeg\"><img decoding=\"async\" loading=\"lazy\" class=\"alignnone size-thumbnail wp-image-4220\" title=\"ocho\" src=\"http:\/\/www.itakaescolapios.org\/wp-content\/uploads\/2012\/11\/ocho-90x90.jpeg\" alt=\"\" width=\"90\" height=\"90\" \/><\/a><a href=\"http:\/\/www.itakaescolapios.org\/campanas\/carteleria\/lapiz-en-euskera-2\/\" rel=\"attachment wp-att-4485\"><img decoding=\"async\" loading=\"lazy\" class=\"size-medium wp-image-4485\" title=\"Lapiz en euskera\" src=\"http:\/\/www.itakaescolapios.org\/wp-content\/uploads\/2012\/11\/Lapiz-en-euskera-300x100.jpg\" alt=\"\" width=\"300\" height=\"100\" \/><\/a><a href=\"http:\/\/www.itakaescolapios.org\/campanas\/carteleria\/lapiz-en-castellano-2\/\" rel=\"attachment wp-att-4759\"><img decoding=\"async\" loading=\"lazy\" class=\"size-medium wp-image-4759\" title=\"Lapiz en castellano\" src=\"http:\/\/www.itakaescolapios.org\/wp-content\/uploads\/2012\/11\/Lapiz-en-castellano-300x100.jpg\" alt=\"\" width=\"300\" height=\"100\" \/><\/a><\/p>\n<p style=\"text-align: center;\"><a href=\"http:\/\/www.itakaescolapios.org\/campanas\/carteleria\/lapiz-en-ingles-3\/\" rel=\"attachment wp-att-4761\"><img decoding=\"async\" loading=\"lazy\" class=\"size-medium wp-image-4761\" title=\"Lapiz en ingles\" src=\"http:\/\/www.itakaescolapios.org\/wp-content\/uploads\/2012\/11\/Lapiz-en-ingles1-300x98.jpg\" alt=\"\" width=\"300\" height=\"98\" \/><\/a><a href=\"http:\/\/www.itakaescolapios.org\/campanas\/carteleria\/lapiz-en-valenciano-2\/\" rel=\"attachment wp-att-4897\"><img decoding=\"async\" loading=\"lazy\" class=\"size-medium wp-image-4897\" title=\"Lapiz en valenciano\" src=\"http:\/\/www.itakaescolapios.org\/wp-content\/uploads\/2012\/11\/Lapiz-en-valenciano-300x126.jpg\" alt=\"\" width=\"300\" height=\"126\" \/><\/a><a href=\"http:\/\/www.itakaescolapios.org\/campanas\/carteleria\/lapiz-en-frances-3\/\" rel=\"attachment wp-att-4933\"><img decoding=\"async\" loading=\"lazy\" class=\"size-medium wp-image-4933\" title=\"Lapiz en frances\" src=\"http:\/\/www.itakaescolapios.org\/wp-content\/uploads\/2012\/11\/Lapiz-en-frances-300x98.jpg\" alt=\"\" width=\"300\" height=\"98\" \/><\/a><a href=\"http:\/\/www.itakaescolapios.org\/campanas\/carteleria\/lapiz-en-portugues-3\/\" rel=\"attachment wp-att-4934\"><img decoding=\"async\" loading=\"lazy\" class=\"size-medium wp-image-4934\" title=\"Lapiz en portugues\" src=\"http:\/\/www.itakaescolapios.org\/wp-content\/uploads\/2012\/11\/Lapiz-en-portugues-300x104.jpg\" alt=\"\" width=\"300\" height=\"104\" \/><\/a><\/p>\n<p><\/p>","protected":false},"excerpt":{"rendered":"<p>D\u00e9sol\u00e9, cet article est seulement disponible en Espagnol Europ\u00e9en.<\/p>\n","protected":false},"author":1,"featured_media":0,"parent":230,"menu_order":9,"comment_status":"closed","ping_status":"closed","template":"","meta":[],"acf":[],"_links":{"self":[{"href":"https:\/\/www.educa.itakaescolapios.org\/fr\/wp-json\/wp\/v2\/pages\/263"}],"collection":[{"href":"https:\/\/www.educa.itakaescolapios.org\/fr\/wp-json\/wp\/v2\/pages"}],"about":[{"href":"https:\/\/www.educa.itakaescolapios.org\/fr\/wp-json\/wp\/v2\/types\/page"}],"author":[{"embeddable":true,"href":"https:\/\/www.educa.itakaescolapios.org\/fr\/wp-json\/wp\/v2\/users\/1"}],"replies":[{"embeddable":true,"href":"https:\/\/www.educa.itakaescolapios.org\/fr\/wp-json\/wp\/v2\/comments?post=263"}],"version-history":[{"count":1,"href":"https:\/\/www.educa.itakaescolapios.org\/fr\/wp-json\/wp\/v2\/pages\/263\/revisions"}],"predecessor-version":[{"id":264,"href":"https:\/\/www.educa.itakaescolapios.org\/fr\/wp-json\/wp\/v2\/pages\/263\/revisions\/264"}],"up":[{"embeddable":true,"href":"https:\/\/www.educa.itakaescolapios.org\/fr\/wp-json\/wp\/v2\/pages\/230"}],"wp:attachment":[{"href":"https:\/\/www.educa.itakaescolapios.org\/fr\/wp-json\/wp\/v2\/media?parent=263"}],"curies":[{"name":"wp","href":"https:\/\/api.w.org\/{rel}","templated":true}]}}