{"id":2664,"date":"2020-11-04T16:24:09","date_gmt":"2020-11-04T15:24:09","guid":{"rendered":"https:\/\/www.educa.itakaescolapios.org\/?page_id=2664"},"modified":"2021-05-24T17:42:22","modified_gmt":"2021-05-24T15:42:22","slug":"presentacion-orden-fraternidad-mc","status":"publish","type":"page","link":"https:\/\/www.educa.itakaescolapios.org\/fr\/campanas\/2020-2021-reiniciando-para-transformar\/siente\/presentacion-orden-fraternidad-mc","title":{"rendered":"Pr\u00e9sentation. Ordre-Fraternit\u00e9-Mouvement Calasanz"},"content":{"rendered":"<p><strong>L&rsquo;impact n\u00e9gatif<\/strong>, de la pand\u00e9mie Covid-19, sur les \u0153uvres et les personnes qui forment l&rsquo;\u00c9cole Pieuse <strong>est malheureusement tr\u00e8s important<\/strong>.<\/p>\n<p>Compte tenu de cette situation&#8230;<\/p>\n<p style=\"text-align: center;\"><iframe loading=\"lazy\" src=\"https:\/\/www.youtube.com\/embed\/ug8hMG_Z-HM\" width=\"840\" height=\"472\" frameborder=\"0\" allowfullscreen=\"allowfullscreen\"><\/iframe><br \/>\nLe P\u00e8re g\u00e9n\u00e9ral :\u00a0 le P\u00e8re Aguado<\/p>\n<p style=\"text-align: center;\"><iframe loading=\"lazy\" src=\"https:\/\/www.youtube.com\/embed\/R_D1p1ma0hg?list=PLIrgul2lUSBxVxIXdF7wmsO1VZZpM2N39\" width=\"267\" height=\"354\" frameborder=\"0\" allowfullscreen=\"allowfullscreen\"><\/iframe> <iframe loading=\"lazy\" src=\"https:\/\/www.youtube.com\/embed\/vGVmXE6ah0w?list=PLIrgul2lUSBxVxIXdF7wmsO1VZZpM2N39\" width=\"440\" height=\"354\" frameborder=\"0\" allowfullscreen=\"allowfullscreen\"><span data-mce-type=\"bookmark\" style=\"display: inline-block; width: 0px; overflow: hidden; line-height: 0;\" class=\"mce_SELRES_start\">\ufeff<\/span><\/iframe><\/p>\n<p style=\"text-align: center;\"><span style=\"font-weight: 400;\">L&rsquo;assistant pour l&rsquo;Afrique : le P\u00e8re Pierre Diatta.\u00a0 \u00a0 <\/span>L&rsquo;assistant pour l&rsquo;Am\u00e9rique : le P\u00e8re Francisco Anaya<\/p>\n<p style=\"text-align: center;\">L&rsquo;assistant pour l&rsquo;Asie :<br \/>\nL&rsquo;assistant pour l&rsquo;Europe :<br \/>\nLa Fraternit\u00e9 g\u00e9n\u00e9rale des Piaristes :<br \/>\nLe mouvement de Calasanz :<\/p>\n<p><strong>Ils demandent notre collaboration<\/strong> \u00e0 la campagne de solidarit\u00e9 piariste 20-21 \u00ab\u00a0<span style=\"font-weight: 400;\">En <strong>Re<\/strong>comman\u00e7ant pour transformer\u00a0\u00bb<\/span>, dans le but d&rsquo;att\u00e9nuer les dommages subis et de continuer \u00e0 donner une r\u00e9ponse aux besoins sociaux de l&rsquo;\u00c9cole Pieuse et d&rsquo;Itaka-Escolapios.<\/p>","protected":false},"excerpt":{"rendered":"<p>D\u00e9sol\u00e9, cet article est seulement disponible en Espagnol Europ\u00e9en.El impacto negativo, de la pandemia Covid-19, en las obras y personas que formamos la Escuela P\u00eda, desgraciadamente, [&hellip;]<\/p>\n","protected":false},"author":5,"featured_media":0,"parent":2658,"menu_order":1,"comment_status":"closed","ping_status":"closed","template":"","meta":[],"acf":[],"_links":{"self":[{"href":"https:\/\/www.educa.itakaescolapios.org\/fr\/wp-json\/wp\/v2\/pages\/2664"}],"collection":[{"href":"https:\/\/www.educa.itakaescolapios.org\/fr\/wp-json\/wp\/v2\/pages"}],"about":[{"href":"https:\/\/www.educa.itakaescolapios.org\/fr\/wp-json\/wp\/v2\/types\/page"}],"author":[{"embeddable":true,"href":"https:\/\/www.educa.itakaescolapios.org\/fr\/wp-json\/wp\/v2\/users\/5"}],"replies":[{"embeddable":true,"href":"https:\/\/www.educa.itakaescolapios.org\/fr\/wp-json\/wp\/v2\/comments?post=2664"}],"version-history":[{"count":54,"href":"https:\/\/www.educa.itakaescolapios.org\/fr\/wp-json\/wp\/v2\/pages\/2664\/revisions"}],"predecessor-version":[{"id":4744,"href":"https:\/\/www.educa.itakaescolapios.org\/fr\/wp-json\/wp\/v2\/pages\/2664\/revisions\/4744"}],"up":[{"embeddable":true,"href":"https:\/\/www.educa.itakaescolapios.org\/fr\/wp-json\/wp\/v2\/pages\/2658"}],"wp:attachment":[{"href":"https:\/\/www.educa.itakaescolapios.org\/fr\/wp-json\/wp\/v2\/media?parent=2664"}],"curies":[{"name":"wp","href":"https:\/\/api.w.org\/{rel}","templated":true}]}}